{"id":2791,"date":"2024-03-07T16:23:45","date_gmt":"2024-03-07T08:23:45","guid":{"rendered":"http:\/\/www.arismachinery.com\/?page_id=2791"},"modified":"2024-03-08T11:13:38","modified_gmt":"2024-03-08T03:13:38","slug":"company-culture","status":"publish","type":"page","link":"https:\/\/www.arismachinery.com\/es\/company-culture\/","title":{"rendered":"Cultura de empresa"},"content":{"rendered":"<div data-elementor-type=\"wp-page\" data-elementor-id=\"2791\" class=\"elementor elementor-2791\">\n\t\t\t\t\t\t\t\t\t<section class=\"elementor-section elementor-top-section elementor-element elementor-element-2d14f30 elementor-section-full_width elementor-section-height-default elementor-section-height-default\" data-id=\"2d14f30\" data-element_type=\"section\">\n\t\t\t\t\t\t<div class=\"elementor-container elementor-column-gap-default\">\n\t\t\t\t\t<div class=\"elementor-column elementor-col-100 elementor-top-column elementor-element elementor-element-37f1473\" data-id=\"37f1473\" data-element_type=\"column\">\n\t\t\t<div class=\"elementor-widget-wrap elementor-element-populated\">\n\t\t\t\t\t\t\t\t<div class=\"elementor-element elementor-element-d001d79 elementor-widget elementor-widget-image\" data-id=\"d001d79\" data-element_type=\"widget\" data-widget_type=\"image.default\">\n\t\t\t\t<div class=\"elementor-widget-container\">\n\t\t\t<style>\/*! elementor - v3.7.8 - 02-10-2022 *\/\n.elementor-widget-image{text-align:center}.elementor-widget-image a{display:inline-block}.elementor-widget-image a img[src$=\".svg\"]{width:48px}.elementor-widget-image img{vertical-align:middle;display:inline-block}<\/style>\t\t\t\t\t\t\t\t\t\t\t\t<img loading=\"lazy\" decoding=\"async\" width=\"1920\" height=\"350\" src=\"https:\/\/www.arismachinery.com\/wp-content\/uploads\/2024\/03\/rBwBEmQZYHaAOZxvAANSGUbzFgM856.webp\" class=\"attachment-full size-full\" alt=\"\" srcset=\"https:\/\/www.arismachinery.com\/wp-content\/uploads\/2024\/03\/rBwBEmQZYHaAOZxvAANSGUbzFgM856.webp 1920w, https:\/\/www.arismachinery.com\/wp-content\/uploads\/2024\/03\/rBwBEmQZYHaAOZxvAANSGUbzFgM856-300x55.webp 300w, https:\/\/www.arismachinery.com\/wp-content\/uploads\/2024\/03\/rBwBEmQZYHaAOZxvAANSGUbzFgM856-1024x187.webp 1024w, https:\/\/www.arismachinery.com\/wp-content\/uploads\/2024\/03\/rBwBEmQZYHaAOZxvAANSGUbzFgM856-768x140.webp 768w, https:\/\/www.arismachinery.com\/wp-content\/uploads\/2024\/03\/rBwBEmQZYHaAOZxvAANSGUbzFgM856-1536x280.webp 1536w, https:\/\/www.arismachinery.com\/wp-content\/uploads\/2024\/03\/rBwBEmQZYHaAOZxvAANSGUbzFgM856-18x3.webp 18w, https:\/\/www.arismachinery.com\/wp-content\/uploads\/2024\/03\/rBwBEmQZYHaAOZxvAANSGUbzFgM856-600x109.webp 600w\" sizes=\"auto, (max-width: 1920px) 100vw, 1920px\" \/>\t\t\t\t\t\t\t\t\t\t\t\t\t\t\t<\/div>\n\t\t\t\t<\/div>\n\t\t\t\t\t<\/div>\n\t\t<\/div>\n\t\t\t\t\t\t\t<\/div>\n\t\t<\/section>\n\t\t\t\t<section class=\"elementor-section elementor-top-section elementor-element elementor-element-f41faf8 elementor-section-full_width elementor-section-height-default elementor-section-height-default\" data-id=\"f41faf8\" data-element_type=\"section\" data-settings=\"{&quot;background_background&quot;:&quot;classic&quot;}\">\n\t\t\t\t\t\t<div class=\"elementor-container elementor-column-gap-default\">\n\t\t\t\t\t<div class=\"elementor-column elementor-col-100 elementor-top-column elementor-element elementor-element-4f40a0b\" data-id=\"4f40a0b\" data-element_type=\"column\">\n\t\t\t<div class=\"elementor-widget-wrap elementor-element-populated\">\n\t\t\t\t\t\t\t\t<div class=\"elementor-element elementor-element-3b18830 elementor-widget elementor-widget-woocommerce-breadcrumb\" data-id=\"3b18830\" data-element_type=\"widget\" data-widget_type=\"woocommerce-breadcrumb.default\">\n\t\t\t\t<div class=\"elementor-widget-container\">\n\t\t\t<link rel=\"stylesheet\" href=\"https:\/\/www.arismachinery.com\/wp-content\/plugins\/elementor-pro\/assets\/css\/widget-woocommerce.min.css\"><nav class=\"woocommerce-breadcrumb\" data-no-translation=\"\" data-trp-gettext=\"\">Inicio<\/nav>\t\t<\/div>\n\t\t\t\t<\/div>\n\t\t\t\t\t<\/div>\n\t\t<\/div>\n\t\t\t\t\t\t\t<\/div>\n\t\t<\/section>\n\t\t\t\t<section class=\"elementor-section elementor-top-section elementor-element elementor-element-084f7cc elementor-section-full_width elementor-section-height-default elementor-section-height-default\" data-id=\"084f7cc\" data-element_type=\"section\" data-settings=\"{&quot;background_background&quot;:&quot;classic&quot;}\">\n\t\t\t\t\t\t<div class=\"elementor-container elementor-column-gap-default\">\n\t\t\t\t\t<div class=\"elementor-column elementor-col-50 elementor-top-column elementor-element elementor-element-10d8a49\" data-id=\"10d8a49\" data-element_type=\"column\">\n\t\t\t<div class=\"elementor-widget-wrap elementor-element-populated\">\n\t\t\t\t\t\t\t\t<div class=\"elementor-element elementor-element-da5564f elementor-widget elementor-widget-text-editor\" data-id=\"da5564f\" data-element_type=\"widget\" data-widget_type=\"text-editor.default\">\n\t\t\t\t<div class=\"elementor-widget-container\">\n\t\t\t<style>\/*! elementor - v3.7.8 - 02-10-2022 *\/\n.elementor-widget-text-editor.elementor-drop-cap-view-stacked .elementor-drop-cap{background-color:#818a91;color:#fff}.elementor-widget-text-editor.elementor-drop-cap-view-framed .elementor-drop-cap{color:#818a91;border:3px solid;background-color:transparent}.elementor-widget-text-editor:not(.elementor-drop-cap-view-default) .elementor-drop-cap{margin-top:8px}.elementor-widget-text-editor:not(.elementor-drop-cap-view-default) .elementor-drop-cap-letter{width:1em;height:1em}.elementor-widget-text-editor .elementor-drop-cap{float:left;text-align:center;line-height:1;font-size:50px}.elementor-widget-text-editor .elementor-drop-cap-letter{display:inline-block}<\/style>\t\t\t\t<div id=\"u696900\" class=\"layout_row layrow\" data-id=\"696900\"><div class=\"laybox\"><div id=\"u696901\" class=\"layout_column one_column\" data-id=\"696901\" data-pc-col=\"12\" data-mb-col=\"1\" data-mb-order=\"0\" data-class-col=\"pc_col_12\" data-mb_custom_col=\"1\" data-col_order_val=\"default\"><div id=\"u696902\" class=\"module basic_text_rich_type\" data-wait-animation=\"\" data-animation-key=\"j-696902\"><div class=\"basic_text_rich_type\"><div class=\"coverPart module_text_font_size_frame\"><div id=\"detail_content_word_wrap\" class=\"textEdit editDiv\"><h5><strong>Cultura de empresa<\/strong><\/h5><\/div><\/div><\/div><\/div><div id=\"u696903\" class=\"module basic_text_rich_type\" data-wait-animation=\"\" data-animation-key=\"j-696903\"><div class=\"basic_text_rich_type\"><div class=\"coverPart module_text_font_size_frame\"><div id=\"detail_content_word_wrap\" class=\"textEdit editDiv\"><p>Estamos dispuestos a cooperar con clientes nuevos y antiguos y a crear un futuro mejor<\/p><\/div><\/div><\/div><\/div><\/div><\/div><\/div><div id=\"u711100\" class=\"layout_row layrow\" data-id=\"711100\"><div class=\"laybox\"><div id=\"u711101\" class=\"layout_column one_column\" data-id=\"711101\" data-pc-col=\"7\" data-mb-col=\"1\" data-mb-order=\"0\" data-class-col=\"pc_col_7\" data-mb_custom_col=\"1\" data-col_order_val=\"default\"><div id=\"u711102\" class=\"module basic_text\" data-wait-animation=\"\" data-animation-key=\"j-711102\"><div class=\"basic_text\"><div class=\"coverPart module_text_font_size_frame\"><h5 class=\"textEdit edit-div\"><strong>Valor fundamental<\/strong><\/h5><\/div><\/div><\/div><div id=\"u711103\" class=\"module basic_text\" data-wait-animation=\"\" data-animation-key=\"j-711103\"><div class=\"basic_text\"><div class=\"coverPart module_text_font_size_frame\"><div class=\"textEdit edit-div\">Cultura de \"equipo\", la trinidad de \"empleado\", \"cliente\" y \"empresa\"<\/div><\/div><\/div><\/div><div id=\"u711104\" class=\"module basic_text\" data-wait-animation=\"\" data-animation-key=\"j-711104\"><div class=\"basic_text\"><div class=\"coverPart module_text_font_size_frame\"><h5 class=\"textEdit edit-div\"><strong>Filosof\u00eda empresarial<\/strong><\/h5><\/div><\/div><\/div><div id=\"u711105\" class=\"module basic_text\" data-wait-animation=\"\" data-animation-key=\"j-711105\"><div class=\"basic_text\"><div class=\"coverPart module_text_font_size_frame\"><div class=\"textEdit edit-div\">Recursos limitados, ciclos ilimitados, desarrollo cient\u00edfico orientado a las personas<\/div><\/div><\/div><\/div><div id=\"u711106\" class=\"module basic_text\" data-wait-animation=\"\" data-animation-key=\"j-711106\"><div class=\"basic_text\"><div class=\"coverPart module_text_font_size_frame\"><h5 class=\"textEdit edit-div\"><strong>Pol\u00edtica de gesti\u00f3n<\/strong><\/h5><\/div><\/div><\/div><div id=\"u711107\" class=\"module basic_text\" data-wait-animation=\"\" data-animation-key=\"j-711107\"><div class=\"basic_text\"><div class=\"coverPart module_text_font_size_frame\"><div class=\"textEdit edit-div\">Orientaci\u00f3n a las personas, cumplimiento de las leyes y normativas, b\u00fasqueda de la perfecci\u00f3n, mejora continua<\/div><\/div><\/div><\/div><div id=\"u711108\" class=\"module basic_text\" data-wait-animation=\"\" data-animation-key=\"j-711108\"><div class=\"basic_text\"><div class=\"coverPart module_text_font_size_frame\"><h5 class=\"textEdit edit-div\"><strong>Esp\u00edritu de empresa<\/strong><\/h5><\/div><\/div><\/div><div id=\"u711109\" class=\"module basic_text\" data-wait-animation=\"\" data-animation-key=\"j-711109\"><div class=\"basic_text\"><div class=\"coverPart module_text_font_size_frame\"><div class=\"textEdit edit-div\">La comunicaci\u00f3n debe ser \"franca\" y \"amistosa\" Ser \"est\u00e1ndar\" y \"transparente\" Ser un hombre requiere \"tres corazones\": un coraz\u00f3n, un coraz\u00f3n y un coraz\u00f3n \"Tres Tipos\" Empresas y Empleados: \"Tipo Desaf\u00edo\", \"Tipo Aprendizaje\", \"Tipo Progreso\"<\/div><\/div><\/div><\/div><div id=\"u711110\" class=\"module basic_text\" data-wait-animation=\"\" data-animation-key=\"j-711110\"><div class=\"basic_text\"><div class=\"coverPart module_text_font_size_frame\"><h5 class=\"textEdit edit-div\"><strong>Norma de trabajo<\/strong><\/h5><\/div><\/div><\/div><div id=\"u711111\" class=\"module basic_text\" data-wait-animation=\"\" data-animation-key=\"j-711111\"><div class=\"basic_text\"><div class=\"coverPart module_text_font_size_frame\"><div class=\"textEdit edit-div\">Razonable, econ\u00f3mico y eficiente Objetivos de gesti\u00f3n estandarizados de \"cultura unificada, responsabilidades claras y procesos claros\"<\/div><\/div><\/div><\/div><div id=\"u711112\" class=\"module basic_text\" data-wait-animation=\"\" data-animation-key=\"j-711112\"><div class=\"basic_text\"><div class=\"coverPart module_text_font_size_frame\"><h5 class=\"textEdit edit-div\"><strong>Objetivos de gesti\u00f3n<\/strong><\/h5><\/div><\/div><\/div><div id=\"u711113\" class=\"module basic_text\" data-wait-animation=\"\" data-animation-key=\"j-711113\"><div class=\"basic_text\"><div class=\"coverPart module_text_font_size_frame\"><div class=\"textEdit edit-div\">\"Cultura unificada, responsabilidades claras y procesos claros\"<\/div><\/div><\/div><\/div><\/div><\/div><\/div>\t\t\t\t\t\t<\/div>\n\t\t\t\t<\/div>\n\t\t\t\t\t<\/div>\n\t\t<\/div>\n\t\t\t\t<div class=\"elementor-column elementor-col-50 elementor-top-column elementor-element elementor-element-fc3dcf8\" data-id=\"fc3dcf8\" data-element_type=\"column\">\n\t\t\t<div class=\"elementor-widget-wrap elementor-element-populated\">\n\t\t\t\t\t\t\t\t<div class=\"elementor-element elementor-element-8775691 elementor-widget elementor-widget-image\" data-id=\"8775691\" data-element_type=\"widget\" data-widget_type=\"image.default\">\n\t\t\t\t<div class=\"elementor-widget-container\">\n\t\t\t\t\t\t\t\t\t\t\t\t\t\t\t<img loading=\"lazy\" decoding=\"async\" width=\"900\" height=\"506\" src=\"https:\/\/www.arismachinery.com\/wp-content\/uploads\/2024\/03\/rBwBEmQZYFyAB2j3AAKye7gK8PY070-1.webp\" class=\"attachment-full size-full\" alt=\"\" srcset=\"https:\/\/www.arismachinery.com\/wp-content\/uploads\/2024\/03\/rBwBEmQZYFyAB2j3AAKye7gK8PY070-1.webp 900w, https:\/\/www.arismachinery.com\/wp-content\/uploads\/2024\/03\/rBwBEmQZYFyAB2j3AAKye7gK8PY070-1-300x169.webp 300w, https:\/\/www.arismachinery.com\/wp-content\/uploads\/2024\/03\/rBwBEmQZYFyAB2j3AAKye7gK8PY070-1-768x432.webp 768w, https:\/\/www.arismachinery.com\/wp-content\/uploads\/2024\/03\/rBwBEmQZYFyAB2j3AAKye7gK8PY070-1-18x10.webp 18w, https:\/\/www.arismachinery.com\/wp-content\/uploads\/2024\/03\/rBwBEmQZYFyAB2j3AAKye7gK8PY070-1-600x337.webp 600w\" sizes=\"auto, (max-width: 900px) 100vw, 900px\" \/>\t\t\t\t\t\t\t\t\t\t\t\t\t\t\t<\/div>\n\t\t\t\t<\/div>\n\t\t\t\t\t<\/div>\n\t\t<\/div>\n\t\t\t\t\t\t\t<\/div>\n\t\t<\/section>\n\t\t\t\t\t\t\t<\/div>","protected":false},"excerpt":{"rendered":"<p>Company Culture We are willing to cooperate with new and old customers and to create a better future Core value &#8220;Team&#8221; culture, the trinity of &#8220;employee&#8221;, &#8220;customer&#8221; and &#8220;company&#8221; Business philosophy Limited resources, unlimited cycles, people-oriented scientific development Management policy People-oriented, abiding by laws and regulations, striving for perfection, continuous improvement Enterprise spirit Communication should [&hellip;]<\/p>","protected":false},"author":1,"featured_media":0,"parent":0,"menu_order":0,"comment_status":"closed","ping_status":"closed","template":"","meta":{"_acf_changed":false,"footnotes":""},"class_list":["post-2791","page","type-page","status-publish","hentry"],"acf":[],"_links":{"self":[{"href":"https:\/\/www.arismachinery.com\/es\/wp-json\/wp\/v2\/pages\/2791","targetHints":{"allow":["GET"]}}],"collection":[{"href":"https:\/\/www.arismachinery.com\/es\/wp-json\/wp\/v2\/pages"}],"about":[{"href":"https:\/\/www.arismachinery.com\/es\/wp-json\/wp\/v2\/types\/page"}],"author":[{"embeddable":true,"href":"https:\/\/www.arismachinery.com\/es\/wp-json\/wp\/v2\/users\/1"}],"replies":[{"embeddable":true,"href":"https:\/\/www.arismachinery.com\/es\/wp-json\/wp\/v2\/comments?post=2791"}],"version-history":[{"count":4,"href":"https:\/\/www.arismachinery.com\/es\/wp-json\/wp\/v2\/pages\/2791\/revisions"}],"predecessor-version":[{"id":3155,"href":"https:\/\/www.arismachinery.com\/es\/wp-json\/wp\/v2\/pages\/2791\/revisions\/3155"}],"wp:attachment":[{"href":"https:\/\/www.arismachinery.com\/es\/wp-json\/wp\/v2\/media?parent=2791"}],"curies":[{"name":"wp","href":"https:\/\/api.w.org\/{rel}","templated":true}]}}