{"id":352,"date":"2018-07-28T16:08:06","date_gmt":"2018-07-28T08:08:06","guid":{"rendered":"http:\/\/manufacturer.stylemixthemes.com\/?page_id=352"},"modified":"2024-03-08T14:49:51","modified_gmt":"2024-03-08T06:49:51","slug":"faq","status":"publish","type":"page","link":"https:\/\/www.arismachinery.com\/es\/faq\/","title":{"rendered":"PREGUNTAS FRECUENTES"},"content":{"rendered":"<div data-elementor-type=\"wp-post\" data-elementor-id=\"352\" class=\"elementor elementor-352\">\n\t\t\t\t\t\t\t\t\t<section class=\"elementor-section elementor-top-section elementor-element elementor-element-e0a16e2 elementor-section-full_width elementor-section-height-default elementor-section-height-default\" data-id=\"e0a16e2\" data-element_type=\"section\">\n\t\t\t\t\t\t<div class=\"elementor-container elementor-column-gap-default\">\n\t\t\t\t\t<div class=\"elementor-column elementor-col-100 elementor-top-column elementor-element elementor-element-9eb88c2\" data-id=\"9eb88c2\" data-element_type=\"column\">\n\t\t\t<div class=\"elementor-widget-wrap elementor-element-populated\">\n\t\t\t\t\t\t\t\t<div class=\"elementor-element elementor-element-fc6e5d0 elementor-widget elementor-widget-image\" data-id=\"fc6e5d0\" data-element_type=\"widget\" data-widget_type=\"image.default\">\n\t\t\t\t<div class=\"elementor-widget-container\">\n\t\t\t<style>\/*! elementor - v3.7.8 - 02-10-2022 *\/\n.elementor-widget-image{text-align:center}.elementor-widget-image a{display:inline-block}.elementor-widget-image a img[src$=\".svg\"]{width:48px}.elementor-widget-image img{vertical-align:middle;display:inline-block}<\/style>\t\t\t\t\t\t\t\t\t\t\t\t<img loading=\"lazy\" decoding=\"async\" width=\"1920\" height=\"350\" src=\"https:\/\/www.arismachinery.com\/wp-content\/uploads\/2024\/03\/rBwBEmQ-bEyAU2rEAAOMH5rpPcE274.webp\" class=\"attachment-full size-full\" alt=\"\" srcset=\"https:\/\/www.arismachinery.com\/wp-content\/uploads\/2024\/03\/rBwBEmQ-bEyAU2rEAAOMH5rpPcE274.webp 1920w, https:\/\/www.arismachinery.com\/wp-content\/uploads\/2024\/03\/rBwBEmQ-bEyAU2rEAAOMH5rpPcE274-300x55.webp 300w, https:\/\/www.arismachinery.com\/wp-content\/uploads\/2024\/03\/rBwBEmQ-bEyAU2rEAAOMH5rpPcE274-1024x187.webp 1024w, https:\/\/www.arismachinery.com\/wp-content\/uploads\/2024\/03\/rBwBEmQ-bEyAU2rEAAOMH5rpPcE274-768x140.webp 768w, https:\/\/www.arismachinery.com\/wp-content\/uploads\/2024\/03\/rBwBEmQ-bEyAU2rEAAOMH5rpPcE274-1536x280.webp 1536w, https:\/\/www.arismachinery.com\/wp-content\/uploads\/2024\/03\/rBwBEmQ-bEyAU2rEAAOMH5rpPcE274-18x3.webp 18w, https:\/\/www.arismachinery.com\/wp-content\/uploads\/2024\/03\/rBwBEmQ-bEyAU2rEAAOMH5rpPcE274-600x109.webp 600w\" sizes=\"auto, (max-width: 1920px) 100vw, 1920px\" \/>\t\t\t\t\t\t\t\t\t\t\t\t\t\t\t<\/div>\n\t\t\t\t<\/div>\n\t\t\t\t\t<\/div>\n\t\t<\/div>\n\t\t\t\t\t\t\t<\/div>\n\t\t<\/section>\n\t\t\t\t<section class=\"elementor-section elementor-top-section elementor-element elementor-element-6cc0d79 elementor-section-full_width elementor-section-height-default elementor-section-height-default\" data-id=\"6cc0d79\" data-element_type=\"section\" data-settings=\"{&quot;background_background&quot;:&quot;classic&quot;}\">\n\t\t\t\t\t\t<div class=\"elementor-container elementor-column-gap-default\">\n\t\t\t\t\t<div class=\"elementor-column elementor-col-100 elementor-top-column elementor-element elementor-element-5fae022\" data-id=\"5fae022\" data-element_type=\"column\">\n\t\t\t<div class=\"elementor-widget-wrap elementor-element-populated\">\n\t\t\t\t\t\t\t\t<div class=\"elementor-element elementor-element-153a1a4 elementor-widget elementor-widget-woocommerce-breadcrumb\" data-id=\"153a1a4\" data-element_type=\"widget\" data-widget_type=\"woocommerce-breadcrumb.default\">\n\t\t\t\t<div class=\"elementor-widget-container\">\n\t\t\t<link rel=\"stylesheet\" href=\"https:\/\/www.arismachinery.com\/wp-content\/plugins\/elementor-pro\/assets\/css\/widget-woocommerce.min.css\"><nav class=\"woocommerce-breadcrumb\" data-no-translation=\"\" data-trp-gettext=\"\">Inicio<\/nav>\t\t<\/div>\n\t\t\t\t<\/div>\n\t\t\t\t\t<\/div>\n\t\t<\/div>\n\t\t\t\t\t\t\t<\/div>\n\t\t<\/section>\n\t\t\t\t<section class=\"elementor-section elementor-top-section elementor-element elementor-element-3f07c6c elementor-section-full_width elementor-section-height-default elementor-section-height-default\" data-id=\"3f07c6c\" data-element_type=\"section\" data-settings=\"{&quot;background_background&quot;:&quot;classic&quot;}\">\n\t\t\t\t\t\t<div class=\"elementor-container elementor-column-gap-default\">\n\t\t\t\t\t<div class=\"elementor-column elementor-col-100 elementor-top-column elementor-element elementor-element-ba057c2\" data-id=\"ba057c2\" data-element_type=\"column\">\n\t\t\t<div class=\"elementor-widget-wrap elementor-element-populated\">\n\t\t\t\t\t\t\t\t<div class=\"elementor-element elementor-element-c6f2077 elementor-widget elementor-widget-pp-faq\" data-id=\"c6f2077\" data-element_type=\"widget\" data-settings=\"{&quot;faq_layout&quot;:&quot;accordion&quot;,&quot;accordion_type&quot;:&quot;accordion&quot;,&quot;toggle_speed&quot;:300}\" data-widget_type=\"pp-faq.default\">\n\t\t\t\t<div class=\"elementor-widget-container\">\n\t\t\t\t\t<div class=\"pp-faqs pp-advanced-accordion pp-toggle-icon-align-right\" id=\"pp-advanced-accordion-c6f2077\" data-accordion-id=\"c6f2077\">\n\t\t\t\t\t\t<div class=\"pp-faq-item elementor-grid-item pp-accordion-item\">\n\t\t\t\t<div id=\"pp-accordion-tab-title-2081\" class=\"pp-faq-question pp-accordion-tab-title\" tabindex=\"0\" data-tab=\"1\" aria-controls=\"pp-accordion-tab-content-2081\" aria-expanded=\"false\">\n\t\t\t\t\t<div class=\"pp-accordion-title-icon\">\n\t\t\t\t\t\t\t\t\t\t\t\t\t\t\t\t\t\t<div class=\"pp-accordion-title-text\">\n\t\t\t\t\t\t\t\u00bfEs usted fabricante?\t\t\t\t\t\t<\/div>\n\t\t\t\t\t<\/div>\n\t\t\t\t\t\t\t\t\t\t\t<div class=\"pp-accordion-toggle-icon\">\n\t\t\t\t\t\t\t\t\t\t\t\t\t\t\t<span class='pp-accordion-toggle-icon-close pp-icon'>\n\t\t\t\t\t\t\t\t\t<i aria-hidden=\"true\" class=\"fas fa-plus\"><\/i>\t\t\t\t\t\t\t\t<\/span>\n\t\t\t\t\t\t\t\t\t\t\t\t\t\t\t\t\t\t\t\t\t\t<span class='pp-accordion-toggle-icon-open pp-icon'>\n\t\t\t\t\t\t\t\t\t<i aria-hidden=\"true\" class=\"fas fa-minus\"><\/i>\t\t\t\t\t\t\t\t<\/span>\n\t\t\t\t\t\t\t\t\t\t\t\t\t<\/div>\n\t\t\t\t\t\t\t\t\t<\/div>\n\n\t\t\t\t<div id=\"pp-accordion-tab-content-2081\" class=\"pp-faq-answer pp-accordion-tab-content\" data-tab=\"1\" aria-labelledby=\"pp-accordion-tab-title-2081\">\n\t\t\t\t\t<p>ARIS Machinery se ha especializado en la producci\u00f3n y exportaci\u00f3n de equipos de mecanizado durante m\u00e1s de 18 a\u00f1os, somos un grupo con 4 f\u00e1bricas ubicadas en la provincia de Jiangsu. Hemos exportado a m\u00e1s de 50 pa\u00edses hasta ahora.<\/p>\n\t\t\t\t<\/div>\n\t\t\t<\/div>\n\t\t\t\t\t\t<div class=\"pp-faq-item elementor-grid-item pp-accordion-item\">\n\t\t\t\t<div id=\"pp-accordion-tab-title-2082\" class=\"pp-faq-question pp-accordion-tab-title\" tabindex=\"0\" data-tab=\"2\" aria-controls=\"pp-accordion-tab-content-2082\" aria-expanded=\"false\">\n\t\t\t\t\t<div class=\"pp-accordion-title-icon\">\n\t\t\t\t\t\t\t\t\t\t\t\t\t\t\t\t\t\t<div class=\"pp-accordion-title-text\">\n\t\t\t\t\t\t\t\u00bfCu\u00e1les son sus principales productos?\t\t\t\t\t\t<\/div>\n\t\t\t\t\t<\/div>\n\t\t\t\t\t\t\t\t\t\t\t<div class=\"pp-accordion-toggle-icon\">\n\t\t\t\t\t\t\t\t\t\t\t\t\t\t\t<span class='pp-accordion-toggle-icon-close pp-icon'>\n\t\t\t\t\t\t\t\t\t<i aria-hidden=\"true\" class=\"fas fa-plus\"><\/i>\t\t\t\t\t\t\t\t<\/span>\n\t\t\t\t\t\t\t\t\t\t\t\t\t\t\t\t\t\t\t\t\t\t<span class='pp-accordion-toggle-icon-open pp-icon'>\n\t\t\t\t\t\t\t\t\t<i aria-hidden=\"true\" class=\"fas fa-minus\"><\/i>\t\t\t\t\t\t\t\t<\/span>\n\t\t\t\t\t\t\t\t\t\t\t\t\t<\/div>\n\t\t\t\t\t\t\t\t\t<\/div>\n\n\t\t\t\t<div id=\"pp-accordion-tab-content-2082\" class=\"pp-faq-answer pp-accordion-tab-content\" data-tab=\"2\" aria-labelledby=\"pp-accordion-tab-title-2082\">\n\t\t\t\t\t<p>M\u00e1quina de electroerosi\u00f3n: EDM m\u00e1quina de corte por hilo, EDM Die Sinking m\u00e1quina, EDM m\u00e1quina de perforaci\u00f3n Fresadora: Fresadora de alta resistencia, Fresadora de torreta, Fresadora CNC, Centro de mecanizado, Fresadora de p\u00f3rtico. M\u00e1quina de torneado CNC: Torno CNC de bancada plana, Torno CNC de bancada inclinada, Torno CNC vertical, Torno convencional. Rectificadora: Rectificadora de superficies, Rectificadora cil\u00edndrica. (rectificadora circular \/ interna)<\/p>\n\t\t\t\t<\/div>\n\t\t\t<\/div>\n\t\t\t\t\t\t<div class=\"pp-faq-item elementor-grid-item pp-accordion-item\">\n\t\t\t\t<div id=\"pp-accordion-tab-title-2083\" class=\"pp-faq-question pp-accordion-tab-title\" tabindex=\"0\" data-tab=\"3\" aria-controls=\"pp-accordion-tab-content-2083\" aria-expanded=\"false\">\n\t\t\t\t\t<div class=\"pp-accordion-title-icon\">\n\t\t\t\t\t\t\t\t\t\t\t\t\t\t\t\t\t\t<div class=\"pp-accordion-title-text\">\n\t\t\t\t\t\t\t\u00bfC\u00f3mo hacer un pedido?\t\t\t\t\t\t<\/div>\n\t\t\t\t\t<\/div>\n\t\t\t\t\t\t\t\t\t\t\t<div class=\"pp-accordion-toggle-icon\">\n\t\t\t\t\t\t\t\t\t\t\t\t\t\t\t<span class='pp-accordion-toggle-icon-close pp-icon'>\n\t\t\t\t\t\t\t\t\t<i aria-hidden=\"true\" class=\"fas fa-plus\"><\/i>\t\t\t\t\t\t\t\t<\/span>\n\t\t\t\t\t\t\t\t\t\t\t\t\t\t\t\t\t\t\t\t\t\t<span class='pp-accordion-toggle-icon-open pp-icon'>\n\t\t\t\t\t\t\t\t\t<i aria-hidden=\"true\" class=\"fas fa-minus\"><\/i>\t\t\t\t\t\t\t\t<\/span>\n\t\t\t\t\t\t\t\t\t\t\t\t\t<\/div>\n\t\t\t\t\t\t\t\t\t<\/div>\n\n\t\t\t\t<div id=\"pp-accordion-tab-content-2083\" class=\"pp-faq-answer pp-accordion-tab-content\" data-tab=\"3\" aria-labelledby=\"pp-accordion-tab-title-2083\">\n\t\t\t\t\t<div>Env\u00edenos una consulta o p\u00f3ngase en contacto con nosotros a trav\u00e9s del servicio en l\u00ednea; tras recibir su consulta, le responderemos con nuestro cat\u00e1logo, presupuesto y dem\u00e1s informaci\u00f3n que necesite.<\/div>\n<div>\u00a0<\/div>\n\t\t\t\t<\/div>\n\t\t\t<\/div>\n\t\t\t\t\t\t<div class=\"pp-faq-item elementor-grid-item pp-accordion-item\">\n\t\t\t\t<div id=\"pp-accordion-tab-title-2084\" class=\"pp-faq-question pp-accordion-tab-title\" tabindex=\"0\" data-tab=\"4\" aria-controls=\"pp-accordion-tab-content-2084\" aria-expanded=\"false\">\n\t\t\t\t\t<div class=\"pp-accordion-title-icon\">\n\t\t\t\t\t\t\t\t\t\t\t\t\t\t\t\t\t\t<div class=\"pp-accordion-title-text\">\n\t\t\t\t\t\t\t\u00bfY el plazo de entrega?\t\t\t\t\t\t<\/div>\n\t\t\t\t\t<\/div>\n\t\t\t\t\t\t\t\t\t\t\t<div class=\"pp-accordion-toggle-icon\">\n\t\t\t\t\t\t\t\t\t\t\t\t\t\t\t<span class='pp-accordion-toggle-icon-close pp-icon'>\n\t\t\t\t\t\t\t\t\t<i aria-hidden=\"true\" class=\"fas fa-plus\"><\/i>\t\t\t\t\t\t\t\t<\/span>\n\t\t\t\t\t\t\t\t\t\t\t\t\t\t\t\t\t\t\t\t\t\t<span class='pp-accordion-toggle-icon-open pp-icon'>\n\t\t\t\t\t\t\t\t\t<i aria-hidden=\"true\" class=\"fas fa-minus\"><\/i>\t\t\t\t\t\t\t\t<\/span>\n\t\t\t\t\t\t\t\t\t\t\t\t\t<\/div>\n\t\t\t\t\t\t\t\t\t<\/div>\n\n\t\t\t\t<div id=\"pp-accordion-tab-content-2084\" class=\"pp-faq-answer pp-accordion-tab-content\" data-tab=\"4\" aria-labelledby=\"pp-accordion-tab-title-2084\">\n\t\t\t\t\t<p>Para el modelo est\u00e1ndar, podemos hacer la entrega en 15 d\u00edas despu\u00e9s del pago. Para el modelo especial, podemos hacer la entrega en 25 d\u00edas.<\/p>\n\t\t\t\t<\/div>\n\t\t\t<\/div>\n\t\t\t\t\t\t<div class=\"pp-faq-item elementor-grid-item pp-accordion-item\">\n\t\t\t\t<div id=\"pp-accordion-tab-title-2085\" class=\"pp-faq-question pp-accordion-tab-title\" tabindex=\"0\" data-tab=\"5\" aria-controls=\"pp-accordion-tab-content-2085\" aria-expanded=\"false\">\n\t\t\t\t\t<div class=\"pp-accordion-title-icon\">\n\t\t\t\t\t\t\t\t\t\t\t\t\t\t\t\t\t\t<div class=\"pp-accordion-title-text\">\n\t\t\t\t\t\t\t\u00bfQu\u00e9 servicios podemos ofrecer?\t\t\t\t\t\t<\/div>\n\t\t\t\t\t<\/div>\n\t\t\t\t\t\t\t\t\t\t\t<div class=\"pp-accordion-toggle-icon\">\n\t\t\t\t\t\t\t\t\t\t\t\t\t\t\t<span class='pp-accordion-toggle-icon-close pp-icon'>\n\t\t\t\t\t\t\t\t\t<i aria-hidden=\"true\" class=\"fas fa-plus\"><\/i>\t\t\t\t\t\t\t\t<\/span>\n\t\t\t\t\t\t\t\t\t\t\t\t\t\t\t\t\t\t\t\t\t\t<span class='pp-accordion-toggle-icon-open pp-icon'>\n\t\t\t\t\t\t\t\t\t<i aria-hidden=\"true\" class=\"fas fa-minus\"><\/i>\t\t\t\t\t\t\t\t<\/span>\n\t\t\t\t\t\t\t\t\t\t\t\t\t<\/div>\n\t\t\t\t\t\t\t\t\t<\/div>\n\n\t\t\t\t<div id=\"pp-accordion-tab-content-2085\" class=\"pp-faq-answer pp-accordion-tab-content\" data-tab=\"5\" aria-labelledby=\"pp-accordion-tab-title-2085\">\n\t\t\t\t\t<p>1). 12 meses de garant\u00eda;2).Servicio de soporte t\u00e9cnico en l\u00ednea;3).Servicio de archivos t\u00e9cnicos;4).Servicio de formaci\u00f3n in situ;5).Sustituci\u00f3n de piezas de repuesto y servicio de reparaci\u00f3n;6).Todas las preguntas ser\u00e1n respondidas en 24 horas.<\/p>\n\t\t\t\t<\/div>\n\t\t\t<\/div>\n\t\t\t\t\t<\/div>\n\t\t\t\t<\/div>\n\t\t\t\t<\/div>\n\t\t\t\t\t<\/div>\n\t\t<\/div>\n\t\t\t\t\t\t\t<\/div>\n\t\t<\/section>\n\t\t\t\t\t\t\t<\/div>","protected":false},"excerpt":{"rendered":"<p>Are you a manufacturer? ARIS Machinery have specialized in producing and exporting Machining Equipment for more than 18 years, we are a group with 4 factories located in Jiangsu province. We have exported to more than 50 countries so far. What are your main products? EDM machine: EDM Wire cut machine, EDM Die Sinking machine, [&hellip;]<\/p>","protected":false},"author":1,"featured_media":0,"parent":0,"menu_order":0,"comment_status":"closed","ping_status":"closed","template":"elementor_header_footer","meta":{"_acf_changed":false,"footnotes":""},"class_list":["post-352","page","type-page","status-publish","hentry"],"acf":[],"_links":{"self":[{"href":"https:\/\/www.arismachinery.com\/es\/wp-json\/wp\/v2\/pages\/352","targetHints":{"allow":["GET"]}}],"collection":[{"href":"https:\/\/www.arismachinery.com\/es\/wp-json\/wp\/v2\/pages"}],"about":[{"href":"https:\/\/www.arismachinery.com\/es\/wp-json\/wp\/v2\/types\/page"}],"author":[{"embeddable":true,"href":"https:\/\/www.arismachinery.com\/es\/wp-json\/wp\/v2\/users\/1"}],"replies":[{"embeddable":true,"href":"https:\/\/www.arismachinery.com\/es\/wp-json\/wp\/v2\/comments?post=352"}],"version-history":[{"count":5,"href":"https:\/\/www.arismachinery.com\/es\/wp-json\/wp\/v2\/pages\/352\/revisions"}],"predecessor-version":[{"id":3215,"href":"https:\/\/www.arismachinery.com\/es\/wp-json\/wp\/v2\/pages\/352\/revisions\/3215"}],"wp:attachment":[{"href":"https:\/\/www.arismachinery.com\/es\/wp-json\/wp\/v2\/media?parent=352"}],"curies":[{"name":"wp","href":"https:\/\/api.w.org\/{rel}","templated":true}]}}