{"id":2944,"date":"2024-03-08T10:44:27","date_gmt":"2024-03-08T02:44:27","guid":{"rendered":"http:\/\/www.arismachinery.com\/product\/heavy-duty-pipe-threading-machine-manual\/"},"modified":"2024-03-08T10:44:41","modified_gmt":"2024-03-08T02:44:41","slug":"heavy-duty-pipe-threading-machine-manual","status":"publish","type":"product","link":"https:\/\/www.arismachinery.com\/es\/product\/heavy-duty-pipe-threading-machine-manual\/","title":{"rendered":"Heavy Duty Pipe Threading Machine &#8211; Manual"},"content":{"rendered":"<p>\u25c6 Cuerpo de la m\u00e1quina est\u00e1n hechos de fundici\u00f3n de arena de resina con tratamiento de temporizaci\u00f3n, lo que garantiza la estabilidad de la m\u00e1quina.<br \/>\u25c6 Mandril doble para tubo m\u00e1s largo.<br \/>\u25c6 Pinza de sujeci\u00f3n el\u00e9ctrica, cojinete Doubel en cada extremo.<br \/>Freno hidr\u00e1ulico.<\/p>\n<p><\/p>\n<table>\n<tbody>\n<tr class=\"firstRow\">\n<td x_str=\"\"><strong>Modelo<\/strong><\/td>\n<td x_str=\"\"><strong>Q350<\/strong><\/td>\n<\/tr>\n<tr>\n<td x_str=\"\">Oscilaci\u00f3n m\u00e1x. Di\u00e1metro en la bancada (mm)<\/td>\n<td x_num=\"1000\">1000<\/td>\n<\/tr>\n<tr>\n<td x_str=\"\">Di\u00e1metro de paso del tubo (mm)<\/td>\n<td x_str=\"\">114-350<\/td>\n<\/tr>\n<tr>\n<td x_str=\"\">Anchura de la barandilla (mm)<\/td>\n<td x_str=\"\">820 mm<\/td>\n<\/tr>\n<tr>\n<td x_str=\"\">Conicidad m\u00e1xima<\/td>\n<td x_num=\"0.0444444444444444\">1:04<\/td>\n<\/tr>\n<tr>\n<td x_str=\"\">Longitud m\u00e1x. de mecanizado (mm)<\/td>\n<td x_str=\"\">1500 \/ 3000 \/ 4000<\/td>\n<\/tr>\n<tr>\n<td x_str=\"\">Recorrido m\u00e1x. del dispositivo c\u00f3nico (mm)<\/td>\n<td x_num=\"930\">930<\/td>\n<\/tr>\n<tr>\n<td x_str=\"\">Etapas de velocidad del husillo<\/td>\n<td x_num=\"9\">9<\/td>\n<\/tr>\n<tr>\n<td x_str=\"\">Velocidad del cabezal (r\/min)<\/td>\n<td x_str=\"\">6.6-198<\/td>\n<\/tr>\n<tr>\n<td x_str=\"\">Taladro del husillo (mm)<\/td>\n<td x_num=\"355\">355<\/td>\n<\/tr>\n<tr>\n<td x_str=\"\">Gama de avances longitudinales (mm)<\/td>\n<td x_str=\"\">32 tipos \/ 0,07-1,33 mm<\/td>\n<\/tr>\n<tr>\n<td x_str=\"\">Gama de avances transversales (mm)<\/td>\n<td x_str=\"\">32 tipos \/ 0,02-0,45 mm<\/td>\n<\/tr>\n<tr>\n<td x_str=\"\">Rango de rosca m\u00e9trica (mm)<\/td>\n<td x_str=\"\">21 tipos \/ 1-15mm<\/td>\n<\/tr>\n<tr>\n<td x_str=\"\">Rango de rosca en pulgadas (mm)<\/td>\n<td x_str=\"\">26 tipos \/ 1-14 TPI<\/td>\n<\/tr>\n<tr>\n<td x_str=\"\">Mandril (mm)<\/td>\n<td x_str=\"\">Pinza el\u00e9ctrica, Dia. 780mm<\/td>\n<\/tr>\n<tr>\n<td x_str=\"\">Velocidad de desplazamiento r\u00e1pido de la corredera (mm\/min)<\/td>\n<td x_str=\"\">2500 mm\/min<\/td>\n<\/tr>\n<tr>\n<td x_str=\"\">Recorrido m\u00e1x. del apoyo compuesto (mm)<\/td>\n<td x_num=\"210\">210<\/td>\n<\/tr>\n<tr>\n<td x_str=\"\">Mango de la herramienta (mm)<\/td>\n<td x_str=\"\">30*30<\/td>\n<\/tr>\n<tr>\n<td x_str=\"\">Resoluci\u00f3n m\u00ednima del apoyo compuesto (mm)<\/td>\n<td x_num=\"0.05\">0.05<\/td>\n<\/tr>\n<tr>\n<td x_str=\"\">Resoluci\u00f3n m\u00ednima del carro (mm)<\/td>\n<td x_num=\"0.05\">0.05<\/td>\n<\/tr>\n<tr>\n<td x_str=\"\">Manguito de la culata Di\u00e1metro (mm)<\/td>\n<td x_num=\"100\">100<\/td>\n<\/tr>\n<tr>\n<td x_str=\"\">Recorrido del manguito de la culata (mm)<\/td>\n<td x_num=\"250\">250<\/td>\n<\/tr>\n<tr>\n<td x_str=\"\">Conicidad del manguito<\/td>\n<td x_str=\"\">MT 6#<\/td>\n<\/tr>\n<tr>\n<td x_str=\"\">Motor de husillo<\/td>\n<td x_str=\"\">Y180M-4\/18.5KW\/1460r\/min<\/td>\n<\/tr>\n<tr>\n<td x_str=\"\">Motor de deslizamiento<\/td>\n<td x_str=\"\">NY80-4 1,1 kW<\/td>\n<\/tr>\n<tr>\n<td x_str=\"\">Motor de sujeci\u00f3n del mandril<\/td>\n<td x_str=\"\">YXZ90-L-4 1,5 kW<\/td>\n<\/tr>\n<tr>\n<td x_str=\"\">Correa del motor principal<\/td>\n<td x_str=\"\">4- B1727<\/td>\n<\/tr>\n<tr>\n<td x_str=\"\">Tama\u00f1o de la m\u00e1quina (mm)<\/td>\n<td x_str=\"\">3550*1650*1630 ( 1500mm)<\/td>\n<\/tr>\n<tr>\n<td x_str=\"\">Peso de la m\u00e1quina ( kg)<\/td>\n<td x_num=\"8500\">8500<\/td>\n<\/tr>\n<\/tbody>\n<\/table>\n<p><\/p>","protected":false},"excerpt":{"rendered":"<p>\u25c6 Cuerpo de la m\u00e1quina est\u00e1n hechos de fundici\u00f3n de arena de resina con tratamiento de temporizaci\u00f3n, lo que garantiza la estabilidad de la m\u00e1quina.<br \/>\u25c6 Mandril doble para tubo m\u00e1s largo.<br \/>\u25c6 Pinza de sujeci\u00f3n el\u00e9ctrica, cojinete Doubel en cada extremo.<br \/>Freno hidr\u00e1ulico.<\/p>","protected":false},"featured_media":2945,"comment_status":"closed","ping_status":"open","template":"","meta":{"_acf_changed":false},"product_cat":[55],"product_tag":[],"class_list":["post-2944","product","type-product","status-publish","has-post-thumbnail","hentry","product_cat-pipe-threading-machine"],"acf":[],"_links":{"self":[{"href":"https:\/\/www.arismachinery.com\/es\/wp-json\/wp\/v2\/product\/2944","targetHints":{"allow":["GET"]}}],"collection":[{"href":"https:\/\/www.arismachinery.com\/es\/wp-json\/wp\/v2\/product"}],"about":[{"href":"https:\/\/www.arismachinery.com\/es\/wp-json\/wp\/v2\/types\/product"}],"replies":[{"embeddable":true,"href":"https:\/\/www.arismachinery.com\/es\/wp-json\/wp\/v2\/comments?post=2944"}],"wp:featuredmedia":[{"embeddable":true,"href":"https:\/\/www.arismachinery.com\/es\/wp-json\/wp\/v2\/media\/2945"}],"wp:attachment":[{"href":"https:\/\/www.arismachinery.com\/es\/wp-json\/wp\/v2\/media?parent=2944"}],"wp:term":[{"taxonomy":"product_cat","embeddable":true,"href":"https:\/\/www.arismachinery.com\/es\/wp-json\/wp\/v2\/product_cat?post=2944"},{"taxonomy":"product_tag","embeddable":true,"href":"https:\/\/www.arismachinery.com\/es\/wp-json\/wp\/v2\/product_tag?post=2944"}],"curies":[{"name":"wp","href":"https:\/\/api.w.org\/{rel}","templated":true}]}}