{"id":2966,"date":"2024-03-08T10:44:49","date_gmt":"2024-03-08T02:44:49","guid":{"rendered":"http:\/\/www.arismachinery.com\/product\/heavy-duty-universal-lathe-machine\/"},"modified":"2024-03-08T10:44:53","modified_gmt":"2024-03-08T02:44:53","slug":"heavy-duty-universal-lathe-machine","status":"publish","type":"product","link":"https:\/\/www.arismachinery.com\/es\/product\/heavy-duty-universal-lathe-machine\/","title":{"rendered":"Torno universal para trabajos pesados"},"content":{"rendered":"<p><strong>Caracter\u00edsticas principales:<\/strong><\/p>\n<p>1.Bed carril pasado de alta frecuencia de temple, rectificado, de alta precisi\u00f3n.<\/p>\n<p>2.Rectificado de precisi\u00f3n de engranajes de culata, bajo nivel de ruido.<\/p>\n<p>3.Freno de pie\/freno electromagn\u00e9tico opcional.<\/p>\n<p>4.Carro opcional: mano izquierda O mano derecha.<\/p>\n<p>5.El tobog\u00e1n grande puede ser: com\u00fan, de avance r\u00e1pido o de estructura c\u00f3nica.<\/p>\n<p>6.El husillo de bolas puede ser del sistema m\u00e9trico o brit\u00e1nico.<\/p>\n<p>7.Freno de pie\/freno electromagn\u00e9tico opcional.<\/p>\n<p><\/p>\n<p><strong>Par\u00e1metros t\u00e9cnicos:<\/strong><\/p>\n<table>\n<tbody>\n<tr class=\"firstRow\">\n<td rowspan=\"2\">odel<\/td>\n<td align=\"center\" valign=\"middle\">C6136F<\/td>\n<td align=\"center\" valign=\"middle\">C6140F<\/td>\n<td align=\"center\" valign=\"middle\">C6150F<\/td>\n<td align=\"center\" valign=\"middle\">C6160F<\/td>\n<\/tr>\n<tr>\n<td align=\"center\" valign=\"middle\">C6236F<\/td>\n<td align=\"center\" valign=\"middle\">C6240F<\/td>\n<td align=\"center\" valign=\"middle\">C6250F<\/td>\n<td align=\"center\" valign=\"middle\">C6260F<\/td>\n<\/tr>\n<tr>\n<td>Oscilaci\u00f3n m\u00e1xima sobre la cama<\/td>\n<td align=\"center\" valign=\"middle\">360 mm<\/td>\n<td align=\"center\" valign=\"middle\">400 mm<\/td>\n<td align=\"center\" valign=\"middle\">500 mm<\/td>\n<td align=\"center\" valign=\"middle\">600 mm<\/td>\n<\/tr>\n<tr>\n<td>Oscilaci\u00f3n m\u00e1xima sobre el hueco<\/td>\n<td align=\"center\" valign=\"middle\">520 mm<\/td>\n<td align=\"center\" valign=\"middle\">560 mm<\/td>\n<td align=\"center\" valign=\"middle\">660 mm<\/td>\n<td align=\"center\" valign=\"middle\">760 mm<\/td>\n<\/tr>\n<tr>\n<td>Longitud efectiva del hueco<\/td>\n<td align=\"center\" valign=\"middle\">160 mm<\/td>\n<td align=\"center\" valign=\"middle\">130 mm<\/td>\n<td align=\"center\" valign=\"middle\">130 mm<\/td>\n<td align=\"center\" valign=\"middle\">130 mm<\/td>\n<\/tr>\n<tr>\n<td>Oscilaci\u00f3n m\u00e1xima sobre tobog\u00e1n<\/td>\n<td align=\"center\" valign=\"middle\">190 mm<\/td>\n<td align=\"center\" valign=\"middle\">230 mm<\/td>\n<td align=\"center\" valign=\"middle\">310 mm<\/td>\n<td align=\"center\" valign=\"middle\">360 mm<\/td>\n<\/tr>\n<tr>\n<td>Recorrido transversal del carro ( X )&nbsp;<\/td>\n<td align=\"center\" valign=\"middle\">180<\/td>\n<td align=\"center\" valign=\"middle\">210<\/td>\n<td align=\"center\" valign=\"middle\">260<\/td>\n<td align=\"center\" valign=\"middle\">310<\/td>\n<\/tr>\n<tr>\n<td>Distancia entre ejes ( L )&nbsp;<\/td>\n<td colspan=\"4\" align=\"center\" valign=\"middle\">750mm,1000mm,1500mm,2000mm,3000mm<\/td>\n<\/tr>\n<tr>\n<td>Anchura de la cama<\/td>\n<td colspan=\"4\" align=\"center\" valign=\"middle\">360 mm<\/td>\n<\/tr>\n<tr>\n<td>Agujero del husillo<\/td>\n<td colspan=\"4\" align=\"center\" valign=\"middle\">\uf10252mm \/ \uf10282mm<\/td>\n<\/tr>\n<tr>\n<td>Nariz del husillo<\/td>\n<td colspan=\"4\" align=\"center\" valign=\"middle\">ISO-C6 o ISO-C8<\/td>\n<\/tr>\n<tr>\n<td>Conicidad del husillo<\/td>\n<td colspan=\"4\" align=\"center\" valign=\"middle\">MT6 \/ 1:20<\/td>\n<\/tr>\n<tr>\n<td>Velocidades del cabezal (n\u00famero)<\/td>\n<td align=\"center\" valign=\"middle\">42-1600 rmp<\/td>\n<td colspan=\"3\" align=\"center\" valign=\"middle\">28-1800rpm ( 12 pasos)&nbsp;<\/td>\n<\/tr>\n<tr>\n<td>Gama de roscas m\u00e9tricas (tipos)<\/td>\n<td colspan=\"4\" align=\"center\" valign=\"middle\">0,5-14 mm (21 tipos)<\/td>\n<\/tr>\n<tr>\n<td>Gama de roscas en pulgadas (tipos)<\/td>\n<td colspan=\"4\" align=\"center\" valign=\"middle\">2,5-72 pulgadas (30 tipos)<\/td>\n<\/tr>\n<tr>\n<td>Di\u00e1metro de la rosca&nbsp;<\/td>\n<td colspan=\"4\" align=\"center\" valign=\"middle\">0.25-7&nbsp;m\u03c0 (17&nbsp;kinds)<\/td>\n<\/tr>\n<tr>\n<td>M\u00f3dulo hilos gama(tipos)<\/td>\n<td colspan=\"4\" align=\"center\" valign=\"middle\">5-144 D.P.I ( 30 clases)&nbsp;<\/td>\n<\/tr>\n<tr>\n<td>Deslizamiento transversal<\/td>\n<td colspan=\"4\" align=\"center\" valign=\"middle\">220 mm<\/td>\n<\/tr>\n<tr>\n<td>Recorrido de descanso compuesto<\/td>\n<td colspan=\"4\" align=\"center\" valign=\"middle\">120 mm<\/td>\n<\/tr>\n<tr>\n<td>Tama\u00f1o del mango de la herramienta&nbsp;<\/td>\n<td colspan=\"4\" align=\"center\" valign=\"middle\">20mm\u00d720mm<\/td>\n<\/tr>\n<tr>\n<td>Conicidad del manguito del contrapunto<\/td>\n<td colspan=\"4\" align=\"center\" valign=\"middle\">MT4 \/ MT5<\/td>\n<\/tr>\n<tr>\n<td>Di\u00e1metro del manguito del contrapunto<\/td>\n<td colspan=\"4\" align=\"center\" valign=\"middle\">65 mm \/ 75 mm<\/td>\n<\/tr>\n<tr>\n<td>Recorrido del manguito del contrapunto<\/td>\n<td colspan=\"4\" align=\"center\" valign=\"middle\">130 mm<\/td>\n<\/tr>\n<tr>\n<td>Potencia del motor principal<\/td>\n<td align=\"center\" valign=\"middle\">4,0 kW<\/td>\n<td align=\"center\" valign=\"middle\">&nbsp;5,5 kW&nbsp;<\/td>\n<td align=\"center\" valign=\"middle\">&nbsp;5,5 kW&nbsp;<\/td>\n<td align=\"center\" valign=\"middle\">7,5 kW<\/td>\n<\/tr>\n<tr>\n<td>Motor parachoques de refrigeraci\u00f3n<\/td>\n<td colspan=\"4\" align=\"center\" valign=\"middle\">0,125 kW<\/td>\n<\/tr>\n<tr>\n<td>Motor r\u00e1pido<\/td>\n<td colspan=\"4\" align=\"center\" valign=\"middle\">0,12 kW<\/td>\n<\/tr>\n<\/tbody>\n<\/table>\n<p><\/p>\n<table>\n<tbody>\n<tr class=\"firstRow\">\n<td colspan=\"2\" style=\"word-break: break-all;\"><strong>Accesorios est\u00e1ndar<\/strong><\/td>\n<td colspan=\"4\" align=\"center\" valign=\"middle\"><strong>Accesorios opcionales<\/strong><\/td>\n<\/tr>\n<tr>\n<td colspan=\"2\">1.  Trozo de 3 mordazas<\/td>\n<td colspan=\"2\" align=\"center\" valign=\"middle\">1.  Reposo absoluto<\/td>\n<td colspan=\"2\" align=\"center\" valign=\"middle\">6.  Viaje autom\u00e1tico longitudinal<\/td>\n<\/tr>\n<tr>\n<td colspan=\"2\">2.  Centro\uff06centro de la manga<\/td>\n<td colspan=\"2\" align=\"center\" valign=\"middle\">2.  Descanso del seguidor<\/td>\n<td colspan=\"2\" align=\"center\" valign=\"middle\">7.  Centro vivo<\/td>\n<\/tr>\n<tr>\n<td colspan=\"2\">3.  Llaves<\/td>\n<td colspan=\"2\" align=\"center\" valign=\"middle\">3.   4 mordazas<\/td>\n<td colspan=\"2\" align=\"center\" valign=\"middle\">8.  Portaherramientas de cambio r\u00e1pido<\/td>\n<\/tr>\n<tr>\n<td colspan=\"2\">4.  Pernos de los pies.<\/td>\n<td colspan=\"2\" align=\"center\" valign=\"middle\">4.  Placa frontal<\/td>\n<td colspan=\"2\" align=\"center\" valign=\"middle\">9.  Regla de copia c\u00f3nica<\/td>\n<\/tr>\n<tr>\n<td colspan=\"2\"><\/td>\n<td colspan=\"2\" align=\"center\" valign=\"middle\">5.  Disco de roscar<\/td>\n<td colspan=\"2\" align=\"center\" valign=\"middle\">10. Placa motriz<\/td>\n<\/tr>\n<\/tbody>\n<\/table>\n<p><\/p>\n<p><\/p>\n<p><strong>Empresa y talleres<\/strong><\/p>\n<p>ARIS Machinery es un grupo con 4 f\u00e1bricas. ARIS cuenta con unos 60000 metros cuadrados de taller.<\/p>\n<p><img loading=\"lazy\" decoding=\"async\" src=\"https:\/\/img01.71360.com\/file\/read\/www2\/M00\/17\/64\/rBwBEmQi8-CAcrRhAAf3br41wiI882.jpg\" alt=\"Company &amp; Workshops\" title=\"Empresa y talleres\" width=\"800\" height=\"585\"\/><\/p>\n<p><img loading=\"lazy\" decoding=\"async\" src=\"https:\/\/img01.71360.com\/file\/read\/www2\/M00\/17\/64\/rBwBEmQi8-GAD3UmAAikCZrTqpc510.jpg\" alt=\"Company &amp; Workshops\" title=\"Empresa y talleres\" width=\"800\" height=\"585\"\/><\/p>\n<p><\/p>\n<p><strong>Equipos de producci\u00f3n<\/strong><\/p>\n<p>Las partes principales de nuestras m\u00e1quinas son procesadas por m\u00e1quinas cnc. Tenemos fresadora cnc tipo p\u00f3rtico, centro de mecanizado vertical cnc, rectificadora cnc tipo p\u00f3rtico, cortadora l\u00e1ser cnc, plegadora cnc, cizalla cnc.<\/p>\n<p><img loading=\"lazy\" decoding=\"async\" src=\"https:\/\/img01.71360.com\/file\/read\/www2\/M00\/17\/64\/rBwBEmQi8-KAFzs2AAhn1LhHtcI014.jpg\" alt=\"Production Equipments\" title=\"Equipos de producci\u00f3n\" width=\"800\" height=\"747\"\/><\/p>\n<p><\/p>\n<p><strong>Pruebas e inspecci\u00f3n<\/strong><\/p>\n<p>Todas las m\u00e1quinas se prueban antes del env\u00edo.<\/p>\n<p><img loading=\"lazy\" decoding=\"async\" src=\"https:\/\/img01.71360.com\/file\/read\/www2\/M00\/17\/64\/rBwBEmQi8-CAJ0wlAAny7CMlcDQ619.jpg\" alt=\"Test &amp; Inspection\" title=\"Pruebas e inspecci\u00f3n\" width=\"800\" height=\"945\"\/><\/p>\n<p><\/p>\n<p><strong>Paquete y entrega<\/strong><\/p>\n<p><img loading=\"lazy\" decoding=\"async\" src=\"https:\/\/img01.71360.com\/file\/read\/www2\/M00\/17\/64\/rBwBEmQi8-GAU2DXAATlRMxdXps522.jpg\" alt=\"Package &amp; Delivery\" title=\"Paquete y entrega\" width=\"800\" height=\"330\"\/><\/p>","protected":false},"excerpt":{"rendered":"<p>El carril de la cama pas\u00f3 el temple de alta frecuencia, moliendo, alta precisi\u00f3n.<br \/>Rectificado de precisi\u00f3n de engranajes de culata, bajo nivel de ruido.<br \/>Freno de pie\/freno electromagn\u00e9tico opcional.<br \/>Carro opcional: mano izquierda O mano derecha.<br \/>El tobog\u00e1n grande puede ser: com\u00fan, de avance r\u00e1pido o de estructura c\u00f3nica.<br \/>El husillo de bolas puede ser del sistema m\u00e9trico o brit\u00e1nico.<br \/>Freno de pie\/freno electromagn\u00e9tico opcional.<\/p>","protected":false},"featured_media":2967,"comment_status":"closed","ping_status":"open","template":"","meta":{"_acf_changed":false},"product_cat":[57],"product_tag":[],"class_list":["post-2966","product","type-product","status-publish","has-post-thumbnail","hentry","product_cat-universal-turning-machine"],"acf":[],"_links":{"self":[{"href":"https:\/\/www.arismachinery.com\/es\/wp-json\/wp\/v2\/product\/2966","targetHints":{"allow":["GET"]}}],"collection":[{"href":"https:\/\/www.arismachinery.com\/es\/wp-json\/wp\/v2\/product"}],"about":[{"href":"https:\/\/www.arismachinery.com\/es\/wp-json\/wp\/v2\/types\/product"}],"replies":[{"embeddable":true,"href":"https:\/\/www.arismachinery.com\/es\/wp-json\/wp\/v2\/comments?post=2966"}],"wp:featuredmedia":[{"embeddable":true,"href":"https:\/\/www.arismachinery.com\/es\/wp-json\/wp\/v2\/media\/2967"}],"wp:attachment":[{"href":"https:\/\/www.arismachinery.com\/es\/wp-json\/wp\/v2\/media?parent=2966"}],"wp:term":[{"taxonomy":"product_cat","embeddable":true,"href":"https:\/\/www.arismachinery.com\/es\/wp-json\/wp\/v2\/product_cat?post=2966"},{"taxonomy":"product_tag","embeddable":true,"href":"https:\/\/www.arismachinery.com\/es\/wp-json\/wp\/v2\/product_tag?post=2966"}],"curies":[{"name":"wp","href":"https:\/\/api.w.org\/{rel}","templated":true}]}}