{"id":3001,"date":"2024-03-08T10:45:07","date_gmt":"2024-03-08T02:45:07","guid":{"rendered":"http:\/\/www.arismachinery.com\/product\/cnc-universal-vertical-milling-machine\/"},"modified":"2024-03-08T10:45:11","modified_gmt":"2024-03-08T02:45:11","slug":"cnc-universal-vertical-milling-machine","status":"publish","type":"product","link":"https:\/\/www.arismachinery.com\/es\/product\/cnc-universal-vertical-milling-machine\/","title":{"rendered":"Fresadora vertical universal CNC"},"content":{"rendered":"<p><strong>Caracter\u00edsticas principales:<\/strong><\/p>\n<p>1.Construcci\u00f3n robusta y dise\u00f1o resistente.<\/p>\n<p>2. Las principales piezas motrices son de acero aleado.<\/p>\n<p>3.Relatively partes m\u00f3viles entre el cuerpo de la m\u00e1quina y el carril de gu\u00eda es de PVC laminado tratado.<\/p>\n<p>4.Potencia suficiente y gran rango de velocidades que aprovechan al m\u00e1ximo la eficiencia de las herramientas.<\/p>\n<p>5. Puede equiparse con herramientas de aleaci\u00f3n dura para fresar a gran velocidad.<\/p>\n<p>6. El husillo est\u00e1 equipado con un dispositivo de impulsos para facilitar el ajuste de la velocidad.<\/p>\n<p>7. El cabezal de fresado universal, la mesa de trabajo redonda, el cabezal divisor, el tornillo de banco plano y el visualizador son opcionales.<\/p>\n<p><\/p>\n<p><strong>Par\u00e1metros t\u00e9cnicos:<\/strong><\/p>\n<table data-sort=\"sortDisabled\">\n<tbody>\n<tr class=\"firstRow\">\n<td x_str=\"\">Modelo<\/td>\n<td x_str=\"\" align=\"center\" valign=\"middle\">X5032<\/td>\n<td x_str=\"\" align=\"center\" valign=\"middle\">X5035<\/td>\n<td x_str=\"\" align=\"center\" valign=\"middle\">X5040<\/td>\n<td x_str=\"\" align=\"center\" valign=\"middle\">X5055<\/td>\n<\/tr>\n<tr>\n<td x_str=\"\">Tama\u00f1o de la mesa de trabajo (mm)<\/td>\n<td x_str=\"\" align=\"center\" valign=\"middle\">320*1325\/1700<\/td>\n<td x_str=\"\" align=\"center\" valign=\"middle\">350*1350\/1700<\/td>\n<td x_str=\"\" align=\"center\" valign=\"middle\">400*1700\/2000\/2200<\/td>\n<td x_str=\"\" align=\"center\" valign=\"middle\">550*2000\/2500<\/td>\n<\/tr>\n<tr>\n<td x_str=\"\">Carga m\u00e1x. sobre la mesa (kg)<\/td>\n<td x_num=\"500\" align=\"center\" valign=\"middle\">500<\/td>\n<td x_num=\"600\" align=\"center\" valign=\"middle\">600<\/td>\n<td x_num=\"800\" align=\"center\" valign=\"middle\">800<\/td>\n<td x_num=\"1200\" align=\"center\" valign=\"middle\">1200<\/td>\n<\/tr>\n<tr>\n<td x_str=\"\">Ranura en T (N*A*P)(mm)<\/td>\n<td x_str=\"\" align=\"center\" valign=\"middle\">3-18*70<\/td>\n<td x_str=\"\" align=\"center\" valign=\"middle\">3-18*70<\/td>\n<td x_str=\"\" align=\"center\" valign=\"middle\">3-18*90<\/td>\n<td x_str=\"\" align=\"center\" valign=\"middle\">5-18*100<\/td>\n<\/tr>\n<tr>\n<td rowspan=\"2\" x_str=\"\">Recorrido eje X Manual\/Autom\u00e1tico (mm)<\/td>\n<td rowspan=\"2\" x_str=\"\" align=\"center\" valign=\"middle\">700\/680 1100\/1080<\/td>\n<td rowspan=\"2\" x_str=\"\" align=\"center\" valign=\"middle\">700\/680 1100\/1080<\/td>\n<td x_str=\"\" rowspan=\"2\" colspan=\"1\" align=\"center\" valign=\"middle\">900\/880 1200\/1180 1380\/1360<\/td>\n<td rowspan=\"2\" x_str=\"\" align=\"center\" valign=\"middle\">1200\/1180 2000\/1950<\/td>\n<\/tr>\n<tr><\/tr>\n<tr>\n<td x_str=\"\">Recorrido eje Y Manual\/Autom\u00e1tico (mm)<\/td>\n<td x_str=\"\" align=\"center\" valign=\"middle\">255\/240<\/td>\n<td x_str=\"\" align=\"center\" valign=\"middle\">330\/310<\/td>\n<td x_str=\"\" align=\"center\" valign=\"middle\">315\/300<\/td>\n<td x_str=\"\" align=\"center\" valign=\"middle\">550\/530<\/td>\n<\/tr>\n<tr>\n<td x_str=\"\">Recorrido eje Z Manual\/Autom\u00e1tico (mm)<\/td>\n<td x_str=\"\" align=\"center\" valign=\"middle\">370\/350<\/td>\n<td x_str=\"\" align=\"center\" valign=\"middle\">370\/350<\/td>\n<td x_str=\"\" align=\"center\" valign=\"middle\">385\/365<\/td>\n<td x_str=\"\" align=\"center\" valign=\"middle\">710\/700<\/td>\n<\/tr>\n<tr>\n<td x_str=\"\">Conicidad del husillo<\/td>\n<td x_str=\"\" align=\"center\" valign=\"middle\">7:24 ISO 50<\/td>\n<td x_str=\"\" align=\"center\" valign=\"middle\">7:24 ISO 50<\/td>\n<td x_str=\"\" align=\"center\" valign=\"middle\">7:24 ISO 50<\/td>\n<td x_str=\"\" align=\"center\" valign=\"middle\">7:24 ISO 50<\/td>\n<\/tr>\n<tr>\n<td x_str=\"\">Velocidad del cabezal (rpm)<\/td>\n<td x_str=\"\" align=\"center\" valign=\"middle\">30-1500<\/td>\n<td x_str=\"\" align=\"center\" valign=\"middle\">30-1500<\/td>\n<td x_str=\"\" align=\"center\" valign=\"middle\">30-1500<\/td>\n<td x_str=\"\" align=\"center\" valign=\"middle\">30-1500<\/td>\n<\/tr>\n<tr>\n<td x_str=\"\">Pasos de la velocidad del cabezal<\/td>\n<td x_num=\"18\" align=\"center\" valign=\"middle\">18<\/td>\n<td x_num=\"18\" align=\"center\" valign=\"middle\">18<\/td>\n<td x_num=\"18\" align=\"center\" valign=\"middle\">18<\/td>\n<td x_num=\"18\" align=\"center\" valign=\"middle\">18<\/td>\n<\/tr>\n<tr>\n<td x_str=\"\">Recorrido del husillo (mm)<\/td>\n<td x_num=\"85\" align=\"center\" valign=\"middle\">85<\/td>\n<td x_num=\"85\" align=\"center\" valign=\"middle\">85<\/td>\n<td x_num=\"85\" align=\"center\" valign=\"middle\">85<\/td>\n<td x_num=\"85\" align=\"center\" valign=\"middle\">85<\/td>\n<\/tr>\n<tr>\n<td x_str=\"\">\u00c1ngulo de giro m\u00e1x. del cabezal de fresado<\/td>\n<td x_str=\"\" align=\"center\" valign=\"middle\">\u00b145\u00b0<\/td>\n<td x_str=\"\" align=\"center\" valign=\"middle\">\u00b145\u00b0<\/td>\n<td x_str=\"\" align=\"center\" valign=\"middle\">\u00b145\u00b0<\/td>\n<td x_str=\"\" align=\"center\" valign=\"middle\">\u00b145\u00b0<\/td>\n<\/tr>\n<tr>\n<td x_str=\"\">Distancia de la punta del husillo a la mesa (mm)<\/td>\n<td x_str=\"\" align=\"center\" valign=\"middle\">45-415<\/td>\n<td x_str=\"\" align=\"center\" valign=\"middle\">45-415<\/td>\n<td x_str=\"\" align=\"center\" valign=\"middle\">30-500<\/td>\n<td x_str=\"\" align=\"center\" valign=\"middle\">50-760<\/td>\n<\/tr>\n<tr>\n<td x_str=\"\">Distancia del centro del cabezal a la columna vertical (mm)<\/td>\n<td x_num=\"350\" align=\"center\" valign=\"middle\">350<\/td>\n<td x_num=\"360\" align=\"center\" valign=\"middle\">360<\/td>\n<td x_num=\"450\" align=\"center\" valign=\"middle\">450<\/td>\n<td x_num=\"560\" align=\"center\" valign=\"middle\">560<\/td>\n<\/tr>\n<tr>\n<td x_str=\"\">Velocidad de desplazamiento r\u00e1pido X \/ Y \/Z (mm\/min)<\/td>\n<td x_str=\"\" align=\"center\" valign=\"middle\">2300 \/ 2300 \/700<\/td>\n<td x_str=\"\" align=\"center\" valign=\"middle\">2300 \/ 2300 \/700<\/td>\n<td x_str=\"\" align=\"center\" valign=\"middle\">2300 \/ 1540 \/770<\/td>\n<td x_str=\"\" align=\"center\" valign=\"middle\">2300 \/ 1540 \/770<\/td>\n<\/tr>\n<tr>\n<td x_str=\"\">X Velocidad de avance (mm\/min)<\/td>\n<td x_str=\"\" align=\"center\" valign=\"middle\">23.5-1180<\/td>\n<td x_str=\"\" align=\"center\" valign=\"middle\">23.5-1180<\/td>\n<td x_str=\"\" align=\"center\" valign=\"middle\">23.5-1180<\/td>\n<td x_str=\"\" align=\"center\" valign=\"middle\">16 -1180<\/td>\n<\/tr>\n<tr>\n<td x_str=\"\">Y Velocidad de avance (mm\/min)<\/td>\n<td x_str=\"\" align=\"center\" valign=\"middle\">23.5-1180<\/td>\n<td x_str=\"\" align=\"center\" valign=\"middle\">23.5-1180<\/td>\n<td x_str=\"\" align=\"center\" valign=\"middle\">23.5-1180<\/td>\n<td x_str=\"\" align=\"center\" valign=\"middle\">16 -1180<\/td>\n<\/tr>\n<tr>\n<td x_str=\"\">Z Velocidad de avance (mm\/min)<\/td>\n<td x_str=\"\" align=\"center\" valign=\"middle\">8-394<\/td>\n<td x_str=\"\" align=\"center\" valign=\"middle\">8-394<\/td>\n<td x_str=\"\" align=\"center\" valign=\"middle\">8-394<\/td>\n<td x_str=\"\" align=\"center\" valign=\"middle\">8-450<\/td>\n<\/tr>\n<tr>\n<td x_str=\"\">Potencia del husillo Motor (Kw)<\/td>\n<td x_num=\"7.5\" align=\"center\" valign=\"middle\">7.5<\/td>\n<td x_num=\"7.5\" align=\"center\" valign=\"middle\">7.5<\/td>\n<td x_num=\"11\" align=\"center\" valign=\"middle\">11<\/td>\n<td x_num=\"11\" align=\"center\" valign=\"middle\">11<\/td>\n<\/tr>\n<tr>\n<td x_str=\"\">Motor de alimentaci\u00f3n (Kw)<\/td>\n<td x_num=\"2.2\" align=\"center\" valign=\"middle\">2.2<\/td>\n<td x_num=\"2.2\" align=\"center\" valign=\"middle\">2.2<\/td>\n<td x_num=\"3\" align=\"center\" valign=\"middle\">3<\/td>\n<td x_num=\"3\" align=\"center\" valign=\"middle\">3<\/td>\n<\/tr>\n<tr>\n<td x_str=\"\">Peso de la m\u00e1quina (Kg)<\/td>\n<td x_str=\"\" align=\"center\" valign=\"middle\">2800\/3000<\/td>\n<td x_str=\"\" align=\"center\" valign=\"middle\">2900\/3100<\/td>\n<td x_str=\"\" align=\"center\" valign=\"middle\">4250\/4400\/4500<\/td>\n<td x_str=\"\" align=\"center\" valign=\"middle\">5500\/6000<\/td>\n<\/tr>\n<\/tbody>\n<\/table>\n<p><\/p>\n<table>\n<tbody>\n<tr class=\"firstRow\">\n<td colspan=\"2\" style=\"word-break: break-all;\"><strong>Accesorios est\u00e1ndar<\/strong><\/td>\n<td colspan=\"2\"><strong>Accesorios opcionales<\/strong><\/td>\n<\/tr>\n<tr>\n<td colspan=\"2\">1..Pasador de fresa<\/td>\n<td colspan=\"2\">1.Visualizador para eje XY&nbsp;<\/td>\n<\/tr>\n<tr>\n<td colspan=\"2\">2. Manguito c\u00f3nico morse&nbsp;<\/td>\n<td colspan=\"2\">2.Visualizador para eje XYZ<\/td>\n<\/tr>\n<tr>\n<td colspan=\"2\">3. Empate&nbsp;<\/td>\n<td colspan=\"2\">3.Cabezal divisor<\/td>\n<\/tr>\n<tr>\n<td colspan=\"2\">4. Pistola de aceite<\/td>\n<td colspan=\"2\">4.Mesa de trabajo redonda&nbsp;<\/td>\n<\/tr>\n<tr>\n<td colspan=\"2\">5.Caja de herramientas con herramientas&nbsp;<\/td>\n<td colspan=\"2\">5.Vicio de llanura<\/td>\n<\/tr>\n<tr>\n<td colspan=\"2\" rowspan=\"1\">6.Ajuste del reposapi\u00e9s<\/td>\n<td colspan=\"2\" rowspan=\"1\">6.Tensi\u00f3n\/color personalizables<\/td>\n<\/tr>\n<\/tbody>\n<\/table>\n<p><\/p>\n<p><strong>Empresa y talleres<\/strong><\/p>\n<p>ARIS Machinery es un grupo con 4 f\u00e1bricas. ARIS cuenta con unos 60000 metros cuadrados de taller.<\/p>\n<p><img loading=\"lazy\" decoding=\"async\" src=\"https:\/\/img01.71360.com\/file\/read\/www2\/M00\/17\/64\/rBwBEmQi8-CAcrRhAAf3br41wiI882.jpg\" alt=\"Company &amp; Workshops\" title=\"Empresa y talleres\" width=\"800\" height=\"585\"\/><\/p>\n<p><img loading=\"lazy\" decoding=\"async\" src=\"https:\/\/img01.71360.com\/file\/read\/www2\/M00\/17\/64\/rBwBEmQi8-GAD3UmAAikCZrTqpc510.jpg\" alt=\"Company &amp; Workshops\" title=\"Empresa y talleres\" width=\"800\" height=\"585\"\/><\/p>\n<p><\/p>\n<p><strong>Equipos de producci\u00f3n<\/strong><\/p>\n<p>Las partes principales de nuestras m\u00e1quinas son procesadas por m\u00e1quinas cnc. Tenemos fresadora cnc tipo p\u00f3rtico, centro de mecanizado vertical cnc, rectificadora cnc tipo p\u00f3rtico, cortadora l\u00e1ser cnc, plegadora cnc, cizalla cnc.<\/p>\n<p><img loading=\"lazy\" decoding=\"async\" src=\"https:\/\/img01.71360.com\/file\/read\/www2\/M00\/17\/64\/rBwBEmQi8-KAFzs2AAhn1LhHtcI014.jpg\" alt=\"Production Equipments\" title=\"Equipos de producci\u00f3n\" width=\"800\" height=\"747\"\/><\/p>\n<p><\/p>\n<p><strong>Pruebas e inspecci\u00f3n<\/strong><\/p>\n<p>Todas las m\u00e1quinas se prueban antes del env\u00edo.<\/p>\n<p><img loading=\"lazy\" decoding=\"async\" src=\"https:\/\/img01.71360.com\/file\/read\/www2\/M00\/17\/64\/rBwBEmQi8-CAJ0wlAAny7CMlcDQ619.jpg\" alt=\"Test &amp; Inspection\" title=\"Pruebas e inspecci\u00f3n\" width=\"800\" height=\"945\"\/><\/p>\n<p><\/p>\n<p><strong>Paquete y entrega<\/strong><\/p>\n<p><img loading=\"lazy\" decoding=\"async\" src=\"https:\/\/img01.71360.com\/file\/read\/www2\/M00\/17\/64\/rBwBEmQi8-GAU2DXAATlRMxdXps522.jpg\" alt=\"Package &amp; Delivery\" title=\"Paquete y entrega\" width=\"800\" height=\"330\"\/><\/p>","protected":false},"excerpt":{"rendered":"<p>Construcci\u00f3n robusta y dise\u00f1o resistente.<br \/>Las principales piezas motrices son de acero aleado.<br \/>Las partes relativamente m\u00f3viles entre el cuerpo de la m\u00e1quina y el carril gu\u00eda est\u00e1n tratadas con laminado de PVC.<br \/>Potencia suficiente y amplia gama de velocidades que aprovechan al m\u00e1ximo la eficacia de las herramientas.<br \/>Puede equiparse con herramientas de aleaci\u00f3n dura para fresar a gran velocidad.<br \/>El husillo est\u00e1 equipado con un dispositivo de impulsos para facilitar el ajuste de la velocidad.<br \/>Cabezal de fresado universal, mesa de trabajo redonda, cabezal divisor y DRO son opcionales.<\/p>","protected":false},"featured_media":3002,"comment_status":"closed","ping_status":"open","template":"","meta":{"_acf_changed":false},"product_cat":[63],"product_tag":[],"class_list":["post-3001","product","type-product","status-publish","has-post-thumbnail","hentry","product_cat-universal-vertical-milling-machine"],"acf":[],"_links":{"self":[{"href":"https:\/\/www.arismachinery.com\/es\/wp-json\/wp\/v2\/product\/3001","targetHints":{"allow":["GET"]}}],"collection":[{"href":"https:\/\/www.arismachinery.com\/es\/wp-json\/wp\/v2\/product"}],"about":[{"href":"https:\/\/www.arismachinery.com\/es\/wp-json\/wp\/v2\/types\/product"}],"replies":[{"embeddable":true,"href":"https:\/\/www.arismachinery.com\/es\/wp-json\/wp\/v2\/comments?post=3001"}],"wp:featuredmedia":[{"embeddable":true,"href":"https:\/\/www.arismachinery.com\/es\/wp-json\/wp\/v2\/media\/3002"}],"wp:attachment":[{"href":"https:\/\/www.arismachinery.com\/es\/wp-json\/wp\/v2\/media?parent=3001"}],"wp:term":[{"taxonomy":"product_cat","embeddable":true,"href":"https:\/\/www.arismachinery.com\/es\/wp-json\/wp\/v2\/product_cat?post=3001"},{"taxonomy":"product_tag","embeddable":true,"href":"https:\/\/www.arismachinery.com\/es\/wp-json\/wp\/v2\/product_tag?post=3001"}],"curies":[{"name":"wp","href":"https:\/\/api.w.org\/{rel}","templated":true}]}}