{"id":3037,"date":"2024-03-08T10:45:29","date_gmt":"2024-03-08T02:45:29","guid":{"rendered":"http:\/\/www.arismachinery.com\/product\/vmc850l-cnc-vertical-milling-machine\/"},"modified":"2024-03-08T10:45:29","modified_gmt":"2024-03-08T02:45:29","slug":"vmc850l-cnc-vertical-milling-machine","status":"publish","type":"product","link":"https:\/\/www.arismachinery.com\/es\/product\/vmc850l-cnc-vertical-milling-machine\/","title":{"rendered":"Fresadora vertical CNC VMC850L"},"content":{"rendered":"<p><strong>Caracter\u00edsticas principales:<\/strong><\/p>\n<p>1.  Construcci\u00f3n robusta para un mecanizado eficaz.<\/p>\n<p>2.  Carril lineal HIWIN\/PMI para XYZ, la velocidad de movimiento r\u00e1pido puede alcanzar los 36\/48 m\/min.<\/p>\n<p>3.  Rodamiento NSK de alta precisi\u00f3n precargado para husillos de bolas en los 3 ejes.<\/p>\n<p>4.  Tipo ATC sin brazo (paraguas) (16-20 herramientas) o almac\u00e9n de herramientas manual t\u00e9cnico de 24 estaciones como opci\u00f3n.<\/p>\n<p>5.  La mesa giratoria ( 4 o 5 ejes) como opcional.<\/p>\n<p>6.  Sistema de refrigeraci\u00f3n integrado.<\/p>\n<p>7.  Transportador de virutas y sistema de purga para una evacuaci\u00f3n \u00f3ptima de las virutas.<\/p>\n<p>8.  F\u00e1cil accesibilidad de la mesa de trabajo para facilitar la configuraci\u00f3n y el utillaje.<\/p>\n<p>9.  El espacio de trabajo cerrado garantiza un trabajo seguro y sin contaminaci\u00f3n.<\/p>\n<p>10. Diferentes sistemas operativos opcionales: Siemens, Fanuc, Mitsubishi,GSK,KND,Syntec.<\/p>\n<p style=\"text-align: center;\"><img loading=\"lazy\" decoding=\"async\" src=\"https:\/\/img01.71360.com\/file\/read\/www2\/M00\/0E\/10\/rBwBEmQZgW2APRl5AABI7NR41e8327.jpg\" alt=\"CNC vertical milling machine\" title=\"Fresadora vertical CNC\" width=\"800\" height=\"254\"\/><\/p>\n<table>\n<colgroup>\n<col\/>\n<col\/>\n<col span=\"3\"\/><\/colgroup>\n<tbody>\n<tr class=\"firstRow\">\n<td>Modelo<\/td>\n<td align=\"center\" valign=\"middle\">VMC650L<\/td>\n<td align=\"center\" valign=\"middle\">VMC855L<\/td>\n<td align=\"center\" valign=\"middle\">VMC1160L<\/td>\n<\/tr>\n<tr>\n<td>Tama\u00f1o de la mesa de trabajo (mm)<\/td>\n<td align=\"center\" valign=\"middle\">900*420<\/td>\n<td align=\"center\" valign=\"middle\">1000*550<\/td>\n<td align=\"center\" valign=\"middle\">1200*600<\/td>\n<\/tr>\n<tr>\n<td>Recorrido ( Eje X) (mm)<\/td>\n<td align=\"center\" valign=\"middle\">650<\/td>\n<td align=\"center\" valign=\"middle\">840<\/td>\n<td align=\"center\" valign=\"middle\">1100<\/td>\n<\/tr>\n<tr>\n<td>Recorrido ( Eje Y)(mm)<\/td>\n<td align=\"center\" valign=\"middle\" style=\"word-break: break-all;\">500<\/td>\n<td align=\"center\" valign=\"middle\">550<\/td>\n<td align=\"center\" valign=\"middle\">600<\/td>\n<\/tr>\n<tr>\n<td>Recorrido ( Eje Z)(mm)<\/td>\n<td align=\"center\" valign=\"middle\">500<\/td>\n<td align=\"center\" valign=\"middle\">550<\/td>\n<td align=\"center\" valign=\"middle\">600<\/td>\n<\/tr>\n<tr>\n<td>Diatancia: mesa de trabajo a nariz de husillo(mm)<\/td>\n<td align=\"center\" valign=\"middle\">150-650<\/td>\n<td align=\"center\" valign=\"middle\">140-690<\/td>\n<td align=\"center\" valign=\"middle\">120-720<\/td>\n<\/tr>\n<tr>\n<td>Distancia: husillo a gu\u00eda vertical(mm)<\/td>\n<td align=\"center\" valign=\"middle\">525<\/td>\n<td align=\"center\" valign=\"middle\">614<\/td>\n<td align=\"center\" valign=\"middle\">650<\/td>\n<\/tr>\n<tr>\n<td>Carga m\u00e1x. sobre la mesa de trabajo (kg)<\/td>\n<td align=\"center\" valign=\"middle\">400<\/td>\n<td align=\"center\" valign=\"middle\">600<\/td>\n<td align=\"center\" valign=\"middle\">800<\/td>\n<\/tr>\n<tr>\n<td>Ranura T (mm)<\/td>\n<td align=\"center\" valign=\"middle\">3-18*100<\/td>\n<td align=\"center\" valign=\"middle\">5-18*100<\/td>\n<td align=\"center\" valign=\"middle\">5-18*100<\/td>\n<\/tr>\n<tr>\n<td>Agujero c\u00f3nico del husillo&nbsp;<\/td>\n<td align=\"center\" valign=\"middle\">BT40-\u03a6120<\/td>\n<td align=\"center\" valign=\"middle\">BT40-\u03a6150<\/td>\n<td align=\"center\" valign=\"middle\">BT40-\u03a6150<\/td>\n<\/tr>\n<tr>\n<td>Velocidad del cabezal (r\/min)<\/td>\n<td align=\"center\" valign=\"middle\" rowspan=\"1\" colspan=\"3\">8000 \/ 10000 \/ 12000 \/15000<\/td>\n<\/tr>\n<tr>\n<td>Potencia del cabezal (kw)<\/td>\n<td align=\"center\" valign=\"middle\">5.5\/7.5<\/td>\n<td align=\"center\" valign=\"middle\">7.5\/11<\/td>\n<td align=\"center\" valign=\"middle\">11\/15<\/td>\n<\/tr>\n<tr>\n<td>Potencia(X Y Z) (kw)<\/td>\n<td align=\"center\" valign=\"middle\">1.5\/1.5\/1.5<\/td>\n<td align=\"center\" valign=\"middle\">2.0\/2.0\/3.0<\/td>\n<td align=\"center\" valign=\"middle\">3.0\/3.0\/3.0<\/td>\n<\/tr>\n<tr>\n<td>Velocidad de desplazamiento r\u00e1pido X\/Y\/Z (m\/min)<\/td>\n<td align=\"center\" valign=\"middle\">36\/36\/36<\/td>\n<td align=\"center\" valign=\"middle\">36\/36\/36<\/td>\n<td align=\"center\" valign=\"middle\">36\/36\/36<\/td>\n<\/tr>\n<tr>\n<td>Velocidad de avance (mm\/min)<\/td>\n<td align=\"center\" valign=\"middle\" rowspan=\"1\" colspan=\"3\">20-6000<\/td>\n<\/tr>\n<tr>\n<td>X Y Z Precisi\u00f3n de posicionamiento (mm)<\/td>\n<td align=\"center\" valign=\"middle\" rowspan=\"1\" colspan=\"3\">\u00b10,005 \/ 300 mm<\/td>\n<\/tr>\n<tr>\n<td>X Y Z Precisi\u00f3n de reposicionamiento (mm)<\/td>\n<td align=\"center\" valign=\"middle\" rowspan=\"1\" colspan=\"3\">\u00b10,003 \/ 300 mm<\/td>\n<\/tr>\n<tr>\n<td>Dimensiones (mm)<\/td>\n<td align=\"center\" valign=\"middle\">2300*2200*2600<\/td>\n<td align=\"center\" valign=\"middle\">2700*2150*2600<\/td>\n<td align=\"center\" valign=\"middle\">3400*2800*2800<\/td>\n<\/tr>\n<tr>\n<td>Peso (Kg)<\/td>\n<td align=\"center\" valign=\"middle\">4000<\/td>\n<td align=\"center\" valign=\"middle\">5000<\/td>\n<td align=\"center\" valign=\"middle\">6200<\/td>\n<\/tr>\n<\/tbody>\n<\/table>\n<p><strong>Empresa y talleres<\/strong><\/p>\n<p>ARIS Machinery es un grupo con 4 f\u00e1bricas. ARIS tiene alrededor de 60000 cuadrados<br \/>\ntaller de contadores.<\/p>\n<p style=\"text-align: center;\"><img loading=\"lazy\" decoding=\"async\" src=\"https:\/\/img01.71360.com\/file\/read\/www2\/M00\/0D\/DD\/rBwBEmQZcUOAY-37AAGTcsI6_04807.jpg\" alt=\"Company &amp; Workshops\" title=\"Empresa y talleres\" width=\"800\" height=\"585\"\/><img loading=\"lazy\" decoding=\"async\" src=\"https:\/\/img01.71360.com\/file\/read\/www2\/M00\/0D\/DE\/rBwBEmQZcVmASzD0AAG61qp6Bu8015.jpg\" alt=\"Company &amp; Workshops\" title=\"Empresa y talleres\" width=\"800\" height=\"585\"\/><\/p>\n<p><strong>Equipos de producci\u00f3n<\/strong><\/p>\n<p>Las piezas principales de nuestras m\u00e1quinas son procesadas por m\u00e1quina cnc. Tenemos p\u00f3rtico<br \/>\ntipo cnc fresadora, cnc centro de mecanizado vertical, cnc tipo p\u00f3rtico<br \/>\nrectificadora, cortadora l\u00e1ser cnc, plegadora cnc, cizalla cnc<br \/>\nm\u00e1quina.<\/p>\n<p style=\"text-align: center;\"><img loading=\"lazy\" decoding=\"async\" src=\"https:\/\/img01.71360.com\/file\/read\/www2\/M00\/0D\/DE\/rBwBEmQZcX-ASvxxAAGr-Nzp53k628.jpg\" alt=\"Production Equipments\" title=\"Equipos de producci\u00f3n\" width=\"800\" height=\"747\"\/><\/p>\n<p><strong>Pruebas e inspecci\u00f3n<\/strong><\/p>\n<p>Todas las m\u00e1quinas se prueban antes del env\u00edo.<\/p>\n<p style=\"text-align: center;\"><img loading=\"lazy\" decoding=\"async\" src=\"https:\/\/img01.71360.com\/file\/read\/www2\/M00\/0D\/DE\/rBwBEmQZcaKASkZIAAG3_n20ZTo355.jpg\" alt=\"Test &amp; Inspection\" title=\"Pruebas e inspecci\u00f3n\" width=\"800\" height=\"945\"\/><\/p>\n<p><strong>Paquete y entrega<\/strong><\/p>\n<p style=\"text-align: center;\"><img loading=\"lazy\" decoding=\"async\" src=\"https:\/\/img01.71360.com\/file\/read\/www2\/M00\/0D\/DE\/rBwBEmQZcb-ATHsEAADsvr2pCXM317.jpg\" alt=\"Package &amp; Delivery\" title=\"Paquete y entrega\" width=\"800\" height=\"330\"\/><\/p>\n<h2 style=\"text-wrap: wrap;\">Productos relacionados<br \/><\/h2>\n<p style=\"text-wrap: wrap;\"><strong>Centro de fresado vertical VMC1055L<\/strong><\/p>\n<p style=\"text-wrap: wrap;\"><strong>Fresadora CNC VMC650L<\/strong><\/p>\n<p style=\"text-wrap: wrap;\"><strong>Centro de mecanizado vertical VMC1160L<\/strong><\/p>\n<p style=\"text-wrap: wrap;\"><strong>Fresadora de p\u00f3rtico CNC de 3 ejes<\/strong><\/p>\n<p style=\"text-wrap: wrap;\"><strong>Fresadora de p\u00f3rtico CNC de 4 ejes<\/strong><\/p>\n<p style=\"text-wrap: wrap;\"><strong>Fresadora de p\u00f3rtico CNC de 5 ejes<\/strong><\/p>\n<p style=\"text-wrap: wrap;\"><strong>Fresadora CNC tipo p\u00f3rtico<\/strong><\/p>\n<p><\/p>","protected":false},"excerpt":{"rendered":"<p>Fresadora CNC (tipo est\u00e1ndar)<br \/>Construcci\u00f3n robusta para un mecanizado eficaz.<br \/>Fanuc \/ Siemens \/ Mitsubishi \/ Syntec \/ LNC \/ GSK <br \/>Sistema CNC para poci\u00f3n.<br \/>Modelo est\u00e1ndar 3 ejes, 4\u00ba y 5\u00ba eje para poci\u00f3n.<\/p>","protected":false},"featured_media":3038,"comment_status":"closed","ping_status":"open","template":"","meta":{"_acf_changed":false},"product_cat":[68],"product_tag":[],"class_list":["post-3037","product","type-product","status-publish","has-post-thumbnail","hentry","product_cat-cnc-milling-machine-standard-vmc"],"acf":[],"_links":{"self":[{"href":"https:\/\/www.arismachinery.com\/es\/wp-json\/wp\/v2\/product\/3037","targetHints":{"allow":["GET"]}}],"collection":[{"href":"https:\/\/www.arismachinery.com\/es\/wp-json\/wp\/v2\/product"}],"about":[{"href":"https:\/\/www.arismachinery.com\/es\/wp-json\/wp\/v2\/types\/product"}],"replies":[{"embeddable":true,"href":"https:\/\/www.arismachinery.com\/es\/wp-json\/wp\/v2\/comments?post=3037"}],"wp:featuredmedia":[{"embeddable":true,"href":"https:\/\/www.arismachinery.com\/es\/wp-json\/wp\/v2\/media\/3038"}],"wp:attachment":[{"href":"https:\/\/www.arismachinery.com\/es\/wp-json\/wp\/v2\/media?parent=3037"}],"wp:term":[{"taxonomy":"product_cat","embeddable":true,"href":"https:\/\/www.arismachinery.com\/es\/wp-json\/wp\/v2\/product_cat?post=3037"},{"taxonomy":"product_tag","embeddable":true,"href":"https:\/\/www.arismachinery.com\/es\/wp-json\/wp\/v2\/product_tag?post=3037"}],"curies":[{"name":"wp","href":"https:\/\/api.w.org\/{rel}","templated":true}]}}