{"id":3044,"date":"2024-03-08T10:45:29","date_gmt":"2024-03-08T02:45:29","guid":{"rendered":"http:\/\/www.arismachinery.com\/product\/4-axis-cnc-gantry-milling-machine\/"},"modified":"2024-03-08T10:45:37","modified_gmt":"2024-03-08T02:45:37","slug":"4-axis-cnc-gantry-milling-machine","status":"publish","type":"product","link":"https:\/\/www.arismachinery.com\/es\/product\/4-axis-cnc-gantry-milling-machine\/","title":{"rendered":"Fresadora de p\u00f3rtico CNC de 4 ejes"},"content":{"rendered":"<p><strong>Caracter\u00edsticas principales:<\/strong><\/p>\n<p>1.Bed, columns and travel tracks form a solid frame structure for high rigidity under hard machining conditions.<\/p>\n<p>2.The oversized column combined with box type beam construction features additional machine rigidity.<\/p>\n<p>3.The slant beam construction with increased slide way surfaces efficiently upgrades force distribution area.<\/p>\n<p>4.The spindle head is located at the center of beam, providing high movement accuracy, superior heavy cutting capability.&nbsp;<\/p>\n<p>5.&nbsp;Equipped with spindle motor ball screw and double counter-balance cylinders are all properly located at the best positions.<\/p>\n<p>6.Taiwan HIWIN linear rail for all XYZ axis.<\/p>\n<p>7.Different Operating system as optional: &nbsp;FANUC, SIEMENS, GSK, LNC, SYNTEC.<\/p>\n<p><\/p>\n<p><strong>Par\u00e1metros t\u00e9cnicos:<\/strong><\/p>\n<table>\n<tbody>\n<tr class=\"firstRow\">\n<td x_str=\"\">Modelo<\/td>\n<td x_str=\"\" align=\"center\" valign=\"middle\">GMC3016<\/td>\n<td x_str=\"\" align=\"center\" valign=\"middle\">GMC3020<\/td>\n<td x_str=\"\" align=\"center\" valign=\"middle\">GMC4016<\/td>\n<td x_str=\"\" align=\"center\" valign=\"middle\">GMC4020<\/td>\n<\/tr>\n<tr>\n<td x_str=\"\">Recorrido ( Eje X) (mm)<\/td>\n<td x_num=\"3200\" align=\"center\" valign=\"middle\">3200<\/td>\n<td x_num=\"3200\" align=\"center\" valign=\"middle\">3200<\/td>\n<td x_num=\"4200\" align=\"center\" valign=\"middle\">4200<\/td>\n<td x_num=\"4200\" align=\"center\" valign=\"middle\">4200<\/td>\n<\/tr>\n<tr>\n<td x_str=\"\">Recorrido ( Eje Y)(mm)<\/td>\n<td x_num=\"2000\" align=\"center\" valign=\"middle\">2000<\/td>\n<td x_num=\"2600\" align=\"center\" valign=\"middle\">2600<\/td>\n<td x_num=\"2000\" align=\"center\" valign=\"middle\">2000<\/td>\n<td x_num=\"2600\" align=\"center\" valign=\"middle\">2600<\/td>\n<\/tr>\n<tr>\n<td x_str=\"\">Recorrido ( Eje Z)(mm)<\/td>\n<td x_num=\"1000\" align=\"center\" valign=\"middle\">1000<\/td>\n<td x_num=\"1000\" align=\"center\" valign=\"middle\">1000<\/td>\n<td x_num=\"1000\" align=\"center\" valign=\"middle\">1000<\/td>\n<td x_num=\"1000\" align=\"center\" valign=\"middle\">1000<\/td>\n<\/tr>\n<tr>\n<td x_str=\"\">Diatance: working table to &nbsp;spindle nose(mm)<\/td>\n<td x_str=\"\" align=\"center\" valign=\"middle\">150-1150<\/td>\n<td x_str=\"\" align=\"center\" valign=\"middle\">150-1150<\/td>\n<td x_str=\"\" align=\"center\" valign=\"middle\">200-1200<\/td>\n<td x_str=\"\" align=\"center\" valign=\"middle\">200-1200<\/td>\n<\/tr>\n<tr>\n<td x_str=\"\">Effective width of gantry (mm)<\/td>\n<td x_num=\"2000\" align=\"center\" valign=\"middle\">2000<\/td>\n<td x_num=\"2600\" align=\"center\" valign=\"middle\">2600<\/td>\n<td x_num=\"2000\" align=\"center\" valign=\"middle\">2000<\/td>\n<td x_num=\"2600\" align=\"center\" valign=\"middle\">2600<\/td>\n<\/tr>\n<tr>\n<td x_str=\"\">Tama\u00f1o de la mesa de trabajo (mm)<\/td>\n<td x_str=\"\" align=\"center\" valign=\"middle\">3000*1600<\/td>\n<td x_str=\"\" align=\"center\" valign=\"middle\">3000*2000<\/td>\n<td x_str=\"\" align=\"center\" valign=\"middle\">4000*1600<\/td>\n<td x_str=\"\" align=\"center\" valign=\"middle\">4000*2000<\/td>\n<\/tr>\n<tr>\n<td x_str=\"\">Max. load on table(Kg)<\/td>\n<td x_num=\"10000\" align=\"center\" valign=\"middle\">10000<\/td>\n<td x_num=\"12000\" align=\"center\" valign=\"middle\">12000<\/td>\n<td x_num=\"15000\" align=\"center\" valign=\"middle\">15000<\/td>\n<td x_num=\"16000\" align=\"center\" valign=\"middle\">16000<\/td>\n<\/tr>\n<tr>\n<td x_str=\"\">T-slot &nbsp;(mm)<\/td>\n<td x_str=\"\" align=\"center\" valign=\"middle\">9-22*180<\/td>\n<td x_str=\"\" align=\"center\" valign=\"middle\">9-22*200<\/td>\n<td x_str=\"\" align=\"center\" valign=\"middle\">9-22*180<\/td>\n<td x_str=\"\" align=\"center\" valign=\"middle\">9-22*200<\/td>\n<\/tr>\n<tr>\n<td x_str=\"\">Spindle<\/td>\n<td x_str=\"\" align=\"center\" valign=\"middle\">BT50\/190<\/td>\n<td x_str=\"\" align=\"center\" valign=\"middle\">BT50\/190<\/td>\n<td x_str=\"\" align=\"center\" valign=\"middle\">BT50\/190<\/td>\n<td x_str=\"\" align=\"center\" valign=\"middle\">BT50\/190<\/td>\n<\/tr>\n<tr>\n<td x_str=\"\">Spindle speed (rpm) &nbsp;( Standard)<\/td>\n<td x_num=\"6000\" align=\"center\" valign=\"middle\">6000<\/td>\n<td x_num=\"6000\" align=\"center\" valign=\"middle\">6000<\/td>\n<td x_num=\"6000\" align=\"center\" valign=\"middle\">6000<\/td>\n<td x_num=\"6000\" align=\"center\" valign=\"middle\">6000<\/td>\n<\/tr>\n<tr>\n<td x_str=\"\">Spindle power (Kw)<\/td>\n<td x_str=\"\" align=\"center\" valign=\"middle\">15\/18.5<\/td>\n<td x_str=\"\" align=\"center\" valign=\"middle\">15\/18.5<\/td>\n<td x_str=\"\" align=\"center\" valign=\"middle\">22\/26<\/td>\n<td x_str=\"\" align=\"center\" valign=\"middle\">22\/26<\/td>\n<\/tr>\n<tr>\n<td x_str=\"\">Spindle torque (N.M)<\/td>\n<td x_num=\"143\" align=\"center\" valign=\"middle\">143<\/td>\n<td x_num=\"143\" align=\"center\" valign=\"middle\">143<\/td>\n<td x_num=\"140\" align=\"center\" valign=\"middle\">140<\/td>\n<td x_num=\"140\" align=\"center\" valign=\"middle\">140<\/td>\n<\/tr>\n<tr>\n<td x_str=\"\">X Y Z servo motor torque(N.M)<\/td>\n<td x_str=\"\" align=\"center\" valign=\"middle\">36\/36\/36<\/td>\n<td x_str=\"\" align=\"center\" valign=\"middle\">36\/36\/36<\/td>\n<td x_str=\"\" align=\"center\" valign=\"middle\">38\/30\/30<\/td>\n<td x_str=\"\" align=\"center\" valign=\"middle\">38\/30\/30<\/td>\n<\/tr>\n<tr>\n<td x_str=\"\">XYZ rapid moving speed X\/Y\/Z (m\/min)<\/td>\n<td x_num=\"40459\" align=\"center\" valign=\"middle\">2010\/10\/8<\/td>\n<td x_num=\"40459\" align=\"center\" valign=\"middle\">2010\/10\/8<\/td>\n<td x_num=\"40459\" align=\"center\" valign=\"middle\">2010\/10\/8<\/td>\n<td x_num=\"40459\" align=\"center\" valign=\"middle\">2010\/10\/8<\/td>\n<\/tr>\n<tr>\n<td x_str=\"\">Max. feeding speed (mm\/min)<\/td>\n<td x_num=\"5000\" align=\"center\" valign=\"middle\">5000<\/td>\n<td x_num=\"5000\" align=\"center\" valign=\"middle\">5000<\/td>\n<td x_num=\"5000\" align=\"center\" valign=\"middle\">5000<\/td>\n<td x_num=\"5000\" align=\"center\" valign=\"middle\">5000<\/td>\n<\/tr>\n<tr>\n<td x_str=\"\">Tool Magazine &nbsp;\uff08&nbsp;optional\uff09&nbsp;<\/td>\n<td x_str=\"\" align=\"center\" valign=\"middle\">without<\/td>\n<td x_str=\"\" align=\"center\" valign=\"middle\">without<\/td>\n<td x_str=\"\" align=\"center\" valign=\"middle\">without<\/td>\n<td x_str=\"\" align=\"center\" valign=\"middle\">without<\/td>\n<\/tr>\n<tr>\n<td x_str=\"\">XYZ guide rail<\/td>\n<td x_str=\"\" align=\"center\" valign=\"middle\">Taiwan Linear rail<\/td>\n<td x_str=\"\" align=\"center\" valign=\"middle\">Taiwan Linear rail<\/td>\n<td x_str=\"\" align=\"center\" valign=\"middle\">Taiwan Linear rail<\/td>\n<td x_str=\"\" align=\"center\" valign=\"middle\">Taiwan Linear rail<\/td>\n<\/tr>\n<tr>\n<td x_str=\"\">X Y Z Precisi\u00f3n de posicionamiento (mm)<\/td>\n<td x_num=\"0.03\" align=\"center\" valign=\"middle\">0.03<\/td>\n<td x_num=\"0.03\" align=\"center\" valign=\"middle\">0.03<\/td>\n<td x_num=\"0.03\" align=\"center\" valign=\"middle\">0.03<\/td>\n<td x_num=\"0.03\" align=\"center\" valign=\"middle\">0.03<\/td>\n<\/tr>\n<tr>\n<td x_str=\"\">X Y Z Precisi\u00f3n de reposicionamiento (mm)<\/td>\n<td x_num=\"0.015\" align=\"center\" valign=\"middle\">0.015<\/td>\n<td x_num=\"0.015\" align=\"center\" valign=\"middle\">0.015<\/td>\n<td x_num=\"0.015\" align=\"center\" valign=\"middle\">0.015<\/td>\n<td x_num=\"0.015\" align=\"center\" valign=\"middle\">0.015<\/td>\n<\/tr>\n<tr>\n<td x_str=\"\">Dimensiones (mm)<\/td>\n<td x_str=\"\" align=\"center\" valign=\"middle\">8300\u00d73800\u00d74600<\/td>\n<td x_str=\"\" align=\"center\" valign=\"middle\">8500\u00d74700\u00d74600<\/td>\n<td x_str=\"\" align=\"center\" valign=\"middle\">11000x3800x4800<\/td>\n<td x_str=\"\" align=\"center\" valign=\"middle\">11000x4700x4800<\/td>\n<\/tr>\n<tr>\n<td x_str=\"\">Peso (Kg)<\/td>\n<td x_num=\"32000\" align=\"center\" valign=\"middle\">32000<\/td>\n<td x_num=\"36000\" align=\"center\" valign=\"middle\">36000<\/td>\n<td x_num=\"40000\" align=\"center\" valign=\"middle\">40000<\/td>\n<td x_num=\"45000\" align=\"center\" valign=\"middle\">45000<\/td>\n<\/tr>\n<\/tbody>\n<\/table>\n<p><\/p>\n<p><strong>Empresa y talleres<\/strong><\/p>\n<p>ARIS Machinery es un grupo con 4 f\u00e1bricas. ARIS cuenta con unos 60000 metros cuadrados de taller.<\/p>\n<p><img loading=\"lazy\" decoding=\"async\" src=\"https:\/\/img01.71360.com\/file\/read\/www2\/M00\/17\/64\/rBwBEmQi8-CAcrRhAAf3br41wiI882.jpg\" alt=\"Company &amp; Workshops\" title=\"Empresa y talleres\" width=\"800\" height=\"585\"\/><\/p>\n<p><img loading=\"lazy\" decoding=\"async\" src=\"https:\/\/img01.71360.com\/file\/read\/www2\/M00\/17\/64\/rBwBEmQi8-GAD3UmAAikCZrTqpc510.jpg\" alt=\"Company &amp; Workshops\" title=\"Empresa y talleres\" width=\"800\" height=\"585\"\/><\/p>\n<p><\/p>\n<p><strong>Equipos de producci\u00f3n<\/strong><\/p>\n<p>Las partes principales de nuestras m\u00e1quinas son procesadas por m\u00e1quinas cnc. Tenemos fresadora cnc tipo p\u00f3rtico, centro de mecanizado vertical cnc, rectificadora cnc tipo p\u00f3rtico, cortadora l\u00e1ser cnc, plegadora cnc, cizalla cnc.<\/p>\n<p><img loading=\"lazy\" decoding=\"async\" src=\"https:\/\/img01.71360.com\/file\/read\/www2\/M00\/17\/64\/rBwBEmQi8-KAFzs2AAhn1LhHtcI014.jpg\" alt=\"Production Equipments\" title=\"Equipos de producci\u00f3n\" width=\"800\" height=\"747\"\/><\/p>\n<p><\/p>\n<p><strong>Pruebas e inspecci\u00f3n<\/strong><\/p>\n<p>Todas las m\u00e1quinas se prueban antes del env\u00edo.<\/p>\n<p><img loading=\"lazy\" decoding=\"async\" src=\"https:\/\/img01.71360.com\/file\/read\/www2\/M00\/17\/64\/rBwBEmQi8-CAJ0wlAAny7CMlcDQ619.jpg\" alt=\"Test &amp; Inspection\" title=\"Pruebas e inspecci\u00f3n\" width=\"800\" height=\"945\"\/><\/p>\n<p><\/p>\n<p><strong>Paquete y entrega<\/strong><\/p>\n<p><img loading=\"lazy\" decoding=\"async\" src=\"https:\/\/img01.71360.com\/file\/read\/www2\/M00\/17\/64\/rBwBEmQi8-GAU2DXAATlRMxdXps522.jpg\" alt=\"Package &amp; Delivery\" title=\"Paquete y entrega\" width=\"800\" height=\"330\"\/><\/p>\n<h2 style=\"text-wrap: wrap;\">Productos relacionados<br \/><\/h2>\n<p style=\"text-wrap: wrap;\"><strong>Centro de fresado vertical VMC1055L<\/strong><\/p>\n<p style=\"text-wrap: wrap;\"><strong>Fresadora CNC VMC650L<\/strong><\/p>\n<p style=\"text-wrap: wrap;\"><strong>Fresadora vertical CNC VMC850L<\/strong><\/p>\n<p style=\"text-wrap: wrap;\"><strong>Centro de mecanizado vertical VMC1160L<\/strong><\/p>\n<p style=\"text-wrap: wrap;\"><strong>Fresadora de p\u00f3rtico CNC de 3 ejes<\/strong><\/p>\n<p style=\"text-wrap: wrap;\"><strong>Fresadora de p\u00f3rtico CNC de 5 ejes<\/strong><\/p>\n<p style=\"text-wrap: wrap;\"><strong>Fresadora CNC tipo p\u00f3rtico<\/strong><\/p>\n<p><\/p>","protected":false},"excerpt":{"rendered":"<p>Bed, columns and travel tracks form a solid frame structure for high rigidity under hard machining conditions. <br \/>Taiwan HIWIN linear rail for all XYZ axis. <br \/>Different Operating system as optional:  FANUC, SIEMENS, GSK, LNC, SYNTEC.<\/p>","protected":false},"featured_media":3045,"comment_status":"closed","ping_status":"open","template":"","meta":{"_acf_changed":false},"product_cat":[59],"product_tag":[],"class_list":["post-3044","product","type-product","status-publish","has-post-thumbnail","hentry","product_cat-cnc-milling-machine-gantry-type"],"acf":[],"_links":{"self":[{"href":"https:\/\/www.arismachinery.com\/es\/wp-json\/wp\/v2\/product\/3044","targetHints":{"allow":["GET"]}}],"collection":[{"href":"https:\/\/www.arismachinery.com\/es\/wp-json\/wp\/v2\/product"}],"about":[{"href":"https:\/\/www.arismachinery.com\/es\/wp-json\/wp\/v2\/types\/product"}],"replies":[{"embeddable":true,"href":"https:\/\/www.arismachinery.com\/es\/wp-json\/wp\/v2\/comments?post=3044"}],"wp:featuredmedia":[{"embeddable":true,"href":"https:\/\/www.arismachinery.com\/es\/wp-json\/wp\/v2\/media\/3045"}],"wp:attachment":[{"href":"https:\/\/www.arismachinery.com\/es\/wp-json\/wp\/v2\/media?parent=3044"}],"wp:term":[{"taxonomy":"product_cat","embeddable":true,"href":"https:\/\/www.arismachinery.com\/es\/wp-json\/wp\/v2\/product_cat?post=3044"},{"taxonomy":"product_tag","embeddable":true,"href":"https:\/\/www.arismachinery.com\/es\/wp-json\/wp\/v2\/product_tag?post=3044"}],"curies":[{"name":"wp","href":"https:\/\/api.w.org\/{rel}","templated":true}]}}