{"id":3080,"date":"2024-03-08T10:45:29","date_gmt":"2024-03-08T02:45:29","guid":{"rendered":"http:\/\/www.arismachinery.com\/product\/dk7720-dk7725-small-edm-wire-cut-machine\/"},"modified":"2024-04-25T19:50:38","modified_gmt":"2024-04-25T11:50:38","slug":"dk7720-dk7725-small-edm-wire-cut-machine","status":"publish","type":"product","link":"https:\/\/www.arismachinery.com\/es\/product\/dk7720-dk7725-small-edm-wire-cut-machine\/","title":{"rendered":"DK7720 DK7725 M\u00e1quina de corte por hilo de electroerosi\u00f3n peque\u00f1a"},"content":{"rendered":"<p><strong>Par\u00e1metros t\u00e9cnicos:<\/strong><\/p>\n<table>\n<colgroup>\n<col \/>\n<col \/><\/colgroup>\n<tbody>\n<tr class=\"firstRow\">\n<td align=\"left\" valign=\"middle\">Modelo<\/td>\n<td align=\"center\" valign=\"middle\">DK7720<\/td>\n<td align=\"center\" valign=\"middle\">DK7725<\/td>\n<td align=\"center\" valign=\"middle\">DK7735<\/td>\n<td align=\"center\" valign=\"middle\">DK7745<\/td>\n<\/tr>\n<tr>\n<td align=\"left\" valign=\"middle\">Table size (mm)<\/td>\n<td align=\"center\" valign=\"middle\">490*380<\/td>\n<td align=\"center\" valign=\"middle\">580*400<\/td>\n<td align=\"center\" valign=\"middle\">740*470<\/td>\n<td align=\"center\" valign=\"middle\">830*570<\/td>\n<\/tr>\n<tr>\n<td align=\"left\" valign=\"middle\">X*Y travel (mm)<\/td>\n<td align=\"center\" valign=\"middle\">250*200<\/td>\n<td align=\"center\" valign=\"middle\">320*250<\/td>\n<td align=\"center\" valign=\"middle\">450*350<\/td>\n<td align=\"center\" valign=\"middle\">550*450<\/td>\n<\/tr>\n<tr>\n<td align=\"left\" valign=\"middle\">Max. Z\u00a0 travel (mm)<\/td>\n<td align=\"center\" valign=\"middle\">200<\/td>\n<td align=\"center\" valign=\"middle\">250<\/td>\n<td align=\"center\" valign=\"middle\">400<\/td>\n<td align=\"center\" valign=\"middle\">500<\/td>\n<\/tr>\n<tr>\n<td align=\"left\" valign=\"middle\">Max. workpiece weight (kg)<\/td>\n<td style=\"word-break: break-all;\" align=\"center\" valign=\"middle\">200<\/td>\n<td align=\"center\" valign=\"middle\">250<\/td>\n<td align=\"center\" valign=\"middle\">350<\/td>\n<td align=\"center\" valign=\"middle\">450<\/td>\n<\/tr>\n<tr>\n<td align=\"left\" valign=\"middle\">Cutting speed (mm2\/min)<\/td>\n<td colspan=\"4\" rowspan=\"1\" align=\"center\" valign=\"middle\">Standard cutting speed:110-120,\u00a0\u00a0\u00a0 Max. cutting\u00a0 speed: 160-180<\/td>\n<\/tr>\n<tr>\n<td align=\"left\" valign=\"middle\">Dimension L*W*H (mm)<\/td>\n<td align=\"center\" valign=\"middle\">1200*900*1300<\/td>\n<td align=\"center\" valign=\"middle\">1300*1100*1500<\/td>\n<td align=\"center\" valign=\"middle\">1500*1200*1650<\/td>\n<td align=\"center\" valign=\"middle\">1700*1350*1700<\/td>\n<\/tr>\n<tr>\n<td align=\"left\" valign=\"middle\">Net weight (kg)<\/td>\n<td align=\"center\" valign=\"middle\">750<\/td>\n<td align=\"center\" valign=\"middle\">900<\/td>\n<td align=\"center\" valign=\"middle\">1100<\/td>\n<td align=\"center\" valign=\"middle\">1250<\/td>\n<\/tr>\n<\/tbody>\n<\/table>\n<p><strong>Caracter\u00edsticas principales:<\/strong><\/p>\n<p>Roller for X\/Y axis, also called hard rail ( V rail);<\/p>\n<p>With \u00b13\u00b0 taper as standard, \u00b115\u00b0, \u00b130\u00b0, \u00b145\u00b0 as option;<\/p>\n<p>Accuracy: \u00b10.01\/300mm;<\/p>\n<p>Roughness: Ra 1.0-2.5 \u00b5m;<\/p>\n<p>Low consumption, material saving.<\/p>\n<p>Different controller and different software:<\/p>\n<p>a) High speed single cutt controller;<\/p>\n<p>b) Multi-cut controller ( which improve the accuracy and finish);<\/p>\n<p>Software: AUTOCUT, X8, HL, HF.<\/p>\n<p>All kinds of voltage: 220\/380\/415\/440V<\/p>\n<p style=\"text-align: center;\"><img loading=\"lazy\" decoding=\"async\" title=\"M\u00e1quina de corte por hilo EDM\" src=\"https:\/\/img01.71360.com\/file\/read\/www2\/M00\/0D\/DD\/rBwBEmQZcQGAa8bDAABljqibBN8872.jpg\" alt=\"EDM wire cut machine\" width=\"800\" height=\"320\" \/><img loading=\"lazy\" decoding=\"async\" title=\"M\u00e1quina de corte por hilo EDM\" src=\"https:\/\/img01.71360.com\/file\/read\/www2\/M00\/0D\/DD\/rBwBEmQZcQCAXdNdAADquD_gQE0506.jpg\" alt=\"EDM wire cut machine\" width=\"800\" height=\"741\" \/><img loading=\"lazy\" decoding=\"async\" title=\"M\u00e1quina de corte por hilo EDM\" src=\"https:\/\/img01.71360.com\/file\/read\/www2\/M00\/0D\/DD\/rBwBEmQZcP-AZLCbAAA96hGvuDg922.jpg\" alt=\"EDM wire cut machine\" width=\"800\" height=\"593\" \/><\/p>\n<p>&nbsp;<\/p>\n<p><strong>Empresa y talleres<\/strong><\/p>\n<p>ARIS Machinery es un grupo con 4 f\u00e1bricas. ARIS cuenta con unos 60000 metros cuadrados de taller.<\/p>\n<p><img loading=\"lazy\" decoding=\"async\" title=\"M\u00e1quina de corte por hilo EDM\" src=\"https:\/\/img01.71360.com\/file\/read\/www2\/M00\/0D\/DD\/rBwBEmQZcUOAY-37AAGTcsI6_04807.jpg?ct=webp\" alt=\"EDM wire cut machine\" width=\"800\" height=\"585\" \/><img loading=\"lazy\" decoding=\"async\" title=\"M\u00e1quina de corte por hilo EDM\" src=\"https:\/\/img01.71360.com\/file\/read\/www2\/M00\/0D\/DE\/rBwBEmQZcVmASzD0AAG61qp6Bu8015.jpg?ct=webp\" alt=\"EDM wire cut machine\" width=\"800\" height=\"585\" \/><\/p>\n<p><strong>Equipos de producci\u00f3n<\/strong><\/p>\n<p>Las partes principales de nuestras m\u00e1quinas son procesadas por m\u00e1quinas cnc. Tenemos fresadora cnc tipo p\u00f3rtico, centro de mecanizado vertical cnc, rectificadora cnc tipo p\u00f3rtico, cortadora l\u00e1ser cnc, plegadora cnc, cizalla cnc.<\/p>\n<p><img loading=\"lazy\" decoding=\"async\" title=\"M\u00e1quina de corte por hilo EDM\" src=\"https:\/\/img01.71360.com\/file\/read\/www2\/M00\/0D\/DE\/rBwBEmQZcX-ASvxxAAGr-Nzp53k628.jpg?ct=webp\" alt=\"EDM wire cut machine\" width=\"800\" height=\"747\" \/><\/p>\n<p><strong>Pruebas e inspecci\u00f3n<\/strong><\/p>\n<p>Todas las m\u00e1quinas se prueban antes del env\u00edo.<\/p>\n<p><img loading=\"lazy\" decoding=\"async\" title=\"M\u00e1quina de corte por hilo EDM\" src=\"https:\/\/img01.71360.com\/file\/read\/www2\/M00\/0D\/DE\/rBwBEmQZcaKASkZIAAG3_n20ZTo355.jpg?ct=webp\" alt=\"EDM wire cut machine\" width=\"800\" height=\"945\" \/><\/p>\n<p><strong>Paquete y entrega<\/strong><\/p>\n<p><img loading=\"lazy\" decoding=\"async\" title=\"M\u00e1quina de corte por hilo EDM\" src=\"https:\/\/img01.71360.com\/file\/read\/www2\/M00\/0D\/DE\/rBwBEmQZcb-ATHsEAADsvr2pCXM317.jpg?ct=webp\" alt=\"EDM wire cut machine\" width=\"800\" height=\"330\" \/><\/p>","protected":false},"excerpt":{"rendered":"<p>Economic high speed edm wire cut machine.<\/p>\n<p>Caracter\u00edsticas principales:<\/p>\n<p>Roller for X\/Y axis, also called hard rail ( V rail);<\/p>\n<p>With \u00b13\u00b0 taper as standard, \u00b115\u00b0, \u00b130\u00b0, \u00b145\u00b0 as option;<\/p>\n<p>Accuracy: \u00b10.01\/300mm;<\/p>\n<p>Roughness: Ra 1.0-2.5 \u00b5m;<\/p>\n<p>Low consumption, material saving.<\/p>","protected":false},"featured_media":3081,"comment_status":"closed","ping_status":"closed","template":"","meta":{"_acf_changed":false},"product_cat":[72],"product_tag":[],"class_list":["post-3080","product","type-product","status-publish","has-post-thumbnail","hentry","product_cat-edm-wire-cut-machine-dk-type"],"acf":[],"_links":{"self":[{"href":"https:\/\/www.arismachinery.com\/es\/wp-json\/wp\/v2\/product\/3080","targetHints":{"allow":["GET"]}}],"collection":[{"href":"https:\/\/www.arismachinery.com\/es\/wp-json\/wp\/v2\/product"}],"about":[{"href":"https:\/\/www.arismachinery.com\/es\/wp-json\/wp\/v2\/types\/product"}],"replies":[{"embeddable":true,"href":"https:\/\/www.arismachinery.com\/es\/wp-json\/wp\/v2\/comments?post=3080"}],"wp:featuredmedia":[{"embeddable":true,"href":"https:\/\/www.arismachinery.com\/es\/wp-json\/wp\/v2\/media\/3081"}],"wp:attachment":[{"href":"https:\/\/www.arismachinery.com\/es\/wp-json\/wp\/v2\/media?parent=3080"}],"wp:term":[{"taxonomy":"product_cat","embeddable":true,"href":"https:\/\/www.arismachinery.com\/es\/wp-json\/wp\/v2\/product_cat?post=3080"},{"taxonomy":"product_tag","embeddable":true,"href":"https:\/\/www.arismachinery.com\/es\/wp-json\/wp\/v2\/product_tag?post=3080"}],"curies":[{"name":"wp","href":"https:\/\/api.w.org\/{rel}","templated":true}]}}