{"id":3098,"date":"2024-03-08T10:46:04","date_gmt":"2024-03-08T02:46:04","guid":{"rendered":"http:\/\/www.arismachinery.com\/product\/bf350c-bf450c-heavy-dudy-high-precision-edm-wire-cut-machine\/"},"modified":"2024-04-15T19:44:26","modified_gmt":"2024-04-15T11:44:26","slug":"bf350c-bf450c-heavy-dudy-high-precision-edm-wire-cut-machine","status":"publish","type":"product","link":"https:\/\/www.arismachinery.com\/es\/product\/bf350c-bf450c-heavy-dudy-high-precision-edm-wire-cut-machine\/","title":{"rendered":"AS350C AS450C Heavy Dudy Alta Precisi\u00f3n Edm M\u00e1quina de corte de alambre"},"content":{"rendered":"<div class=\"detail_specfic_panel_item\">\n<p>M\u00e1quina de corte por hilo EDM multicorte (tipo C)<\/p>\n<p>Bastidor robusto con m\u00e1stil en \"C\".<\/p>\n<p>Con gu\u00eda de diamante regulable en altura.<\/p>\n<p>Trabajo en cuatro ejes independientes (X\/Y\/U\/V);<\/p>\n<p>Gu\u00eda lineal Taiwan, Grado P o H, Husillo a bolas. C2 o C3.<\/p>\n<p>Mecanismo de tensi\u00f3n especial para alambre de molibdeno, mantiene el corte estable.<\/p>\n<p>El motor paso a paso es est\u00e1ndar, el servomotor es opcional.<\/p>\n<p>La tolerancia puede mantenerse en 0,005mm, Rugosidad Ra 0,8.<\/p>\n<p><strong>Par\u00e1metros t\u00e9cnicos:<\/strong><\/p>\n<div style=\"overflow: auto;\">\n<table>\n<colgroup>\n<col \/>\n<col span=\"4\" \/><\/colgroup>\n<tbody>\n<tr class=\"firstRow\">\n<td>Modelo<\/td>\n<td align=\"center\" valign=\"middle\">AS320C<\/td>\n<td align=\"center\" valign=\"middle\">AS350C<\/td>\n<td align=\"center\" valign=\"middle\">AS400C<\/td>\n<td align=\"center\" valign=\"middle\">AS450C<\/td>\n<\/tr>\n<tr>\n<td>Tama\u00f1o de la mesa de trabajo (mm)<\/td>\n<td align=\"center\" valign=\"middle\">500\u00d7720<\/td>\n<td align=\"center\" valign=\"middle\">550*780<\/td>\n<td align=\"center\" valign=\"middle\">580\u00d7820<\/td>\n<td align=\"center\" valign=\"middle\">650*880<\/td>\n<\/tr>\n<tr>\n<td>Recorrido de la mesa (X\/Y) (mm)<\/td>\n<td align=\"center\" valign=\"middle\">320\u00d7400<\/td>\n<td align=\"center\" valign=\"middle\">350\u00d7450<\/td>\n<td align=\"center\" valign=\"middle\">400\u00d7500<\/td>\n<td align=\"center\" valign=\"middle\">450\u00d7550<\/td>\n<\/tr>\n<tr>\n<td>Espesor m\u00e1x. de corte (mm)<\/td>\n<td align=\"center\" valign=\"middle\">400<\/td>\n<td align=\"center\" valign=\"middle\">300<\/td>\n<td align=\"center\" valign=\"middle\">400<\/td>\n<td align=\"center\" valign=\"middle\">300<\/td>\n<\/tr>\n<tr>\n<td>Carga m\u00e1x. sobre la mesa de trabajo (KG)<\/td>\n<td align=\"center\" valign=\"middle\">400<\/td>\n<td align=\"center\" valign=\"middle\">500<\/td>\n<td align=\"center\" valign=\"middle\">600<\/td>\n<td align=\"center\" valign=\"middle\">800<\/td>\n<\/tr>\n<tr>\n<td>Recorrido (U\/V) (mm)<\/td>\n<td style=\"word-break: break-all;\" colspan=\"4\" align=\"center\" valign=\"middle\">24\u00d724 (\u00b13\u00b0) ( opcional: 30\u00d730 75\u00d775 135\u00d7135)<\/td>\n<\/tr>\n<tr>\n<td>Di\u00e1metro del cable (mm)<\/td>\n<td colspan=\"4\" align=\"center\" valign=\"middle\">(Alambre de molibdeno) \u03c60,10\uff5e0,22 \uff08 especial 0,25, 0,30mm)<\/td>\n<\/tr>\n<tr>\n<td>Velocidad del hilo (m\/seg)<\/td>\n<td colspan=\"4\" align=\"center\" valign=\"middle\">2.0-11.0<\/td>\n<\/tr>\n<tr>\n<td>Velocidad m\u00e1x. de corte (mm2\/min)<\/td>\n<td colspan=\"4\" align=\"center\" valign=\"middle\">160-180<\/td>\n<\/tr>\n<tr>\n<td>\u00c1ngulo de corte m\u00e1x.<\/td>\n<td colspan=\"4\" align=\"center\" valign=\"middle\">\u00b13\u00b0\/80mm ( \u00b16\u00b0 \u00b115\u00b0 \u00b130\u00b0grado es opcional)<\/td>\n<\/tr>\n<tr>\n<td>Precisi\u00f3n del proceso (mm)<\/td>\n<td colspan=\"4\" align=\"center\" valign=\"middle\">(Corte m\u00faltiple): 10\u00d710\u00d730(Cuadrado)\u22640,008; (Corte \u00fanico)\u22640,012;<\/p>\n<p>(Multicorte)(Oct\u00e1gono)\u22640,01; (Rectitud)\u22640,008\/50mm;<\/td>\n<\/tr>\n<tr>\n<td>Rugosidad (Ra.um)<\/td>\n<td colspan=\"4\" align=\"center\" valign=\"middle\">Corte m\u00faltiple):Ra\u22640,8, Corte \u00fanico):Ra\u22642,0<\/td>\n<\/tr>\n<tr>\n<td>Motor de accionamiento<\/td>\n<td colspan=\"4\" align=\"center\" valign=\"middle\">Motor paso a paso \/ servomotor de CA* (Opcional)<\/td>\n<\/tr>\n<tr>\n<td>Gu\u00eda y bola<\/td>\n<td colspan=\"4\" align=\"center\" valign=\"middle\">Husillo de bolas de precisi\u00f3n\/Riel lineal<\/td>\n<\/tr>\n<tr>\n<td>Sistema de tensi\u00f3n<\/td>\n<td colspan=\"4\" align=\"center\" valign=\"middle\">tensi\u00f3n ajustable en tres etapas (0\/1\/2)<\/td>\n<\/tr>\n<tr>\n<td>Alimentaci\u00f3n<\/td>\n<td colspan=\"4\" align=\"center\" valign=\"middle\">380 V\/50 Hz, 2,5 kW<\/td>\n<\/tr>\n<tr>\n<td>Peso (kg)<\/td>\n<td align=\"center\" valign=\"middle\">1600<\/td>\n<td align=\"center\" valign=\"middle\">1700<\/td>\n<td align=\"center\" valign=\"middle\">1800<\/td>\n<td align=\"center\" valign=\"middle\">2000<\/td>\n<\/tr>\n<tr>\n<td>Dimensiones (mm)<\/td>\n<td align=\"center\" valign=\"middle\">1700*1400*1900<\/td>\n<td align=\"center\" valign=\"middle\">1700*1500*1900<\/td>\n<td align=\"center\" valign=\"middle\">1900*1500*1900<\/td>\n<td align=\"center\" valign=\"middle\">1900*1550*2000<\/td>\n<\/tr>\n<\/tbody>\n<\/table>\n<\/div>\n<p><strong>Empresa y talleres<\/strong><\/p>\n<p>ARIS Machinery es un grupo con 4 f\u00e1bricas. ARIS tiene alrededor de 60000 cuadrados<br \/>\ntaller de contadores.<\/p>\n<p style=\"text-align: center;\"><img loading=\"lazy\" decoding=\"async\" title=\"Edm Wire Cut Machine\" src=\"https:\/\/img01.71360.com\/file\/read\/www2\/M00\/0D\/DD\/rBwBEmQZcUOAY-37AAGTcsI6_04807.jpg?ct=webp\" alt=\"Edm Wire Cut Machine\" width=\"800\" height=\"585\" \/><img loading=\"lazy\" decoding=\"async\" title=\"Edm Wire Cut Machine\" src=\"https:\/\/img01.71360.com\/file\/read\/www2\/M00\/0D\/DE\/rBwBEmQZcVmASzD0AAG61qp6Bu8015.jpg?ct=webp\" alt=\"Edm Wire Cut Machine\" width=\"800\" height=\"585\" \/><\/p>\n<p><strong>Equipos de producci\u00f3n<\/strong><\/p>\n<p>Las piezas principales de nuestras m\u00e1quinas son procesadas por m\u00e1quina cnc. Tenemos p\u00f3rtico<br \/>\ntipo cnc fresadora, cnc centro de mecanizado vertical, cnc tipo p\u00f3rtico<br \/>\nrectificadora, cortadora l\u00e1ser cnc, plegadora cnc, cizalla cnc<br \/>\nm\u00e1quina.<\/p>\n<p style=\"text-align: center;\"><img loading=\"lazy\" decoding=\"async\" title=\"Edm Wire Cut Machine\" src=\"https:\/\/img01.71360.com\/file\/read\/www2\/M00\/0D\/DE\/rBwBEmQZcX-ASvxxAAGr-Nzp53k628.jpg?ct=webp\" alt=\"Edm Wire Cut Machine\" width=\"800\" height=\"747\" \/><\/p>\n<p><strong>Pruebas e inspecci\u00f3n<\/strong><\/p>\n<p>Todas las m\u00e1quinas se prueban antes del env\u00edo.<\/p>\n<p style=\"text-align: center;\"><img loading=\"lazy\" decoding=\"async\" title=\"Edm Wire Cut Machine\" src=\"https:\/\/img01.71360.com\/file\/read\/www2\/M00\/0D\/DE\/rBwBEmQZcaKASkZIAAG3_n20ZTo355.jpg?ct=webp\" alt=\"Edm Wire Cut Machine\" width=\"800\" height=\"945\" \/><\/p>\n<p><strong>Paquete y entrega<\/strong><\/p>\n<p style=\"text-align: center;\"><img loading=\"lazy\" decoding=\"async\" title=\"Edm Wire Cut Machine\" src=\"https:\/\/img01.71360.com\/file\/read\/www2\/M00\/0D\/DE\/rBwBEmQZcb-ATHsEAADsvr2pCXM317.jpg?ct=webp\" alt=\"Edm Wire Cut Machine\" width=\"800\" height=\"330\" \/><\/p>\n<p>&nbsp;<\/p>\n<\/div>","protected":false},"excerpt":{"rendered":"<p>Bastidor robusto con m\u00e1stil en \"C\".<\/p>\n<p>Con gu\u00eda de diamante regulable en altura.<\/p>\n<p>Trabajo en cuatro ejes independientes (X\/Y\/U\/V);<\/p>\n<p>Gu\u00eda lineal Taiwan, Grado P o H, Husillo a bolas. C2 o C3.<\/p>\n<p>Mecanismo de tensi\u00f3n especial para alambre de molibdeno, mantiene el corte estable.<\/p>\n<p>El motor paso a paso es est\u00e1ndar, el servomotor es opcional.<\/p>\n<p>La tolerancia puede mantenerse en 0,005mm, Rugosidad Ra 0,8.<\/p>","protected":false},"featured_media":3099,"comment_status":"closed","ping_status":"closed","template":"","meta":{"_acf_changed":false},"product_cat":[73],"product_tag":[],"class_list":["post-3098","product","type-product","status-publish","has-post-thumbnail","hentry","product_cat-edm-wire-cut-machine-c-type"],"acf":[],"_links":{"self":[{"href":"https:\/\/www.arismachinery.com\/es\/wp-json\/wp\/v2\/product\/3098","targetHints":{"allow":["GET"]}}],"collection":[{"href":"https:\/\/www.arismachinery.com\/es\/wp-json\/wp\/v2\/product"}],"about":[{"href":"https:\/\/www.arismachinery.com\/es\/wp-json\/wp\/v2\/types\/product"}],"replies":[{"embeddable":true,"href":"https:\/\/www.arismachinery.com\/es\/wp-json\/wp\/v2\/comments?post=3098"}],"wp:featuredmedia":[{"embeddable":true,"href":"https:\/\/www.arismachinery.com\/es\/wp-json\/wp\/v2\/media\/3099"}],"wp:attachment":[{"href":"https:\/\/www.arismachinery.com\/es\/wp-json\/wp\/v2\/media?parent=3098"}],"wp:term":[{"taxonomy":"product_cat","embeddable":true,"href":"https:\/\/www.arismachinery.com\/es\/wp-json\/wp\/v2\/product_cat?post=3098"},{"taxonomy":"product_tag","embeddable":true,"href":"https:\/\/www.arismachinery.com\/es\/wp-json\/wp\/v2\/product_tag?post=3098"}],"curies":[{"name":"wp","href":"https:\/\/api.w.org\/{rel}","templated":true}]}}