{"id":3101,"date":"2024-03-08T10:46:04","date_gmt":"2024-03-08T02:46:04","guid":{"rendered":"http:\/\/www.arismachinery.com\/product\/bf500c-bf630c-high-precision-edm-wire-cut-machine\/"},"modified":"2024-04-15T19:45:15","modified_gmt":"2024-04-15T11:45:15","slug":"bf500c-bf630c-high-precision-edm-wire-cut-machine","status":"publish","type":"product","link":"https:\/\/www.arismachinery.com\/es\/product\/bf500c-bf630c-high-precision-edm-wire-cut-machine\/","title":{"rendered":"AS500C AS630C M\u00e1quina cortadora de alambre Edm de alta precisi\u00f3n"},"content":{"rendered":"<div class=\"detail_specfic_panel_item\">\n<p>M\u00e1quina de corte por hilo EDM multicorte (tipo C)<\/p>\n<p>Bastidor robusto con m\u00e1stil en \"C\".<\/p>\n<p>Con gu\u00eda de diamante regulable en altura.<\/p>\n<p>Trabajo en cuatro ejes independientes (X\/Y\/U\/V);<\/p>\n<p>Gu\u00eda lineal Taiwan, Grado P o H, Husillo a bolas. C2 o C3.<\/p>\n<p>Mecanismo de tensi\u00f3n especial para alambre de molibdeno, mantiene el corte estable.<\/p>\n<p>El motor paso a paso es est\u00e1ndar, el servomotor es opcional.<\/p>\n<p>La tolerancia puede mantenerse en 0,005mm, Rugosidad Ra 0,8.<\/p>\n<p><strong>Par\u00e1metros t\u00e9cnicos:<\/strong><\/p>\n<div style=\"overflow: auto;\">\n<table>\n<tbody>\n<tr class=\"firstRow\">\n<td align=\"center\" valign=\"middle\"><strong>Modelo<\/strong><\/td>\n<td align=\"center\" valign=\"middle\"><strong>LF500C<\/strong><\/td>\n<td align=\"center\" valign=\"middle\"><strong>LF630C<\/strong><\/td>\n<\/tr>\n<tr>\n<td align=\"center\" valign=\"middle\">Working table size\u00a0\u00a0(mm)<\/td>\n<td align=\"center\" valign=\"middle\">700\u00d71000<\/td>\n<td align=\"center\" valign=\"middle\">800\u00d71200<\/td>\n<\/tr>\n<tr>\n<td align=\"center\" valign=\"middle\">Table travel(X\/Y) (mm)<\/td>\n<td align=\"center\" valign=\"middle\">500\u00d7630<\/td>\n<td align=\"center\" valign=\"middle\">630\u00d7800<\/td>\n<\/tr>\n<tr>\n<td align=\"center\" valign=\"middle\">Espesor m\u00e1x. de corte (mm)<\/td>\n<td align=\"center\" valign=\"middle\">380<\/td>\n<td align=\"center\" valign=\"middle\">380<\/td>\n<\/tr>\n<tr>\n<td align=\"center\" valign=\"middle\">Carga m\u00e1x. sobre la mesa de trabajo (KG)<\/td>\n<td align=\"center\" valign=\"middle\">800<\/td>\n<td align=\"center\" valign=\"middle\">1200<\/td>\n<\/tr>\n<tr>\n<td align=\"center\" valign=\"middle\">Travel size(U\/V) (mm)<\/td>\n<td colspan=\"2\" align=\"center\" valign=\"middle\">30\u00d730\u00a0(\u00b16\u00b0)\u00a0(optional:\u00a075\u00d775\u00a0135\u00d7135)<\/td>\n<\/tr>\n<tr>\n<td align=\"center\" valign=\"middle\">Di\u00e1metro del cable (mm)<\/td>\n<td style=\"word-break: break-all;\" colspan=\"2\" align=\"center\" valign=\"middle\">(Molydbenum wire\uff09<br \/>\n\u03c60.10\uff5e0.22\u00a0\uff08special 0.25, 0.30mm)<\/td>\n<\/tr>\n<tr>\n<td align=\"center\" valign=\"middle\">Velocidad del hilo (m\/seg)<\/td>\n<td colspan=\"2\" align=\"center\" valign=\"middle\">2.0-11.0<\/td>\n<\/tr>\n<tr>\n<td align=\"center\" valign=\"middle\">Velocidad m\u00e1x. de corte (mm2\/min)<\/td>\n<td colspan=\"2\" align=\"center\" valign=\"middle\">160-180<\/td>\n<\/tr>\n<tr>\n<td align=\"center\" valign=\"middle\">\u00c1ngulo de corte m\u00e1x.<\/td>\n<td style=\"word-break: break-all;\" colspan=\"2\" align=\"center\" valign=\"middle\">\u00b16\u00b0\/80mm (\u00b115\u00b0 \u00b130\u00b0degree is optional)<\/td>\n<\/tr>\n<tr>\n<td align=\"center\" valign=\"middle\">Precisi\u00f3n del proceso (mm)<\/td>\n<td colspan=\"2\" align=\"center\" valign=\"middle\">(Multi-cut): 10\u00d710\u00d730(Square)\u22640.008;<br \/>\n(One time-cut)\u22640.012<br \/>\n(Multi-cut)(Octagon)\u22640.01;<br \/>\n(Straightness)\u22640.008\/50mm<\/td>\n<\/tr>\n<tr>\n<td align=\"center\" valign=\"middle\">Roughness(Ra.um)<\/td>\n<td colspan=\"2\" align=\"center\" valign=\"middle\">Multi-cut):Ra\u22640.8,\u00a0Single-cut):Ra\u22642.0<\/td>\n<\/tr>\n<tr>\n<td align=\"center\" valign=\"middle\">Motor de accionamiento<\/td>\n<td colspan=\"2\" align=\"center\" valign=\"middle\">Step motor\/AC servo motor*\u00a0(Optional)<\/td>\n<\/tr>\n<tr>\n<td align=\"center\" valign=\"middle\">Gu\u00eda y bola<\/td>\n<td colspan=\"2\" align=\"center\" valign=\"middle\">Husillo de bolas de precisi\u00f3n\/Riel lineal<\/td>\n<\/tr>\n<tr>\n<td align=\"center\" valign=\"middle\">Sistema de tensi\u00f3n<\/td>\n<td colspan=\"2\" align=\"center\" valign=\"middle\">tensi\u00f3n ajustable en tres etapas (0\/1\/2)<\/td>\n<\/tr>\n<tr>\n<td align=\"center\" valign=\"middle\">Alimentaci\u00f3n<\/td>\n<td colspan=\"2\" align=\"center\" valign=\"middle\">380 V\/50 Hz, 2,5 kW<\/td>\n<\/tr>\n<tr>\n<td align=\"center\" valign=\"middle\">Peso (kg)<\/td>\n<td align=\"center\" valign=\"middle\">2500<\/td>\n<td align=\"center\" valign=\"middle\">3000<\/td>\n<\/tr>\n<tr>\n<td align=\"center\" valign=\"middle\">Dimensiones (mm)<\/td>\n<td align=\"center\" valign=\"middle\">2100*1900*2200<\/td>\n<td align=\"center\" valign=\"middle\">2300*2100*2200<\/td>\n<\/tr>\n<\/tbody>\n<\/table>\n<\/div>\n<p><strong>Empresa y talleres<\/strong><\/p>\n<p>ARIS Machinery es un grupo con 4 f\u00e1bricas. ARIS tiene alrededor de 60000 cuadrados<br \/>\ntaller de contadores.<\/p>\n<p style=\"text-align: center;\"><img loading=\"lazy\" decoding=\"async\" title=\"Edm Wire Cut Machine\" src=\"https:\/\/img01.71360.com\/file\/read\/www2\/M00\/0D\/DD\/rBwBEmQZcUOAY-37AAGTcsI6_04807.jpg?ct=webp\" alt=\"Edm Wire Cut Machine\" width=\"800\" height=\"585\" \/><img loading=\"lazy\" decoding=\"async\" title=\"Edm Wire Cut Machine\" src=\"https:\/\/img01.71360.com\/file\/read\/www2\/M00\/0D\/DE\/rBwBEmQZcVmASzD0AAG61qp6Bu8015.jpg?ct=webp\" alt=\"Edm Wire Cut Machine\" width=\"800\" height=\"585\" \/><\/p>\n<p><strong>Equipos de producci\u00f3n<\/strong><\/p>\n<p>Las piezas principales de nuestras m\u00e1quinas son procesadas por m\u00e1quina cnc. Tenemos p\u00f3rtico<br \/>\ntipo cnc fresadora, cnc centro de mecanizado vertical, cnc tipo p\u00f3rtico<br \/>\nrectificadora, cortadora l\u00e1ser cnc, plegadora cnc, cizalla cnc<br \/>\nm\u00e1quina.<\/p>\n<p style=\"text-align: center;\"><img loading=\"lazy\" decoding=\"async\" title=\"Edm Wire Cut Machine\" src=\"https:\/\/img01.71360.com\/file\/read\/www2\/M00\/0D\/DE\/rBwBEmQZcX-ASvxxAAGr-Nzp53k628.jpg?ct=webp\" alt=\"Edm Wire Cut Machine\" width=\"800\" height=\"747\" \/><\/p>\n<p><strong>Pruebas e inspecci\u00f3n<\/strong><\/p>\n<p>Todas las m\u00e1quinas se prueban antes del env\u00edo.<\/p>\n<p style=\"text-align: center;\"><img loading=\"lazy\" decoding=\"async\" title=\"Edm Wire Cut Machine\" src=\"https:\/\/img01.71360.com\/file\/read\/www2\/M00\/0D\/DE\/rBwBEmQZcaKASkZIAAG3_n20ZTo355.jpg?ct=webp\" alt=\"Edm Wire Cut Machine\" width=\"800\" height=\"945\" \/><\/p>\n<p><strong>Paquete y entrega<\/strong><\/p>\n<p style=\"text-align: center;\"><img loading=\"lazy\" decoding=\"async\" title=\"Edm Wire Cut Machine\" src=\"https:\/\/img01.71360.com\/file\/read\/www2\/M00\/0D\/DE\/rBwBEmQZcb-ATHsEAADsvr2pCXM317.jpg?ct=webp\" alt=\"Edm Wire Cut Machine\" width=\"800\" height=\"330\" \/><\/p>\n<p>&nbsp;<\/p>\n<\/div>","protected":false},"excerpt":{"rendered":"<p>Bastidor robusto con m\u00e1stil en \"C\".<\/p>\n<p>Con gu\u00eda de diamante regulable en altura.<\/p>\n<p>Trabajo en cuatro ejes independientes (X\/Y\/U\/V);<\/p>\n<p>Gu\u00eda lineal Taiwan, Grado P o H, Husillo a bolas. C2 o C3.<\/p>\n<p>Mecanismo de tensi\u00f3n especial para alambre de molibdeno, mantiene el corte estable.<\/p>\n<p>El motor paso a paso es est\u00e1ndar, el servomotor es opcional.<\/p>\n<p>La tolerancia puede mantenerse en 0,005mm, Rugosidad Ra 0,8.<\/p>","protected":false},"featured_media":3102,"comment_status":"closed","ping_status":"closed","template":"","meta":{"_acf_changed":false},"product_cat":[73],"product_tag":[],"class_list":["post-3101","product","type-product","status-publish","has-post-thumbnail","hentry","product_cat-edm-wire-cut-machine-c-type"],"acf":[],"_links":{"self":[{"href":"https:\/\/www.arismachinery.com\/es\/wp-json\/wp\/v2\/product\/3101","targetHints":{"allow":["GET"]}}],"collection":[{"href":"https:\/\/www.arismachinery.com\/es\/wp-json\/wp\/v2\/product"}],"about":[{"href":"https:\/\/www.arismachinery.com\/es\/wp-json\/wp\/v2\/types\/product"}],"replies":[{"embeddable":true,"href":"https:\/\/www.arismachinery.com\/es\/wp-json\/wp\/v2\/comments?post=3101"}],"wp:featuredmedia":[{"embeddable":true,"href":"https:\/\/www.arismachinery.com\/es\/wp-json\/wp\/v2\/media\/3102"}],"wp:attachment":[{"href":"https:\/\/www.arismachinery.com\/es\/wp-json\/wp\/v2\/media?parent=3101"}],"wp:term":[{"taxonomy":"product_cat","embeddable":true,"href":"https:\/\/www.arismachinery.com\/es\/wp-json\/wp\/v2\/product_cat?post=3101"},{"taxonomy":"product_tag","embeddable":true,"href":"https:\/\/www.arismachinery.com\/es\/wp-json\/wp\/v2\/product_tag?post=3101"}],"curies":[{"name":"wp","href":"https:\/\/api.w.org\/{rel}","templated":true}]}}