{"id":2958,"date":"2024-03-08T10:44:49","date_gmt":"2024-03-08T02:44:49","guid":{"rendered":"http:\/\/www.arismachinery.com\/product\/single-column-vertical-lathe\/"},"modified":"2024-04-15T20:02:45","modified_gmt":"2024-04-15T12:02:45","slug":"single-column-vertical-lathe","status":"publish","type":"product","link":"https:\/\/www.arismachinery.com\/fr\/product\/single-column-vertical-lathe\/","title":{"rendered":"Tour vertical \u00e0 une colonne"},"content":{"rendered":"<p>La table de travail est \u00e9quip\u00e9e d'un guidage hydrostatique avec palier de pr\u00e9contrainte, ce qui r\u00e9duit les frottements.<\/p>\n<p>Rail Boxway pour les grandes capacit\u00e9s.<\/p>\n<p>Turcite italienne pour tous les rails de glissement afin de r\u00e9duire les frottements.<\/p>\n<p>Engrenage rotatif avec processus de meulage pr\u00e9cis, avec bo\u00eete de vitesses pour atteindre un couple important et une vitesse \u00e9lev\u00e9e.<\/p>\n<p>C5112G 5116G 5120G 5123G :  Contr\u00f4le PLC<\/p>\n<p>CJK5112G 5116G 5120G 5123G :  Commande CNC ( Syst\u00e8me CNC : GSK, SYNTEC, FANUC, Simens)<\/p>\n<p>&nbsp;<\/p>\n<p><strong>Param\u00e8tres techniques :<\/strong><\/p>\n<table>\n<tbody>\n<tr class=\"firstRow\">\n<td rowspan=\"2\">Mod\u00e8le<\/td>\n<td align=\"center\" valign=\"middle\">C5112G<\/td>\n<td align=\"center\" valign=\"middle\">C5116G<\/td>\n<td align=\"center\" valign=\"middle\">C5120G<\/td>\n<td align=\"center\" valign=\"middle\">C5123G<\/td>\n<\/tr>\n<tr>\n<td align=\"center\" valign=\"middle\">CJK5112G<\/td>\n<td align=\"center\" valign=\"middle\">CJK5116G<\/td>\n<td align=\"center\" valign=\"middle\">CJL5120G<\/td>\n<td align=\"center\" valign=\"middle\">CJK5123G<\/td>\n<\/tr>\n<tr>\n<td>Diam\u00e8tre de tournage maximal (mm)<\/td>\n<td align=\"center\" valign=\"middle\">1250<\/td>\n<td align=\"center\" valign=\"middle\">1600<\/td>\n<td align=\"center\" valign=\"middle\">2000<\/td>\n<td align=\"center\" valign=\"middle\">2300<\/td>\n<\/tr>\n<tr>\n<td>Table de travail Dia.(mm)<\/td>\n<td align=\"center\" valign=\"middle\">1000<\/td>\n<td align=\"center\" valign=\"middle\">1400<\/td>\n<td align=\"center\" valign=\"middle\">1800<\/td>\n<td align=\"center\" valign=\"middle\">2000<\/td>\n<\/tr>\n<tr>\n<td>Hauteur max. Hauteur de la pi\u00e8ce (mm)<\/td>\n<td align=\"center\" valign=\"middle\">1000\/1200\/1400<\/td>\n<td align=\"center\" valign=\"middle\">1000\/1400\/1600<\/td>\n<td align=\"center\" valign=\"middle\">1250\/1600\/1800<\/td>\n<td align=\"center\" valign=\"middle\">1250\/1600\/1800<\/td>\n<\/tr>\n<tr>\n<td>Poids maximal de la pi\u00e8ce (T)<\/td>\n<td align=\"center\" valign=\"middle\">5<\/td>\n<td align=\"center\" valign=\"middle\">8<\/td>\n<td align=\"center\" valign=\"middle\">10<\/td>\n<td align=\"center\" valign=\"middle\">10<\/td>\n<\/tr>\n<tr>\n<td>Force de coupe maximale de la t\u00eate de rail (KN)<\/td>\n<td align=\"center\" valign=\"middle\">20<\/td>\n<td align=\"center\" valign=\"middle\">25<\/td>\n<td align=\"center\" valign=\"middle\">25<\/td>\n<td align=\"center\" valign=\"middle\">25<\/td>\n<\/tr>\n<tr>\n<td>Force de coupe maximale de la t\u00eate coulissante (KN)<\/td>\n<td align=\"center\" valign=\"middle\">20<\/td>\n<td align=\"center\" valign=\"middle\">20<\/td>\n<td align=\"center\" valign=\"middle\">20<\/td>\n<td align=\"center\" valign=\"middle\">20<\/td>\n<\/tr>\n<tr>\n<td>Couple maximal de la table de travail (KN.M)<\/td>\n<td align=\"center\" valign=\"middle\">17.5<\/td>\n<td align=\"center\" valign=\"middle\">25<\/td>\n<td align=\"center\" valign=\"middle\">32<\/td>\n<td align=\"center\" valign=\"middle\">32<\/td>\n<\/tr>\n<tr>\n<td>Gamme de vitesses de la table de travail (16 \u00e9tapes) (r\/min)<\/td>\n<td align=\"center\" valign=\"middle\">6.3-200<\/td>\n<td align=\"center\" valign=\"middle\">5-160<\/td>\n<td align=\"center\" valign=\"middle\">2.5-125<\/td>\n<td align=\"center\" valign=\"middle\">2.5-125<\/td>\n<\/tr>\n<tr>\n<td>Pivotement de la t\u00eate de rail<\/td>\n<td align=\"center\" valign=\"middle\">\u00b130<\/td>\n<td align=\"center\" valign=\"middle\">\u00b130<\/td>\n<td align=\"center\" valign=\"middle\">\u00b130<\/td>\n<td align=\"center\" valign=\"middle\">\u00b130<\/td>\n<\/tr>\n<tr>\n<td>Gamme de vitesses d'avance (12 \u00e9tapes) (mm\/min)<\/td>\n<td align=\"center\" valign=\"middle\">0.8-86<\/td>\n<td align=\"center\" valign=\"middle\">0.8-86<\/td>\n<td align=\"center\" valign=\"middle\">0.8-86<\/td>\n<td align=\"center\" valign=\"middle\">0.8-86<\/td>\n<\/tr>\n<tr>\n<td>D\u00e9placement de la traverse (mm)<\/td>\n<td align=\"center\" valign=\"middle\">650\/850\/1050<\/td>\n<td align=\"center\" valign=\"middle\">650\/1050\/1250<\/td>\n<td align=\"center\" valign=\"middle\">900\/1250\/1450<\/td>\n<td align=\"center\" valign=\"middle\">900\/1250\/1450<\/td>\n<\/tr>\n<tr>\n<td>Vitesse de d\u00e9placement de la traverse (mm\/min)<\/td>\n<td align=\"center\" valign=\"middle\">440<\/td>\n<td align=\"center\" valign=\"middle\">440<\/td>\n<td align=\"center\" valign=\"middle\">440<\/td>\n<td align=\"center\" valign=\"middle\">440<\/td>\n<\/tr>\n<tr>\n<td>Course de niveau de la t\u00eate de rail (mm)<\/td>\n<td align=\"center\" valign=\"middle\">650<\/td>\n<td align=\"center\" valign=\"middle\">800<\/td>\n<td align=\"center\" valign=\"middle\">1050<\/td>\n<td align=\"center\" valign=\"middle\">1200<\/td>\n<\/tr>\n<tr>\n<td>Course de la t\u00eate de rail (mm)<\/td>\n<td align=\"center\" valign=\"middle\">650<\/td>\n<td align=\"center\" valign=\"middle\">800\/1000<\/td>\n<td align=\"center\" valign=\"middle\">800\/1000<\/td>\n<td align=\"center\" valign=\"middle\">800\/1000<\/td>\n<\/tr>\n<tr>\n<td>Ram Hor. Course de la t\u00eate lat\u00e9rale (mm)<\/td>\n<td align=\"center\" valign=\"middle\">500<\/td>\n<td align=\"center\" valign=\"middle\">630<\/td>\n<td align=\"center\" valign=\"middle\">630<\/td>\n<td align=\"center\" valign=\"middle\">630<\/td>\n<\/tr>\n<tr>\n<td>Course verticale de la t\u00eate lat\u00e9rale (mm)<\/td>\n<td align=\"center\" valign=\"middle\">970<\/td>\n<td align=\"center\" valign=\"middle\">980<\/td>\n<td align=\"center\" valign=\"middle\">1180<\/td>\n<td align=\"center\" valign=\"middle\">1180<\/td>\n<\/tr>\n<tr>\n<td>Vitesse rapide de la tige de l'outil (mm\/min)<\/td>\n<td align=\"center\" valign=\"middle\">1800<\/td>\n<td align=\"center\" valign=\"middle\">1800<\/td>\n<td align=\"center\" valign=\"middle\">1800<\/td>\n<td align=\"center\" valign=\"middle\">1800<\/td>\n<\/tr>\n<tr>\n<td>Hauteur de la section de la barre d'outils (mm)<\/td>\n<td align=\"center\" valign=\"middle\">40<\/td>\n<td align=\"center\" valign=\"middle\">40<\/td>\n<td align=\"center\" valign=\"middle\">40<\/td>\n<td align=\"center\" valign=\"middle\">40<\/td>\n<\/tr>\n<tr>\n<td>Puissance du moteur principal (Kw)<\/td>\n<td align=\"center\" valign=\"middle\">22<\/td>\n<td align=\"center\" valign=\"middle\">30<\/td>\n<td align=\"center\" valign=\"middle\">37<\/td>\n<td align=\"center\" valign=\"middle\">37<\/td>\n<\/tr>\n<tr>\n<td>Dimension de la machine (mm)<\/td>\n<td align=\"center\" valign=\"middle\">2360*2470*3580<\/td>\n<td align=\"center\" valign=\"middle\">2830*2870*3870<\/td>\n<td align=\"center\" valign=\"middle\">3210*4050*4200<\/td>\n<td align=\"center\" valign=\"middle\">3410*4050*4200<\/td>\n<\/tr>\n<tr>\n<td>Poids de la machine (T)<\/td>\n<td align=\"center\" valign=\"middle\">8.3\/8.6\/8.9<\/td>\n<td align=\"center\" valign=\"middle\">12.6\/13.8\/14.1<\/td>\n<td align=\"center\" valign=\"middle\">17.5\/18.6\/19.5<\/td>\n<td align=\"center\" valign=\"middle\">18\/19.1\/20.6<\/td>\n<\/tr>\n<\/tbody>\n<\/table>","protected":false},"excerpt":{"rendered":"<p>La table de travail est \u00e9quip\u00e9e d'un guidage hydrostatique avec palier de pr\u00e9contrainte, ce qui r\u00e9duit les frottements.<br \/>\nRail Boxway pour les grandes capacit\u00e9s.<br \/>\nTurcite italienne pour tous les rails de glissement afin de r\u00e9duire les frottements.<br \/>\nEngrenage rotatif avec processus de meulage pr\u00e9cis, avec bo\u00eete de vitesses pour atteindre un couple important et une vitesse \u00e9lev\u00e9e.<br \/>\nC5112G 5116G 5120G 5123G : Contr\u00f4le PLC<br \/>\nCJK5112G 5116G 5120G 5123G : Commande CNC ( Syst\u00e8me CNC : GSK, SYNTEC, FANUC, Simens)<\/p>\n<p>Courriel : joyce@arismachinery.com \/ joycechen2677@gmail.com<br \/>\nWechat : joycechen677<br \/>\nWhatsapp : +86 13815922677<br \/>\nT\u00e9l : +86-523-8549496 \/ +86-523-8549496<\/p>","protected":false},"featured_media":2959,"comment_status":"closed","ping_status":"closed","template":"","meta":{"_acf_changed":false},"product_cat":[84],"product_tag":[],"class_list":["post-2958","product","type-product","status-publish","has-post-thumbnail","hentry","product_cat-vertical-cnc-lathe"],"acf":[],"_links":{"self":[{"href":"https:\/\/www.arismachinery.com\/fr\/wp-json\/wp\/v2\/product\/2958","targetHints":{"allow":["GET"]}}],"collection":[{"href":"https:\/\/www.arismachinery.com\/fr\/wp-json\/wp\/v2\/product"}],"about":[{"href":"https:\/\/www.arismachinery.com\/fr\/wp-json\/wp\/v2\/types\/product"}],"replies":[{"embeddable":true,"href":"https:\/\/www.arismachinery.com\/fr\/wp-json\/wp\/v2\/comments?post=2958"}],"wp:featuredmedia":[{"embeddable":true,"href":"https:\/\/www.arismachinery.com\/fr\/wp-json\/wp\/v2\/media\/2959"}],"wp:attachment":[{"href":"https:\/\/www.arismachinery.com\/fr\/wp-json\/wp\/v2\/media?parent=2958"}],"wp:term":[{"taxonomy":"product_cat","embeddable":true,"href":"https:\/\/www.arismachinery.com\/fr\/wp-json\/wp\/v2\/product_cat?post=2958"},{"taxonomy":"product_tag","embeddable":true,"href":"https:\/\/www.arismachinery.com\/fr\/wp-json\/wp\/v2\/product_tag?post=2958"}],"curies":[{"name":"wp","href":"https:\/\/api.w.org\/{rel}","templated":true}]}}