{"id":2966,"date":"2024-03-08T10:44:49","date_gmt":"2024-03-08T02:44:49","guid":{"rendered":"http:\/\/www.arismachinery.com\/product\/heavy-duty-universal-lathe-machine\/"},"modified":"2024-03-08T10:44:53","modified_gmt":"2024-03-08T02:44:53","slug":"heavy-duty-universal-lathe-machine","status":"publish","type":"product","link":"https:\/\/www.arismachinery.com\/fr\/product\/heavy-duty-universal-lathe-machine\/","title":{"rendered":"Heavy Duty Universal Lathe Machine"},"content":{"rendered":"<p><strong>Caract\u00e9ristiques principales :<\/strong><\/p>\n<p>1.Bed rail passed high-frequency quenching, grinding,high precision.<\/p>\n<p>2.Head stock gear precision grinding, low noise.<\/p>\n<p>3.Foot brake\/electro magnetic brakeis optional.<\/p>\n<p>4.Carriage optional:&nbsp; left hand OR right hand.<\/p>\n<p>5.Big slide can be:common,fast forward or tapered structure.<\/p>\n<p>6.Ball screw can be Metric or British system.<\/p>\n<p>7.Foot brake\/electro magnetic brake is optional.<\/p>\n<p><\/p>\n<p><strong>Param\u00e8tres techniques :<\/strong><\/p>\n<table>\n<tbody>\n<tr class=\"firstRow\">\n<td rowspan=\"2\">odel<\/td>\n<td align=\"center\" valign=\"middle\">C6136F<\/td>\n<td align=\"center\" valign=\"middle\">C6140F<\/td>\n<td align=\"center\" valign=\"middle\">C6150F<\/td>\n<td align=\"center\" valign=\"middle\">C6160F<\/td>\n<\/tr>\n<tr>\n<td align=\"center\" valign=\"middle\">C6236F<\/td>\n<td align=\"center\" valign=\"middle\">C6240F<\/td>\n<td align=\"center\" valign=\"middle\">C6250F<\/td>\n<td align=\"center\" valign=\"middle\">C6260F<\/td>\n<\/tr>\n<tr>\n<td>Max&nbsp;swing&nbsp;over&nbsp;bed<\/td>\n<td align=\"center\" valign=\"middle\">360mm<\/td>\n<td align=\"center\" valign=\"middle\">400mm<\/td>\n<td align=\"center\" valign=\"middle\">500mm<\/td>\n<td align=\"center\" valign=\"middle\">600mm<\/td>\n<\/tr>\n<tr>\n<td>Max&nbsp;swing&nbsp;over&nbsp;gap<\/td>\n<td align=\"center\" valign=\"middle\">520mm<\/td>\n<td align=\"center\" valign=\"middle\">560mm<\/td>\n<td align=\"center\" valign=\"middle\">660mm<\/td>\n<td align=\"center\" valign=\"middle\">760mm<\/td>\n<\/tr>\n<tr>\n<td>Effective&nbsp;length&nbsp;of&nbsp;gap<\/td>\n<td align=\"center\" valign=\"middle\">160mm<\/td>\n<td align=\"center\" valign=\"middle\">130mm<\/td>\n<td align=\"center\" valign=\"middle\">130mm<\/td>\n<td align=\"center\" valign=\"middle\">130mm<\/td>\n<\/tr>\n<tr>\n<td>Max&nbsp;swing&nbsp;over&nbsp;slide<\/td>\n<td align=\"center\" valign=\"middle\">190mm<\/td>\n<td align=\"center\" valign=\"middle\">230mm<\/td>\n<td align=\"center\" valign=\"middle\">310mm<\/td>\n<td align=\"center\" valign=\"middle\">360mm<\/td>\n<\/tr>\n<tr>\n<td>Cross&nbsp;slide&nbsp;travel&nbsp;(&nbsp;X&nbsp;)&nbsp;<\/td>\n<td align=\"center\" valign=\"middle\">180<\/td>\n<td align=\"center\" valign=\"middle\">210<\/td>\n<td align=\"center\" valign=\"middle\">260<\/td>\n<td align=\"center\" valign=\"middle\">310<\/td>\n<\/tr>\n<tr>\n<td>Center&nbsp;distance&nbsp;(&nbsp;L&nbsp;)&nbsp;<\/td>\n<td colspan=\"4\" align=\"center\" valign=\"middle\">750mm,1000mm,1500mm,2000mm,3000mm<\/td>\n<\/tr>\n<tr>\n<td>Bed&nbsp;width<\/td>\n<td colspan=\"4\" align=\"center\" valign=\"middle\">360mm<\/td>\n<\/tr>\n<tr>\n<td>Spindle&nbsp;hole<\/td>\n<td colspan=\"4\" align=\"center\" valign=\"middle\">\uf10252mm&nbsp;\/&nbsp;\uf10282mm<\/td>\n<\/tr>\n<tr>\n<td>Spindle&nbsp;nose<\/td>\n<td colspan=\"4\" align=\"center\" valign=\"middle\">ISO-C6&nbsp;or&nbsp;ISO-C8<\/td>\n<\/tr>\n<tr>\n<td>Spindle&nbsp;taper<\/td>\n<td colspan=\"4\" align=\"center\" valign=\"middle\">MT6&nbsp;&nbsp;\/&nbsp;&nbsp;1:20<\/td>\n<\/tr>\n<tr>\n<td>Spindle&nbsp;speeds&nbsp;(number)<\/td>\n<td align=\"center\" valign=\"middle\">42-1600&nbsp;rmp<\/td>\n<td colspan=\"3\" align=\"center\" valign=\"middle\">28-1800rpm&nbsp;(&nbsp;12&nbsp;steps)&nbsp;<\/td>\n<\/tr>\n<tr>\n<td>Metric&nbsp;thread&nbsp;range(kinds)<\/td>\n<td colspan=\"4\" align=\"center\" valign=\"middle\">0.5-14mm&nbsp;&nbsp;(21&nbsp;kinds)<\/td>\n<\/tr>\n<tr>\n<td>Inch&nbsp;thread&nbsp;range(kinds)<\/td>\n<td colspan=\"4\" align=\"center\" valign=\"middle\">2.5-72inch&nbsp;&nbsp;&nbsp;(30&nbsp;kinds)<\/td>\n<\/tr>\n<tr>\n<td>Diameter&nbsp;thread&nbsp;range&nbsp;<\/td>\n<td colspan=\"4\" align=\"center\" valign=\"middle\">0.25-7&nbsp;m\u03c0 (17&nbsp;kinds)<\/td>\n<\/tr>\n<tr>\n<td>Module&nbsp;threads&nbsp;range(kinds)<\/td>\n<td colspan=\"4\" align=\"center\" valign=\"middle\">5-144&nbsp;D.P.I&nbsp;(&nbsp;30&nbsp;kinds)&nbsp;<\/td>\n<\/tr>\n<tr>\n<td>Cross&nbsp;slide&nbsp;trave<\/td>\n<td colspan=\"4\" align=\"center\" valign=\"middle\">220mm<\/td>\n<\/tr>\n<tr>\n<td>Compound&nbsp;rest&nbsp;travel<\/td>\n<td colspan=\"4\" align=\"center\" valign=\"middle\">120mm<\/td>\n<\/tr>\n<tr>\n<td>Tool&nbsp;shank&nbsp;size&nbsp;<\/td>\n<td colspan=\"4\" align=\"center\" valign=\"middle\">20mm\u00d720mm<\/td>\n<\/tr>\n<tr>\n<td>Taper&nbsp;of&nbsp;tailstock&nbsp;sleeve<\/td>\n<td colspan=\"4\" align=\"center\" valign=\"middle\">MT4&nbsp;\/&nbsp;MT5<\/td>\n<\/tr>\n<tr>\n<td>Diameter&nbsp;of&nbsp;tailstock&nbsp;sleeve<\/td>\n<td colspan=\"4\" align=\"center\" valign=\"middle\">65mm&nbsp;\/&nbsp;75mm<\/td>\n<\/tr>\n<tr>\n<td>Travel&nbsp;of&nbsp;tailstock&nbsp;sleeve<\/td>\n<td colspan=\"4\" align=\"center\" valign=\"middle\">130mm<\/td>\n<\/tr>\n<tr>\n<td>Main&nbsp;motor&nbsp;power<\/td>\n<td align=\"center\" valign=\"middle\">4.0kw<\/td>\n<td align=\"center\" valign=\"middle\">&nbsp;5.5kw&nbsp;<\/td>\n<td align=\"center\" valign=\"middle\">&nbsp;5.5kw&nbsp;<\/td>\n<td align=\"center\" valign=\"middle\">7.5kw<\/td>\n<\/tr>\n<tr>\n<td>Cooling&nbsp;bump&nbsp;motor<\/td>\n<td colspan=\"4\" align=\"center\" valign=\"middle\">0.125kw<\/td>\n<\/tr>\n<tr>\n<td>Rapid&nbsp;motor<\/td>\n<td colspan=\"4\" align=\"center\" valign=\"middle\">0.12kw<\/td>\n<\/tr>\n<\/tbody>\n<\/table>\n<p><\/p>\n<table>\n<tbody>\n<tr class=\"firstRow\">\n<td colspan=\"2\" style=\"word-break: break-all;\"><strong>Accessoires standard<\/strong><\/td>\n<td colspan=\"4\" align=\"center\" valign=\"middle\"><strong>Accessoires en option<\/strong><\/td>\n<\/tr>\n<tr>\n<td colspan=\"2\">1.&nbsp;&nbsp;3-jaw&nbsp;chunk<\/td>\n<td colspan=\"2\" align=\"center\" valign=\"middle\">1.&nbsp;&nbsp;Steady&nbsp;rest<\/td>\n<td colspan=\"2\" align=\"center\" valign=\"middle\">6.&nbsp;&nbsp;Longitudinal&nbsp;automatic&nbsp;trip<\/td>\n<\/tr>\n<tr>\n<td colspan=\"2\">2.&nbsp;&nbsp;Centre\uff06centre&nbsp;sleeve<\/td>\n<td colspan=\"2\" align=\"center\" valign=\"middle\">2.&nbsp;&nbsp;Follower&nbsp;rest<\/td>\n<td colspan=\"2\" align=\"center\" valign=\"middle\">7.&nbsp;&nbsp;Live&nbsp;center<\/td>\n<\/tr>\n<tr>\n<td colspan=\"2\">3.&nbsp;&nbsp;Wrenches<\/td>\n<td colspan=\"2\" align=\"center\" valign=\"middle\">3.&nbsp;&nbsp;&nbsp;4-jaw&nbsp;chunk<\/td>\n<td colspan=\"2\" align=\"center\" valign=\"middle\">8.&nbsp;&nbsp;Quick&nbsp;change&nbsp;toolpost<\/td>\n<\/tr>\n<tr>\n<td colspan=\"2\">4.&nbsp;&nbsp;Feet&nbsp;bolts.<\/td>\n<td colspan=\"2\" align=\"center\" valign=\"middle\">4.&nbsp;&nbsp;Face&nbsp;plate<\/td>\n<td colspan=\"2\" align=\"center\" valign=\"middle\">9.&nbsp;&nbsp;Taper&nbsp;copy&nbsp;ruler<\/td>\n<\/tr>\n<tr>\n<td colspan=\"2\"><\/td>\n<td colspan=\"2\" align=\"center\" valign=\"middle\">5.&nbsp;&nbsp;Thread&nbsp;chasing&nbsp;dial<\/td>\n<td colspan=\"2\" align=\"center\" valign=\"middle\">10.&nbsp;Driving&nbsp;plate<\/td>\n<\/tr>\n<\/tbody>\n<\/table>\n<p><\/p>\n<p><\/p>\n<p><strong>Entreprise et ateliers<\/strong><\/p>\n<p>ARIS Machinery est un groupe compos\u00e9 de 4 usines. ARIS dispose d'un atelier d'environ 60000 m\u00e8tres carr\u00e9s.<\/p>\n<p><img loading=\"lazy\" decoding=\"async\" src=\"https:\/\/img01.71360.com\/file\/read\/www2\/M00\/17\/64\/rBwBEmQi8-CAcrRhAAf3br41wiI882.jpg\" alt=\"Company &amp; Workshops\" title=\"Entreprise et ateliers\" width=\"800\" height=\"585\"\/><\/p>\n<p><img loading=\"lazy\" decoding=\"async\" src=\"https:\/\/img01.71360.com\/file\/read\/www2\/M00\/17\/64\/rBwBEmQi8-GAD3UmAAikCZrTqpc510.jpg\" alt=\"Company &amp; Workshops\" title=\"Entreprise et ateliers\" width=\"800\" height=\"585\"\/><\/p>\n<p><\/p>\n<p><strong>Equipements de production<\/strong><\/p>\n<p>Les principales pi\u00e8ces de nos machines sont trait\u00e9es par des machines \u00e0 commande num\u00e9rique. Nous disposons de fraiseuses \u00e0 commande num\u00e9rique \u00e0 portique, de centres d'usinage verticaux \u00e0 commande num\u00e9rique, de rectifieuses \u00e0 commande num\u00e9rique \u00e0 portique, de machines de d\u00e9coupe laser \u00e0 commande num\u00e9rique, de cintreuses \u00e0 commande num\u00e9rique et de cisailles \u00e0 commande num\u00e9rique.<\/p>\n<p><img loading=\"lazy\" decoding=\"async\" src=\"https:\/\/img01.71360.com\/file\/read\/www2\/M00\/17\/64\/rBwBEmQi8-KAFzs2AAhn1LhHtcI014.jpg\" alt=\"Production Equipments\" title=\"Equipements de production\" width=\"800\" height=\"747\"\/><\/p>\n<p><\/p>\n<p><strong>Test et inspection<\/strong><\/p>\n<p>Toutes les machines sont test\u00e9es avant d'\u00eatre exp\u00e9di\u00e9es.<\/p>\n<p><img loading=\"lazy\" decoding=\"async\" src=\"https:\/\/img01.71360.com\/file\/read\/www2\/M00\/17\/64\/rBwBEmQi8-CAJ0wlAAny7CMlcDQ619.jpg\" alt=\"Test &amp; Inspection\" title=\"Test et inspection\" width=\"800\" height=\"945\"\/><\/p>\n<p><\/p>\n<p><strong>Paquet et livraison<\/strong><\/p>\n<p><img loading=\"lazy\" decoding=\"async\" src=\"https:\/\/img01.71360.com\/file\/read\/www2\/M00\/17\/64\/rBwBEmQi8-GAU2DXAATlRMxdXps522.jpg\" alt=\"Package &amp; Delivery\" title=\"Paquet et livraison\" width=\"800\" height=\"330\"\/><\/p>","protected":false},"excerpt":{"rendered":"<p>Bed rail passed high-frequency quenching, grinding,high precision.<br \/>Head stock gear precision grinding, low noise.<br \/>Foot brake\/electro magnetic brakeis optional.<br \/>Carriage optional:  left hand OR right hand.<br \/>Big slide can be:common,fast forward or tapered structure.<br \/>Ball screw can be Metric or British system.<br \/>Foot brake\/electro magnetic brake is optional.<\/p>","protected":false},"featured_media":2967,"comment_status":"closed","ping_status":"open","template":"","meta":{"_acf_changed":false},"product_cat":[57],"product_tag":[],"class_list":["post-2966","product","type-product","status-publish","has-post-thumbnail","hentry","product_cat-universal-turning-machine"],"acf":[],"_links":{"self":[{"href":"https:\/\/www.arismachinery.com\/fr\/wp-json\/wp\/v2\/product\/2966","targetHints":{"allow":["GET"]}}],"collection":[{"href":"https:\/\/www.arismachinery.com\/fr\/wp-json\/wp\/v2\/product"}],"about":[{"href":"https:\/\/www.arismachinery.com\/fr\/wp-json\/wp\/v2\/types\/product"}],"replies":[{"embeddable":true,"href":"https:\/\/www.arismachinery.com\/fr\/wp-json\/wp\/v2\/comments?post=2966"}],"wp:featuredmedia":[{"embeddable":true,"href":"https:\/\/www.arismachinery.com\/fr\/wp-json\/wp\/v2\/media\/2967"}],"wp:attachment":[{"href":"https:\/\/www.arismachinery.com\/fr\/wp-json\/wp\/v2\/media?parent=2966"}],"wp:term":[{"taxonomy":"product_cat","embeddable":true,"href":"https:\/\/www.arismachinery.com\/fr\/wp-json\/wp\/v2\/product_cat?post=2966"},{"taxonomy":"product_tag","embeddable":true,"href":"https:\/\/www.arismachinery.com\/fr\/wp-json\/wp\/v2\/product_tag?post=2966"}],"curies":[{"name":"wp","href":"https:\/\/api.w.org\/{rel}","templated":true}]}}