{"id":2968,"date":"2024-03-08T10:44:49","date_gmt":"2024-03-08T02:44:49","guid":{"rendered":"http:\/\/www.arismachinery.com\/product\/x6132-heavy-duty-horizontal-universal-milling-machine\/"},"modified":"2024-03-08T10:44:54","modified_gmt":"2024-03-08T02:44:54","slug":"x6132-heavy-duty-horizontal-universal-milling-machine","status":"publish","type":"product","link":"https:\/\/www.arismachinery.com\/fr\/product\/x6132-heavy-duty-horizontal-universal-milling-machine\/","title":{"rendered":"X6132 Fraiseuse universelle horizontale \u00e0 usage intensif"},"content":{"rendered":"<p><strong>Caract\u00e9ristiques principales :<\/strong><\/p>\n<p>1. construction robuste et conception r\u00e9sistante.<\/p>\n<p>2. Les principales pi\u00e8ces d'entra\u00eenement sont en acier alli\u00e9.<\/p>\n<p>3. les parties relativement mobiles entre le corps de la machine et le rail de guidage sont trait\u00e9es par laminage en PVC.<\/p>\n<p>4. une puissance suffisante et une grande plage de vitesse qui permettent d'exploiter pleinement l'efficacit\u00e9 des outils.<\/p>\n<p>5. Peut \u00eatre \u00e9quip\u00e9 d'outils en alliage dur pour fraiser \u00e0 grande vitesse.<\/p>\n<p>6. La broche est \u00e9quip\u00e9e d'un dispositif d'impulsion pour faciliter le r\u00e9glage de la vitesse.<\/p>\n<p>7. La t\u00eate de fraisage universelle, la table de travail ronde, la t\u00eate de division, l'\u00e9tau et le compteur num\u00e9rique sont disponibles en option.<\/p>\n<p><\/p>\n<p><strong>Param\u00e8tres techniques :<\/strong><\/p>\n<table data-sort=\"sortDisabled\">\n<tbody>\n<tr class=\"firstRow\">\n<td x_str=\"\">Mod\u00e8le<\/td>\n<td x_str=\"\" align=\"center\" valign=\"middle\">X5032<\/td>\n<td x_str=\"\" align=\"center\" valign=\"middle\">X5035<\/td>\n<td x_str=\"\" align=\"center\" valign=\"middle\">X5040<\/td>\n<td x_str=\"\" align=\"center\" valign=\"middle\">X5055<\/td>\n<\/tr>\n<tr>\n<td x_str=\"\">Taille de la table de travail (mm)<\/td>\n<td x_str=\"\" align=\"center\" valign=\"middle\">320*1325\/1700<\/td>\n<td x_str=\"\" align=\"center\" valign=\"middle\">350*1350\/1700<\/td>\n<td x_str=\"\" align=\"center\" valign=\"middle\">400*1700\/2000\/2200<\/td>\n<td x_str=\"\" align=\"center\" valign=\"middle\">550*2000\/2500<\/td>\n<\/tr>\n<tr>\n<td x_str=\"\">Charge maximale sur la table (kg)<\/td>\n<td x_num=\"500\" align=\"center\" valign=\"middle\">500<\/td>\n<td x_num=\"600\" align=\"center\" valign=\"middle\">600<\/td>\n<td x_num=\"800\" align=\"center\" valign=\"middle\">800<\/td>\n<td x_num=\"1200\" align=\"center\" valign=\"middle\">1200<\/td>\n<\/tr>\n<tr>\n<td x_str=\"\">Rainure en T (N*L*P)(mm)<\/td>\n<td x_str=\"\" align=\"center\" valign=\"middle\">3-18*70<\/td>\n<td x_str=\"\" align=\"center\" valign=\"middle\">3-18*70<\/td>\n<td x_str=\"\" align=\"center\" valign=\"middle\">3-18*90<\/td>\n<td x_str=\"\" align=\"center\" valign=\"middle\">5-18*100<\/td>\n<\/tr>\n<tr>\n<td rowspan=\"3\" x_str=\"\">Course de l'axe X Manuel\/Automatique (mm)<\/td>\n<td x_str=\"\" align=\"center\" valign=\"middle\" rowspan=\"3\" colspan=\"1\">700\/680<br \/>1100\/1080<\/td>\n<td x_str=\"\" align=\"center\" valign=\"middle\" rowspan=\"3\" colspan=\"1\">700\/680<br \/>1100\/1080<\/td>\n<td x_str=\"\" align=\"center\" valign=\"middle\" rowspan=\"3\" colspan=\"1\">900\/880<br \/>1200\/1180<br \/>1380\/1360<\/td>\n<td x_str=\"\" align=\"center\" valign=\"middle\" rowspan=\"3\" colspan=\"1\">1200\/1180<br \/>2000\/1950<\/td>\n<\/tr>\n<tr><\/tr>\n<tr><\/tr>\n<tr>\n<td x_str=\"\">Course de l'axe Y Manuel\/Automatique (mm)<\/td>\n<td x_str=\"\" align=\"center\" valign=\"middle\">255\/240<\/td>\n<td x_str=\"\" align=\"center\" valign=\"middle\">330\/310<\/td>\n<td x_str=\"\" align=\"center\" valign=\"middle\">315\/300<\/td>\n<td x_str=\"\" align=\"center\" valign=\"middle\">550\/530<\/td>\n<\/tr>\n<tr>\n<td x_str=\"\">Course de l'axe Z Manuel\/Automatique (mm)<\/td>\n<td x_str=\"\" align=\"center\" valign=\"middle\">370\/350<\/td>\n<td x_str=\"\" align=\"center\" valign=\"middle\">370\/350<\/td>\n<td x_str=\"\" align=\"center\" valign=\"middle\">385\/365<\/td>\n<td x_str=\"\" align=\"center\" valign=\"middle\">710\/700<\/td>\n<\/tr>\n<tr>\n<td x_str=\"\">Conicit\u00e9 de la broche<\/td>\n<td x_str=\"\" align=\"center\" valign=\"middle\">7:24 ISO 50<\/td>\n<td x_str=\"\" align=\"center\" valign=\"middle\">7:24 ISO 50<\/td>\n<td x_str=\"\" align=\"center\" valign=\"middle\">7:24 ISO 50<\/td>\n<td x_str=\"\" align=\"center\" valign=\"middle\">7:24 ISO 50<\/td>\n<\/tr>\n<tr>\n<td x_str=\"\">Vitesse de rotation de la broche (tr\/min)<\/td>\n<td x_str=\"\" align=\"center\" valign=\"middle\">30-1500<\/td>\n<td x_str=\"\" align=\"center\" valign=\"middle\">30-1500<\/td>\n<td x_str=\"\" align=\"center\" valign=\"middle\">30-1500<\/td>\n<td x_str=\"\" align=\"center\" valign=\"middle\">30-1500<\/td>\n<\/tr>\n<tr>\n<td x_str=\"\">\u00c9tapes de la vitesse de la broche<\/td>\n<td x_num=\"18\" align=\"center\" valign=\"middle\">18<\/td>\n<td x_num=\"18\" align=\"center\" valign=\"middle\">18<\/td>\n<td x_num=\"18\" align=\"center\" valign=\"middle\">18<\/td>\n<td x_num=\"18\" align=\"center\" valign=\"middle\">18<\/td>\n<\/tr>\n<tr>\n<td x_str=\"\">Course de la broche (mm)<\/td>\n<td x_num=\"85\" align=\"center\" valign=\"middle\">85<\/td>\n<td x_num=\"85\" align=\"center\" valign=\"middle\">85<\/td>\n<td x_num=\"85\" align=\"center\" valign=\"middle\">85<\/td>\n<td x_num=\"85\" align=\"center\" valign=\"middle\">85<\/td>\n<\/tr>\n<tr>\n<td x_str=\"\">Angle de rotation max. de la t\u00eate de fraisage<\/td>\n<td x_str=\"\" align=\"center\" valign=\"middle\">\u00b145\u00b0<\/td>\n<td x_str=\"\" align=\"center\" valign=\"middle\">\u00b145\u00b0<\/td>\n<td x_str=\"\" align=\"center\" valign=\"middle\">\u00b145\u00b0<\/td>\n<td x_str=\"\" align=\"center\" valign=\"middle\">\u00b145\u00b0<\/td>\n<\/tr>\n<tr>\n<td x_str=\"\">Distance entre le nez de la broche et la table (mm)<\/td>\n<td x_str=\"\" align=\"center\" valign=\"middle\">45-415<\/td>\n<td x_str=\"\" align=\"center\" valign=\"middle\">45-415<\/td>\n<td x_str=\"\" align=\"center\" valign=\"middle\">30-500<\/td>\n<td x_str=\"\" align=\"center\" valign=\"middle\">50-760<\/td>\n<\/tr>\n<tr>\n<td x_str=\"\">Distance entre le centre de la broche et la colonne verticale (mm)<\/td>\n<td x_num=\"350\" align=\"center\" valign=\"middle\">350<\/td>\n<td x_num=\"360\" align=\"center\" valign=\"middle\">360<\/td>\n<td x_num=\"450\" align=\"center\" valign=\"middle\">450<\/td>\n<td x_num=\"560\" align=\"center\" valign=\"middle\">560<\/td>\n<\/tr>\n<tr>\n<td x_str=\"\">Rapid moving speed &nbsp;X \/ Y \/ Z (mm\/min)<\/td>\n<td x_str=\"\" align=\"center\" valign=\"middle\">2300 \/ 2300 \/ 700<\/td>\n<td x_str=\"\" align=\"center\" valign=\"middle\">2300 \/ 2300 \/ 700<\/td>\n<td x_str=\"\" align=\"center\" valign=\"middle\">2300 \/ 1540 \/ 770<\/td>\n<td x_str=\"\" align=\"center\" valign=\"middle\">2300 \/ 1540 \/ 770<\/td>\n<\/tr>\n<tr>\n<td x_str=\"\">X Vitesse d'alimentation (mm\/min)<\/td>\n<td x_str=\"\" align=\"center\" valign=\"middle\">23.5-1180<\/td>\n<td x_str=\"\" align=\"center\" valign=\"middle\">23.5-1180<\/td>\n<td x_str=\"\" align=\"center\" valign=\"middle\">23.5-1180<\/td>\n<td x_str=\"\" align=\"center\" valign=\"middle\">16 -1180<\/td>\n<\/tr>\n<tr>\n<td x_str=\"\">Y Vitesse d'alimentation (mm\/min)<\/td>\n<td x_str=\"\" align=\"center\" valign=\"middle\">15-786<\/td>\n<td x_str=\"\" align=\"center\" valign=\"middle\">15-786<\/td>\n<td x_str=\"\" align=\"center\" valign=\"middle\">15-786<\/td>\n<td x_str=\"\" align=\"center\" valign=\"middle\">16 -1180<\/td>\n<\/tr>\n<tr>\n<td x_str=\"\">Z Vitesse d'alimentation (mm\/min)<\/td>\n<td x_str=\"\" align=\"center\" valign=\"middle\">8-394<\/td>\n<td x_str=\"\" align=\"center\" valign=\"middle\">8-394<\/td>\n<td x_str=\"\" align=\"center\" valign=\"middle\">8-394<\/td>\n<td x_str=\"\" align=\"center\" valign=\"middle\">8-450<\/td>\n<\/tr>\n<tr>\n<td x_str=\"\">Puissance du moteur de la broche (Kw)<\/td>\n<td x_num=\"7.5\" align=\"center\" valign=\"middle\">7.5<\/td>\n<td x_num=\"7.5\" align=\"center\" valign=\"middle\">7.5<\/td>\n<td x_num=\"11\" align=\"center\" valign=\"middle\">11<\/td>\n<td x_num=\"11\" align=\"center\" valign=\"middle\">11<\/td>\n<\/tr>\n<tr>\n<td x_str=\"\">Moteur d'alimentation (Kw)<\/td>\n<td x_num=\"2.2\" align=\"center\" valign=\"middle\">2.2<\/td>\n<td x_num=\"2.2\" align=\"center\" valign=\"middle\">2.2<\/td>\n<td x_num=\"3\" align=\"center\" valign=\"middle\">3<\/td>\n<td x_num=\"3\" align=\"center\" valign=\"middle\">3<\/td>\n<\/tr>\n<tr>\n<td x_str=\"\">Poids de la machine (Kg)<\/td>\n<td x_str=\"\" align=\"center\" valign=\"middle\">2800\/3000<\/td>\n<td x_str=\"\" align=\"center\" valign=\"middle\">2900\/3100<\/td>\n<td x_str=\"\" align=\"center\" valign=\"middle\">4250\/4400\/4500<\/td>\n<td x_str=\"\" align=\"center\" valign=\"middle\">5500\/6000<\/td>\n<\/tr>\n<\/tbody>\n<\/table>\n<p><\/p>\n<table>\n<tbody>\n<tr class=\"firstRow\">\n<td colspan=\"2\">Accessoires standard<\/td>\n<td colspan=\"2\">Accessoires en option<\/td>\n<\/tr>\n<tr>\n<td colspan=\"2\">1.Pin of end mill<\/td>\n<td colspan=\"2\">1.&nbsp;DRO for XY axis&nbsp;<\/td>\n<\/tr>\n<tr>\n<td colspan=\"2\">2. Morse taper sleeve&nbsp;<\/td>\n<td colspan=\"2\">2.&nbsp;DRO for XYZ axis<\/td>\n<\/tr>\n<tr>\n<td colspan=\"2\">3. Tie lod<\/td>\n<td colspan=\"2\">3.&nbsp;Dividing head<\/td>\n<\/tr>\n<tr>\n<td colspan=\"2\">4.Oil gun&nbsp;Feet&nbsp;bolts.<\/td>\n<td colspan=\"2\">4. Plain vice<\/td>\n<\/tr>\n<tr>\n<td colspan=\"2\">5. bo\u00eete \u00e0 outils&nbsp;<\/td>\n<td colspan=\"2\">5. Thread&nbsp;chasing&nbsp;dial<\/td>\n<\/tr>\n<tr>\n<td colspan=\"2\" rowspan=\"1\">6. r\u00e9glage du coussin de pied<\/td>\n<td colspan=\"2\" rowspan=\"1\">6. tension et couleur personnalisables<\/td>\n<\/tr>\n<\/tbody>\n<\/table>\n<p><\/p>\n<p><strong>Entreprise et ateliers<\/strong><\/p>\n<p>ARIS Machinery est un groupe compos\u00e9 de 4 usines. ARIS dispose d'un atelier d'environ 60000 m\u00e8tres carr\u00e9s.<\/p>\n<p><img loading=\"lazy\" decoding=\"async\" src=\"https:\/\/img01.71360.com\/file\/read\/www2\/M00\/17\/64\/rBwBEmQi8-CAcrRhAAf3br41wiI882.jpg\" alt=\"Company &amp; Workshops\" title=\"Entreprise et ateliers\" width=\"800\" height=\"585\"\/><\/p>\n<p><img loading=\"lazy\" decoding=\"async\" src=\"https:\/\/img01.71360.com\/file\/read\/www2\/M00\/17\/64\/rBwBEmQi8-GAD3UmAAikCZrTqpc510.jpg\" alt=\"Company &amp; Workshops\" title=\"Entreprise et ateliers\" width=\"800\" height=\"585\"\/><\/p>\n<p><\/p>\n<p><strong>Equipements de production<\/strong><\/p>\n<p>Les principales pi\u00e8ces de nos machines sont trait\u00e9es par des machines \u00e0 commande num\u00e9rique. Nous disposons de fraiseuses \u00e0 commande num\u00e9rique \u00e0 portique, de centres d'usinage verticaux \u00e0 commande num\u00e9rique, de rectifieuses \u00e0 commande num\u00e9rique \u00e0 portique, de machines de d\u00e9coupe laser \u00e0 commande num\u00e9rique, de cintreuses \u00e0 commande num\u00e9rique et de cisailles \u00e0 commande num\u00e9rique.<\/p>\n<p><img loading=\"lazy\" decoding=\"async\" src=\"https:\/\/img01.71360.com\/file\/read\/www2\/M00\/17\/64\/rBwBEmQi8-KAFzs2AAhn1LhHtcI014.jpg\" alt=\"Production Equipments\" title=\"Equipements de production\" width=\"800\" height=\"747\"\/><\/p>\n<p><\/p>\n<p><strong>Test et inspection<\/strong><\/p>\n<p>Toutes les machines sont test\u00e9es avant d'\u00eatre exp\u00e9di\u00e9es.<\/p>\n<p><img loading=\"lazy\" decoding=\"async\" src=\"https:\/\/img01.71360.com\/file\/read\/www2\/M00\/17\/64\/rBwBEmQi8-CAJ0wlAAny7CMlcDQ619.jpg\" alt=\"Test &amp; Inspection\" title=\"Test et inspection\" width=\"800\" height=\"945\"\/><\/p>\n<p><\/p>\n<p><strong>Paquet et livraison<\/strong><\/p>\n<p><img loading=\"lazy\" decoding=\"async\" src=\"https:\/\/img01.71360.com\/file\/read\/www2\/M00\/17\/64\/rBwBEmQi8-GAU2DXAATlRMxdXps522.jpg\" alt=\"Package &amp; Delivery\" title=\"Paquet et livraison\" width=\"800\" height=\"330\"\/><\/p>\n<h2>Produits apparent\u00e9s<\/h2>\n<p><strong>Fraiseuse horizontale universelle X6140<\/strong><\/p>\n<p><strong>Fraiseuse horizontale universelle CNC<\/strong><\/p>\n<p><strong>X5032 Fraiseuse universelle verticale \u00e0 usage intensif<\/strong><\/p>\n<p><strong>X5040 Fraiseuse verticale universelle \u00e0 genoux<\/strong><\/p>\n<p><strong>Fraiseuse verticale universelle CNC<\/strong><\/p>\n<p><\/p>","protected":false},"excerpt":{"rendered":"<p>Construction robuste et conception r\u00e9sistante.<br \/>Les principales pi\u00e8ces d'entra\u00eenement sont en acier alli\u00e9.<br \/>Les parties relativement mobiles entre le corps de la machine et le rail de guidage sont trait\u00e9es par stratification PVC.<br \/>Une puissance suffisante et une grande plage de vitesse qui permettent d'exploiter pleinement l'efficacit\u00e9 des outils.<br \/>Peut \u00eatre \u00e9quip\u00e9 d'outils en alliage dur pour fraiser \u00e0 grande vitesse.<br \/>La broche est \u00e9quip\u00e9e d'un dispositif d'impulsion pour faciliter le r\u00e9glage de la vitesse.<br \/>La t\u00eate de fraisage universelle, la table de travail ronde, la t\u00eate de division et le compteur num\u00e9rique sont disponibles en option.<br \/>Different brand of cnc system for option: FANUC,SIEMENS,SYNTEC and GSK.<\/p>","protected":false},"featured_media":2969,"comment_status":"closed","ping_status":"open","template":"","meta":{"_acf_changed":false},"product_cat":[58],"product_tag":[],"class_list":["post-2968","product","type-product","status-publish","has-post-thumbnail","hentry","product_cat-universal-horizontal-milling-machine"],"acf":[],"_links":{"self":[{"href":"https:\/\/www.arismachinery.com\/fr\/wp-json\/wp\/v2\/product\/2968","targetHints":{"allow":["GET"]}}],"collection":[{"href":"https:\/\/www.arismachinery.com\/fr\/wp-json\/wp\/v2\/product"}],"about":[{"href":"https:\/\/www.arismachinery.com\/fr\/wp-json\/wp\/v2\/types\/product"}],"replies":[{"embeddable":true,"href":"https:\/\/www.arismachinery.com\/fr\/wp-json\/wp\/v2\/comments?post=2968"}],"wp:featuredmedia":[{"embeddable":true,"href":"https:\/\/www.arismachinery.com\/fr\/wp-json\/wp\/v2\/media\/2969"}],"wp:attachment":[{"href":"https:\/\/www.arismachinery.com\/fr\/wp-json\/wp\/v2\/media?parent=2968"}],"wp:term":[{"taxonomy":"product_cat","embeddable":true,"href":"https:\/\/www.arismachinery.com\/fr\/wp-json\/wp\/v2\/product_cat?post=2968"},{"taxonomy":"product_tag","embeddable":true,"href":"https:\/\/www.arismachinery.com\/fr\/wp-json\/wp\/v2\/product_tag?post=2968"}],"curies":[{"name":"wp","href":"https:\/\/api.w.org\/{rel}","templated":true}]}}