{"id":2970,"date":"2024-03-08T10:44:49","date_gmt":"2024-03-08T02:44:49","guid":{"rendered":"http:\/\/www.arismachinery.com\/product\/x6140-universal-horizontal-milling-machine\/"},"modified":"2024-03-08T10:44:55","modified_gmt":"2024-03-08T02:44:55","slug":"x6140-universal-horizontal-milling-machine","status":"publish","type":"product","link":"https:\/\/www.arismachinery.com\/fr\/product\/x6140-universal-horizontal-milling-machine\/","title":{"rendered":"Fraiseuse horizontale universelle X6140"},"content":{"rendered":"<p><strong>Caract\u00e9ristiques principales :<\/strong><\/p>\n<p>1. construction robuste et conception r\u00e9sistante.<\/p>\n<p>2. Les principales pi\u00e8ces d'entra\u00eenement sont en acier alli\u00e9.<\/p>\n<p>3. Relatively moving parts between machine body and guide rail is PVC laminating treated.<\/p>\n<p>4. Sufficient power and large speed range which make full use of the efficiency of tools.<\/p>\n<p>5. Peut \u00eatre \u00e9quip\u00e9 d'outils en alliage dur pour fraiser \u00e0 grande vitesse.&nbsp;<\/p>\n<p>6. La broche est \u00e9quip\u00e9e d'un dispositif d'impulsion pour faciliter le r\u00e9glage de la vitesse.<\/p>\n<p>7. Universal milling head,round working table,dividing head and DRO are for option.<\/p>\n<p>8.Different brand of cnc system for option: FANUC, SIEMENS,SYNTEC and GSK.<\/p>\n<p><\/p>\n<p><strong>Param\u00e8tres techniques :<\/strong><\/p>\n<table>\n<tbody>\n<tr class=\"firstRow\">\n<td x_str=\"\">Mod\u00e8le<\/td>\n<td x_str=\"\" align=\"center\" valign=\"middle\">XK6132<\/td>\n<td x_str=\"\" align=\"center\" valign=\"middle\">XK6140<\/td>\n<\/tr>\n<tr>\n<td x_str=\"\">Working Table Size (mm)<\/td>\n<td x_str=\"\" align=\"center\" valign=\"middle\">320*1325\/1700<\/td>\n<td x_str=\"\" align=\"center\" valign=\"middle\">400*1700\/2000<\/td>\n<\/tr>\n<tr>\n<td x_str=\"\">Max.Table Load (kg)<\/td>\n<td x_num=\"500\" align=\"center\" valign=\"middle\">500<\/td>\n<td x_num=\"800\" align=\"center\" valign=\"middle\">800<\/td>\n<\/tr>\n<tr>\n<td x_str=\"\">T-Slot No.<\/td>\n<td x_num=\"3\" align=\"center\" valign=\"middle\">3<\/td>\n<td x_num=\"3\" align=\"center\" valign=\"middle\">3<\/td>\n<\/tr>\n<tr>\n<td x_str=\"\">T-Slot Width (mm)<\/td>\n<td x_num=\"18\" align=\"center\" valign=\"middle\">18<\/td>\n<td x_num=\"18\" align=\"center\" valign=\"middle\">18<\/td>\n<\/tr>\n<tr>\n<td x_str=\"\">Space between T-slot (mm)<\/td>\n<td x_num=\"70\" align=\"center\" valign=\"middle\">70<\/td>\n<td x_num=\"90\" align=\"center\" valign=\"middle\">90<\/td>\n<\/tr>\n<tr>\n<td x_str=\"\">Stroke &nbsp;X\/Y Z (mm)<\/td>\n<td x_str=\"\" align=\"center\" valign=\"middle\">700\/1080&nbsp;*255*320<\/td>\n<td x_str=\"\" align=\"center\" valign=\"middle\">900\/1200*315*365<\/td>\n<\/tr>\n<tr>\n<td x_str=\"\">Positioning accuracy (mm)<\/td>\n<td x_str=\"\" align=\"center\" valign=\"middle\">0.035\/0.045<\/td>\n<td x_str=\"\" align=\"center\" valign=\"middle\">0.035\/0.045<\/td>\n<\/tr>\n<tr>\n<td x_str=\"\">Repeat Positioning accuracy (mm)<\/td>\n<td x_str=\"\" align=\"center\" valign=\"middle\">0.025\/0.035<\/td>\n<td x_str=\"\" align=\"center\" valign=\"middle\">0.025\/0.035<\/td>\n<\/tr>\n<tr>\n<td x_str=\"\">Conicit\u00e9 de la broche<\/td>\n<td x_str=\"\" align=\"center\" valign=\"middle\">7:24 ISO 50<\/td>\n<td x_str=\"\" align=\"center\" valign=\"middle\">7:24 ISO 50<\/td>\n<\/tr>\n<tr>\n<td x_str=\"\">Spindle Speed (rpm)<\/td>\n<td x_str=\"\" align=\"center\" valign=\"middle\">30-1500<\/td>\n<td x_str=\"\" align=\"center\" valign=\"middle\">30-1500<\/td>\n<\/tr>\n<tr>\n<td x_str=\"\">Steps of Spindle Speed<\/td>\n<td x_num=\"18\" align=\"center\" valign=\"middle\">18<\/td>\n<td x_num=\"18\" align=\"center\" valign=\"middle\">18<\/td>\n<\/tr>\n<tr>\n<td x_str=\"\">Spindle Travel (mm)<\/td>\n<td x_num=\"85\" align=\"center\" valign=\"middle\">85<\/td>\n<td x_num=\"85\" align=\"center\" valign=\"middle\">85<\/td>\n<\/tr>\n<tr>\n<td x_str=\"\">Distance from Spindle Axis to working table (mm)<\/td>\n<td x_str=\"\" align=\"center\" valign=\"middle\">30\uff5e380<\/td>\n<td x_str=\"\" align=\"center\" valign=\"middle\">30\uff5e410<\/td>\n<\/tr>\n<tr>\n<td x_str=\"\">Distance from Vertical rail to the center of working table (mm)<\/td>\n<td x_str=\"\" align=\"center\" valign=\"middle\">215\uff5e470<\/td>\n<td x_str=\"\" align=\"center\" valign=\"middle\">235\uff5e580<\/td>\n<\/tr>\n<tr>\n<td x_str=\"\">X Axis moving Speed (mm\/min)<\/td>\n<td x_str=\"\" align=\"center\" valign=\"middle\">6-3500<\/td>\n<td x_str=\"\" align=\"center\" valign=\"middle\">6-3500<\/td>\n<\/tr>\n<tr>\n<td x_str=\"\">Y Axis moving &nbsp;Speed (mm\/min)<\/td>\n<td x_str=\"\" align=\"center\" valign=\"middle\">6-3500<\/td>\n<td x_str=\"\" align=\"center\" valign=\"middle\">6-3500<\/td>\n<\/tr>\n<tr>\n<td x_str=\"\">Z Axis movting Speed (mm\/min)<\/td>\n<td x_str=\"\" align=\"center\" valign=\"middle\">6-1200<\/td>\n<td x_str=\"\" align=\"center\" valign=\"middle\">6-1800<\/td>\n<\/tr>\n<tr>\n<td x_str=\"\">Power of Spindle Motor (kw)<\/td>\n<td x_num=\"7.5\" align=\"center\" valign=\"middle\">7.5<\/td>\n<td x_num=\"11\" align=\"center\" valign=\"middle\">11<\/td>\n<\/tr>\n<tr>\n<td x_str=\"\">Feeding Motor Torque &nbsp;X\/Y\/Z &nbsp;(N.M)<\/td>\n<td x_str=\"\" align=\"center\" valign=\"middle\">10&nbsp;\/10 \/17<\/td>\n<td x_num=\"40478\" align=\"center\" valign=\"middle\">10 \/10 \/27<\/td>\n<\/tr>\n<tr>\n<td x_str=\"\">Power of cooling pump motor &nbsp;(kw)<\/td>\n<td x_num=\"0.125\" align=\"center\" valign=\"middle\">0.125<\/td>\n<td x_num=\"0.125\" align=\"center\" valign=\"middle\">0.125<\/td>\n<\/tr>\n<tr>\n<td x_str=\"\">General Power (kw)<\/td>\n<td x_num=\"23\" align=\"center\" valign=\"middle\">23<\/td>\n<td x_num=\"25\" align=\"center\" valign=\"middle\">25<\/td>\n<\/tr>\n<tr>\n<td x_str=\"\">Machine Dimension (mm)<\/td>\n<td x_str=\"\" align=\"center\" valign=\"middle\">2300*1800*1660<\/td>\n<td x_str=\"\" align=\"center\" valign=\"middle\">2600*2200*2400<\/td>\n<\/tr>\n<tr>\n<td x_str=\"\">Machine Weight (kg)<\/td>\n<td x_num=\"2850\" align=\"center\" valign=\"middle\">2850<\/td>\n<td x_num=\"3850\" align=\"center\" valign=\"middle\">3850<\/td>\n<\/tr>\n<\/tbody>\n<\/table>\n<p><\/p>\n<p><strong>Entreprise et ateliers<\/strong><\/p>\n<p>ARIS Machinery est un groupe compos\u00e9 de 4 usines. ARIS dispose d'un atelier d'environ 60000 m\u00e8tres carr\u00e9s.<\/p>\n<p><img loading=\"lazy\" decoding=\"async\" src=\"https:\/\/img01.71360.com\/file\/read\/www2\/M00\/17\/64\/rBwBEmQi8-CAcrRhAAf3br41wiI882.jpg\" alt=\"Company &amp; Workshops\" title=\"Entreprise et ateliers\" width=\"800\" height=\"585\"\/><\/p>\n<p><img loading=\"lazy\" decoding=\"async\" src=\"https:\/\/img01.71360.com\/file\/read\/www2\/M00\/17\/64\/rBwBEmQi8-GAD3UmAAikCZrTqpc510.jpg\" alt=\"Company &amp; Workshops\" title=\"Entreprise et ateliers\" width=\"800\" height=\"585\"\/><\/p>\n<p><\/p>\n<p><strong>Equipements de production<\/strong><\/p>\n<p>Les principales pi\u00e8ces de nos machines sont trait\u00e9es par des machines \u00e0 commande num\u00e9rique. Nous disposons de fraiseuses \u00e0 commande num\u00e9rique \u00e0 portique, de centres d'usinage verticaux \u00e0 commande num\u00e9rique, de rectifieuses \u00e0 commande num\u00e9rique \u00e0 portique, de machines de d\u00e9coupe laser \u00e0 commande num\u00e9rique, de cintreuses \u00e0 commande num\u00e9rique et de cisailles \u00e0 commande num\u00e9rique.<\/p>\n<p><img loading=\"lazy\" decoding=\"async\" src=\"https:\/\/img01.71360.com\/file\/read\/www2\/M00\/17\/64\/rBwBEmQi8-KAFzs2AAhn1LhHtcI014.jpg\" alt=\"Production Equipments\" title=\"Equipements de production\" width=\"800\" height=\"747\"\/><\/p>\n<p><\/p>\n<p><strong>Test et inspection<\/strong><\/p>\n<p>Toutes les machines sont test\u00e9es avant d'\u00eatre exp\u00e9di\u00e9es.<\/p>\n<p><img loading=\"lazy\" decoding=\"async\" src=\"https:\/\/img01.71360.com\/file\/read\/www2\/M00\/17\/64\/rBwBEmQi8-CAJ0wlAAny7CMlcDQ619.jpg\" alt=\"Test &amp; Inspection\" title=\"Test et inspection\" width=\"800\" height=\"945\"\/><\/p>\n<p><\/p>\n<p><strong>Paquet et livraison<\/strong><\/p>\n<p><img loading=\"lazy\" decoding=\"async\" src=\"https:\/\/img01.71360.com\/file\/read\/www2\/M00\/17\/64\/rBwBEmQi8-GAU2DXAATlRMxdXps522.jpg\" alt=\"Package &amp; Delivery\" title=\"Paquet et livraison\" width=\"800\" height=\"330\"\/><\/p>","protected":false},"excerpt":{"rendered":"<p>Construction robuste et conception r\u00e9sistante.<br \/>Les principales pi\u00e8ces d'entra\u00eenement sont en acier alli\u00e9.<br \/>Les parties relativement mobiles entre le corps de la machine et le rail de guidage sont trait\u00e9es par stratification PVC.<br \/>Une puissance suffisante et une grande plage de vitesse qui permettent d'exploiter pleinement l'efficacit\u00e9 des outils.<br \/>Peut \u00eatre \u00e9quip\u00e9 d'outils en alliage dur pour fraiser \u00e0 grande vitesse.<br \/>La broche est \u00e9quip\u00e9e d'un dispositif d'impulsion pour faciliter le r\u00e9glage de la vitesse.<br \/>La t\u00eate de fraisage universelle, la table de travail ronde, la t\u00eate de division et le compteur num\u00e9rique sont disponibles en option.<br \/>Different brand of cnc system for option: FANUC, SIEMENS,SYNTEC and GSK.<\/p>","protected":false},"featured_media":2971,"comment_status":"closed","ping_status":"open","template":"","meta":{"_acf_changed":false},"product_cat":[58],"product_tag":[],"class_list":["post-2970","product","type-product","status-publish","has-post-thumbnail","hentry","product_cat-universal-horizontal-milling-machine"],"acf":[],"_links":{"self":[{"href":"https:\/\/www.arismachinery.com\/fr\/wp-json\/wp\/v2\/product\/2970","targetHints":{"allow":["GET"]}}],"collection":[{"href":"https:\/\/www.arismachinery.com\/fr\/wp-json\/wp\/v2\/product"}],"about":[{"href":"https:\/\/www.arismachinery.com\/fr\/wp-json\/wp\/v2\/types\/product"}],"replies":[{"embeddable":true,"href":"https:\/\/www.arismachinery.com\/fr\/wp-json\/wp\/v2\/comments?post=2970"}],"wp:featuredmedia":[{"embeddable":true,"href":"https:\/\/www.arismachinery.com\/fr\/wp-json\/wp\/v2\/media\/2971"}],"wp:attachment":[{"href":"https:\/\/www.arismachinery.com\/fr\/wp-json\/wp\/v2\/media?parent=2970"}],"wp:term":[{"taxonomy":"product_cat","embeddable":true,"href":"https:\/\/www.arismachinery.com\/fr\/wp-json\/wp\/v2\/product_cat?post=2970"},{"taxonomy":"product_tag","embeddable":true,"href":"https:\/\/www.arismachinery.com\/fr\/wp-json\/wp\/v2\/product_tag?post=2970"}],"curies":[{"name":"wp","href":"https:\/\/api.w.org\/{rel}","templated":true}]}}