{"id":2972,"date":"2024-03-08T10:44:49","date_gmt":"2024-03-08T02:44:49","guid":{"rendered":"http:\/\/www.arismachinery.com\/product\/gantry-type-cnc-milling-machine\/"},"modified":"2024-03-08T10:44:55","modified_gmt":"2024-03-08T02:44:55","slug":"gantry-type-cnc-milling-machine","status":"publish","type":"product","link":"https:\/\/www.arismachinery.com\/fr\/product\/gantry-type-cnc-milling-machine\/","title":{"rendered":"Fraiseuse CNC \u00e0 portique"},"content":{"rendered":"<p><strong>Caract\u00e9ristiques principales :<\/strong><\/p>\n<p>1.Bed, columns and travel tracks form a solid frame structure for high rigidity under hard machining conditions.<\/p>\n<p>2.The oversized column combined with box type beam construction features additional machine rigidity.<\/p>\n<p>3.The slant beam construction with increased slide way surfaces efficiently upgrades force distribution area.<\/p>\n<p>4.The spindle head is located at the center of beam, providing high movement accuracy, superior heavy cutting capability.&nbsp;<\/p>\n<p>5.&nbsp;Equipped with spindle motor ball screw and double counter-balance cylinders are all properly located at the best positions.&nbsp;<\/p>\n<p>6.Taiwan HIWIN linear rail for all XYZ axis.<\/p>\n<p>7.Different Operating system as optional: &nbsp;FANUC, SIEMENS, GSK, LNC, SYNTEC.<\/p>\n<p><\/p>\n<p><strong>Param\u00e8tres techniques :<\/strong><\/p>\n<table>\n<tbody>\n<tr class=\"firstRow\">\n<td x_str=\"\">Mod\u00e8le<\/td>\n<td x_str=\"\" align=\"center\" valign=\"middle\">GMC3016<\/td>\n<td x_str=\"\" align=\"center\" valign=\"middle\">GMC3020<\/td>\n<td x_str=\"\" align=\"center\" valign=\"middle\">GMC4016<\/td>\n<td x_str=\"\" align=\"center\" valign=\"middle\">GMC4020<\/td>\n<\/tr>\n<tr>\n<td x_str=\"\">Travel ( X Axis) (mm)<\/td>\n<td x_num=\"3200\" align=\"center\" valign=\"middle\">3200<\/td>\n<td x_num=\"3200\" align=\"center\" valign=\"middle\">3200<\/td>\n<td x_num=\"4200\" align=\"center\" valign=\"middle\">4200<\/td>\n<td x_num=\"4200\" align=\"center\" valign=\"middle\">4200<\/td>\n<\/tr>\n<tr>\n<td x_str=\"\">Travel ( Y Axis)(mm)<\/td>\n<td x_num=\"2000\" align=\"center\" valign=\"middle\">2000<\/td>\n<td x_num=\"2600\" align=\"center\" valign=\"middle\">2600<\/td>\n<td x_num=\"2000\" align=\"center\" valign=\"middle\">2000<\/td>\n<td x_num=\"2600\" align=\"center\" valign=\"middle\">2600<\/td>\n<\/tr>\n<tr>\n<td x_str=\"\">Travel ( Z Axis)(mm)<\/td>\n<td x_num=\"1000\" align=\"center\" valign=\"middle\">1000<\/td>\n<td x_num=\"1000\" align=\"center\" valign=\"middle\">1000<\/td>\n<td x_num=\"1000\" align=\"center\" valign=\"middle\">1000<\/td>\n<td x_num=\"1000\" align=\"center\" valign=\"middle\">1000<\/td>\n<\/tr>\n<tr>\n<td x_str=\"\">Diatance: working table to &nbsp;spindle nose(mm)<\/td>\n<td x_str=\"\" align=\"center\" valign=\"middle\">150-1150<\/td>\n<td x_str=\"\" align=\"center\" valign=\"middle\">150-1150<\/td>\n<td x_str=\"\" align=\"center\" valign=\"middle\">200-1200<\/td>\n<td x_str=\"\" align=\"center\" valign=\"middle\">200-1200<\/td>\n<\/tr>\n<tr>\n<td x_str=\"\">Effective width of gantry (mm)<\/td>\n<td x_num=\"2000\" align=\"center\" valign=\"middle\">2000<\/td>\n<td x_num=\"2600\" align=\"center\" valign=\"middle\">2600<\/td>\n<td x_num=\"2000\" align=\"center\" valign=\"middle\">2000<\/td>\n<td x_num=\"2600\" align=\"center\" valign=\"middle\">2600<\/td>\n<\/tr>\n<tr>\n<td x_str=\"\">Working table size(mm)<\/td>\n<td x_str=\"\" align=\"center\" valign=\"middle\">3000*1600<\/td>\n<td x_str=\"\" align=\"center\" valign=\"middle\">3000*2000<\/td>\n<td x_str=\"\" align=\"center\" valign=\"middle\">4000*1600<\/td>\n<td x_str=\"\" align=\"center\" valign=\"middle\">4000*2000<\/td>\n<\/tr>\n<tr>\n<td x_str=\"\">Max. load on table(Kg)<\/td>\n<td x_num=\"10000\" align=\"center\" valign=\"middle\">10000<\/td>\n<td x_num=\"12000\" align=\"center\" valign=\"middle\">12000<\/td>\n<td x_num=\"15000\" align=\"center\" valign=\"middle\">15000<\/td>\n<td x_num=\"16000\" align=\"center\" valign=\"middle\">16000<\/td>\n<\/tr>\n<tr>\n<td x_str=\"\">T-slot &nbsp;(mm)<\/td>\n<td x_str=\"\" align=\"center\" valign=\"middle\">9-22*180<\/td>\n<td x_str=\"\" align=\"center\" valign=\"middle\">9-22*200<\/td>\n<td x_str=\"\" align=\"center\" valign=\"middle\">9-22*180<\/td>\n<td x_str=\"\" align=\"center\" valign=\"middle\">9-22*200<\/td>\n<\/tr>\n<tr>\n<td x_str=\"\">Broche<\/td>\n<td x_str=\"\" align=\"center\" valign=\"middle\">BT50\/190<\/td>\n<td x_str=\"\" align=\"center\" valign=\"middle\">BT50\/190<\/td>\n<td x_str=\"\" align=\"center\" valign=\"middle\">BT50\/190<\/td>\n<td x_str=\"\" align=\"center\" valign=\"middle\">BT50\/190<\/td>\n<\/tr>\n<tr>\n<td x_str=\"\">Spindle speed (rpm) &nbsp;( Standard)<\/td>\n<td x_num=\"6000\" align=\"center\" valign=\"middle\">6000<\/td>\n<td x_num=\"6000\" align=\"center\" valign=\"middle\">6000<\/td>\n<td x_num=\"6000\" align=\"center\" valign=\"middle\">6000<\/td>\n<td x_num=\"6000\" align=\"center\" valign=\"middle\">6000<\/td>\n<\/tr>\n<tr>\n<td x_str=\"\">Spindle power (Kw)<\/td>\n<td x_str=\"\" align=\"center\" valign=\"middle\">15\/18.5<\/td>\n<td x_str=\"\" align=\"center\" valign=\"middle\">15\/18.5<\/td>\n<td x_str=\"\" align=\"center\" valign=\"middle\">22\/26<\/td>\n<td x_str=\"\" align=\"center\" valign=\"middle\">22\/26<\/td>\n<\/tr>\n<tr>\n<td x_str=\"\">Spindle torque (N.M)<\/td>\n<td x_num=\"143\" align=\"center\" valign=\"middle\">143<\/td>\n<td x_num=\"143\" align=\"center\" valign=\"middle\">143<\/td>\n<td x_num=\"140\" align=\"center\" valign=\"middle\">140<\/td>\n<td x_num=\"140\" align=\"center\" valign=\"middle\">140<\/td>\n<\/tr>\n<tr>\n<td x_str=\"\">X Y Z servo motor torque(N.M)<\/td>\n<td x_str=\"\" align=\"center\" valign=\"middle\">36\/36\/36<\/td>\n<td x_str=\"\" align=\"center\" valign=\"middle\">36\/36\/36<\/td>\n<td x_str=\"\" align=\"center\" valign=\"middle\">38\/30\/30<\/td>\n<td x_str=\"\" align=\"center\" valign=\"middle\">38\/30\/30<\/td>\n<\/tr>\n<tr>\n<td x_str=\"\">XYZ rapid moving speed X\/Y\/Z (m\/min)<\/td>\n<td x_num=\"40459\" align=\"center\" valign=\"middle\">2010\/10\/8<\/td>\n<td x_num=\"40459\" align=\"center\" valign=\"middle\">2010\/10\/8<\/td>\n<td x_num=\"40459\" align=\"center\" valign=\"middle\">2010\/10\/8<\/td>\n<td x_num=\"40459\" align=\"center\" valign=\"middle\">2010\/10\/8<\/td>\n<\/tr>\n<tr>\n<td x_str=\"\">Max. feeding speed (mm\/min)<\/td>\n<td x_num=\"5000\" align=\"center\" valign=\"middle\">5000<\/td>\n<td x_num=\"5000\" align=\"center\" valign=\"middle\">5000<\/td>\n<td x_num=\"5000\" align=\"center\" valign=\"middle\">5000<\/td>\n<td x_num=\"5000\" align=\"center\" valign=\"middle\">5000<\/td>\n<\/tr>\n<tr>\n<td x_str=\"\">Tool Magazine &nbsp;\uff08&nbsp;optional\uff09&nbsp;<\/td>\n<td x_str=\"\" align=\"center\" valign=\"middle\">without<\/td>\n<td x_str=\"\" align=\"center\" valign=\"middle\">without<\/td>\n<td x_str=\"\" align=\"center\" valign=\"middle\">without<\/td>\n<td x_str=\"\" align=\"center\" valign=\"middle\">without<\/td>\n<\/tr>\n<tr>\n<td x_str=\"\">XYZ guide rail<\/td>\n<td x_str=\"\" align=\"center\" valign=\"middle\">Taiwan Linear rail<\/td>\n<td x_str=\"\" align=\"center\" valign=\"middle\">Taiwan Linear rail<\/td>\n<td x_str=\"\" align=\"center\" valign=\"middle\">Taiwan Linear rail<\/td>\n<td x_str=\"\" align=\"center\" valign=\"middle\">Taiwan Linear rail<\/td>\n<\/tr>\n<tr>\n<td x_str=\"\">X Y Z Positioning accuracy(mm)<\/td>\n<td x_num=\"0.03\" align=\"center\" valign=\"middle\">0.03<\/td>\n<td x_num=\"0.03\" align=\"center\" valign=\"middle\">0.03<\/td>\n<td x_num=\"0.03\" align=\"center\" valign=\"middle\">0.03<\/td>\n<td x_num=\"0.03\" align=\"center\" valign=\"middle\">0.03<\/td>\n<\/tr>\n<tr>\n<td x_str=\"\">X Y Z Repositioning accuracy(mm)<\/td>\n<td x_num=\"0.015\" align=\"center\" valign=\"middle\">0.015<\/td>\n<td x_num=\"0.015\" align=\"center\" valign=\"middle\">0.015<\/td>\n<td x_num=\"0.015\" align=\"center\" valign=\"middle\">0.015<\/td>\n<td x_num=\"0.015\" align=\"center\" valign=\"middle\">0.015<\/td>\n<\/tr>\n<tr>\n<td x_str=\"\">Dimension (mm)<\/td>\n<td x_str=\"\" align=\"center\" valign=\"middle\">8300\u00d73800\u00d74600<\/td>\n<td x_str=\"\" align=\"center\" valign=\"middle\">8500\u00d74700\u00d74600<\/td>\n<td x_str=\"\" align=\"center\" valign=\"middle\">11000x3800x4800<\/td>\n<td x_str=\"\" align=\"center\" valign=\"middle\">11000x4700x4800<\/td>\n<\/tr>\n<tr>\n<td x_str=\"\">Weight(Kg)<\/td>\n<td x_num=\"32000\" align=\"center\" valign=\"middle\">32000<\/td>\n<td x_num=\"36000\" align=\"center\" valign=\"middle\">36000<\/td>\n<td x_num=\"40000\" align=\"center\" valign=\"middle\">40000<\/td>\n<td x_num=\"45000\" align=\"center\" valign=\"middle\">45000<\/td>\n<\/tr>\n<\/tbody>\n<\/table>\n<p><\/p>\n<p><strong>Entreprise et ateliers<\/strong><\/p>\n<p>ARIS Machinery est un groupe compos\u00e9 de 4 usines. ARIS dispose d'un atelier d'environ 60000 m\u00e8tres carr\u00e9s.<\/p>\n<p><img loading=\"lazy\" decoding=\"async\" src=\"https:\/\/img01.71360.com\/file\/read\/www2\/M00\/17\/64\/rBwBEmQi8-CAcrRhAAf3br41wiI882.jpg\" alt=\"Company &amp; Workshops\" title=\"Entreprise et ateliers\" width=\"800\" height=\"585\"\/><\/p>\n<p><img loading=\"lazy\" decoding=\"async\" src=\"https:\/\/img01.71360.com\/file\/read\/www2\/M00\/17\/64\/rBwBEmQi8-GAD3UmAAikCZrTqpc510.jpg\" alt=\"Company &amp; Workshops\" title=\"Entreprise et ateliers\" width=\"800\" height=\"585\"\/><\/p>\n<p><\/p>\n<p><strong>Equipements de production<\/strong><\/p>\n<p>Les principales pi\u00e8ces de nos machines sont trait\u00e9es par des machines \u00e0 commande num\u00e9rique. Nous disposons de fraiseuses \u00e0 commande num\u00e9rique \u00e0 portique, de centres d'usinage verticaux \u00e0 commande num\u00e9rique, de rectifieuses \u00e0 commande num\u00e9rique \u00e0 portique, de machines de d\u00e9coupe laser \u00e0 commande num\u00e9rique, de cintreuses \u00e0 commande num\u00e9rique et de cisailles \u00e0 commande num\u00e9rique.<\/p>\n<p><img loading=\"lazy\" decoding=\"async\" src=\"https:\/\/img01.71360.com\/file\/read\/www2\/M00\/17\/64\/rBwBEmQi8-KAFzs2AAhn1LhHtcI014.jpg\" alt=\"Production Equipments\" title=\"Equipements de production\" width=\"800\" height=\"747\"\/><\/p>\n<p><\/p>\n<p><strong>Test et inspection<\/strong><\/p>\n<p>Toutes les machines sont test\u00e9es avant d'\u00eatre exp\u00e9di\u00e9es.<\/p>\n<p><img loading=\"lazy\" decoding=\"async\" src=\"https:\/\/img01.71360.com\/file\/read\/www2\/M00\/17\/64\/rBwBEmQi8-CAJ0wlAAny7CMlcDQ619.jpg\" alt=\"Test &amp; Inspection\" title=\"Test et inspection\" width=\"800\" height=\"945\"\/><\/p>\n<p><\/p>\n<p><strong>Paquet et livraison<\/strong><\/p>\n<p><img loading=\"lazy\" decoding=\"async\" src=\"https:\/\/img01.71360.com\/file\/read\/www2\/M00\/17\/64\/rBwBEmQi8-GAU2DXAATlRMxdXps522.jpg\" alt=\"Package &amp; Delivery\" title=\"Paquet et livraison\" width=\"800\" height=\"330\"\/><\/p>\n<h2 style=\"text-wrap: wrap;\">Produits apparent\u00e9s<br \/><\/h2>\n<p style=\"text-wrap: wrap;\"><strong>Centre de fraisage vertical VMC1055L<\/strong><\/p>\n<p style=\"text-wrap: wrap;\"><strong>Fraiseuse \u00e0 commande num\u00e9rique VMC650L<\/strong><\/p>\n<p style=\"text-wrap: wrap;\"><strong>VMC850L Fraiseuse verticale CNC<\/strong><\/p>\n<p style=\"text-wrap: wrap;\"><strong>Centre d'usinage vertical VMC1160L<\/strong><\/p>\n<p style=\"text-wrap: wrap;\"><strong>Fraiseuse \u00e0 portique CNC \u00e0 3 axes<\/strong><\/p>\n<p style=\"text-wrap: wrap;\"><strong>Fraiseuse \u00e0 portique CNC 4 axes<\/strong><\/p>\n<p style=\"text-wrap: wrap;\"><strong>Fraiseuse \u00e0 portique CNC \u00e0 5 axes<\/strong><\/p>\n<p><\/p>","protected":false},"excerpt":{"rendered":"<p>Bed, columns and travel tracks form a solid frame structure for high rigidity under hard machining conditions. <br \/>Rail lin\u00e9aire HIWIN de Taiwan pour tous les axes XYZ. <br \/>Different Operating system as optional:  FANUC, SIEMENS, GSK, LNC, SYNTEC.<\/p>","protected":false},"featured_media":2973,"comment_status":"closed","ping_status":"open","template":"","meta":{"_acf_changed":false},"product_cat":[59],"product_tag":[],"class_list":["post-2972","product","type-product","status-publish","has-post-thumbnail","hentry","product_cat-cnc-milling-machine-gantry-type"],"acf":[],"_links":{"self":[{"href":"https:\/\/www.arismachinery.com\/fr\/wp-json\/wp\/v2\/product\/2972","targetHints":{"allow":["GET"]}}],"collection":[{"href":"https:\/\/www.arismachinery.com\/fr\/wp-json\/wp\/v2\/product"}],"about":[{"href":"https:\/\/www.arismachinery.com\/fr\/wp-json\/wp\/v2\/types\/product"}],"replies":[{"embeddable":true,"href":"https:\/\/www.arismachinery.com\/fr\/wp-json\/wp\/v2\/comments?post=2972"}],"wp:featuredmedia":[{"embeddable":true,"href":"https:\/\/www.arismachinery.com\/fr\/wp-json\/wp\/v2\/media\/2973"}],"wp:attachment":[{"href":"https:\/\/www.arismachinery.com\/fr\/wp-json\/wp\/v2\/media?parent=2972"}],"wp:term":[{"taxonomy":"product_cat","embeddable":true,"href":"https:\/\/www.arismachinery.com\/fr\/wp-json\/wp\/v2\/product_cat?post=2972"},{"taxonomy":"product_tag","embeddable":true,"href":"https:\/\/www.arismachinery.com\/fr\/wp-json\/wp\/v2\/product_tag?post=2972"}],"curies":[{"name":"wp","href":"https:\/\/api.w.org\/{rel}","templated":true}]}}