{"id":2975,"date":"2024-03-08T10:44:49","date_gmt":"2024-03-08T02:44:49","guid":{"rendered":"http:\/\/www.arismachinery.com\/product\/lx5040-cnc-engraving-milling-machine\/"},"modified":"2024-04-15T19:53:01","modified_gmt":"2024-04-15T11:53:01","slug":"lx5040-cnc-engraving-milling-machine","status":"publish","type":"product","link":"https:\/\/www.arismachinery.com\/fr\/product\/lx5040-cnc-engraving-milling-machine\/","title":{"rendered":"LX5040 Machine \u00e0 graver et \u00e0 fraiser \u00e0 commande num\u00e9rique"},"content":{"rendered":"<p><strong>Centre d'usinage \u00e0 double colonne (type portique)<\/strong><\/p>\n<p><strong>Caract\u00e9ristiques principales :<\/strong><\/p>\n<p>1.Vis \u00e0 billes et rail lin\u00e9aire de Ta\u00efwan<\/p>\n<p>2. servomoteur Yaskawa ou Panasonic<\/p>\n<p>3. diff\u00e9rents syst\u00e8mes de contr\u00f4le en option<\/p>\n<p>4. changeur automatique d'outils en option<\/p>\n<p>&nbsp;<\/p>\n<p><strong>Param\u00e8tres techniques :<\/strong><\/p>\n<table>\n<tbody>\n<tr class=\"firstRow\">\n<td>Mod\u00e8le<\/td>\n<td align=\"center\" valign=\"middle\">LX5040<\/td>\n<td align=\"center\" valign=\"middle\">LX6050<\/td>\n<td align=\"center\" valign=\"middle\">LX8070<\/td>\n<\/tr>\n<tr>\n<td>Taille de la table (mm)<\/td>\n<td align=\"center\" valign=\"middle\">500\u00d7400<\/td>\n<td align=\"center\" valign=\"middle\">\u00a0600\u00d7500<\/td>\n<td align=\"center\" valign=\"middle\">800\u00d7700<\/td>\n<\/tr>\n<tr>\n<td>Course (X\/Y\/Z) (mm)<\/td>\n<td align=\"center\" valign=\"middle\">500*400*250<\/td>\n<td align=\"center\" valign=\"middle\">600*500*260<\/td>\n<td align=\"center\" valign=\"middle\">800*700*300<\/td>\n<\/tr>\n<tr>\n<td>Vitesse de d\u00e9placement rapide (mm\/min)<\/td>\n<td align=\"center\" valign=\"middle\">12000<\/td>\n<td align=\"center\" valign=\"middle\">12000<\/td>\n<td align=\"center\" valign=\"middle\">12000<\/td>\n<\/tr>\n<tr>\n<td>Vitesse d'alimentation maximale (mm\/min)<\/td>\n<td align=\"center\" valign=\"middle\">6000<\/td>\n<td align=\"center\" valign=\"middle\">6000<\/td>\n<td align=\"center\" valign=\"middle\">6000<\/td>\n<\/tr>\n<tr>\n<td>Pr\u00e9cision du positionnement (mm)<\/td>\n<td align=\"center\" valign=\"middle\">0.008\/300<\/td>\n<td align=\"center\" valign=\"middle\">0.008\/300<\/td>\n<td align=\"center\" valign=\"middle\">0.01\/300<\/td>\n<\/tr>\n<tr>\n<td>Pr\u00e9cision de r\u00e9p\u00e9tition (mm)<\/td>\n<td align=\"center\" valign=\"middle\">0.004<\/td>\n<td align=\"center\" valign=\"middle\">0.004<\/td>\n<td align=\"center\" valign=\"middle\">0.005<\/td>\n<\/tr>\n<tr>\n<td>Perpendicularit\u00e9 X\/Y (mm)<\/td>\n<td align=\"center\" valign=\"middle\">0.015\/300<\/td>\n<td align=\"center\" valign=\"middle\">0.015\/300<\/td>\n<td align=\"center\" valign=\"middle\">0.015\/300<\/td>\n<\/tr>\n<tr>\n<td>Charge maximale sur la table (kg)<\/td>\n<td align=\"center\" valign=\"middle\">300<\/td>\n<td align=\"center\" valign=\"middle\">500<\/td>\n<td align=\"center\" valign=\"middle\">600<\/td>\n<\/tr>\n<tr>\n<td>Vitesse max. Vitesse de rotation de la broche (tr\/min)<\/td>\n<td align=\"center\" valign=\"middle\">24000<\/td>\n<td align=\"center\" valign=\"middle\">18000\/24000<\/td>\n<td align=\"center\" valign=\"middle\">18000<\/td>\n<\/tr>\n<tr>\n<td>Puissance du moteur principal (kw)<\/td>\n<td align=\"center\" valign=\"middle\">3.2\/4.0<\/td>\n<td align=\"center\" valign=\"middle\">4.0\/5.5<\/td>\n<td align=\"center\" valign=\"middle\">5.5\/7.5<\/td>\n<\/tr>\n<tr>\n<td>Mandrin \u00e0 broche<\/td>\n<td align=\"center\" valign=\"middle\">ER32\/BT30<\/td>\n<td align=\"center\" valign=\"middle\">ER32\/BT30<\/td>\n<td align=\"center\" valign=\"middle\">ER32\/ER40\/BT30<\/td>\n<\/tr>\n<tr>\n<td>Syst\u00e8me d'asservissement<\/td>\n<td colspan=\"3\" align=\"center\" valign=\"middle\">\u00a0 Syst\u00e8me CNC :    LNC\/ Syntec\/ Fanuc<\/p>\n<p>Syst\u00e8me d'asservissement :  Yaskawa \/Panasonic\/ Fanuc<\/td>\n<\/tr>\n<tr>\n<td>Tension (V\/ Hz)<\/td>\n<td colspan=\"3\" align=\"center\" valign=\"middle\">\u00a03 phases 380V\/50Hz, ( 220V\/50hz)<\/td>\n<\/tr>\n<tr>\n<td>Dimension (mm)<\/td>\n<td align=\"center\" valign=\"middle\">1650\u00d71500\u00d71900<\/td>\n<td align=\"center\" valign=\"middle\">1950\u00d71800\u00d72300<\/td>\n<td align=\"center\" valign=\"middle\">2300\u00d71920\u00d72400<\/td>\n<\/tr>\n<tr>\n<td>Poids (kg)<\/td>\n<td align=\"center\" valign=\"middle\">2300<\/td>\n<td align=\"center\" valign=\"middle\">2900<\/td>\n<td align=\"center\" valign=\"middle\">3500<\/td>\n<\/tr>\n<\/tbody>\n<\/table>\n<h2>Produits apparent\u00e9s<\/h2>\n<p><strong>LX6050 Machine \u00e0 graver et \u00e0 fraiser \u00e0 commande num\u00e9rique pour le m\u00e9tal<\/strong><\/p>\n<p><strong>Machine \u00e0 graver et \u00e0 fraiser CNC avec outil Magzine<\/strong><\/p>\n<p><strong>Machine \u00e0 graver CNC \u00e0 grande table de travail<\/strong><\/p>\n<p>&nbsp;<\/p>","protected":false},"excerpt":{"rendered":"<p>Le lit, les colonnes et les rails de d\u00e9placement forment une structure solide.<br \/>\npour une grande rigidit\u00e9 dans des conditions d'usinage difficiles.<br \/>\nRail lin\u00e9aire HIWIN de Taiwan pour tous les axes XYZ.<br \/>\nDiff\u00e9rents syst\u00e8mes d'exploitation en option : FANUC, SIEMENS, GSK, LNC, SYNTEC.<\/p>\n<p>Courriel : joyce@arismachinery.com \/ joycechen2677@gmail.com<br \/>\nWechat : joycechen677<br \/>\nWhatsapp : +86 13815922677<br \/>\nT\u00e9l : +86-523-8549496 \/ +86-523-8549496<\/p>","protected":false},"featured_media":2976,"comment_status":"closed","ping_status":"closed","template":"","meta":{"_acf_changed":false},"product_cat":[60],"product_tag":[],"class_list":["post-2975","product","type-product","status-publish","has-post-thumbnail","hentry","product_cat-cnc-engraving-machine"],"acf":[],"_links":{"self":[{"href":"https:\/\/www.arismachinery.com\/fr\/wp-json\/wp\/v2\/product\/2975","targetHints":{"allow":["GET"]}}],"collection":[{"href":"https:\/\/www.arismachinery.com\/fr\/wp-json\/wp\/v2\/product"}],"about":[{"href":"https:\/\/www.arismachinery.com\/fr\/wp-json\/wp\/v2\/types\/product"}],"replies":[{"embeddable":true,"href":"https:\/\/www.arismachinery.com\/fr\/wp-json\/wp\/v2\/comments?post=2975"}],"wp:featuredmedia":[{"embeddable":true,"href":"https:\/\/www.arismachinery.com\/fr\/wp-json\/wp\/v2\/media\/2976"}],"wp:attachment":[{"href":"https:\/\/www.arismachinery.com\/fr\/wp-json\/wp\/v2\/media?parent=2975"}],"wp:term":[{"taxonomy":"product_cat","embeddable":true,"href":"https:\/\/www.arismachinery.com\/fr\/wp-json\/wp\/v2\/product_cat?post=2975"},{"taxonomy":"product_tag","embeddable":true,"href":"https:\/\/www.arismachinery.com\/fr\/wp-json\/wp\/v2\/product_tag?post=2975"}],"curies":[{"name":"wp","href":"https:\/\/api.w.org\/{rel}","templated":true}]}}