{"id":2983,"date":"2024-03-08T10:44:49","date_gmt":"2024-03-08T02:44:49","guid":{"rendered":"http:\/\/www.arismachinery.com\/product\/cnc6130b-cnc6140a-samll-flat-bed-cnc-lathe-machine\/"},"modified":"2024-04-15T20:01:45","modified_gmt":"2024-04-15T12:01:45","slug":"cnc6130b-cnc6140a-samll-flat-bed-cnc-lathe-machine","status":"publish","type":"product","link":"https:\/\/www.arismachinery.com\/fr\/product\/cnc6130b-cnc6140a-samll-flat-bed-cnc-lathe-machine\/","title":{"rendered":"CNC6130B CNC6140A Tour CNC \u00e0 banc plat Samll"},"content":{"rendered":"<p><strong>Caract\u00e9ristiques principales :<\/strong><\/p>\n<p>1. La t\u00f4le est enti\u00e8rement ferm\u00e9e, ce qui garantit la s\u00e9curit\u00e9 et la fiabilit\u00e9 du fonctionnement.<\/p>\n<p>2. Le cadre du lit est fait de sable de r\u00e9sine de haute qualit\u00e9, d'un rail de vieillissement, d'une trempe super audio, d'une bonne r\u00e9sistance \u00e0 l'usure.<\/p>\n<p>3. Le processus de laminage des rails am\u00e9liore l'usure et la dur\u00e9e de vie de l'\u00e9quipement.<\/p>\n<p>4. Unit\u00e9 de lubrification centralis\u00e9e, les composants sont effectivement enti\u00e8rement lubrifi\u00e9s, ce qui prolonge la dur\u00e9e de vie de l'\u00e9quipement.<\/p>\n<p>5. Type de rail double \u00e0 trois tendons, vis centrale, disposition raisonnable, structure compacte, grande rigidit\u00e9 g\u00e9n\u00e9rale.<\/p>\n<p>6. Rails de protection complets, emp\u00eachant efficacement les copeaux et le liquide de copeaux de p\u00e9n\u00e9trer dans le rail int\u00e9rieur.<\/p>\n<p>&nbsp;<\/p>\n<p><strong>Param\u00e8tres techniques :<\/strong><\/p>\n<p>&nbsp;<\/p>\n<table>\n<tbody>\n<tr class=\"firstRow\">\n<td>Objet<\/td>\n<td align=\"center\" valign=\"middle\">Param\u00e8tres<\/td>\n<td align=\"center\" valign=\"middle\">CNC6130B<\/td>\n<td align=\"center\" valign=\"middle\">CNC6140A<\/td>\n<\/tr>\n<tr>\n<td>Capacit\u00e9<\/td>\n<td align=\"center\" valign=\"middle\">Balancement max. au-dessus du lit<\/td>\n<td align=\"center\" valign=\"middle\">\u03a6330mm<\/td>\n<td align=\"center\" valign=\"middle\">\u03a6460mm<\/td>\n<\/tr>\n<tr>\n<td><\/td>\n<td align=\"center\" valign=\"middle\">Balancement max. sur la glissi\u00e8re<\/td>\n<td align=\"center\" valign=\"middle\">\u03a696mm<\/td>\n<td align=\"center\" valign=\"middle\">\u03a6160mm<\/td>\n<\/tr>\n<tr>\n<td><\/td>\n<td align=\"center\" valign=\"middle\">Longueur maximale de la pi\u00e8ce<\/td>\n<td align=\"center\" valign=\"middle\">300mm<\/td>\n<td align=\"center\" valign=\"middle\">380 mm<\/td>\n<\/tr>\n<tr>\n<td><\/td>\n<td align=\"center\" valign=\"middle\">Diam\u00e8tre de la barre<\/td>\n<td align=\"center\" valign=\"middle\">\u03a635mm<\/td>\n<td align=\"center\" valign=\"middle\">\u03a650mm<\/td>\n<\/tr>\n<tr>\n<td>Broche<\/td>\n<td align=\"center\" valign=\"middle\">Vitesse maximale de la broche<\/td>\n<td align=\"center\" valign=\"middle\">2500 tr\/min<\/td>\n<td align=\"center\" valign=\"middle\">2500 tr\/min<\/td>\n<\/tr>\n<tr>\n<td><\/td>\n<td align=\"center\" valign=\"middle\">Diam\u00e8tre de l'al\u00e9sage de la broche<\/td>\n<td align=\"center\" valign=\"middle\">\u03a643mm<\/td>\n<td align=\"center\" valign=\"middle\">\u03a657mm<\/td>\n<\/tr>\n<tr>\n<td><\/td>\n<td align=\"center\" valign=\"middle\">C\u00f4ne de broche<\/td>\n<td align=\"center\" valign=\"middle\">39\u00b0<\/td>\n<td align=\"center\" valign=\"middle\">MT6<\/td>\n<\/tr>\n<tr>\n<td>Travers\u00e9e rapide<\/td>\n<td align=\"center\" valign=\"middle\">Travers\u00e9e rapide de l'axe X<\/td>\n<td align=\"center\" valign=\"middle\">6m\/min<\/td>\n<td align=\"center\" valign=\"middle\">6m\/min<\/td>\n<\/tr>\n<tr>\n<td><\/td>\n<td align=\"center\" valign=\"middle\">Travers\u00e9e rapide de l'axe Z<\/td>\n<td align=\"center\" valign=\"middle\">8m\/min<\/td>\n<td align=\"center\" valign=\"middle\">8m\/min<\/td>\n<\/tr>\n<tr>\n<td>Course de l'axe<\/td>\n<td align=\"center\" valign=\"middle\">Course de fin de course de l'axe X<\/td>\n<td align=\"center\" valign=\"middle\">275 mm<\/td>\n<td align=\"center\" valign=\"middle\">300mm<\/td>\n<\/tr>\n<tr>\n<td><\/td>\n<td align=\"center\" valign=\"middle\">Course de fin de course de l'axe Z<\/td>\n<td align=\"center\" valign=\"middle\">330mm<\/td>\n<td align=\"center\" valign=\"middle\">450mm<\/td>\n<\/tr>\n<tr>\n<td>Outil<\/td>\n<td align=\"center\" valign=\"middle\">Poste d'outillage\/tourelle<\/td>\n<td colspan=\"2\" align=\"center\" valign=\"middle\">Tourelle lin\u00e9aire \u00e0 rangs multiples OU tourelle d'outils \u00e9lectriques \u00e0 4 stations<\/td>\n<\/tr>\n<tr>\n<td><\/td>\n<td align=\"center\" valign=\"middle\">Taille de la tige<\/td>\n<td align=\"center\" valign=\"middle\">20*20mm<\/td>\n<td align=\"center\" valign=\"middle\">25*25mm<\/td>\n<\/tr>\n<tr>\n<td>Stock de queue<\/td>\n<td align=\"center\" valign=\"middle\">Diam\u00e8tre du manchon<\/td>\n<td align=\"center\" valign=\"middle\">\u03a650mm<\/td>\n<td align=\"center\" valign=\"middle\">\u03a650mm<\/td>\n<\/tr>\n<tr>\n<td><\/td>\n<td align=\"center\" valign=\"middle\">D\u00e9placement du manchon<\/td>\n<td align=\"center\" valign=\"middle\">80mm<\/td>\n<td align=\"center\" valign=\"middle\">80mm<\/td>\n<\/tr>\n<tr>\n<td><\/td>\n<td align=\"center\" valign=\"middle\">Conicit\u00e9 de la douille<\/td>\n<td align=\"center\" valign=\"middle\">MT3<\/td>\n<td align=\"center\" valign=\"middle\">MT3<\/td>\n<\/tr>\n<tr>\n<td>Autres<\/td>\n<td align=\"center\" valign=\"middle\">Unit\u00e9 de r\u00e9glage minimale<\/td>\n<td colspan=\"2\" align=\"center\" valign=\"middle\">Axe X : 0,001 mm Axe Z : 0,001 mm<\/td>\n<\/tr>\n<tr>\n<td><\/td>\n<td align=\"center\" valign=\"middle\">Puissance du moteur de la broche<\/td>\n<td align=\"center\" valign=\"middle\">3Kw<\/td>\n<td align=\"center\" valign=\"middle\">5.5Kw<\/td>\n<\/tr>\n<tr>\n<td><\/td>\n<td align=\"center\" valign=\"middle\">Dimension(L*L*H)<\/td>\n<td align=\"center\" valign=\"middle\">1800X1150X1700mm<\/td>\n<td align=\"center\" valign=\"middle\">2400X1310X1730mm<\/td>\n<\/tr>\n<tr>\n<td><\/td>\n<td align=\"center\" valign=\"middle\">Poids<\/td>\n<td align=\"center\" valign=\"middle\">1100Kg<\/td>\n<td align=\"center\" valign=\"middle\">1800Kg<\/td>\n<\/tr>\n<\/tbody>\n<\/table>\n<h2>Produits apparent\u00e9s<\/h2>\n<p><strong>CK6132 CK6432 Petite machine de tournage CNC<\/strong><\/p>\n<p><strong>Tour CNC CK6140<\/strong><\/p>\n<p><strong>Tour horizontal CNC CK6146 CK6150<\/strong><\/p>\n<p><strong>Tour CNC \u00e0 banc inclin\u00e9 CK-32T CK-36T<\/strong><\/p>\n<p><strong>Tour CNC \u00e0 banc inclin\u00e9 CK-32L CK-36L<\/strong><\/p>\n<p><strong>CK-40L CK-50L Tour CNC \u00e0 banc inclin\u00e9 pour charges lourdes<\/strong><\/p>\n<p><strong>Tour CNC \u00e0 banc inclin\u00e9 30<\/strong><\/p>\n<p><strong>Machine de tournage CNC \u00e0 banc inclin\u00e9 45<\/strong><\/p>\n<p><strong>Tour CNC \u00e0 banc inclin\u00e9 avec axe C<\/strong><\/p>\n<p><strong>Tour vertical CNC de pr\u00e9cision s\u00e9rie CKV<\/strong><\/p>\n<p><strong>Tour vertical \u00e0 commande num\u00e9rique<\/strong><\/p>\n<p><strong>Tour vertical \u00e0 une colonne<\/strong><\/p>\n<p><strong>Tour vertical \u00e0 double colonne<\/strong><\/p>\n<p><strong>Tour vertical CNC \u00e0 double colonne<\/strong><\/p>\n<p>&nbsp;<\/p>","protected":false},"excerpt":{"rendered":"<p>La t\u00f4le est enti\u00e8rement ferm\u00e9e, ce qui garantit la s\u00e9curit\u00e9 et la fiabilit\u00e9 du fonctionnement.<br \/>\nLe cadre de lit est fabriqu\u00e9 en sable de r\u00e9sine de haute qualit\u00e9, rail de vieillissement, trempe super audio, bonne r\u00e9sistance \u00e0 l'usure.<br \/>\nLe processus de laminage des rails am\u00e9liore l'usure et la dur\u00e9e de vie de l'\u00e9quipement.<br \/>\nUnit\u00e9 de lubrification centralis\u00e9e, les composants sont effectivement enti\u00e8rement lubrifi\u00e9s, ce qui prolonge la dur\u00e9e de vie de l'\u00e9quipement.<br \/>\nType de rail double \u00e0 trois tendons, vis centrale, disposition raisonnable, structure compacte, grande rigidit\u00e9 g\u00e9n\u00e9rale.<br \/>\nRails de protection complets, emp\u00eachant efficacement les copeaux et le liquide de copeaux de p\u00e9n\u00e9trer dans le rail int\u00e9rieur.<\/p>\n<p>Courriel : joyce@arismachinery.com \/ joycechen2677@gmail.com<br \/>\nWechat : joycechen677<br \/>\nWhatsapp : +86 13815922677<br \/>\nT\u00e9l : +86-523-8549496 \/ +86-523-8549496<\/p>","protected":false},"featured_media":2984,"comment_status":"closed","ping_status":"closed","template":"","meta":{"_acf_changed":false},"product_cat":[61],"product_tag":[],"class_list":["post-2983","product","type-product","status-publish","has-post-thumbnail","hentry","product_cat-flat-bed-cnc-lathe"],"acf":[],"_links":{"self":[{"href":"https:\/\/www.arismachinery.com\/fr\/wp-json\/wp\/v2\/product\/2983","targetHints":{"allow":["GET"]}}],"collection":[{"href":"https:\/\/www.arismachinery.com\/fr\/wp-json\/wp\/v2\/product"}],"about":[{"href":"https:\/\/www.arismachinery.com\/fr\/wp-json\/wp\/v2\/types\/product"}],"replies":[{"embeddable":true,"href":"https:\/\/www.arismachinery.com\/fr\/wp-json\/wp\/v2\/comments?post=2983"}],"wp:featuredmedia":[{"embeddable":true,"href":"https:\/\/www.arismachinery.com\/fr\/wp-json\/wp\/v2\/media\/2984"}],"wp:attachment":[{"href":"https:\/\/www.arismachinery.com\/fr\/wp-json\/wp\/v2\/media?parent=2983"}],"wp:term":[{"taxonomy":"product_cat","embeddable":true,"href":"https:\/\/www.arismachinery.com\/fr\/wp-json\/wp\/v2\/product_cat?post=2983"},{"taxonomy":"product_tag","embeddable":true,"href":"https:\/\/www.arismachinery.com\/fr\/wp-json\/wp\/v2\/product_tag?post=2983"}],"curies":[{"name":"wp","href":"https:\/\/api.w.org\/{rel}","templated":true}]}}