{"id":2995,"date":"2024-03-08T10:45:07","date_gmt":"2024-03-08T02:45:07","guid":{"rendered":"http:\/\/www.arismachinery.com\/product\/ck-40l-ck-50l-heavy-duty-slant-bed-cnc-lathe-machine\/"},"modified":"2024-04-15T20:01:55","modified_gmt":"2024-04-15T12:01:55","slug":"ck-40l-ck-50l-heavy-duty-slant-bed-cnc-lathe-machine","status":"publish","type":"product","link":"https:\/\/www.arismachinery.com\/fr\/product\/ck-40l-ck-50l-heavy-duty-slant-bed-cnc-lathe-machine\/","title":{"rendered":"CK-40L CK-50L Tour CNC \u00e0 banc inclin\u00e9 pour charges lourdes"},"content":{"rendered":"<p><strong>Tour CNC \u00e0 banc inclin\u00e9 S\u00e9rie CKL<\/strong><\/p>\n<p>1. le banc de coul\u00e9e robuste avec 45\u00b0 combine la rigidit\u00e9 inh\u00e9rente.<\/p>\n<p>2. Le rail Linea de pr\u00e9cision assure la rigidit\u00e9, la pr\u00e9cision et une longue dur\u00e9e de vie.<\/p>\n<p>3. le mandrin hydraulique a am\u00e9lior\u00e9 l'efficacit\u00e9 et la productivit\u00e9.<\/p>\n<p>&nbsp;<\/p>\n<p><strong>Accessoires pour les stands<\/strong><\/p>\n<p>Syst\u00e8me de commande CNC : GSK, Siemens, Fanuc<\/p>\n<p>Tourelle hydraulique 8 \/10 positions<\/p>\n<p>Ta\u00efwan 3 m\u00e2choires hydrauliques 10\u2033.<\/p>\n<p>&nbsp;<\/p>\n<p><strong>Accessoires en option<\/strong><\/p>\n<p>Tourelle servo \/ tourelle hydraulique \/ tourelle d'outil \u00e9lectrique<\/p>\n<p>Convoyeur automatique de copeaux<\/p>\n<p>Contre-pointe manuelle\/hydraulique<\/p>\n<p>Porte automatique et bras robotis\u00e9<\/p>\n<p>Alimentateur automatique de barres<\/p>\n<p>&nbsp;<\/p>\n<p><strong>Param\u00e8tres techniques :<\/strong><\/p>\n<table>\n<colgroup>\n<col \/>\n<col \/>\n<col \/><\/colgroup>\n<tbody>\n<tr class=\"firstRow\">\n<td>Mod\u00e8le<\/td>\n<td align=\"center\" valign=\"middle\">CK40L<\/td>\n<td align=\"center\" valign=\"middle\">CK50L<\/td>\n<\/tr>\n<tr>\n<td>Balancement max. au-dessus du lit (mm)<\/td>\n<td align=\"center\" valign=\"middle\">400<\/td>\n<td align=\"center\" valign=\"middle\">540<\/td>\n<\/tr>\n<tr>\n<td>D\u00e9placement max. au-dessus du chariot (mm)<\/td>\n<td align=\"center\" valign=\"middle\">280<\/td>\n<td align=\"center\" valign=\"middle\">350<\/td>\n<\/tr>\n<tr>\n<td>Longueur de coupe maximale (mm)<\/td>\n<td align=\"center\" valign=\"middle\">500\/750<\/td>\n<td align=\"center\" valign=\"middle\">500\/750<\/td>\n<\/tr>\n<tr>\n<td>Vitesse de rotation max. de la broche (r\/min)<\/td>\n<td align=\"center\" valign=\"middle\">4500<\/td>\n<td align=\"center\" valign=\"middle\">3000<\/td>\n<\/tr>\n<tr>\n<td>Nez de broche<\/td>\n<td align=\"center\" valign=\"middle\">A2-6<\/td>\n<td align=\"center\" valign=\"middle\">A2-8<\/td>\n<\/tr>\n<tr>\n<td>Al\u00e9sage de la broche (mm)<\/td>\n<td align=\"center\" valign=\"middle\">\u03a662<\/td>\n<td align=\"center\" valign=\"middle\">\u03a690<\/td>\n<\/tr>\n<tr>\n<td>Diam\u00e8tre de la barre (mm)<\/td>\n<td align=\"center\" valign=\"middle\">\u03a648<\/td>\n<td align=\"center\" valign=\"middle\">\u03a675<\/td>\n<\/tr>\n<tr>\n<td>Mandrin hydraulique (mm\/Inch)<\/td>\n<td align=\"center\" valign=\"middle\">200\u00a0\u00a0\/\u00a0\u00a08&#8243;<\/td>\n<td align=\"center\" valign=\"middle\">250\u00a0\u00a0\/\u00a0\u00a010&#8243;<\/td>\n<\/tr>\n<tr>\n<td>Puissance du moteur de la broche (kw)<\/td>\n<td align=\"center\" valign=\"middle\">7,5\/11 ( servo)<\/td>\n<td align=\"center\" valign=\"middle\">\u00a011\/15 ( servo)<\/td>\n<\/tr>\n<tr>\n<td>Nombre d'outils (pi\u00e8ces)<\/td>\n<td align=\"center\" valign=\"middle\">Hydraulique : 8<\/td>\n<td align=\"center\" valign=\"middle\">Hydraulique : 8 \/12<\/td>\n<\/tr>\n<tr>\n<td>Taille de la queue de l'outil (mm)<\/td>\n<td align=\"center\" valign=\"middle\">25*25<\/td>\n<td align=\"center\" valign=\"middle\">25*25<\/td>\n<\/tr>\n<tr>\n<td>Course de l'axe X (mm)<\/td>\n<td align=\"center\" valign=\"middle\">240<\/td>\n<td align=\"center\" valign=\"middle\">280<\/td>\n<\/tr>\n<tr>\n<td>Z Course de l'axe (mm)<\/td>\n<td align=\"center\" valign=\"middle\">500\/750<\/td>\n<td align=\"center\" valign=\"middle\">750<\/td>\n<\/tr>\n<tr>\n<td>X\/Z Axe d'alimentation rapide (m\/min)<\/td>\n<td align=\"center\" valign=\"middle\">18\u00a0\/\u00a020<\/td>\n<td align=\"center\" valign=\"middle\">18\u00a0\/\u00a020<\/td>\n<\/tr>\n<tr>\n<td>Vitesse d'avance max. Vitesse d'avance de coupe (mm\/min)<\/td>\n<td align=\"center\" valign=\"middle\">5000<\/td>\n<td align=\"center\" valign=\"middle\">5000<\/td>\n<\/tr>\n<tr>\n<td>Crosse ( Dia\/ travel)<\/td>\n<td align=\"center\" valign=\"middle\">MT5 75 \/ 80<\/td>\n<td align=\"center\" valign=\"middle\">MT5 90 \/ 120<\/td>\n<\/tr>\n<tr>\n<td>Poids (kg)<\/td>\n<td align=\"center\" valign=\"middle\">3000<\/td>\n<td align=\"center\" valign=\"middle\">4500<\/td>\n<\/tr>\n<tr>\n<td>Dimension totale (mm)<\/td>\n<td align=\"center\" valign=\"middle\">2800\/3150x1800x1800<\/td>\n<td align=\"center\" valign=\"middle\">3500\/3850\u00d71900\u00d71900<\/td>\n<\/tr>\n<\/tbody>\n<\/table>","protected":false},"excerpt":{"rendered":"<p>Le banc de coul\u00e9e robuste avec un angle de 45\u00b0 combine la rigidit\u00e9 inh\u00e9rente.<br \/>\nLe rail lin\u00e9aire de pr\u00e9cision assure la rigidit\u00e9, la pr\u00e9cision et une longue dur\u00e9e de vie.<br \/>\nLe mandrin hydraulique am\u00e9liore l'efficacit\u00e9 et la productivit\u00e9.<\/p>\n<p>Courriel : joyce@arismachinery.com \/ joycechen2677@gmail.com<br \/>\nWechat : joycechen677<br \/>\nWhatsapp : +86 13815922677<br \/>\nT\u00e9l : +86-523-8549496 \/ +86-523-8549496<\/p>","protected":false},"featured_media":2951,"comment_status":"closed","ping_status":"closed","template":"","meta":{"_acf_changed":false},"product_cat":[62],"product_tag":[],"class_list":["post-2995","product","type-product","status-publish","has-post-thumbnail","hentry","product_cat-slant-bed-cnc-lathe"],"acf":[],"_links":{"self":[{"href":"https:\/\/www.arismachinery.com\/fr\/wp-json\/wp\/v2\/product\/2995","targetHints":{"allow":["GET"]}}],"collection":[{"href":"https:\/\/www.arismachinery.com\/fr\/wp-json\/wp\/v2\/product"}],"about":[{"href":"https:\/\/www.arismachinery.com\/fr\/wp-json\/wp\/v2\/types\/product"}],"replies":[{"embeddable":true,"href":"https:\/\/www.arismachinery.com\/fr\/wp-json\/wp\/v2\/comments?post=2995"}],"wp:featuredmedia":[{"embeddable":true,"href":"https:\/\/www.arismachinery.com\/fr\/wp-json\/wp\/v2\/media\/2951"}],"wp:attachment":[{"href":"https:\/\/www.arismachinery.com\/fr\/wp-json\/wp\/v2\/media?parent=2995"}],"wp:term":[{"taxonomy":"product_cat","embeddable":true,"href":"https:\/\/www.arismachinery.com\/fr\/wp-json\/wp\/v2\/product_cat?post=2995"},{"taxonomy":"product_tag","embeddable":true,"href":"https:\/\/www.arismachinery.com\/fr\/wp-json\/wp\/v2\/product_tag?post=2995"}],"curies":[{"name":"wp","href":"https:\/\/api.w.org\/{rel}","templated":true}]}}