{"id":3094,"date":"2024-03-08T10:45:29","date_gmt":"2024-03-08T02:45:29","guid":{"rendered":"http:\/\/www.arismachinery.com\/product\/dk7750-dk7750f-wire-edm-machine\/"},"modified":"2024-04-25T19:52:13","modified_gmt":"2024-04-25T11:52:13","slug":"dk7750-dk7750f-wire-edm-machine","status":"publish","type":"product","link":"https:\/\/www.arismachinery.com\/fr\/product\/dk7750-dk7750f-wire-edm-machine\/","title":{"rendered":"DK7750 DK7750F Wire EDM Machine"},"content":{"rendered":"<p><strong>Param\u00e8tres techniques :<\/strong><\/p>\n<table>\n<colgroup>\n<col \/>\n<col \/><\/colgroup>\n<tbody>\n<tr class=\"firstRow\">\n<td align=\"left\" valign=\"middle\">Mod\u00e8le<\/td>\n<td align=\"center\" valign=\"middle\">DK7750<\/td>\n<td align=\"center\" valign=\"middle\">DK7750F<\/td>\n<td align=\"center\" valign=\"middle\">DK7763<\/td>\n<td align=\"center\" valign=\"middle\">DK7763F<\/td>\n<\/tr>\n<tr>\n<td align=\"left\" valign=\"middle\">Table size (mm)<\/td>\n<td align=\"center\" valign=\"middle\">1000*650<\/td>\n<td align=\"center\" valign=\"middle\">1140*650<\/td>\n<td align=\"center\" valign=\"middle\">1140*750<\/td>\n<td align=\"center\" valign=\"middle\">1350*760<\/td>\n<\/tr>\n<tr>\n<td align=\"left\" valign=\"middle\">X*Y travel (mm)<\/td>\n<td align=\"center\" valign=\"middle\">630*500<\/td>\n<td align=\"center\" valign=\"middle\">800*500<\/td>\n<td align=\"center\" valign=\"middle\">800*630<\/td>\n<td style=\"word-break: break-all;\" align=\"center\" valign=\"middle\">1000*630<\/td>\n<\/tr>\n<tr>\n<td align=\"left\" valign=\"middle\">Max. Z\u00a0 travel (mm)<\/td>\n<td align=\"center\" valign=\"middle\">600<\/td>\n<td align=\"center\" valign=\"middle\">600<\/td>\n<td align=\"center\" valign=\"middle\">600<\/td>\n<td align=\"center\" valign=\"middle\">600<\/td>\n<\/tr>\n<tr>\n<td align=\"left\" valign=\"middle\">Max. workpiece weight (kg)<\/td>\n<td align=\"center\" valign=\"middle\">800<\/td>\n<td align=\"center\" valign=\"middle\">1000<\/td>\n<td align=\"center\" valign=\"middle\">1200<\/td>\n<td align=\"center\" valign=\"middle\">1400<\/td>\n<\/tr>\n<tr>\n<td align=\"left\" valign=\"middle\">Cutting speed (mm2\/min)<\/td>\n<td colspan=\"4\" rowspan=\"1\" align=\"center\" valign=\"middle\">Standard cutting speed:110-120,\u00a0\u00a0\u00a0 Max. cutting\u00a0 speed: 160-180<\/td>\n<\/tr>\n<tr>\n<td align=\"left\" valign=\"middle\">Dimension L*W*H (mm)<\/td>\n<td align=\"center\" valign=\"middle\">1800*1600*1900<\/td>\n<td align=\"center\" valign=\"middle\">1800*1750*1900<\/td>\n<td align=\"center\" valign=\"middle\">2200*1800*2000<\/td>\n<td align=\"center\" valign=\"middle\">2200*2000*2000<\/td>\n<\/tr>\n<tr>\n<td align=\"left\" valign=\"middle\">Net weight (kg)<\/td>\n<td align=\"center\" valign=\"middle\">1900<\/td>\n<td align=\"center\" valign=\"middle\">2100<\/td>\n<td align=\"center\" valign=\"middle\">2700<\/td>\n<td align=\"center\" valign=\"middle\">3000<\/td>\n<\/tr>\n<\/tbody>\n<\/table>\n<p><strong>Caract\u00e9ristiques principales :<\/strong><\/p>\n<p>Roller for X\/Y axis, also called hard rail ( V rail);<\/p>\n<p>With \u00b13\u00b0 taper as standard, \u00b115\u00b0, \u00b130\u00b0, \u00b145\u00b0 as option;<\/p>\n<p>Accuracy: \u00b10.01\/300mm;<\/p>\n<p>Roughness: Ra 1.0-2.5 \u00b5m;<\/p>\n<p>Low consumption, material saving.<\/p>\n<p>Different controller and different software:<\/p>\n<p>a) High speed single cutt controller;<\/p>\n<p>b) Multi-cut controller ( which improve the accuracy and finish);<\/p>\n<p>Software: AUTOCUT, X8, HL, HF.<\/p>\n<p>All kinds of voltage: 220\/380\/415\/440V<\/p>\n<p style=\"text-align: center;\"><img loading=\"lazy\" decoding=\"async\" title=\"wire EDM machine\" src=\"https:\/\/img01.71360.com\/file\/read\/www2\/M00\/0D\/DD\/rBwBEmQZcQGAa8bDAABljqibBN8872.jpg\" alt=\"wire EDM machine\" width=\"800\" height=\"320\" \/><img loading=\"lazy\" decoding=\"async\" title=\"wire EDM machine\" src=\"https:\/\/img01.71360.com\/file\/read\/www2\/M00\/0D\/DD\/rBwBEmQZcQCAXdNdAADquD_gQE0506.jpg\" alt=\"wire EDM machine\" width=\"800\" height=\"741\" \/><img loading=\"lazy\" decoding=\"async\" title=\"wire EDM machine\" src=\"https:\/\/img01.71360.com\/file\/read\/www2\/M00\/0D\/DD\/rBwBEmQZcP-AZLCbAAA96hGvuDg922.jpg\" alt=\"wire EDM machine\" width=\"800\" height=\"593\" \/><\/p>\n<p><strong>Entreprise et ateliers<\/strong><\/p>\n<p>ARIS Machinery est un groupe compos\u00e9 de 4 usines. ARIS dispose d'un atelier d'environ 60000 m\u00e8tres carr\u00e9s.<\/p>\n<p><img loading=\"lazy\" decoding=\"async\" title=\"Wire EDM Machine\" src=\"https:\/\/img01.71360.com\/file\/read\/www2\/M00\/0D\/DD\/rBwBEmQZcUOAY-37AAGTcsI6_04807.jpg?ct=webp\" alt=\"Wire EDM Machine\" width=\"800\" height=\"585\" \/><img loading=\"lazy\" decoding=\"async\" title=\"Wire EDM Machine\" src=\"https:\/\/img01.71360.com\/file\/read\/www2\/M00\/0D\/DE\/rBwBEmQZcVmASzD0AAG61qp6Bu8015.jpg?ct=webp\" alt=\"Wire EDM Machine\" width=\"800\" height=\"585\" \/><\/p>\n<p><strong>Equipements de production<\/strong><\/p>\n<p>Les principales pi\u00e8ces de nos machines sont trait\u00e9es par des machines \u00e0 commande num\u00e9rique. Nous disposons de fraiseuses \u00e0 commande num\u00e9rique \u00e0 portique, de centres d'usinage verticaux \u00e0 commande num\u00e9rique, de rectifieuses \u00e0 commande num\u00e9rique \u00e0 portique, de machines de d\u00e9coupe laser \u00e0 commande num\u00e9rique, de cintreuses \u00e0 commande num\u00e9rique et de cisailles \u00e0 commande num\u00e9rique.<\/p>\n<p><img loading=\"lazy\" decoding=\"async\" title=\"Wire EDM Machine\" src=\"https:\/\/img01.71360.com\/file\/read\/www2\/M00\/0D\/DE\/rBwBEmQZcX-ASvxxAAGr-Nzp53k628.jpg?ct=webp\" alt=\"Wire EDM Machine\" width=\"800\" height=\"747\" \/><\/p>\n<p><strong>Test et inspection<\/strong><\/p>\n<p>Toutes les machines sont test\u00e9es avant d'\u00eatre exp\u00e9di\u00e9es.<\/p>\n<p><img loading=\"lazy\" decoding=\"async\" title=\"Wire EDM Machine\" src=\"https:\/\/img01.71360.com\/file\/read\/www2\/M00\/0D\/DE\/rBwBEmQZcaKASkZIAAG3_n20ZTo355.jpg?ct=webp\" alt=\"Wire EDM Machine\" width=\"800\" height=\"945\" \/><\/p>\n<p><strong>Paquet et livraison<\/strong><\/p>\n<p><img loading=\"lazy\" decoding=\"async\" title=\"Wire EDM Machine\" src=\"https:\/\/img01.71360.com\/file\/read\/www2\/M00\/0D\/DE\/rBwBEmQZcb-ATHsEAADsvr2pCXM317.jpg?ct=webp\" alt=\"Wire EDM Machine\" width=\"800\" height=\"330\" \/><\/p>","protected":false},"excerpt":{"rendered":"<p>Economic high speed edm wire cut machine.<\/p>\n<p>Caract\u00e9ristiques principales :<\/p>\n<p>Roller for X\/Y axis, also called hard rail ( V rail);<\/p>\n<p>With \u00b13\u00b0 taper as standard, \u00b115\u00b0, \u00b130\u00b0, \u00b145\u00b0 as option;<\/p>\n<p>Accuracy: \u00b10.01\/300mm;<\/p>\n<p>Roughness: Ra 1.0-2.5 \u00b5m;<\/p>\n<p>Low consumption, material saving.<\/p>","protected":false},"featured_media":3095,"comment_status":"closed","ping_status":"closed","template":"","meta":{"_acf_changed":false},"product_cat":[72],"product_tag":[],"class_list":["post-3094","product","type-product","status-publish","has-post-thumbnail","hentry","product_cat-edm-wire-cut-machine-dk-type"],"acf":[],"_links":{"self":[{"href":"https:\/\/www.arismachinery.com\/fr\/wp-json\/wp\/v2\/product\/3094","targetHints":{"allow":["GET"]}}],"collection":[{"href":"https:\/\/www.arismachinery.com\/fr\/wp-json\/wp\/v2\/product"}],"about":[{"href":"https:\/\/www.arismachinery.com\/fr\/wp-json\/wp\/v2\/types\/product"}],"replies":[{"embeddable":true,"href":"https:\/\/www.arismachinery.com\/fr\/wp-json\/wp\/v2\/comments?post=3094"}],"wp:featuredmedia":[{"embeddable":true,"href":"https:\/\/www.arismachinery.com\/fr\/wp-json\/wp\/v2\/media\/3095"}],"wp:attachment":[{"href":"https:\/\/www.arismachinery.com\/fr\/wp-json\/wp\/v2\/media?parent=3094"}],"wp:term":[{"taxonomy":"product_cat","embeddable":true,"href":"https:\/\/www.arismachinery.com\/fr\/wp-json\/wp\/v2\/product_cat?post=3094"},{"taxonomy":"product_tag","embeddable":true,"href":"https:\/\/www.arismachinery.com\/fr\/wp-json\/wp\/v2\/product_tag?post=3094"}],"curies":[{"name":"wp","href":"https:\/\/api.w.org\/{rel}","templated":true}]}}