{"id":3105,"date":"2024-03-08T10:46:04","date_gmt":"2024-03-08T02:46:04","guid":{"rendered":"http:\/\/www.arismachinery.com\/product\/middle-speed-edm-wire-cut-machine\/"},"modified":"2024-04-25T20:01:32","modified_gmt":"2024-04-25T12:01:32","slug":"middle-speed-edm-wire-cut-machine","status":"publish","type":"product","link":"https:\/\/www.arismachinery.com\/fr\/product\/middle-speed-edm-wire-cut-machine\/","title":{"rendered":"Machine \u00e0 couper le fil pour l'\u00e9lectro\u00e9rosion \u00e0 moyenne vitesse"},"content":{"rendered":"<p>Multi-cut EDM Wire Cutting Machine (C type)<\/p>\n<p>Robust frame with &#8220;C&#8221; mast.<\/p>\n<p>With height adjustable diamond guider.<\/p>\n<p>Four axes independent (X\/Y\/U\/V) work;<\/p>\n<p>Taiwan linear rail, Grade P or H, Ball screw. C2 or C3.<\/p>\n<p>Special Tensioning mechanism for molybdenum wire, keep stable cutting.<\/p>\n<p>Stepper motor is standard, Servo motor is optional.<\/p>\n<p>Tolerance can keep in 0.005mm, Roughness Ra 0.8.<\/p>\n<p><strong>Param\u00e8tres techniques :<\/strong><\/p>\n<table>\n<colgroup>\n<col \/>\n<col span=\"4\" \/><\/colgroup>\n<tbody>\n<tr class=\"firstRow\">\n<td>Mod\u00e8le<\/td>\n<td align=\"center\" valign=\"middle\">AS320C<\/td>\n<td align=\"center\" valign=\"middle\">AS350C<\/td>\n<td align=\"center\" valign=\"middle\">AS400C<\/td>\n<td align=\"center\" valign=\"middle\">AS450C<\/td>\n<\/tr>\n<tr>\n<td>Working table size\u00a0 (mm)<\/td>\n<td align=\"center\" valign=\"middle\">500\u00d7720<\/td>\n<td align=\"center\" valign=\"middle\">550*780<\/td>\n<td align=\"center\" valign=\"middle\">580\u00d7820<\/td>\n<td align=\"center\" valign=\"middle\">650*880<\/td>\n<\/tr>\n<tr>\n<td>Table travel (X\/Y) (mm)<\/td>\n<td align=\"center\" valign=\"middle\">320\u00d7400<\/td>\n<td align=\"center\" valign=\"middle\">350\u00d7450<\/td>\n<td align=\"center\" valign=\"middle\">400\u00d7500<\/td>\n<td align=\"center\" valign=\"middle\">450\u00d7550<\/td>\n<\/tr>\n<tr>\n<td>Max.cutting thickness (mm)<\/td>\n<td style=\"word-break: break-all;\" align=\"center\" valign=\"middle\">400<\/td>\n<td align=\"center\" valign=\"middle\">300<\/td>\n<td align=\"center\" valign=\"middle\">400<\/td>\n<td align=\"center\" valign=\"middle\">300<\/td>\n<\/tr>\n<tr>\n<td>Max. load on workingtable (KG)<\/td>\n<td align=\"center\" valign=\"middle\">400<\/td>\n<td align=\"center\" valign=\"middle\">500<\/td>\n<td align=\"center\" valign=\"middle\">600<\/td>\n<td align=\"center\" valign=\"middle\">800<\/td>\n<\/tr>\n<tr>\n<td>Travel size (U\/V) (mm)<\/td>\n<td colspan=\"4\" align=\"center\" valign=\"middle\">24\u00d724\u00a0 (\u00b13\u00b0)\u00a0 ( optional: 30\u00d730\u00a0 75\u00d775\u00a0 135\u00d7135)<\/td>\n<\/tr>\n<tr>\n<td>Wire Dia. (mm)<\/td>\n<td colspan=\"4\" align=\"center\" valign=\"middle\">(Molydbenum wire)\u00a0\u00a0\u00a0\u00a0\u00a0\u00a0\u00a0 \u03c60.10\uff5e0.22\u00a0 \uff08 special 0.25, 0.30mm)<\/td>\n<\/tr>\n<tr>\n<td>Wire speed (m\/sec)<\/td>\n<td colspan=\"4\" align=\"center\" valign=\"middle\">2.0-11.0<\/td>\n<\/tr>\n<tr>\n<td>Max. cutting speed (mm2\/min)<\/td>\n<td colspan=\"4\" align=\"center\" valign=\"middle\">160-180<\/td>\n<\/tr>\n<tr>\n<td>Max.cutting angle<\/td>\n<td colspan=\"4\" align=\"center\" valign=\"middle\">\u00b13\u00b0\/80mm (\u00a0 \u00b16\u00b0\u00a0 \u00b115\u00b0 \u00b130\u00b0degree is optional)<\/td>\n<\/tr>\n<tr>\n<td>Process accuracy (mm)<\/td>\n<td colspan=\"4\" align=\"center\" valign=\"middle\">(Multi-cut): 10\u00d710\u00d730(Square)\u22640.008;\u00a0 (One time-cut)\u22640.012;<\/p>\n<p>(Multi-cut)(Octagon)\u22640.01;\u00a0\u00a0 (Straightness)\u22640.008\/50mm;<\/td>\n<\/tr>\n<tr>\n<td>Roughness (Ra.um)<\/td>\n<td colspan=\"4\" align=\"center\" valign=\"middle\">Multi-cut):Ra\u22640.8,\u00a0 Single-cut):Ra\u22642.0<\/td>\n<\/tr>\n<tr>\n<td>Driving motor<\/td>\n<td colspan=\"4\" align=\"center\" valign=\"middle\">Step motor\u00a0\u00a0 \/\u00a0\u00a0 AC servo motor*\u00a0\u00a0 (Optional)<\/td>\n<\/tr>\n<tr>\n<td>Guide rail and ball<\/td>\n<td colspan=\"4\" align=\"center\" valign=\"middle\">Precision ball screw\/Linear rail<\/td>\n<\/tr>\n<tr>\n<td>Tension system<\/td>\n<td colspan=\"4\" align=\"center\" valign=\"middle\">three stage(0\/1\/2)tension adjustable<\/td>\n<\/tr>\n<tr>\n<td>Power supply<\/td>\n<td colspan=\"4\" align=\"center\" valign=\"middle\">380V\/50Hz, 2.5kw<\/td>\n<\/tr>\n<tr>\n<td>Weight (kg)<\/td>\n<td align=\"center\" valign=\"middle\">1600<\/td>\n<td align=\"center\" valign=\"middle\">1700<\/td>\n<td align=\"center\" valign=\"middle\">1800<\/td>\n<td align=\"center\" valign=\"middle\">2000<\/td>\n<\/tr>\n<tr>\n<td>Dimension (mm)<\/td>\n<td align=\"center\" valign=\"middle\">1700*1400*1900<\/td>\n<td align=\"center\" valign=\"middle\">1700*1500*1900<\/td>\n<td align=\"center\" valign=\"middle\">1900*1500*1900<\/td>\n<td align=\"center\" valign=\"middle\">1900*1550*2000<\/td>\n<\/tr>\n<\/tbody>\n<\/table>\n<p><strong>Entreprise et ateliers<\/strong><\/p>\n<p>ARIS Machinery est un groupe compos\u00e9 de 4 usines. ARIS dispose d'un atelier d'environ 60000 m\u00e8tres carr\u00e9s.<\/p>\n<p><img loading=\"lazy\" decoding=\"async\" title=\"EDM wire cutting machine\" src=\"https:\/\/img01.71360.com\/file\/read\/www2\/M00\/0D\/DD\/rBwBEmQZcUOAY-37AAGTcsI6_04807.jpg?ct=webp\" alt=\"EDM wire cutting machine\" width=\"800\" height=\"585\" \/><img loading=\"lazy\" decoding=\"async\" title=\"EDM wire cutting machine\" src=\"https:\/\/img01.71360.com\/file\/read\/www2\/M00\/0D\/DE\/rBwBEmQZcVmASzD0AAG61qp6Bu8015.jpg?ct=webp\" alt=\"EDM wire cutting machine\" width=\"800\" height=\"585\" \/><\/p>\n<p><strong>Equipements de production<\/strong><\/p>\n<p>Les principales pi\u00e8ces de nos machines sont trait\u00e9es par des machines \u00e0 commande num\u00e9rique. Nous disposons de fraiseuses \u00e0 commande num\u00e9rique \u00e0 portique, de centres d'usinage verticaux \u00e0 commande num\u00e9rique, de rectifieuses \u00e0 commande num\u00e9rique \u00e0 portique, de machines de d\u00e9coupe laser \u00e0 commande num\u00e9rique, de cintreuses \u00e0 commande num\u00e9rique et de cisailles \u00e0 commande num\u00e9rique.<\/p>\n<p><img loading=\"lazy\" decoding=\"async\" title=\"EDM wire cutting machine\" src=\"https:\/\/img01.71360.com\/file\/read\/www2\/M00\/0D\/DE\/rBwBEmQZcX-ASvxxAAGr-Nzp53k628.jpg?ct=webp\" alt=\"EDM wire cutting machine\" width=\"800\" height=\"747\" \/><\/p>\n<p><strong>Test et inspection<\/strong><\/p>\n<p>Toutes les machines sont test\u00e9es avant d'\u00eatre exp\u00e9di\u00e9es.<\/p>\n<p><img loading=\"lazy\" decoding=\"async\" title=\"EDM wire cutting machine\" src=\"https:\/\/img01.71360.com\/file\/read\/www2\/M00\/0D\/DE\/rBwBEmQZcaKASkZIAAG3_n20ZTo355.jpg?ct=webp\" alt=\"EDM wire cutting machine\" width=\"800\" height=\"945\" \/><\/p>\n<p><strong>Paquet et livraison<\/strong><\/p>\n<p><img loading=\"lazy\" decoding=\"async\" title=\"EDM wire cutting machine\" src=\"https:\/\/img01.71360.com\/file\/read\/www2\/M00\/0D\/DE\/rBwBEmQZcb-ATHsEAADsvr2pCXM317.jpg?ct=webp\" alt=\"EDM wire cutting machine\" width=\"800\" height=\"330\" \/><\/p>","protected":false},"excerpt":{"rendered":"<p>Robust frame with &#8220;C&#8221; mast.<\/p>\n<p>With height adjustable diamond guider.<\/p>\n<p>Four axes independent (X\/Y\/U\/V) work;<\/p>\n<p>Taiwan linear rail, Grade P or H, Ball screw. C2 or C3.<\/p>\n<p>Special Tensioning mechanism for molybdenum wire, keep stable cutting.<\/p>\n<p>Stepper motor is standard, Servo motor is optional.<\/p>\n<p>Tolerance can keep in 0.005mm, Roughness Ra 0.8.<\/p>","protected":false},"featured_media":3106,"comment_status":"closed","ping_status":"closed","template":"","meta":{"_acf_changed":false},"product_cat":[54],"product_tag":[],"class_list":["post-3105","product","type-product","status-publish","has-post-thumbnail","hentry","product_cat-edm-wire-cut-machine-t-type"],"acf":[],"_links":{"self":[{"href":"https:\/\/www.arismachinery.com\/fr\/wp-json\/wp\/v2\/product\/3105","targetHints":{"allow":["GET"]}}],"collection":[{"href":"https:\/\/www.arismachinery.com\/fr\/wp-json\/wp\/v2\/product"}],"about":[{"href":"https:\/\/www.arismachinery.com\/fr\/wp-json\/wp\/v2\/types\/product"}],"replies":[{"embeddable":true,"href":"https:\/\/www.arismachinery.com\/fr\/wp-json\/wp\/v2\/comments?post=3105"}],"wp:featuredmedia":[{"embeddable":true,"href":"https:\/\/www.arismachinery.com\/fr\/wp-json\/wp\/v2\/media\/3106"}],"wp:attachment":[{"href":"https:\/\/www.arismachinery.com\/fr\/wp-json\/wp\/v2\/media?parent=3105"}],"wp:term":[{"taxonomy":"product_cat","embeddable":true,"href":"https:\/\/www.arismachinery.com\/fr\/wp-json\/wp\/v2\/product_cat?post=3105"},{"taxonomy":"product_tag","embeddable":true,"href":"https:\/\/www.arismachinery.com\/fr\/wp-json\/wp\/v2\/product_tag?post=3105"}],"curies":[{"name":"wp","href":"https:\/\/api.w.org\/{rel}","templated":true}]}}