{"id":352,"date":"2018-07-28T16:08:06","date_gmt":"2018-07-28T08:08:06","guid":{"rendered":"http:\/\/manufacturer.stylemixthemes.com\/?page_id=352"},"modified":"2024-03-08T14:49:51","modified_gmt":"2024-03-08T06:49:51","slug":"faq","status":"publish","type":"page","link":"https:\/\/www.arismachinery.com\/pt\/faq\/","title":{"rendered":"FAQ"},"content":{"rendered":"<div data-elementor-type=\"wp-post\" data-elementor-id=\"352\" class=\"elementor elementor-352\">\n\t\t\t\t\t\t\t\t\t<section class=\"elementor-section elementor-top-section elementor-element elementor-element-e0a16e2 elementor-section-full_width elementor-section-height-default elementor-section-height-default\" data-id=\"e0a16e2\" data-element_type=\"section\">\n\t\t\t\t\t\t<div class=\"elementor-container elementor-column-gap-default\">\n\t\t\t\t\t<div class=\"elementor-column elementor-col-100 elementor-top-column elementor-element elementor-element-9eb88c2\" data-id=\"9eb88c2\" data-element_type=\"column\">\n\t\t\t<div class=\"elementor-widget-wrap elementor-element-populated\">\n\t\t\t\t\t\t\t\t<div class=\"elementor-element elementor-element-fc6e5d0 elementor-widget elementor-widget-image\" data-id=\"fc6e5d0\" data-element_type=\"widget\" data-widget_type=\"image.default\">\n\t\t\t\t<div class=\"elementor-widget-container\">\n\t\t\t<style>\/*! elementor - v3.7.8 - 02-10-2022 *\/\n.elementor-widget-image{text-align:center}.elementor-widget-image a{display:inline-block}.elementor-widget-image a img[src$=\".svg\"]{width:48px}.elementor-widget-image img{vertical-align:middle;display:inline-block}<\/style>\t\t\t\t\t\t\t\t\t\t\t\t<img loading=\"lazy\" decoding=\"async\" width=\"1920\" height=\"350\" src=\"https:\/\/www.arismachinery.com\/wp-content\/uploads\/2024\/03\/rBwBEmQ-bEyAU2rEAAOMH5rpPcE274.webp\" class=\"attachment-full size-full\" alt=\"\" srcset=\"https:\/\/www.arismachinery.com\/wp-content\/uploads\/2024\/03\/rBwBEmQ-bEyAU2rEAAOMH5rpPcE274.webp 1920w, https:\/\/www.arismachinery.com\/wp-content\/uploads\/2024\/03\/rBwBEmQ-bEyAU2rEAAOMH5rpPcE274-300x55.webp 300w, https:\/\/www.arismachinery.com\/wp-content\/uploads\/2024\/03\/rBwBEmQ-bEyAU2rEAAOMH5rpPcE274-1024x187.webp 1024w, https:\/\/www.arismachinery.com\/wp-content\/uploads\/2024\/03\/rBwBEmQ-bEyAU2rEAAOMH5rpPcE274-768x140.webp 768w, https:\/\/www.arismachinery.com\/wp-content\/uploads\/2024\/03\/rBwBEmQ-bEyAU2rEAAOMH5rpPcE274-1536x280.webp 1536w, https:\/\/www.arismachinery.com\/wp-content\/uploads\/2024\/03\/rBwBEmQ-bEyAU2rEAAOMH5rpPcE274-18x3.webp 18w, https:\/\/www.arismachinery.com\/wp-content\/uploads\/2024\/03\/rBwBEmQ-bEyAU2rEAAOMH5rpPcE274-600x109.webp 600w\" sizes=\"auto, (max-width: 1920px) 100vw, 1920px\" \/>\t\t\t\t\t\t\t\t\t\t\t\t\t\t\t<\/div>\n\t\t\t\t<\/div>\n\t\t\t\t\t<\/div>\n\t\t<\/div>\n\t\t\t\t\t\t\t<\/div>\n\t\t<\/section>\n\t\t\t\t<section class=\"elementor-section elementor-top-section elementor-element elementor-element-6cc0d79 elementor-section-full_width elementor-section-height-default elementor-section-height-default\" data-id=\"6cc0d79\" data-element_type=\"section\" data-settings=\"{&quot;background_background&quot;:&quot;classic&quot;}\">\n\t\t\t\t\t\t<div class=\"elementor-container elementor-column-gap-default\">\n\t\t\t\t\t<div class=\"elementor-column elementor-col-100 elementor-top-column elementor-element elementor-element-5fae022\" data-id=\"5fae022\" data-element_type=\"column\">\n\t\t\t<div class=\"elementor-widget-wrap elementor-element-populated\">\n\t\t\t\t\t\t\t\t<div class=\"elementor-element elementor-element-153a1a4 elementor-widget elementor-widget-woocommerce-breadcrumb\" data-id=\"153a1a4\" data-element_type=\"widget\" data-widget_type=\"woocommerce-breadcrumb.default\">\n\t\t\t\t<div class=\"elementor-widget-container\">\n\t\t\t<link rel=\"stylesheet\" href=\"https:\/\/www.arismachinery.com\/wp-content\/plugins\/elementor-pro\/assets\/css\/widget-woocommerce.min.css\"><nav class=\"woocommerce-breadcrumb\" data-no-translation=\"\" data-trp-gettext=\"\">In\u00edcio<\/nav>\t\t<\/div>\n\t\t\t\t<\/div>\n\t\t\t\t\t<\/div>\n\t\t<\/div>\n\t\t\t\t\t\t\t<\/div>\n\t\t<\/section>\n\t\t\t\t<section class=\"elementor-section elementor-top-section elementor-element elementor-element-3f07c6c elementor-section-full_width elementor-section-height-default elementor-section-height-default\" data-id=\"3f07c6c\" data-element_type=\"section\" data-settings=\"{&quot;background_background&quot;:&quot;classic&quot;}\">\n\t\t\t\t\t\t<div class=\"elementor-container elementor-column-gap-default\">\n\t\t\t\t\t<div class=\"elementor-column elementor-col-100 elementor-top-column elementor-element elementor-element-ba057c2\" data-id=\"ba057c2\" data-element_type=\"column\">\n\t\t\t<div class=\"elementor-widget-wrap elementor-element-populated\">\n\t\t\t\t\t\t\t\t<div class=\"elementor-element elementor-element-c6f2077 elementor-widget elementor-widget-pp-faq\" data-id=\"c6f2077\" data-element_type=\"widget\" data-settings=\"{&quot;faq_layout&quot;:&quot;accordion&quot;,&quot;accordion_type&quot;:&quot;accordion&quot;,&quot;toggle_speed&quot;:300}\" data-widget_type=\"pp-faq.default\">\n\t\t\t\t<div class=\"elementor-widget-container\">\n\t\t\t\t\t<div class=\"pp-faqs pp-advanced-accordion pp-toggle-icon-align-right\" id=\"pp-advanced-accordion-c6f2077\" data-accordion-id=\"c6f2077\">\n\t\t\t\t\t\t<div class=\"pp-faq-item elementor-grid-item pp-accordion-item\">\n\t\t\t\t<div id=\"pp-accordion-tab-title-2081\" class=\"pp-faq-question pp-accordion-tab-title\" tabindex=\"0\" data-tab=\"1\" aria-controls=\"pp-accordion-tab-content-2081\" aria-expanded=\"false\">\n\t\t\t\t\t<div class=\"pp-accordion-title-icon\">\n\t\t\t\t\t\t\t\t\t\t\t\t\t\t\t\t\t\t<div class=\"pp-accordion-title-text\">\n\t\t\t\t\t\t\t\u00c9 um fabricante?\t\t\t\t\t\t<\/div>\n\t\t\t\t\t<\/div>\n\t\t\t\t\t\t\t\t\t\t\t<div class=\"pp-accordion-toggle-icon\">\n\t\t\t\t\t\t\t\t\t\t\t\t\t\t\t<span class='pp-accordion-toggle-icon-close pp-icon'>\n\t\t\t\t\t\t\t\t\t<i aria-hidden=\"true\" class=\"fas fa-plus\"><\/i>\t\t\t\t\t\t\t\t<\/span>\n\t\t\t\t\t\t\t\t\t\t\t\t\t\t\t\t\t\t\t\t\t\t<span class='pp-accordion-toggle-icon-open pp-icon'>\n\t\t\t\t\t\t\t\t\t<i aria-hidden=\"true\" class=\"fas fa-minus\"><\/i>\t\t\t\t\t\t\t\t<\/span>\n\t\t\t\t\t\t\t\t\t\t\t\t\t<\/div>\n\t\t\t\t\t\t\t\t\t<\/div>\n\n\t\t\t\t<div id=\"pp-accordion-tab-content-2081\" class=\"pp-faq-answer pp-accordion-tab-content\" data-tab=\"1\" aria-labelledby=\"pp-accordion-tab-title-2081\">\n\t\t\t\t\t<p>ARIS Machinery especializou-se na produ\u00e7\u00e3o e exporta\u00e7\u00e3o de equipamentos de maquinagem durante mais de 18 anos, somos um grupo com 4 f\u00e1bricas localizadas na prov\u00edncia de Jiangsu. At\u00e9 \u00e0 data, export\u00e1mos para mais de 50 pa\u00edses.<\/p>\n\t\t\t\t<\/div>\n\t\t\t<\/div>\n\t\t\t\t\t\t<div class=\"pp-faq-item elementor-grid-item pp-accordion-item\">\n\t\t\t\t<div id=\"pp-accordion-tab-title-2082\" class=\"pp-faq-question pp-accordion-tab-title\" tabindex=\"0\" data-tab=\"2\" aria-controls=\"pp-accordion-tab-content-2082\" aria-expanded=\"false\">\n\t\t\t\t\t<div class=\"pp-accordion-title-icon\">\n\t\t\t\t\t\t\t\t\t\t\t\t\t\t\t\t\t\t<div class=\"pp-accordion-title-text\">\n\t\t\t\t\t\t\tQuais s\u00e3o os vossos principais produtos?\t\t\t\t\t\t<\/div>\n\t\t\t\t\t<\/div>\n\t\t\t\t\t\t\t\t\t\t\t<div class=\"pp-accordion-toggle-icon\">\n\t\t\t\t\t\t\t\t\t\t\t\t\t\t\t<span class='pp-accordion-toggle-icon-close pp-icon'>\n\t\t\t\t\t\t\t\t\t<i aria-hidden=\"true\" class=\"fas fa-plus\"><\/i>\t\t\t\t\t\t\t\t<\/span>\n\t\t\t\t\t\t\t\t\t\t\t\t\t\t\t\t\t\t\t\t\t\t<span class='pp-accordion-toggle-icon-open pp-icon'>\n\t\t\t\t\t\t\t\t\t<i aria-hidden=\"true\" class=\"fas fa-minus\"><\/i>\t\t\t\t\t\t\t\t<\/span>\n\t\t\t\t\t\t\t\t\t\t\t\t\t<\/div>\n\t\t\t\t\t\t\t\t\t<\/div>\n\n\t\t\t\t<div id=\"pp-accordion-tab-content-2082\" class=\"pp-faq-answer pp-accordion-tab-content\" data-tab=\"2\" aria-labelledby=\"pp-accordion-tab-title-2082\">\n\t\t\t\t\t<p>M\u00e1quina EDM: M\u00e1quina de corte de fio EDM, m\u00e1quina de afundamento de matriz EDM, m\u00e1quina de perfura\u00e7\u00e3o EDM Fresadora: Fresadora para trabalhos pesados, fresadora de torre, fresadora CNC, centro de m\u00e1quinas, fresadora de p\u00f3rtico. M\u00e1quina de torneamento CNC: Torno CNC de tipo plano, Torno CNC de leito inclinado, Torno CNC vertical, Torno convencional. M\u00e1quina de moagem: M\u00e1quina de retifica\u00e7\u00e3o de superf\u00edcies, m\u00e1quina de retifica\u00e7\u00e3o cil\u00edndrica. (rectificadora circular \/ interna)<\/p>\n\t\t\t\t<\/div>\n\t\t\t<\/div>\n\t\t\t\t\t\t<div class=\"pp-faq-item elementor-grid-item pp-accordion-item\">\n\t\t\t\t<div id=\"pp-accordion-tab-title-2083\" class=\"pp-faq-question pp-accordion-tab-title\" tabindex=\"0\" data-tab=\"3\" aria-controls=\"pp-accordion-tab-content-2083\" aria-expanded=\"false\">\n\t\t\t\t\t<div class=\"pp-accordion-title-icon\">\n\t\t\t\t\t\t\t\t\t\t\t\t\t\t\t\t\t\t<div class=\"pp-accordion-title-text\">\n\t\t\t\t\t\t\tComo efetuar uma encomenda?\t\t\t\t\t\t<\/div>\n\t\t\t\t\t<\/div>\n\t\t\t\t\t\t\t\t\t\t\t<div class=\"pp-accordion-toggle-icon\">\n\t\t\t\t\t\t\t\t\t\t\t\t\t\t\t<span class='pp-accordion-toggle-icon-close pp-icon'>\n\t\t\t\t\t\t\t\t\t<i aria-hidden=\"true\" class=\"fas fa-plus\"><\/i>\t\t\t\t\t\t\t\t<\/span>\n\t\t\t\t\t\t\t\t\t\t\t\t\t\t\t\t\t\t\t\t\t\t<span class='pp-accordion-toggle-icon-open pp-icon'>\n\t\t\t\t\t\t\t\t\t<i aria-hidden=\"true\" class=\"fas fa-minus\"><\/i>\t\t\t\t\t\t\t\t<\/span>\n\t\t\t\t\t\t\t\t\t\t\t\t\t<\/div>\n\t\t\t\t\t\t\t\t\t<\/div>\n\n\t\t\t\t<div id=\"pp-accordion-tab-content-2083\" class=\"pp-faq-answer pp-accordion-tab-content\" data-tab=\"3\" aria-labelledby=\"pp-accordion-tab-title-2083\">\n\t\t\t\t\t<div>Envie-nos um pedido de informa\u00e7\u00e3o ou contacte-nos atrav\u00e9s do servi\u00e7o online; ap\u00f3s recebermos o seu pedido, responderemos com o nosso cat\u00e1logo, or\u00e7amento e outras informa\u00e7\u00f5es necess\u00e1rias.<\/div>\n<div>\u00a0<\/div>\n\t\t\t\t<\/div>\n\t\t\t<\/div>\n\t\t\t\t\t\t<div class=\"pp-faq-item elementor-grid-item pp-accordion-item\">\n\t\t\t\t<div id=\"pp-accordion-tab-title-2084\" class=\"pp-faq-question pp-accordion-tab-title\" tabindex=\"0\" data-tab=\"4\" aria-controls=\"pp-accordion-tab-content-2084\" aria-expanded=\"false\">\n\t\t\t\t\t<div class=\"pp-accordion-title-icon\">\n\t\t\t\t\t\t\t\t\t\t\t\t\t\t\t\t\t\t<div class=\"pp-accordion-title-text\">\n\t\t\t\t\t\t\tE quanto ao prazo de entrega?\t\t\t\t\t\t<\/div>\n\t\t\t\t\t<\/div>\n\t\t\t\t\t\t\t\t\t\t\t<div class=\"pp-accordion-toggle-icon\">\n\t\t\t\t\t\t\t\t\t\t\t\t\t\t\t<span class='pp-accordion-toggle-icon-close pp-icon'>\n\t\t\t\t\t\t\t\t\t<i aria-hidden=\"true\" class=\"fas fa-plus\"><\/i>\t\t\t\t\t\t\t\t<\/span>\n\t\t\t\t\t\t\t\t\t\t\t\t\t\t\t\t\t\t\t\t\t\t<span class='pp-accordion-toggle-icon-open pp-icon'>\n\t\t\t\t\t\t\t\t\t<i aria-hidden=\"true\" class=\"fas fa-minus\"><\/i>\t\t\t\t\t\t\t\t<\/span>\n\t\t\t\t\t\t\t\t\t\t\t\t\t<\/div>\n\t\t\t\t\t\t\t\t\t<\/div>\n\n\t\t\t\t<div id=\"pp-accordion-tab-content-2084\" class=\"pp-faq-answer pp-accordion-tab-content\" data-tab=\"4\" aria-labelledby=\"pp-accordion-tab-title-2084\">\n\t\t\t\t\t<p>Para o modelo padr\u00e3o, podemos efetuar a entrega em 15 dias ap\u00f3s o pagamento. Para modelos especiais, podemos efetuar a entrega em 25 dias.<\/p>\n\t\t\t\t<\/div>\n\t\t\t<\/div>\n\t\t\t\t\t\t<div class=\"pp-faq-item elementor-grid-item pp-accordion-item\">\n\t\t\t\t<div id=\"pp-accordion-tab-title-2085\" class=\"pp-faq-question pp-accordion-tab-title\" tabindex=\"0\" data-tab=\"5\" aria-controls=\"pp-accordion-tab-content-2085\" aria-expanded=\"false\">\n\t\t\t\t\t<div class=\"pp-accordion-title-icon\">\n\t\t\t\t\t\t\t\t\t\t\t\t\t\t\t\t\t\t<div class=\"pp-accordion-title-text\">\n\t\t\t\t\t\t\tQue servi\u00e7os podemos oferecer?\t\t\t\t\t\t<\/div>\n\t\t\t\t\t<\/div>\n\t\t\t\t\t\t\t\t\t\t\t<div class=\"pp-accordion-toggle-icon\">\n\t\t\t\t\t\t\t\t\t\t\t\t\t\t\t<span class='pp-accordion-toggle-icon-close pp-icon'>\n\t\t\t\t\t\t\t\t\t<i aria-hidden=\"true\" class=\"fas fa-plus\"><\/i>\t\t\t\t\t\t\t\t<\/span>\n\t\t\t\t\t\t\t\t\t\t\t\t\t\t\t\t\t\t\t\t\t\t<span class='pp-accordion-toggle-icon-open pp-icon'>\n\t\t\t\t\t\t\t\t\t<i aria-hidden=\"true\" class=\"fas fa-minus\"><\/i>\t\t\t\t\t\t\t\t<\/span>\n\t\t\t\t\t\t\t\t\t\t\t\t\t<\/div>\n\t\t\t\t\t\t\t\t\t<\/div>\n\n\t\t\t\t<div id=\"pp-accordion-tab-content-2085\" class=\"pp-faq-answer pp-accordion-tab-content\" data-tab=\"5\" aria-labelledby=\"pp-accordion-tab-title-2085\">\n\t\t\t\t\t<p>1). 12 meses de garantia;2).Servi\u00e7o de apoio t\u00e9cnico online;3).Servi\u00e7o de ficheiros t\u00e9cnicos;4).Servi\u00e7o de forma\u00e7\u00e3o no local;5).Servi\u00e7o de substitui\u00e7\u00e3o e repara\u00e7\u00e3o de pe\u00e7as sobressalentes;6).Todas as quest\u00f5es ser\u00e3o respondidas no prazo de 24 horas.<\/p>\n\t\t\t\t<\/div>\n\t\t\t<\/div>\n\t\t\t\t\t<\/div>\n\t\t\t\t<\/div>\n\t\t\t\t<\/div>\n\t\t\t\t\t<\/div>\n\t\t<\/div>\n\t\t\t\t\t\t\t<\/div>\n\t\t<\/section>\n\t\t\t\t\t\t\t<\/div>","protected":false},"excerpt":{"rendered":"<p>Are you a manufacturer? ARIS Machinery have specialized in producing and exporting Machining Equipment for more than 18 years, we are a group with 4 factories located in Jiangsu province. We have exported to more than 50 countries so far. What are your main products? EDM machine: EDM Wire cut machine, EDM Die Sinking machine, [&hellip;]<\/p>","protected":false},"author":1,"featured_media":0,"parent":0,"menu_order":0,"comment_status":"closed","ping_status":"closed","template":"elementor_header_footer","meta":{"_acf_changed":false,"footnotes":""},"class_list":["post-352","page","type-page","status-publish","hentry"],"acf":[],"_links":{"self":[{"href":"https:\/\/www.arismachinery.com\/pt\/wp-json\/wp\/v2\/pages\/352","targetHints":{"allow":["GET"]}}],"collection":[{"href":"https:\/\/www.arismachinery.com\/pt\/wp-json\/wp\/v2\/pages"}],"about":[{"href":"https:\/\/www.arismachinery.com\/pt\/wp-json\/wp\/v2\/types\/page"}],"author":[{"embeddable":true,"href":"https:\/\/www.arismachinery.com\/pt\/wp-json\/wp\/v2\/users\/1"}],"replies":[{"embeddable":true,"href":"https:\/\/www.arismachinery.com\/pt\/wp-json\/wp\/v2\/comments?post=352"}],"version-history":[{"count":5,"href":"https:\/\/www.arismachinery.com\/pt\/wp-json\/wp\/v2\/pages\/352\/revisions"}],"predecessor-version":[{"id":3215,"href":"https:\/\/www.arismachinery.com\/pt\/wp-json\/wp\/v2\/pages\/352\/revisions\/3215"}],"wp:attachment":[{"href":"https:\/\/www.arismachinery.com\/pt\/wp-json\/wp\/v2\/media?parent=352"}],"curies":[{"name":"wp","href":"https:\/\/api.w.org\/{rel}","templated":true}]}}