{"id":2956,"date":"2024-03-08T10:44:49","date_gmt":"2024-03-08T02:44:49","guid":{"rendered":"http:\/\/www.arismachinery.com\/product\/vertical-cnc-turning-machine\/"},"modified":"2024-04-15T20:02:53","modified_gmt":"2024-04-15T12:02:53","slug":"vertical-cnc-turning-machine","status":"publish","type":"product","link":"https:\/\/www.arismachinery.com\/pt\/product\/vertical-cnc-turning-machine\/","title":{"rendered":"M\u00e1quina de torneamento CNC vertical"},"content":{"rendered":"<p>Adotar uma calha de guia quadrada mais larga, com grande capacidade e resist\u00eancia ao choque.<\/p>\n<p>Viga de a\u00e7o equipada com carril de guia em a\u00e7o, estrutura composta com rolamento e deslizamento, menos fric\u00e7\u00e3o.<\/p>\n<p>Engrenagem rotativa com processo de moagem preciso, com caixa de engrenagens ZF da Alemanha para atingir grande bin\u00e1rio e alta velocidade.<\/p>\n<p>Com fun\u00e7\u00e3o de divis\u00e3o da mesa de trabalho, tamb\u00e9m instala trav\u00e3o hidr\u00e1ulico auto-centrante.<\/p>\n<p>Opcional: Instalar o BT50 como segundo fuso.<\/p>\n<p>&nbsp;<\/p>\n<p><strong>Par\u00e2metros t\u00e9cnicos:<\/strong><\/p>\n<table>\n<tbody>\n<tr class=\"firstRow\">\n<td rowspan=\"2\">Modelo<\/td>\n<td colspan=\"3\" align=\"center\" valign=\"middle\">CK5112<\/td>\n<\/tr>\n<tr>\n<td align=\"center\" valign=\"middle\">CK5112A<\/td>\n<td align=\"center\" valign=\"middle\">CK5112ATC<\/td>\n<td align=\"center\" valign=\"middle\">CK5112ATC+C<\/td>\n<\/tr>\n<tr>\n<td>Mesa de trabalho Dia. (mm)<\/td>\n<td colspan=\"3\" align=\"center\" valign=\"middle\">1200<\/td>\n<\/tr>\n<tr>\n<td>M\u00e1x. Di\u00e2metro de viragem (mm)<\/td>\n<td colspan=\"3\" align=\"center\" valign=\"middle\">1400<\/td>\n<\/tr>\n<tr>\n<td>Altura m\u00e1x. Altura de viragem (mm)<\/td>\n<td colspan=\"3\" align=\"center\" valign=\"middle\">1200\/1400\/1600<\/td>\n<\/tr>\n<tr>\n<td>Carga m\u00e1xima na mesa de trabalho (kg)<\/td>\n<td colspan=\"3\" align=\"center\" valign=\"middle\">5000<\/td>\n<\/tr>\n<tr>\n<td>Curso m\u00e1x. Curso X (mm)<\/td>\n<td align=\"center\" valign=\"middle\">-150 ~ 850<\/td>\n<td align=\"center\" valign=\"middle\">-150 ~ 1150<\/td>\n<td align=\"center\" valign=\"middle\">-150 ~ 1150<\/td>\n<\/tr>\n<tr>\n<td>M\u00e1x. Curso Z (mm)<\/td>\n<td colspan=\"2\" align=\"center\" valign=\"middle\">800\/1000\/1200<\/td>\n<td align=\"center\" valign=\"middle\">800\/1000<\/td>\n<\/tr>\n<tr>\n<td>Velocidade m\u00e1xima do fuso (rpm)<\/td>\n<td colspan=\"3\" align=\"center\" valign=\"middle\">350<\/td>\n<\/tr>\n<tr>\n<td>M\u00e1ximo . Bin\u00e1rio do fuso ( N.M)<\/td>\n<td colspan=\"3\" align=\"center\" valign=\"middle\">8000<\/td>\n<\/tr>\n<tr>\n<td>Velocidade do mandril do eixo C (rpm)<\/td>\n<td align=\"center\" valign=\"middle\"><\/td>\n<td align=\"center\" valign=\"middle\"><\/td>\n<td align=\"center\" valign=\"middle\">4000<\/td>\n<\/tr>\n<tr>\n<td>X velocidade de desloca\u00e7\u00e3o r\u00e1pida \uff08mm\/min)<\/td>\n<td colspan=\"3\" align=\"center\" valign=\"middle\">6000<\/td>\n<\/tr>\n<tr>\n<td>Z velocidade de desloca\u00e7\u00e3o r\u00e1pida \uff08mm\/min)<\/td>\n<td colspan=\"3\" align=\"center\" valign=\"middle\">6000<\/td>\n<\/tr>\n<tr>\n<td>Taxa m\u00e1xima de alimenta\u00e7\u00e3o de corte (mm\/min)<\/td>\n<td colspan=\"3\" align=\"center\" valign=\"middle\">2000<\/td>\n<\/tr>\n<tr>\n<td>Revista de ferramentas (ATC)<\/td>\n<td rowspan=\"6\" align=\"center\" valign=\"middle\">trocador de ferramentas el\u00e9trico de coluna 4 \/5 posi\u00e7\u00f5es<\/td>\n<td align=\"center\" valign=\"middle\">12<\/td>\n<td align=\"center\" valign=\"middle\">12<\/td>\n<\/tr>\n<tr>\n<td>Haste da ferramenta<\/td>\n<td align=\"center\" valign=\"middle\">BT50<\/td>\n<td align=\"center\" valign=\"middle\">BT50<\/td>\n<\/tr>\n<tr>\n<td>Tamanho m\u00e1x. da ferramenta (mm)<\/td>\n<td align=\"center\" valign=\"middle\">280*150*400<\/td>\n<td align=\"center\" valign=\"middle\">280*150*400<\/td>\n<\/tr>\n<tr>\n<td>Peso m\u00e1ximo da ferramenta (kg)<\/td>\n<td align=\"center\" valign=\"middle\">50<\/td>\n<td align=\"center\" valign=\"middle\">50<\/td>\n<\/tr>\n<tr>\n<td>Peso m\u00e1ximo de carga do ATC (kg)<\/td>\n<td align=\"center\" valign=\"middle\">360<\/td>\n<td align=\"center\" valign=\"middle\">360<\/td>\n<\/tr>\n<tr>\n<td>Tempo de mudan\u00e7a de ferramenta<\/td>\n<td align=\"center\" valign=\"middle\">45<\/td>\n<td align=\"center\" valign=\"middle\">45<\/td>\n<\/tr>\n<tr>\n<td>Motor Spindel ( kw)<\/td>\n<td colspan=\"3\" align=\"center\" valign=\"middle\">22 \u00a0\/ \u00a030<\/td>\n<\/tr>\n<tr>\n<td>X servomotor Bin\u00e1rio ( N.M)<\/td>\n<td colspan=\"3\" align=\"center\" valign=\"middle\">40<\/td>\n<\/tr>\n<tr>\n<td>Servomotor Z Bin\u00e1rio (N.M)<\/td>\n<td colspan=\"3\" align=\"center\" valign=\"middle\">40<\/td>\n<\/tr>\n<tr>\n<td>Servo motor do eixo C<\/td>\n<td align=\"center\" valign=\"middle\"><\/td>\n<td align=\"center\" valign=\"middle\"><\/td>\n<td align=\"center\" valign=\"middle\">5.5 \/ 7.5<\/td>\n<\/tr>\n<tr>\n<td>Pot\u00eancia m\u00e1x. Pot\u00eancia ( KW)<\/td>\n<td align=\"center\" valign=\"middle\">50<\/td>\n<td align=\"center\" valign=\"middle\">50<\/td>\n<td align=\"center\" valign=\"middle\">60<\/td>\n<\/tr>\n<tr>\n<td>\u00c1rea de cobertura m\u00e1xima (C*L) (mm)<\/td>\n<td align=\"center\" valign=\"middle\">3200*3300<\/td>\n<td align=\"center\" valign=\"middle\">4200*3300<\/td>\n<td align=\"center\" valign=\"middle\">4200*3300<\/td>\n<\/tr>\n<tr>\n<td>Peso da m\u00e1quina (kg)<\/td>\n<td align=\"center\" valign=\"middle\">16000<\/td>\n<td align=\"center\" valign=\"middle\">16000<\/td>\n<td align=\"center\" valign=\"middle\">17000<\/td>\n<\/tr>\n<\/tbody>\n<\/table>\n<p>&nbsp;<\/p>\n<table>\n<tbody>\n<tr class=\"firstRow\">\n<td rowspan=\"2\">Modelo<\/td>\n<td colspan=\"3\" align=\"center\" valign=\"middle\">CK5116<\/td>\n<\/tr>\n<tr>\n<td align=\"center\" valign=\"middle\">CK5116A<\/td>\n<td align=\"center\" valign=\"middle\">CK5116ATC<\/td>\n<td align=\"center\" valign=\"middle\">CK5116ATC+C<\/td>\n<\/tr>\n<tr>\n<td>Mesa de trabalho Dia. (mm)<\/td>\n<td colspan=\"3\" align=\"center\" valign=\"middle\">1500<\/td>\n<\/tr>\n<tr>\n<td>M\u00e1x. Di\u00e2metro de viragem (mm)<\/td>\n<td colspan=\"3\" align=\"center\" valign=\"middle\">1730<\/td>\n<\/tr>\n<tr>\n<td>Altura m\u00e1x. Altura de viragem (mm)<\/td>\n<td colspan=\"3\" align=\"center\" valign=\"middle\">1200\/16400\/2000<\/td>\n<\/tr>\n<tr>\n<td>Carga m\u00e1xima na mesa de trabalho (kg)<\/td>\n<td colspan=\"3\" align=\"center\" valign=\"middle\">8000<\/td>\n<\/tr>\n<tr>\n<td>Curso m\u00e1x. Curso X (mm)<\/td>\n<td align=\"center\" valign=\"middle\">-150 ~ 1150<\/td>\n<td align=\"center\" valign=\"middle\">-150 ~ 1350<\/td>\n<td align=\"center\" valign=\"middle\">-150 ~ 1350<\/td>\n<\/tr>\n<tr>\n<td>M\u00e1x. Curso Z (mm)<\/td>\n<td colspan=\"2\" align=\"center\" valign=\"middle\">800\/1000\/1200<\/td>\n<td align=\"center\" valign=\"middle\">800\/1000<\/td>\n<\/tr>\n<tr>\n<td>Velocidade m\u00e1xima do fuso (rpm)<\/td>\n<td colspan=\"3\" align=\"center\" valign=\"middle\">300<\/td>\n<\/tr>\n<tr>\n<td>M\u00e1ximo . Bin\u00e1rio do fuso ( N.M)<\/td>\n<td colspan=\"3\" align=\"center\" valign=\"middle\">12000<\/td>\n<\/tr>\n<tr>\n<td>Velocidade do mandril do eixo C (rpm)<\/td>\n<td align=\"center\" valign=\"middle\"><\/td>\n<td align=\"center\" valign=\"middle\"><\/td>\n<td align=\"center\" valign=\"middle\">3000<\/td>\n<\/tr>\n<tr>\n<td>X velocidade de desloca\u00e7\u00e3o r\u00e1pida \uff08mm\/min)<\/td>\n<td colspan=\"3\" align=\"center\" valign=\"middle\">6000<\/td>\n<\/tr>\n<tr>\n<td>Z velocidade de desloca\u00e7\u00e3o r\u00e1pida \uff08mm\/min)<\/td>\n<td colspan=\"3\" align=\"center\" valign=\"middle\">6000<\/td>\n<\/tr>\n<tr>\n<td>Taxa m\u00e1xima de alimenta\u00e7\u00e3o de corte (mm\/min)<\/td>\n<td colspan=\"3\" align=\"center\" valign=\"middle\">2000<\/td>\n<\/tr>\n<tr>\n<td>Revista de ferramentas (ATC)<\/td>\n<td rowspan=\"6\" align=\"center\" valign=\"middle\">trocador de ferramentas el\u00e9trico de coluna 4 \/5 posi\u00e7\u00f5es<\/td>\n<td align=\"center\" valign=\"middle\">12<\/td>\n<td align=\"center\" valign=\"middle\">12<\/td>\n<\/tr>\n<tr>\n<td>Haste da ferramenta<\/td>\n<td align=\"center\" valign=\"middle\">BT50<\/td>\n<td align=\"center\" valign=\"middle\">BT50<\/td>\n<\/tr>\n<tr>\n<td>Tamanho m\u00e1x. da ferramenta (mm)<\/td>\n<td align=\"center\" valign=\"middle\">280*150*400<\/td>\n<td align=\"center\" valign=\"middle\">280*150*400<\/td>\n<\/tr>\n<tr>\n<td>Peso m\u00e1ximo da ferramenta (kg)<\/td>\n<td align=\"center\" valign=\"middle\">50<\/td>\n<td align=\"center\" valign=\"middle\">50<\/td>\n<\/tr>\n<tr>\n<td>Peso m\u00e1ximo de carga do ATC (kg)<\/td>\n<td align=\"center\" valign=\"middle\">360<\/td>\n<td align=\"center\" valign=\"middle\">360<\/td>\n<\/tr>\n<tr>\n<td>Tempo de mudan\u00e7a de ferramenta<\/td>\n<td align=\"center\" valign=\"middle\">45<\/td>\n<td align=\"center\" valign=\"middle\">45<\/td>\n<\/tr>\n<tr>\n<td>Motor Spindel ( kw)<\/td>\n<td colspan=\"3\" align=\"center\" valign=\"middle\">30 \/ 37<\/td>\n<\/tr>\n<tr>\n<td>X servomotor Bin\u00e1rio ( N.M)<\/td>\n<td colspan=\"3\" align=\"center\" valign=\"middle\">40<\/td>\n<\/tr>\n<tr>\n<td>Servomotor Z Bin\u00e1rio (N.M)<\/td>\n<td colspan=\"3\" align=\"center\" valign=\"middle\">40<\/td>\n<\/tr>\n<tr>\n<td>Servo motor do eixo C<\/td>\n<td align=\"center\" valign=\"middle\"><\/td>\n<td align=\"center\" valign=\"middle\"><\/td>\n<td align=\"center\" valign=\"middle\">5.5 \/ 7.5<\/td>\n<\/tr>\n<tr>\n<td>Pot\u00eancia m\u00e1x. Pot\u00eancia ( KW)<\/td>\n<td align=\"center\" valign=\"middle\">60<\/td>\n<td align=\"center\" valign=\"middle\">60<\/td>\n<td align=\"center\" valign=\"middle\">70<\/td>\n<\/tr>\n<tr>\n<td>\u00c1rea de cobertura m\u00e1xima (C*L) (mm)<\/td>\n<td align=\"center\" valign=\"middle\">3500*3800<\/td>\n<td align=\"center\" valign=\"middle\">4500*3800<\/td>\n<td align=\"center\" valign=\"middle\">4500*3800<\/td>\n<\/tr>\n<tr>\n<td>Peso da m\u00e1quina (kg)<\/td>\n<td align=\"center\" valign=\"middle\">20000<\/td>\n<td align=\"center\" valign=\"middle\">20000<\/td>\n<td align=\"center\" valign=\"middle\">21000<\/td>\n<\/tr>\n<\/tbody>\n<\/table>\n<p>&nbsp;<\/p>\n<table>\n<tbody>\n<tr class=\"firstRow\">\n<td rowspan=\"2\">Modelo<\/td>\n<td colspan=\"3\" align=\"center\" valign=\"middle\">CK5120<\/td>\n<\/tr>\n<tr>\n<td align=\"center\" valign=\"middle\">CK5120A<\/td>\n<td align=\"center\" valign=\"middle\">CK5120ATC<\/td>\n<td align=\"center\" valign=\"middle\">CK5120ATC+C<\/td>\n<\/tr>\n<tr>\n<td>Mesa de trabalho Dia. (mm)<\/td>\n<td colspan=\"3\" align=\"center\" valign=\"middle\">2000<\/td>\n<\/tr>\n<tr>\n<td>M\u00e1x. Di\u00e2metro de viragem (mm)<\/td>\n<td colspan=\"3\" align=\"center\" valign=\"middle\">2200<\/td>\n<\/tr>\n<tr>\n<td>Altura m\u00e1x. Altura de viragem (mm)<\/td>\n<td colspan=\"3\" align=\"center\" valign=\"middle\">1600\/2000<\/td>\n<\/tr>\n<tr>\n<td>Carga m\u00e1xima na mesa de trabalho (kg)<\/td>\n<td colspan=\"3\" align=\"center\" valign=\"middle\">1000<\/td>\n<\/tr>\n<tr>\n<td>Curso m\u00e1x. Curso X (mm)<\/td>\n<td align=\"center\" valign=\"middle\">-300 ~ 1250<\/td>\n<td align=\"center\" valign=\"middle\">-300 ~ 1550<\/td>\n<td align=\"center\" valign=\"middle\">-300 ~ 1550<\/td>\n<\/tr>\n<tr>\n<td>M\u00e1x. Curso Z (mm)<\/td>\n<td colspan=\"2\" align=\"center\" valign=\"middle\">1000\/1200<\/td>\n<td align=\"center\" valign=\"middle\">1000<\/td>\n<\/tr>\n<tr>\n<td>Velocidade m\u00e1xima do fuso (rpm)<\/td>\n<td colspan=\"3\" align=\"center\" valign=\"middle\">200<\/td>\n<\/tr>\n<tr>\n<td>M\u00e1ximo . Bin\u00e1rio do fuso ( N.M)<\/td>\n<td colspan=\"3\" align=\"center\" valign=\"middle\">25000<\/td>\n<\/tr>\n<tr>\n<td>Velocidade do mandril do eixo C (rpm)<\/td>\n<td align=\"center\" valign=\"middle\"><\/td>\n<td align=\"center\" valign=\"middle\"><\/td>\n<td align=\"center\" valign=\"middle\">3000<\/td>\n<\/tr>\n<tr>\n<td>X velocidade de desloca\u00e7\u00e3o r\u00e1pida \uff08mm\/min)<\/td>\n<td colspan=\"3\" align=\"center\" valign=\"middle\">6000<\/td>\n<\/tr>\n<tr>\n<td>Z velocidade de desloca\u00e7\u00e3o r\u00e1pida \uff08mm\/min)<\/td>\n<td colspan=\"3\" align=\"center\" valign=\"middle\">6000<\/td>\n<\/tr>\n<tr>\n<td>Taxa m\u00e1xima de alimenta\u00e7\u00e3o de corte (mm\/min)<\/td>\n<td colspan=\"3\" align=\"center\" valign=\"middle\">2000<\/td>\n<\/tr>\n<tr>\n<td>Revista de ferramentas (ATC)<\/td>\n<td rowspan=\"6\" align=\"center\" valign=\"middle\">trocador de ferramentas el\u00e9trico de coluna 4 \/5 posi\u00e7\u00f5es<\/td>\n<td align=\"center\" valign=\"middle\">12<\/td>\n<td align=\"center\" valign=\"middle\">12<\/td>\n<\/tr>\n<tr>\n<td>Haste da ferramenta<\/td>\n<td align=\"center\" valign=\"middle\">BT50<\/td>\n<td align=\"center\" valign=\"middle\">BT50<\/td>\n<\/tr>\n<tr>\n<td>Tamanho m\u00e1x. da ferramenta (mm)<\/td>\n<td align=\"center\" valign=\"middle\">280*150*400<\/td>\n<td align=\"center\" valign=\"middle\">280*150*400<\/td>\n<\/tr>\n<tr>\n<td>Peso m\u00e1ximo da ferramenta (kg)<\/td>\n<td align=\"center\" valign=\"middle\">50<\/td>\n<td align=\"center\" valign=\"middle\">50<\/td>\n<\/tr>\n<tr>\n<td>Peso m\u00e1ximo de carga do ATC (kg)<\/td>\n<td align=\"center\" valign=\"middle\">360<\/td>\n<td align=\"center\" valign=\"middle\">360<\/td>\n<\/tr>\n<tr>\n<td>Tempo de mudan\u00e7a de ferramenta<\/td>\n<td align=\"center\" valign=\"middle\">45<\/td>\n<td align=\"center\" valign=\"middle\">45<\/td>\n<\/tr>\n<tr>\n<td>Motor Spindel ( kw)<\/td>\n<td colspan=\"3\" align=\"center\" valign=\"middle\">37 \/ 45<\/td>\n<\/tr>\n<tr>\n<td>X servomotor Bin\u00e1rio ( N.M)<\/td>\n<td colspan=\"3\" align=\"center\" valign=\"middle\">40<\/td>\n<\/tr>\n<tr>\n<td>Servomotor Z Bin\u00e1rio (N.M)<\/td>\n<td colspan=\"3\" align=\"center\" valign=\"middle\">40<\/td>\n<\/tr>\n<tr>\n<td>Servo motor do eixo C<\/td>\n<td align=\"center\" valign=\"middle\"><\/td>\n<td align=\"center\" valign=\"middle\"><\/td>\n<td align=\"center\" valign=\"middle\">7.5 \/ 11<\/td>\n<\/tr>\n<tr>\n<td>Pot\u00eancia m\u00e1x. Pot\u00eancia ( KW)<\/td>\n<td align=\"center\" valign=\"middle\">70<\/td>\n<td align=\"center\" valign=\"middle\">70<\/td>\n<td align=\"center\" valign=\"middle\">80<\/td>\n<\/tr>\n<tr>\n<td>\u00c1rea de cobertura m\u00e1xima (C*L) (mm)<\/td>\n<td align=\"center\" valign=\"middle\">5500*5000<\/td>\n<td align=\"center\" valign=\"middle\">6200*5200<\/td>\n<td align=\"center\" valign=\"middle\">6200*5200<\/td>\n<\/tr>\n<tr>\n<td>Peso da m\u00e1quina (kg)<\/td>\n<td align=\"center\" valign=\"middle\">28000<\/td>\n<td align=\"center\" valign=\"middle\">28000<\/td>\n<td align=\"center\" valign=\"middle\">30000<\/td>\n<\/tr>\n<\/tbody>\n<\/table>","protected":false},"excerpt":{"rendered":"<p>Adotar uma calha de guia quadrada mais larga, com grande capacidade e resist\u00eancia ao choque.<br \/>\nViga de a\u00e7o equipada com carril de guia em a\u00e7o, estrutura composta com rolamento e deslizamento, menos fric\u00e7\u00e3o.<br \/>\nEngrenagem rotativa com processo de moagem preciso, com caixa de engrenagens ZF da Alemanha para atingir grande bin\u00e1rio e alta velocidade.<br \/>\nCom fun\u00e7\u00e3o de divis\u00e3o da mesa de trabalho, tamb\u00e9m instala trav\u00e3o hidr\u00e1ulico auto-centrante.<\/p>\n<p>Correio eletr\u00f3nico: joyce@arismachinery.com \/ joycechen2677@gmail.com<br \/>\nWechat: joycechen677<br \/>\nWhatsapp: +86 13815922677<br \/>\nTel: +86-523-8549496 \/ +86-523-8549496<\/p>","protected":false},"featured_media":2957,"comment_status":"closed","ping_status":"closed","template":"","meta":{"_acf_changed":false},"product_cat":[84],"product_tag":[],"class_list":["post-2956","product","type-product","status-publish","has-post-thumbnail","hentry","product_cat-vertical-cnc-lathe"],"acf":[],"_links":{"self":[{"href":"https:\/\/www.arismachinery.com\/pt\/wp-json\/wp\/v2\/product\/2956","targetHints":{"allow":["GET"]}}],"collection":[{"href":"https:\/\/www.arismachinery.com\/pt\/wp-json\/wp\/v2\/product"}],"about":[{"href":"https:\/\/www.arismachinery.com\/pt\/wp-json\/wp\/v2\/types\/product"}],"replies":[{"embeddable":true,"href":"https:\/\/www.arismachinery.com\/pt\/wp-json\/wp\/v2\/comments?post=2956"}],"wp:featuredmedia":[{"embeddable":true,"href":"https:\/\/www.arismachinery.com\/pt\/wp-json\/wp\/v2\/media\/2957"}],"wp:attachment":[{"href":"https:\/\/www.arismachinery.com\/pt\/wp-json\/wp\/v2\/media?parent=2956"}],"wp:term":[{"taxonomy":"product_cat","embeddable":true,"href":"https:\/\/www.arismachinery.com\/pt\/wp-json\/wp\/v2\/product_cat?post=2956"},{"taxonomy":"product_tag","embeddable":true,"href":"https:\/\/www.arismachinery.com\/pt\/wp-json\/wp\/v2\/product_tag?post=2956"}],"curies":[{"name":"wp","href":"https:\/\/api.w.org\/{rel}","templated":true}]}}