{"id":2958,"date":"2024-03-08T10:44:49","date_gmt":"2024-03-08T02:44:49","guid":{"rendered":"http:\/\/www.arismachinery.com\/product\/single-column-vertical-lathe\/"},"modified":"2024-04-15T20:02:45","modified_gmt":"2024-04-15T12:02:45","slug":"single-column-vertical-lathe","status":"publish","type":"product","link":"https:\/\/www.arismachinery.com\/pt\/product\/single-column-vertical-lathe\/","title":{"rendered":"Torno vertical de coluna \u00fanica"},"content":{"rendered":"<p>Adotar uma guia hidrost\u00e1tica com rolamento de pr\u00e9-carga para a mesa de trabalho, menos fric\u00e7\u00e3o.<\/p>\n<p>Calha de caixa para grande capacidade.<\/p>\n<p>Turcite italiana em todas as calhas de deslizamento para diminuir o atrito.<\/p>\n<p>Engrenagem rotativa com processo de moagem preciso, com caixa de engrenagens para atingir grande bin\u00e1rio e alta velocidade.<\/p>\n<p>C5112G 5116G 5120G 5123G:  Controlo PLC<\/p>\n<p>CJK5112G 5116G 5120G 5123G:  Controlo CNC (Sistema CNC: GSK, SYNTEC, FANUC, Simens)<\/p>\n<p>&nbsp;<\/p>\n<p><strong>Par\u00e2metros t\u00e9cnicos:<\/strong><\/p>\n<table>\n<tbody>\n<tr class=\"firstRow\">\n<td rowspan=\"2\">Modelo<\/td>\n<td align=\"center\" valign=\"middle\">C5112G<\/td>\n<td align=\"center\" valign=\"middle\">C5116G<\/td>\n<td align=\"center\" valign=\"middle\">C5120G<\/td>\n<td align=\"center\" valign=\"middle\">C5123G<\/td>\n<\/tr>\n<tr>\n<td align=\"center\" valign=\"middle\">CJK5112G<\/td>\n<td align=\"center\" valign=\"middle\">CJK5116G<\/td>\n<td align=\"center\" valign=\"middle\">CJL5120G<\/td>\n<td align=\"center\" valign=\"middle\">CJK5123G<\/td>\n<\/tr>\n<tr>\n<td>Di\u00e2metro m\u00e1ximo de rota\u00e7\u00e3o (mm)<\/td>\n<td align=\"center\" valign=\"middle\">1250<\/td>\n<td align=\"center\" valign=\"middle\">1600<\/td>\n<td align=\"center\" valign=\"middle\">2000<\/td>\n<td align=\"center\" valign=\"middle\">2300<\/td>\n<\/tr>\n<tr>\n<td>Di\u00e2metro da mesa de trabalho (mm)<\/td>\n<td align=\"center\" valign=\"middle\">1000<\/td>\n<td align=\"center\" valign=\"middle\">1400<\/td>\n<td align=\"center\" valign=\"middle\">1800<\/td>\n<td align=\"center\" valign=\"middle\">2000<\/td>\n<\/tr>\n<tr>\n<td>M\u00e1x. Altura da pe\u00e7a de trabalho (mm)<\/td>\n<td align=\"center\" valign=\"middle\">1000\/1200\/1400<\/td>\n<td align=\"center\" valign=\"middle\">1000\/1400\/1600<\/td>\n<td align=\"center\" valign=\"middle\">1250\/1600\/1800<\/td>\n<td align=\"center\" valign=\"middle\">1250\/1600\/1800<\/td>\n<\/tr>\n<tr>\n<td>Peso m\u00e1ximo da pe\u00e7a de trabalho (T)<\/td>\n<td align=\"center\" valign=\"middle\">5<\/td>\n<td align=\"center\" valign=\"middle\">8<\/td>\n<td align=\"center\" valign=\"middle\">10<\/td>\n<td align=\"center\" valign=\"middle\">10<\/td>\n<\/tr>\n<tr>\n<td>For\u00e7a m\u00e1xima de corte da cabe\u00e7a do carril (KN)<\/td>\n<td align=\"center\" valign=\"middle\">20<\/td>\n<td align=\"center\" valign=\"middle\">25<\/td>\n<td align=\"center\" valign=\"middle\">25<\/td>\n<td align=\"center\" valign=\"middle\">25<\/td>\n<\/tr>\n<tr>\n<td>For\u00e7a m\u00e1xima de corte da cabe\u00e7a deslizante (KN)<\/td>\n<td align=\"center\" valign=\"middle\">20<\/td>\n<td align=\"center\" valign=\"middle\">20<\/td>\n<td align=\"center\" valign=\"middle\">20<\/td>\n<td align=\"center\" valign=\"middle\">20<\/td>\n<\/tr>\n<tr>\n<td>Bin\u00e1rio m\u00e1ximo da mesa de trabalho (KN.M)<\/td>\n<td align=\"center\" valign=\"middle\">17.5<\/td>\n<td align=\"center\" valign=\"middle\">25<\/td>\n<td align=\"center\" valign=\"middle\">32<\/td>\n<td align=\"center\" valign=\"middle\">32<\/td>\n<\/tr>\n<tr>\n<td>Gama de velocidades da mesa de trabalho (16 passos) (r\/min)<\/td>\n<td align=\"center\" valign=\"middle\">6.3-200<\/td>\n<td align=\"center\" valign=\"middle\">5-160<\/td>\n<td align=\"center\" valign=\"middle\">2.5-125<\/td>\n<td align=\"center\" valign=\"middle\">2.5-125<\/td>\n<\/tr>\n<tr>\n<td>Giro da cabe\u00e7a do carril<\/td>\n<td align=\"center\" valign=\"middle\">\u00b130<\/td>\n<td align=\"center\" valign=\"middle\">\u00b130<\/td>\n<td align=\"center\" valign=\"middle\">\u00b130<\/td>\n<td align=\"center\" valign=\"middle\">\u00b130<\/td>\n<\/tr>\n<tr>\n<td>Gama de velocidades de avan\u00e7o (12 passos) (mm\/min)<\/td>\n<td align=\"center\" valign=\"middle\">0.8-86<\/td>\n<td align=\"center\" valign=\"middle\">0.8-86<\/td>\n<td align=\"center\" valign=\"middle\">0.8-86<\/td>\n<td align=\"center\" valign=\"middle\">0.8-86<\/td>\n<\/tr>\n<tr>\n<td>Curso da viga transversal (mm)<\/td>\n<td align=\"center\" valign=\"middle\">650\/850\/1050<\/td>\n<td align=\"center\" valign=\"middle\">650\/1050\/1250<\/td>\n<td align=\"center\" valign=\"middle\">900\/1250\/1450<\/td>\n<td align=\"center\" valign=\"middle\">900\/1250\/1450<\/td>\n<\/tr>\n<tr>\n<td>Velocidade de desloca\u00e7\u00e3o da viga transversal (mm\/min)<\/td>\n<td align=\"center\" valign=\"middle\">440<\/td>\n<td align=\"center\" valign=\"middle\">440<\/td>\n<td align=\"center\" valign=\"middle\">440<\/td>\n<td align=\"center\" valign=\"middle\">440<\/td>\n<\/tr>\n<tr>\n<td>Curso de n\u00edvel da cabe\u00e7a do carril (mm)<\/td>\n<td align=\"center\" valign=\"middle\">650<\/td>\n<td align=\"center\" valign=\"middle\">800<\/td>\n<td align=\"center\" valign=\"middle\">1050<\/td>\n<td align=\"center\" valign=\"middle\">1200<\/td>\n<\/tr>\n<tr>\n<td>Desloca\u00e7\u00e3o da cabe\u00e7a do carril (mm)<\/td>\n<td align=\"center\" valign=\"middle\">650<\/td>\n<td align=\"center\" valign=\"middle\">800\/1000<\/td>\n<td align=\"center\" valign=\"middle\">800\/1000<\/td>\n<td align=\"center\" valign=\"middle\">800\/1000<\/td>\n<\/tr>\n<tr>\n<td>Cavalo de carneiro Curso da cabe\u00e7a lateral (mm)<\/td>\n<td align=\"center\" valign=\"middle\">500<\/td>\n<td align=\"center\" valign=\"middle\">630<\/td>\n<td align=\"center\" valign=\"middle\">630<\/td>\n<td align=\"center\" valign=\"middle\">630<\/td>\n<\/tr>\n<tr>\n<td>Desloca\u00e7\u00e3o vertical da cabe\u00e7a lateral (mm)<\/td>\n<td align=\"center\" valign=\"middle\">970<\/td>\n<td align=\"center\" valign=\"middle\">980<\/td>\n<td align=\"center\" valign=\"middle\">1180<\/td>\n<td align=\"center\" valign=\"middle\">1180<\/td>\n<\/tr>\n<tr>\n<td>Velocidade r\u00e1pida da coluna da ferramenta (mm\/min)<\/td>\n<td align=\"center\" valign=\"middle\">1800<\/td>\n<td align=\"center\" valign=\"middle\">1800<\/td>\n<td align=\"center\" valign=\"middle\">1800<\/td>\n<td align=\"center\" valign=\"middle\">1800<\/td>\n<\/tr>\n<tr>\n<td>Altura da sec\u00e7\u00e3o da barra de ferramentas (mm)<\/td>\n<td align=\"center\" valign=\"middle\">40<\/td>\n<td align=\"center\" valign=\"middle\">40<\/td>\n<td align=\"center\" valign=\"middle\">40<\/td>\n<td align=\"center\" valign=\"middle\">40<\/td>\n<\/tr>\n<tr>\n<td>Pot\u00eancia do motor principal (Kw)<\/td>\n<td align=\"center\" valign=\"middle\">22<\/td>\n<td align=\"center\" valign=\"middle\">30<\/td>\n<td align=\"center\" valign=\"middle\">37<\/td>\n<td align=\"center\" valign=\"middle\">37<\/td>\n<\/tr>\n<tr>\n<td>Dimens\u00e3o da m\u00e1quina (mm)<\/td>\n<td align=\"center\" valign=\"middle\">2360*2470*3580<\/td>\n<td align=\"center\" valign=\"middle\">2830*2870*3870<\/td>\n<td align=\"center\" valign=\"middle\">3210*4050*4200<\/td>\n<td align=\"center\" valign=\"middle\">3410*4050*4200<\/td>\n<\/tr>\n<tr>\n<td>Peso da m\u00e1quina (T)<\/td>\n<td align=\"center\" valign=\"middle\">8.3\/8.6\/8.9<\/td>\n<td align=\"center\" valign=\"middle\">12.6\/13.8\/14.1<\/td>\n<td align=\"center\" valign=\"middle\">17.5\/18.6\/19.5<\/td>\n<td align=\"center\" valign=\"middle\">18\/19.1\/20.6<\/td>\n<\/tr>\n<\/tbody>\n<\/table>","protected":false},"excerpt":{"rendered":"<p>Adotar uma guia hidrost\u00e1tica com rolamento de pr\u00e9-carga para a mesa de trabalho, menos fric\u00e7\u00e3o.<br \/>\nCalha de caixa para grande capacidade.<br \/>\nTurcite italiana em todas as calhas de deslizamento para diminuir o atrito.<br \/>\nEngrenagem rotativa com processo de moagem preciso, com caixa de engrenagens para atingir grande bin\u00e1rio e alta velocidade.<br \/>\nC5112G 5116G 5120G 5123G: Controlo PLC<br \/>\nCJK5112G 5116G 5120G 5123G: Controlo CNC (Sistema CNC: GSK, SYNTEC, FANUC, Simens)<\/p>\n<p>Correio eletr\u00f3nico: joyce@arismachinery.com \/ joycechen2677@gmail.com<br \/>\nWechat: joycechen677<br \/>\nWhatsapp: +86 13815922677<br \/>\nTel: +86-523-8549496 \/ +86-523-8549496<\/p>","protected":false},"featured_media":2959,"comment_status":"closed","ping_status":"closed","template":"","meta":{"_acf_changed":false},"product_cat":[84],"product_tag":[],"class_list":["post-2958","product","type-product","status-publish","has-post-thumbnail","hentry","product_cat-vertical-cnc-lathe"],"acf":[],"_links":{"self":[{"href":"https:\/\/www.arismachinery.com\/pt\/wp-json\/wp\/v2\/product\/2958","targetHints":{"allow":["GET"]}}],"collection":[{"href":"https:\/\/www.arismachinery.com\/pt\/wp-json\/wp\/v2\/product"}],"about":[{"href":"https:\/\/www.arismachinery.com\/pt\/wp-json\/wp\/v2\/types\/product"}],"replies":[{"embeddable":true,"href":"https:\/\/www.arismachinery.com\/pt\/wp-json\/wp\/v2\/comments?post=2958"}],"wp:featuredmedia":[{"embeddable":true,"href":"https:\/\/www.arismachinery.com\/pt\/wp-json\/wp\/v2\/media\/2959"}],"wp:attachment":[{"href":"https:\/\/www.arismachinery.com\/pt\/wp-json\/wp\/v2\/media?parent=2958"}],"wp:term":[{"taxonomy":"product_cat","embeddable":true,"href":"https:\/\/www.arismachinery.com\/pt\/wp-json\/wp\/v2\/product_cat?post=2958"},{"taxonomy":"product_tag","embeddable":true,"href":"https:\/\/www.arismachinery.com\/pt\/wp-json\/wp\/v2\/product_tag?post=2958"}],"curies":[{"name":"wp","href":"https:\/\/api.w.org\/{rel}","templated":true}]}}