{"id":2960,"date":"2024-03-08T10:44:49","date_gmt":"2024-03-08T02:44:49","guid":{"rendered":"http:\/\/www.arismachinery.com\/product\/double-column-vertical-lathe\/"},"modified":"2024-04-15T20:05:38","modified_gmt":"2024-04-15T12:05:38","slug":"double-column-vertical-lathe","status":"publish","type":"product","link":"https:\/\/www.arismachinery.com\/pt\/product\/double-column-vertical-lathe\/","title":{"rendered":"Torno vertical de dupla coluna"},"content":{"rendered":"<p>C5225E: \u00a0PLC control<\/p>\n<p>CJK5225: CNC control ( System: GSK, SYNTEC, FANUC, SIEMENS)<\/p>\n<p>Optional\uff1aElectric turret \/ \u00a0ATC tool magazine<\/p>\n<p>&nbsp;<\/p>\n<p><strong>Par\u00e2metros t\u00e9cnicos:<\/strong><\/p>\n<table>\n<tbody>\n<tr class=\"firstRow\">\n<td rowspan=\"2\">Modelo<\/td>\n<td>C5225E -10<\/td>\n<\/tr>\n<tr>\n<td>CJK5225 -10<\/td>\n<\/tr>\n<tr>\n<td>Di\u00e2metro m\u00e1ximo de rota\u00e7\u00e3o (mm)<\/td>\n<td>2500<\/td>\n<\/tr>\n<tr>\n<td>Di\u00e2metro da mesa de trabalho (mm)<\/td>\n<td>2250<\/td>\n<\/tr>\n<tr>\n<td>M\u00e1x. Altura da pe\u00e7a de trabalho (mm)<\/td>\n<td>1600\/2100\/2600<\/td>\n<\/tr>\n<tr>\n<td>Peso m\u00e1ximo da pe\u00e7a de trabalho (T)<\/td>\n<td>1900\/1\/10<\/td>\n<\/tr>\n<tr>\n<td>Max.Cutting Force of Right Rail Head (Kn)<\/td>\n<td>35<\/td>\n<\/tr>\n<tr>\n<td>Max.Cutting Force of Left Rail Head (Kn)<\/td>\n<td>30<\/td>\n<\/tr>\n<tr>\n<td>Max.Torque of Working Table (Kn.m)<\/td>\n<td>63<\/td>\n<\/tr>\n<tr>\n<td>Gama de velocidades da mesa de trabalho (16 passos) (r\/min)<\/td>\n<td>2-63<\/td>\n<\/tr>\n<tr>\n<td>Giro da cabe\u00e7a do carril<\/td>\n<td>\u00b130\u00b0<\/td>\n<\/tr>\n<tr>\n<td>Range of Feed Rates (18 steps) (mm\/min)<\/td>\n<td>0.25-90<\/td>\n<\/tr>\n<tr>\n<td>Curso da viga transversal (mm)<\/td>\n<td>1250\/1750\/2250<\/td>\n<\/tr>\n<tr>\n<td>Velocidade de desloca\u00e7\u00e3o da viga transversal (mm\/min)<\/td>\n<td>350<\/td>\n<\/tr>\n<tr>\n<td>Vertical Travel of Right Rail Head (mm)<\/td>\n<td>1000\/1250<\/td>\n<\/tr>\n<tr>\n<td>Horizontal Travel of Right Rail Head (mm)<\/td>\n<td>1400<\/td>\n<\/tr>\n<tr>\n<td>Vertical Travel of Right Rail Head (mm)<\/td>\n<td>1000\/1250<\/td>\n<\/tr>\n<tr>\n<td>Horizontal Travel of Right Rail Head (mm)<\/td>\n<td>1400<\/td>\n<\/tr>\n<tr>\n<td>Velocidade r\u00e1pida da coluna da ferramenta (mm\/min)<\/td>\n<td>1560<\/td>\n<\/tr>\n<tr>\n<td>Altura da sec\u00e7\u00e3o da barra de ferramentas (mm)<\/td>\n<td>40*50<\/td>\n<\/tr>\n<tr>\n<td>Pot\u00eancia do motor principal (Kw)<\/td>\n<td>55<\/td>\n<\/tr>\n<tr>\n<td>Dimens\u00e3o da m\u00e1quina (mm)<\/td>\n<td>5040*4400*(4350\/4850\/5850)<\/td>\n<\/tr>\n<tr>\n<td>Peso da m\u00e1quina (T)<\/td>\n<td>32\/34\/35.5<\/td>\n<\/tr>\n<\/tbody>\n<\/table>\n<p>&nbsp;<\/p>\n<table>\n<colgroup>\n<col \/>\n<col \/>\n<col \/>\n<col \/><\/colgroup>\n<tbody>\n<tr class=\"firstRow\">\n<td rowspan=\"2\">Modelo<\/td>\n<td>C5225E-12<\/td>\n<\/tr>\n<tr>\n<td>CJK5225-12<\/td>\n<\/tr>\n<tr>\n<td>Di\u00e2metro m\u00e1ximo de rota\u00e7\u00e3o (mm)<\/td>\n<td>2500<\/td>\n<\/tr>\n<tr>\n<td>Di\u00e2metro da mesa de trabalho (mm)<\/td>\n<td>2250<\/td>\n<\/tr>\n<tr>\n<td>M\u00e1x. Altura da pe\u00e7a de trabalho (mm)<\/td>\n<td>1600\/2100\/2600<\/td>\n<\/tr>\n<tr>\n<td>Peso m\u00e1ximo da pe\u00e7a de trabalho (T)<\/td>\n<td>12<\/td>\n<\/tr>\n<tr>\n<td>Max.Cutting Force of Right Rail Head (Kn)<\/td>\n<td>35<\/td>\n<\/tr>\n<tr>\n<td>Max.Cutting Force of Left Rail Head (Kn)<\/td>\n<td>30<\/td>\n<\/tr>\n<tr>\n<td>Max.Torque of Working Table (Kn.m)<\/td>\n<td>63<\/td>\n<\/tr>\n<tr>\n<td>Gama de velocidades da mesa de trabalho (16 passos) (r\/min)<\/td>\n<td>2-63<\/td>\n<\/tr>\n<tr>\n<td>Giro da cabe\u00e7a do carril<\/td>\n<td>\u00b130\u00b0<\/td>\n<\/tr>\n<tr>\n<td>Range of Feed Rates (18 steps) (mm\/min)<\/td>\n<td>0.25-90<\/td>\n<\/tr>\n<tr>\n<td>Curso da viga transversal (mm)<\/td>\n<td>1250\/1750\/2250<\/td>\n<\/tr>\n<tr>\n<td>Velocidade de desloca\u00e7\u00e3o da viga transversal (mm\/min)<\/td>\n<td>350<\/td>\n<\/tr>\n<tr>\n<td>Vertical Travel of Right Rail Head (mm)<\/td>\n<td>1000\/1250<\/td>\n<\/tr>\n<tr>\n<td>Horizontal Travel of Right Rail Head (mm)<\/td>\n<td>1400<\/td>\n<\/tr>\n<tr>\n<td>Vertical Travel of Right Rail Head (mm)<\/td>\n<td>1000\/1250<\/td>\n<\/tr>\n<tr>\n<td>Horizontal Travel of Right Rail Head (mm)<\/td>\n<td>1400<\/td>\n<\/tr>\n<tr>\n<td>Velocidade r\u00e1pida da coluna da ferramenta (mm\/min)<\/td>\n<td>1560<\/td>\n<\/tr>\n<tr>\n<td>Altura da sec\u00e7\u00e3o da barra de ferramentas (mm)<\/td>\n<td>40*50<\/td>\n<\/tr>\n<tr>\n<td>Pot\u00eancia do motor principal (Kw)<\/td>\n<td>55<\/td>\n<\/tr>\n<tr>\n<td>Dimens\u00e3o da m\u00e1quina (mm)<\/td>\n<td>5040*4400*(4350\/4850\/5850)<\/td>\n<\/tr>\n<tr>\n<td>Peso da m\u00e1quina (T)<\/td>\n<td>32\/34\/35.5<\/td>\n<\/tr>\n<\/tbody>\n<\/table>\n<p>&nbsp;<\/p>\n<table>\n<tbody>\n<tr class=\"firstRow\">\n<td rowspan=\"2\">Modelo<\/td>\n<td>C5225E-16<\/td>\n<\/tr>\n<tr>\n<td>CJK5225-16<\/td>\n<\/tr>\n<tr>\n<td>Di\u00e2metro m\u00e1ximo de rota\u00e7\u00e3o (mm)<\/td>\n<td>2500<\/td>\n<\/tr>\n<tr>\n<td>Di\u00e2metro da mesa de trabalho (mm)<\/td>\n<td>2250<\/td>\n<\/tr>\n<tr>\n<td>M\u00e1x. Altura da pe\u00e7a de trabalho (mm)<\/td>\n<td>1600\/2100\/2600<\/td>\n<\/tr>\n<tr>\n<td>Peso m\u00e1ximo da pe\u00e7a de trabalho (T)<\/td>\n<td>16<\/td>\n<\/tr>\n<tr>\n<td>Max.Cutting Force of Right Rail Head (Kn)<\/td>\n<td>35<\/td>\n<\/tr>\n<tr>\n<td>Max.Cutting Force of Left Rail Head (Kn)<\/td>\n<td>30<\/td>\n<\/tr>\n<tr>\n<td>Max.Torque of Working Table (Kn.m)<\/td>\n<td>63<\/td>\n<\/tr>\n<tr>\n<td>Gama de velocidades da mesa de trabalho (16 passos) (r\/min)<\/td>\n<td>2-63<\/td>\n<\/tr>\n<tr>\n<td>Giro da cabe\u00e7a do carril<\/td>\n<td>\u00b130\u00b0<\/td>\n<\/tr>\n<tr>\n<td>Range of Feed Rates (18 steps) (mm\/min)<\/td>\n<td>0.25-90<\/td>\n<\/tr>\n<tr>\n<td>Curso da viga transversal (mm)<\/td>\n<td>1250\/1750\/2250<\/td>\n<\/tr>\n<tr>\n<td>Velocidade de desloca\u00e7\u00e3o da viga transversal (mm\/min)<\/td>\n<td>350<\/td>\n<\/tr>\n<tr>\n<td>Vertical Travel of Right Rail Head (mm)<\/td>\n<td>1000\/1250<\/td>\n<\/tr>\n<tr>\n<td>Horizontal Travel of Right Rail Head (mm)<\/td>\n<td>1400<\/td>\n<\/tr>\n<tr>\n<td>Vertical Travel of Right Rail Head (mm)<\/td>\n<td>1000\/1250<\/td>\n<\/tr>\n<tr>\n<td>Horizontal Travel of Right Rail Head (mm)<\/td>\n<td>1400<\/td>\n<\/tr>\n<tr>\n<td>Velocidade r\u00e1pida da coluna da ferramenta (mm\/min)<\/td>\n<td>1560<\/td>\n<\/tr>\n<tr>\n<td>Altura da sec\u00e7\u00e3o da barra de ferramentas (mm)<\/td>\n<td>40*50<\/td>\n<\/tr>\n<tr>\n<td>Pot\u00eancia do motor principal (Kw)<\/td>\n<td>55<\/td>\n<\/tr>\n<tr>\n<td>Dimens\u00e3o da m\u00e1quina (mm)<\/td>\n<td>5040*4400*(4350\/4850\/5850)<\/td>\n<\/tr>\n<tr>\n<td>Peso da m\u00e1quina (T)<\/td>\n<td>32\/34\/36<\/td>\n<\/tr>\n<\/tbody>\n<\/table>","protected":false},"excerpt":{"rendered":"<p>C5225E: PLC control<br \/>\nCJK5225: CNC control ( System: GSK, SYNTEC, FANUC, SIEMENS)<br \/>\nOptional\uff1aElectric turret \/ ATC tool magazine<\/p>\n<p>Correio eletr\u00f3nico: joyce@arismachinery.com \/ joycechen2677@gmail.com<br \/>\nWechat: joycechen677<br \/>\nWhatsapp: +86 13815922677<br \/>\nTel: +86-523-8549496 \/ +86-523-8549496<\/p>","protected":false},"featured_media":2961,"comment_status":"closed","ping_status":"closed","template":"","meta":{"_acf_changed":false},"product_cat":[84],"product_tag":[],"class_list":["post-2960","product","type-product","status-publish","has-post-thumbnail","hentry","product_cat-vertical-cnc-lathe"],"acf":[],"_links":{"self":[{"href":"https:\/\/www.arismachinery.com\/pt\/wp-json\/wp\/v2\/product\/2960","targetHints":{"allow":["GET"]}}],"collection":[{"href":"https:\/\/www.arismachinery.com\/pt\/wp-json\/wp\/v2\/product"}],"about":[{"href":"https:\/\/www.arismachinery.com\/pt\/wp-json\/wp\/v2\/types\/product"}],"replies":[{"embeddable":true,"href":"https:\/\/www.arismachinery.com\/pt\/wp-json\/wp\/v2\/comments?post=2960"}],"wp:featuredmedia":[{"embeddable":true,"href":"https:\/\/www.arismachinery.com\/pt\/wp-json\/wp\/v2\/media\/2961"}],"wp:attachment":[{"href":"https:\/\/www.arismachinery.com\/pt\/wp-json\/wp\/v2\/media?parent=2960"}],"wp:term":[{"taxonomy":"product_cat","embeddable":true,"href":"https:\/\/www.arismachinery.com\/pt\/wp-json\/wp\/v2\/product_cat?post=2960"},{"taxonomy":"product_tag","embeddable":true,"href":"https:\/\/www.arismachinery.com\/pt\/wp-json\/wp\/v2\/product_tag?post=2960"}],"curies":[{"name":"wp","href":"https:\/\/api.w.org\/{rel}","templated":true}]}}