{"id":3065,"date":"2024-03-08T10:45:29","date_gmt":"2024-03-08T02:45:29","guid":{"rendered":"http:\/\/www.arismachinery.com\/product\/cnc320-cnc-edm-sinker-machine\/"},"modified":"2024-03-08T10:45:46","modified_gmt":"2024-03-08T02:45:46","slug":"cnc320-cnc-edm-sinker-machine","status":"publish","type":"product","link":"https:\/\/www.arismachinery.com\/pt\/product\/cnc320-cnc-edm-sinker-machine\/","title":{"rendered":"CNC320 CNC EDM Sinker Machine"},"content":{"rendered":"<p><strong>Main Features:<\/strong><\/p>\n<p>Adaptive discharge machining process.<\/p>\n<p>High speed lifting and lifting tool height control.<\/p>\n<p>Spindle fixed point control, discharge gap detection<\/p>\n<p>Groove oil level control.<\/p>\n<p>Fire-proof control, Automatic alarm device.<\/p>\n<p>Carbon deposit prevention function<\/p>\n<p>Automatic measurement.<\/p>\n<p>Precise edge and plane machining<\/p>\n<p>Finish the servo system of<\/p>\n<p>X Y Z, Panasonic AC servo motor.<\/p>\n<p>X Y Z, resolution 0.4um, Minimum drive unit 1um..<\/p>\n<p>Stainless steel edge for wear resistant.<\/p>\n<p>Discharge system:<\/p>\n<p>Touch screen 15\u201c TFT-LCD.<\/p>\n<p>USB for data input and output.<\/p>\n<p>Special processing circuit for cemented carbide.<\/p>\n<p>AUTO processing function unit.<\/p>\n<p>Automatic positioning function unit.<\/p>\n<p>High speed and precision machining system.<\/p>\n<p>Automatic Arc cleaning circuit.<\/p>\n<p>Bulit-in database system.<\/p>\n<p>CNC instruction, support G code, ISO code.<\/p>\n<p>With memory and Reset after power off.<\/p>\n<p>Error message indication function.<\/p>\n<table>\n<colgroup>\n<col\/>\n<col\/>\n<col\/>\n<col\/>\n<col\/>\n<col\/>\n<col\/><\/colgroup>\n<tbody>\n<tr class=\"firstRow\">\n<td colspan=\"2\" align=\"left\" valign=\"middle\">Modelo&nbsp;<\/td>\n<td align=\"center\" valign=\"middle\">Unit<\/td>\n<td align=\"center\" valign=\"middle\">CNC320<\/td>\n<td align=\"center\" valign=\"middle\">CNC325<\/td>\n<td align=\"center\" valign=\"middle\">CNC430<\/td>\n<td align=\"center\" valign=\"middle\">CNC435<\/td>\n<\/tr>\n<tr>\n<td colspan=\"2\" align=\"left\" valign=\"middle\">Worktable&nbsp;size&nbsp;&nbsp;&nbsp;(length\u00d7width)<\/td>\n<td align=\"center\" valign=\"middle\">mm<\/td>\n<td align=\"center\" valign=\"middle\">600\u00d7400<\/td>\n<td align=\"center\" valign=\"middle\">600\u00d7400<\/td>\n<td align=\"center\" valign=\"middle\">650\u00d7450<\/td>\n<td align=\"center\" valign=\"middle\">700\u00d7400<\/td>\n<\/tr>\n<tr>\n<td rowspan=\"3\">X\/Y\/Z&nbsp;travel<\/td>\n<td style=\"word-break: break-all;\">X-axis<\/td>\n<td align=\"center\" valign=\"middle\">mm<\/td>\n<td align=\"center\" valign=\"middle\">300<\/td>\n<td align=\"center\" valign=\"middle\">350<\/td>\n<td align=\"center\" valign=\"middle\">400<\/td>\n<td align=\"center\" valign=\"middle\">450<\/td>\n<\/tr>\n<tr>\n<td>Y-axis<\/td>\n<td align=\"center\" valign=\"middle\">mm<\/td>\n<td align=\"center\" valign=\"middle\">210<\/td>\n<td align=\"center\" valign=\"middle\">250<\/td>\n<td align=\"center\" valign=\"middle\">300<\/td>\n<td align=\"center\" valign=\"middle\">300<\/td>\n<\/tr>\n<tr>\n<td>Z-axis<\/td>\n<td align=\"center\" valign=\"middle\">mm<\/td>\n<td align=\"center\" valign=\"middle\">270<\/td>\n<td align=\"center\" valign=\"middle\">270<\/td>\n<td align=\"center\" valign=\"middle\">300<\/td>\n<td align=\"center\" valign=\"middle\">300<\/td>\n<\/tr>\n<tr>\n<td colspan=\"2\" align=\"left\" valign=\"middle\">Oil&nbsp;groove&nbsp;inside&nbsp;size<\/td>\n<td align=\"center\" valign=\"middle\">mm<\/td>\n<td align=\"center\" valign=\"middle\">950\u00d7620\u00d7360<\/td>\n<td align=\"center\" valign=\"middle\">950\u00d7620\u00d7360<\/td>\n<td align=\"center\" valign=\"middle\">1100\u00d7610\u00d7410<\/td>\n<td align=\"center\" valign=\"middle\">1090\u00d7640\u00d7450<\/td>\n<\/tr>\n<tr>\n<td colspan=\"2\" align=\"left\" valign=\"middle\">Maximum&nbsp;load&nbsp;of&nbsp;electrode<\/td>\n<td align=\"center\" valign=\"middle\">kg<\/td>\n<td align=\"center\" valign=\"middle\">50<\/td>\n<td align=\"center\" valign=\"middle\">50<\/td>\n<td align=\"center\" valign=\"middle\">50<\/td>\n<td align=\"center\" valign=\"middle\">75<\/td>\n<\/tr>\n<tr>\n<td colspan=\"2\" align=\"left\" valign=\"middle\">Carga m\u00e1xima sobre a mesa<\/td>\n<td align=\"center\" valign=\"middle\">kg<\/td>\n<td align=\"center\" valign=\"middle\">400<\/td>\n<td align=\"center\" valign=\"middle\">550<\/td>\n<td align=\"center\" valign=\"middle\">650<\/td>\n<td align=\"center\" valign=\"middle\">650<\/td>\n<\/tr>\n<tr>\n<td colspan=\"2\" align=\"left\" valign=\"middle\">Dist\u00e2ncia da placa de el\u00e9ctrodos \u00e0 mesa de trabalho<\/td>\n<td align=\"center\" valign=\"middle\">mm<\/td>\n<td align=\"center\" valign=\"middle\">295-565<\/td>\n<td align=\"center\" valign=\"middle\">280-550<\/td>\n<td align=\"center\" valign=\"middle\">300-600<\/td>\n<td align=\"center\" valign=\"middle\">300-600<\/td>\n<\/tr>\n<tr>\n<td colspan=\"2\" align=\"left\" valign=\"middle\">M\u00e1ximo. Velocidade de processamento&nbsp;<\/td>\n<td align=\"center\" valign=\"middle\">mm3\/min<\/td>\n<td colspan=\"4\" align=\"center\" valign=\"middle\">\u2265550mm3\/min\uff08graphite-stell)\uff1b\u2265400mm3\/min\uff08Cu-steel\uff09<\/td>\n<\/tr>\n<tr>\n<td colspan=\"2\" align=\"left\" valign=\"middle\">Consumo m\u00ednimo do el\u00e9trodo&nbsp;<\/td>\n<td align=\"center\" valign=\"middle\"><\/td>\n<td align=\"center\" valign=\"middle\">\u22640.1%&nbsp;<\/td>\n<td align=\"center\" valign=\"middle\">\u22640.1%&nbsp;<\/td>\n<td align=\"center\" valign=\"middle\">\u22640.1%&nbsp;<\/td>\n<td align=\"center\" valign=\"middle\">\u22640.1%&nbsp;<\/td>\n<\/tr>\n<tr>\n<td colspan=\"2\" align=\"left\" valign=\"middle\">Melhor rugosidade, Ra<\/td>\n<td align=\"center\" valign=\"middle\">Ra<\/td>\n<td colspan=\"4\" align=\"center\" valign=\"middle\">Ra 0,1-0,2<\/td>\n<\/tr>\n<tr>\n<td colspan=\"2\" align=\"left\" valign=\"middle\">Corrente m\u00e1xima de trabalho<\/td>\n<td align=\"center\" valign=\"middle\">A<\/td>\n<td align=\"center\" valign=\"middle\">50<\/td>\n<td align=\"center\" valign=\"middle\">50<\/td>\n<td align=\"center\" valign=\"middle\">50<\/td>\n<td align=\"center\" valign=\"middle\">50<\/td>\n<\/tr>\n<tr>\n<td colspan=\"2\" align=\"left\" valign=\"middle\">Pot\u00eancia total de entrada<\/td>\n<td align=\"center\" valign=\"middle\">KVA<\/td>\n<td align=\"center\" valign=\"middle\">10<\/td>\n<td align=\"center\" valign=\"middle\">10<\/td>\n<td align=\"center\" valign=\"middle\">10<\/td>\n<td align=\"center\" valign=\"middle\">10<\/td>\n<\/tr>\n<tr>\n<td colspan=\"2\" align=\"left\" valign=\"middle\">Pot\u00eancia de entrada<\/td>\n<td align=\"center\" valign=\"middle\">V<\/td>\n<td align=\"center\" valign=\"middle\">220\/380\/415<\/td>\n<td align=\"center\" valign=\"middle\">220\/380\/415<\/td>\n<td align=\"center\" valign=\"middle\">220\/380\/415<\/td>\n<td align=\"center\" valign=\"middle\">220\/380\/415<\/td>\n<\/tr>\n<\/tbody>\n<\/table>\n<p><strong>Empresa e Workshops<\/strong><\/p>\n<p>ARIS Machinery \u00e9 um grupo com 4 f\u00e1bricas. ARIS tem cerca de 60000 metros quadrados<br \/>\noficina de contadores.<\/p>\n<p style=\"text-align: center;\"><img loading=\"lazy\" decoding=\"async\" src=\"https:\/\/img01.71360.com\/file\/read\/www2\/M00\/0D\/DD\/rBwBEmQZcUOAY-37AAGTcsI6_04807.jpg\" alt=\"CNC EDM sinker machine \" title=\"CNC EDM sinker machine \" width=\"800\" height=\"585\"\/><img loading=\"lazy\" decoding=\"async\" src=\"https:\/\/img01.71360.com\/file\/read\/www2\/M00\/0D\/DE\/rBwBEmQZcVmASzD0AAG61qp6Bu8015.jpg\" alt=\"CNC EDM sinker machine \" title=\"CNC EDM sinker machine \" width=\"800\" height=\"585\"\/><\/p>\n<p><strong>Equipamentos de produ\u00e7\u00e3o<\/strong><\/p>\n<p>As partes principais das nossas m\u00e1quinas s\u00e3o processadas por m\u00e1quina cnc. Temos um p\u00f3rtico<br \/>\ntipo de fresadora cnc, centro de maquina\u00e7\u00e3o vertical cnc, tipo de p\u00f3rtico cnc<br \/>\nm\u00e1quina de retifica\u00e7\u00e3o, m\u00e1quina de corte a laser cnc, m\u00e1quina de dobragem cnc, cisalhamento cnc<br \/>\nm\u00e1quina.<\/p>\n<p style=\"text-align: center;\"><img loading=\"lazy\" decoding=\"async\" src=\"https:\/\/img01.71360.com\/file\/read\/www2\/M00\/0D\/DE\/rBwBEmQZcX-ASvxxAAGr-Nzp53k628.jpg\" alt=\"CNC EDM sinker machine \" title=\"CNC EDM sinker machine \" width=\"800\" height=\"747\"\/><\/p>\n<p><strong>Teste e inspe\u00e7\u00e3o<\/strong><\/p>\n<p>Todas as m\u00e1quinas ser\u00e3o testadas antes do envio.<\/p>\n<p style=\"text-align: center;\"><img loading=\"lazy\" decoding=\"async\" src=\"https:\/\/img01.71360.com\/file\/read\/www2\/M00\/0D\/DE\/rBwBEmQZcaKASkZIAAG3_n20ZTo355.jpg\" alt=\"CNC EDM sinker machine \" title=\"CNC EDM sinker machine \" width=\"800\" height=\"945\"\/><\/p>\n<p><strong>Embalagem e entrega<\/strong><\/p>\n<p style=\"text-align: center;\"><img loading=\"lazy\" decoding=\"async\" src=\"https:\/\/img01.71360.com\/file\/read\/www2\/M00\/0D\/DE\/rBwBEmQZcb-ATHsEAADsvr2pCXM317.jpg\" alt=\"CNC EDM sinker machine \" title=\"CNC EDM sinker machine \" width=\"800\" height=\"330\"\/><\/p>","protected":false},"excerpt":{"rendered":"<p>Adaptive discharge machining process.<\/p>\n<p>High speed lifting and lifting tool height control.<\/p>\n<p>Spindle fixed point control, discharge gap detection<\/p>\n<p>Groove oil level control.<\/p>\n<p>Fire-proof control, Automatic alarm device.<\/p>\n<p>Carbon deposit prevention function<\/p>\n<p>Automatic measurement.<\/p>\n<p>Precise edge and plane machining<\/p>\n<p>Finish the servo system of<\/p>\n<p>X Y Z, Panasonic AC servo motor.<\/p>\n<p>X Y Z, resolution 0.4um, Minimum drive unit 1um..<\/p>\n<p>Stainless steel edge for wear resistant.<\/p>","protected":false},"featured_media":3066,"comment_status":"closed","ping_status":"open","template":"","meta":{"_acf_changed":false},"product_cat":[71],"product_tag":[],"class_list":["post-3065","product","type-product","status-publish","has-post-thumbnail","hentry","product_cat-cnc-edm-die-sinking-machine"],"acf":[],"_links":{"self":[{"href":"https:\/\/www.arismachinery.com\/pt\/wp-json\/wp\/v2\/product\/3065","targetHints":{"allow":["GET"]}}],"collection":[{"href":"https:\/\/www.arismachinery.com\/pt\/wp-json\/wp\/v2\/product"}],"about":[{"href":"https:\/\/www.arismachinery.com\/pt\/wp-json\/wp\/v2\/types\/product"}],"replies":[{"embeddable":true,"href":"https:\/\/www.arismachinery.com\/pt\/wp-json\/wp\/v2\/comments?post=3065"}],"wp:featuredmedia":[{"embeddable":true,"href":"https:\/\/www.arismachinery.com\/pt\/wp-json\/wp\/v2\/media\/3066"}],"wp:attachment":[{"href":"https:\/\/www.arismachinery.com\/pt\/wp-json\/wp\/v2\/media?parent=3065"}],"wp:term":[{"taxonomy":"product_cat","embeddable":true,"href":"https:\/\/www.arismachinery.com\/pt\/wp-json\/wp\/v2\/product_cat?post=3065"},{"taxonomy":"product_tag","embeddable":true,"href":"https:\/\/www.arismachinery.com\/pt\/wp-json\/wp\/v2\/product_tag?post=3065"}],"curies":[{"name":"wp","href":"https:\/\/api.w.org\/{rel}","templated":true}]}}