{"id":3078,"date":"2024-03-08T10:45:29","date_gmt":"2024-03-08T02:45:29","guid":{"rendered":"http:\/\/www.arismachinery.com\/product\/dd703-40-fast-speed-edm-drilling-machine\/"},"modified":"2024-03-08T10:45:55","modified_gmt":"2024-03-08T02:45:55","slug":"dd703-40-fast-speed-edm-drilling-machine","status":"publish","type":"product","link":"https:\/\/www.arismachinery.com\/pt\/product\/dd703-40-fast-speed-edm-drilling-machine\/","title":{"rendered":"DD703.40 M\u00e1quina de perfura\u00e7\u00e3o EDM de velocidade r\u00e1pida"},"content":{"rendered":"<p><strong>Main Feature:<\/strong><\/p>\n<p>The maximum depth ratio could be 300:1.<br style=\"box-sizing: border-box; word-break: keep-all; overflow-wrap: break-word; font-family: Arial; color: rgb(101, 113, 128); font-size: 14px; white-space: normal; background-color: rgb(255, 255, 255);\"\/>3 stage discharge voltage, can drill diameter from 0.2mm to 3.0mm.<br style=\"box-sizing: border-box; word-break: keep-all; overflow-wrap: break-word; font-family: Arial; color: rgb(101, 113, 128); font-size: 14px; white-space: normal; background-color: rgb(255, 255, 255);\"\/>XY hard rail, Z and W linear rail,Z with stepper motor.<br style=\"box-sizing: border-box; word-break: keep-all; overflow-wrap: break-word; font-family: Arial; color: rgb(101, 113, 128); font-size: 14px; white-space: normal; background-color: rgb(255, 255, 255);\"\/>With DRO for XY,can show the position of XYZ\uff0cwith depth setting for Z axis.<br style=\"box-sizing: border-box; word-break: keep-all; overflow-wrap: break-word; font-family: Arial; color: rgb(101, 113, 128); font-size: 14px; white-space: normal; background-color: rgb(255, 255, 255);\"\/>Auto deep control for blind hole.<br style=\"box-sizing: border-box; word-break: keep-all; overflow-wrap: break-word; font-family: Arial; color: rgb(101, 113, 128); font-size: 14px; white-space: normal; background-color: rgb(255, 255, 255);\"\/>Accuracy (hole straightness) is less than 0.05 mm.<br style=\"box-sizing: border-box; word-break: keep-all; overflow-wrap: break-word; font-family: Arial; color: rgb(101, 113, 128); font-size: 14px; white-space: normal; background-color: rgb(255, 255, 255);\"\/>Can drill on oblique and curved surface directly.<br style=\"box-sizing: border-box; word-break: keep-all; overflow-wrap: break-word; font-family: Arial; color: rgb(101, 113, 128); font-size: 14px; white-space: normal; background-color: rgb(255, 255, 255);\"\/>Fast processing speed and low consumption.<br style=\"box-sizing: border-box; word-break: keep-all; overflow-wrap: break-word; font-family: Arial; color: rgb(101, 113, 128); font-size: 14px; white-space: normal; background-color: rgb(255, 255, 255);\"\/>Can use city water as coolant, low cost and no pollution.(Pure water is better)<\/p>\n<table>\n<tbody>\n<tr class=\"firstRow\">\n<td x_str=\"\" align=\"center\" valign=\"middle\"><strong>Modelo<\/strong><\/td>\n<td x_str=\"\" align=\"center\" valign=\"middle\"><strong>DD703.30<\/strong><\/td>\n<td x_str=\"\" align=\"center\" valign=\"middle\"><strong>DD703.40<\/strong><\/td>\n<td x_str=\"\" align=\"center\" valign=\"middle\"><strong>DD703.50<\/strong><\/td>\n<td x_str=\"\" align=\"center\" valign=\"middle\"><strong>DD703.63<\/strong><\/td>\n<td x_str=\"\" align=\"center\" valign=\"middle\"><strong>DD703.80<\/strong><\/td>\n<\/tr>\n<tr>\n<td x_str=\"\" align=\"left\" valign=\"middle\">Working table size(mm)<\/td>\n<td x_str=\"\" align=\"center\" valign=\"middle\">360\u00d7480<\/td>\n<td x_str=\"\" align=\"center\" valign=\"middle\">540\u00d7780<\/td>\n<td x_str=\"\" align=\"center\" valign=\"middle\">650\u00d71000<\/td>\n<td x_str=\"\" align=\"center\" valign=\"middle\">750\u00d71100<\/td>\n<td x_str=\"\" align=\"center\" valign=\"middle\">980\u00d71350<\/td>\n<\/tr>\n<tr>\n<td x_str=\"\" align=\"left\" valign=\"middle\">Stroke X\/Y\uff08mm\uff09<\/td>\n<td x_str=\"\" align=\"center\" valign=\"middle\">350\u00d7450<\/td>\n<td x_str=\"\" align=\"center\" valign=\"middle\">400\u00d7500<\/td>\n<td x_str=\"\" align=\"center\" valign=\"middle\">500\u00d7630<\/td>\n<td x_str=\"\" align=\"center\" valign=\"middle\">630\u00d7800<\/td>\n<td x_str=\"\" align=\"center\" valign=\"middle\">800\u00d71000<\/td>\n<\/tr>\n<tr>\n<td x_str=\"\" align=\"left\" valign=\"middle\">Electrode diameter\uff08mm\uff09<\/td>\n<td x_str=\"\" align=\"center\" valign=\"middle\">\u03a60.2-\u03a63.0<\/td>\n<td x_str=\"\" align=\"center\" valign=\"middle\">\u03a60.2-\u03a63.0<\/td>\n<td x_str=\"\" align=\"center\" valign=\"middle\">\u03a60.2-\u03a63.0<\/td>\n<td x_str=\"\" align=\"center\" valign=\"middle\">\u03a60.2-\u03a63.0<\/td>\n<td x_str=\"\" align=\"center\" valign=\"middle\">\u03a60.2-\u03a63.0<\/td>\n<\/tr>\n<tr>\n<td x_str=\"\" align=\"left\" valign=\"middle\">Working&nbsp;&nbsp;stroke&nbsp;&nbsp;Z axis (mm)<\/td>\n<td x_num=\"300\" align=\"center\" valign=\"middle\">300<\/td>\n<td x_num=\"300\" align=\"center\" valign=\"middle\">300<\/td>\n<td x_num=\"400\" align=\"center\" valign=\"middle\">400<\/td>\n<td x_num=\"500\" align=\"center\" valign=\"middle\">500<\/td>\n<td x_num=\"500\" align=\"center\" valign=\"middle\">500<\/td>\n<\/tr>\n<tr>\n<td x_str=\"\" align=\"left\" valign=\"middle\">Spindle stroke&nbsp;&nbsp;W axis\uff08mm\uff09<\/td>\n<td x_num=\"300\" align=\"center\" valign=\"middle\">300<\/td>\n<td x_num=\"400\" align=\"center\" valign=\"middle\">400<\/td>\n<td x_num=\"500\" align=\"center\" valign=\"middle\">500<\/td>\n<td x_num=\"500\" align=\"center\" valign=\"middle\">500<\/td>\n<td x_num=\"500\" align=\"center\" valign=\"middle\">500<\/td>\n<\/tr>\n<tr>\n<td x_str=\"\" align=\"left\" valign=\"middle\">Distance between working table &amp; guider(mm)<\/td>\n<td x_num=\"300\" align=\"center\" valign=\"middle\">300<\/td>\n<td x_num=\"350\" align=\"center\" valign=\"middle\">350<\/td>\n<td x_num=\"400\" align=\"center\" valign=\"middle\">400<\/td>\n<td x_num=\"500\" align=\"center\" valign=\"middle\">500<\/td>\n<td x_num=\"500\" align=\"center\" valign=\"middle\">500<\/td>\n<\/tr>\n<tr>\n<td x_str=\"\" align=\"left\" valign=\"middle\">Power&nbsp;\uff08V\/Hz\uff09<\/td>\n<td colspan=\"5\" x_str=\"\" align=\"center\" valign=\"middle\">single&nbsp;&nbsp;phase 220V \/&nbsp;&nbsp;3 Phase&nbsp;&nbsp;&nbsp;&nbsp;220 230 380 415V \/50, 60HZ<\/td>\n<\/tr>\n<tr>\n<td x_str=\"\" align=\"left\" valign=\"middle\">Max. working current ( A)<\/td>\n<td x_num=\"30\" align=\"center\" valign=\"middle\">30<\/td>\n<td x_num=\"30\" align=\"center\" valign=\"middle\">30<\/td>\n<td x_num=\"30\" align=\"center\" valign=\"middle\">30<\/td>\n<td x_num=\"30\" align=\"center\" valign=\"middle\">30<\/td>\n<td x_num=\"30\" align=\"center\" valign=\"middle\">30<\/td>\n<\/tr>\n<tr>\n<td x_str=\"\" align=\"left\" valign=\"middle\">Capacity of working fluid&nbsp;\uff08L\uff09<\/td>\n<td x_num=\"25\" align=\"center\" valign=\"middle\">25<\/td>\n<td x_num=\"25\" align=\"center\" valign=\"middle\">25<\/td>\n<td x_num=\"25\" align=\"center\" valign=\"middle\">25<\/td>\n<td x_num=\"25\" align=\"center\" valign=\"middle\">25<\/td>\n<td x_num=\"25\" align=\"center\" valign=\"middle\">25<\/td>\n<\/tr>\n<tr>\n<td x_str=\"\" align=\"left\" valign=\"middle\">Max.pressure of working fluid&nbsp;\uff08MPa\uff09<\/td>\n<td x_num=\"7\" align=\"center\" valign=\"middle\">7<\/td>\n<td x_num=\"7\" align=\"center\" valign=\"middle\">7<\/td>\n<td x_num=\"7\" align=\"center\" valign=\"middle\">7<\/td>\n<td x_num=\"7\" align=\"center\" valign=\"middle\">7<\/td>\n<td x_num=\"7\" align=\"center\" valign=\"middle\">7<\/td>\n<\/tr>\n<tr>\n<td x_str=\"\" align=\"left\" valign=\"middle\">Dimension\uff08L\u00d7W\u00d7H\uff09(mm)<\/td>\n<td x_str=\"\" align=\"center\" valign=\"middle\">1150\u00d71100\u00d71700<\/td>\n<td x_str=\"\" align=\"center\" valign=\"middle\">1600\u00d71300\u00d71800<\/td>\n<td x_str=\"\" align=\"center\" valign=\"middle\">1800\u00d71500\u00d71900<\/td>\n<td x_str=\"\" align=\"center\" valign=\"middle\">2100\u00d71700\u00d72000<\/td>\n<td x_str=\"\" align=\"center\" valign=\"middle\">2400\u00d71900\u00d72000<\/td>\n<\/tr>\n<tr>\n<td x_str=\"\" align=\"left\" valign=\"middle\">Weight\uff08kg\uff09<\/td>\n<td x_num=\"600\" align=\"center\" valign=\"middle\">600<\/td>\n<td x_num=\"1100\" align=\"center\" valign=\"middle\">1100<\/td>\n<td x_num=\"1600\" align=\"center\" valign=\"middle\">1600<\/td>\n<td x_num=\"2200\" align=\"center\" valign=\"middle\">2200<\/td>\n<td x_num=\"2800\" align=\"center\" valign=\"middle\">2800<\/td>\n<\/tr>\n<\/tbody>\n<\/table>\n<p>Empresa e Workshops<\/p>\n<p>ARIS Machinery \u00e9 um grupo com 4 f\u00e1bricas. ARIS tem cerca de 60000 metros quadrados<br \/>\noficina de contadores.<\/p>\n<p style=\"text-align: center;\"><img loading=\"lazy\" decoding=\"async\" src=\"https:\/\/img01.71360.com\/file\/read\/www2\/M00\/0D\/DD\/rBwBEmQZcUOAY-37AAGTcsI6_04807.jpg\" alt=\"EDM&nbsp;drilling&nbsp;machine\" title=\"EDM&nbsp;drilling&nbsp;machine\" width=\"800\" height=\"585\"\/><img loading=\"lazy\" decoding=\"async\" src=\"https:\/\/img01.71360.com\/file\/read\/www2\/M00\/0D\/DE\/rBwBEmQZcVmASzD0AAG61qp6Bu8015.jpg\" alt=\"EDM&nbsp;drilling&nbsp;machine\" title=\"EDM&nbsp;drilling&nbsp;machine\" width=\"800\" height=\"585\"\/><\/p>\n<p><strong>Equipamentos de produ\u00e7\u00e3o<\/strong><\/p>\n<p>As partes principais das nossas m\u00e1quinas s\u00e3o processadas por m\u00e1quina cnc. Temos um p\u00f3rtico<br \/>\ntipo de fresadora cnc, centro de maquina\u00e7\u00e3o vertical cnc, tipo de p\u00f3rtico cnc<br \/>\nm\u00e1quina de retifica\u00e7\u00e3o, m\u00e1quina de corte a laser cnc, m\u00e1quina de dobragem cnc, cisalhamento cnc<br \/>\nm\u00e1quina.<\/p>\n<p style=\"text-align: center;\"><img loading=\"lazy\" decoding=\"async\" src=\"https:\/\/img01.71360.com\/file\/read\/www2\/M00\/0D\/DE\/rBwBEmQZcX-ASvxxAAGr-Nzp53k628.jpg\" alt=\"EDM&nbsp;drilling&nbsp;machine\" title=\"EDM&nbsp;drilling&nbsp;machine\" width=\"800\" height=\"747\"\/><\/p>\n<p><strong>Teste e inspe\u00e7\u00e3o<\/strong><\/p>\n<p>Todas as m\u00e1quinas ser\u00e3o testadas antes do envio.<\/p>\n<p style=\"text-align: center;\"><img loading=\"lazy\" decoding=\"async\" src=\"https:\/\/img01.71360.com\/file\/read\/www2\/M00\/0D\/DE\/rBwBEmQZcaKASkZIAAG3_n20ZTo355.jpg\" alt=\"EDM&nbsp;drilling&nbsp;machine\" title=\"EDM&nbsp;drilling&nbsp;machine\" width=\"800\" height=\"945\"\/><\/p>\n<p><strong>Embalagem e entrega<\/strong><\/p>\n<p style=\"text-align: center;\"><img loading=\"lazy\" decoding=\"async\" src=\"https:\/\/img01.71360.com\/file\/read\/www2\/M00\/0D\/DE\/rBwBEmQZcb-ATHsEAADsvr2pCXM317.jpg\" alt=\"EDM&nbsp;drilling&nbsp;machine\" title=\"EDM&nbsp;drilling&nbsp;machine\" width=\"800\" height=\"330\"\/><\/p>","protected":false},"excerpt":{"rendered":"<p>The maximum depth ratio could be 300:1.<\/p>\n<p>3 stage discharge voltage, can drill diameter from 0.2mm to 3.0mm.<\/p>\n<p>XY hard rail, Z and W linear rail,Z with stepper motor.<\/p>\n<p>With DRO for XY,can show the position of XYZ\uff0cwith depth setting for Z axis.<\/p>\n<p>Auto deep control for blind hole.<\/p>\n<p>Accuracy (hole straightness) is less than 0.05 mm.<\/p>\n<p>Can drill on oblique and curved surface directly.<\/p>\n<p>Fast processing speed and low consumption.<\/p>\n<p>Can use city water as coolant, low cost and no pollution.(Pure water is better)<\/p>","protected":false},"featured_media":3079,"comment_status":"closed","ping_status":"open","template":"","meta":{"_acf_changed":false},"product_cat":[65],"product_tag":[],"class_list":["post-3078","product","type-product","status-publish","has-post-thumbnail","hentry","product_cat-fast-speed-edm-drilling-machine-z-stepper-motor"],"acf":[],"_links":{"self":[{"href":"https:\/\/www.arismachinery.com\/pt\/wp-json\/wp\/v2\/product\/3078","targetHints":{"allow":["GET"]}}],"collection":[{"href":"https:\/\/www.arismachinery.com\/pt\/wp-json\/wp\/v2\/product"}],"about":[{"href":"https:\/\/www.arismachinery.com\/pt\/wp-json\/wp\/v2\/types\/product"}],"replies":[{"embeddable":true,"href":"https:\/\/www.arismachinery.com\/pt\/wp-json\/wp\/v2\/comments?post=3078"}],"wp:featuredmedia":[{"embeddable":true,"href":"https:\/\/www.arismachinery.com\/pt\/wp-json\/wp\/v2\/media\/3079"}],"wp:attachment":[{"href":"https:\/\/www.arismachinery.com\/pt\/wp-json\/wp\/v2\/media?parent=3078"}],"wp:term":[{"taxonomy":"product_cat","embeddable":true,"href":"https:\/\/www.arismachinery.com\/pt\/wp-json\/wp\/v2\/product_cat?post=3078"},{"taxonomy":"product_tag","embeddable":true,"href":"https:\/\/www.arismachinery.com\/pt\/wp-json\/wp\/v2\/product_tag?post=3078"}],"curies":[{"name":"wp","href":"https:\/\/api.w.org\/{rel}","templated":true}]}}