{"id":3327,"date":"2024-04-09T10:53:32","date_gmt":"2024-04-09T02:53:32","guid":{"rendered":"http:\/\/www.arismachinery.com\/?post_type=product&#038;p=3327"},"modified":"2026-01-19T23:16:27","modified_gmt":"2026-01-19T15:16:27","slug":"middle-speed-edm-wire-cut-machine-2","status":"publish","type":"product","link":"https:\/\/www.arismachinery.com\/pt\/product\/middle-speed-edm-wire-cut-machine-2\/","title":{"rendered":"M\u00e1quina de corte de fio EDM de velocidade m\u00e9dia"},"content":{"rendered":"<div class=\"detail_specfic_panel_item\">\n<p>M\u00e1quina de corte de fio EDM multi-corte (tipo C)<\/p>\n<p>Estrutura robusta com mastro em \"C\".<\/p>\n<p>Com guia de diamante regul\u00e1vel em altura.<\/p>\n<p>Trabalho independente de quatro eixos (X\/Y\/U\/V);<\/p>\n<p>Carril linear de Taiwan, grau P ou H, fuso de esferas. C2 ou C3.<\/p>\n<p>Mecanismo de tens\u00e3o especial para fio de molibd\u00e9nio, mant\u00e9m o corte est\u00e1vel.<\/p>\n<p>O motor de passo \u00e9 standard, o servo motor \u00e9 opcional.<\/p>\n<p>A toler\u00e2ncia pode ser mantida em 0,005 mm, rugosidade Ra 0,8.<\/p>\n<p><strong>Par\u00e2metros t\u00e9cnicos:<\/strong><\/p>\n<div style=\"overflow: auto;\">\n<table>\n<colgroup>\n<col \/>\n<col span=\"4\" \/><\/colgroup>\n<tbody>\n<tr class=\"firstRow\">\n<td>Modelo<\/td>\n<td align=\"center\" valign=\"middle\">AS320C<\/td>\n<td align=\"center\" valign=\"middle\">AS350C<\/td>\n<td align=\"center\" valign=\"middle\">AS400C<\/td>\n<td align=\"center\" valign=\"middle\">AS450C<\/td>\n<\/tr>\n<tr>\n<td>Tamanho da mesa de trabalho (mm)<\/td>\n<td align=\"center\" valign=\"middle\">500\u00d7720<\/td>\n<td align=\"center\" valign=\"middle\">550*780<\/td>\n<td align=\"center\" valign=\"middle\">580\u00d7820<\/td>\n<td align=\"center\" valign=\"middle\">650*880<\/td>\n<\/tr>\n<tr>\n<td>Curso da mesa (X\/Y) (mm)<\/td>\n<td align=\"center\" valign=\"middle\">320\u00d7400<\/td>\n<td align=\"center\" valign=\"middle\">350\u00d7450<\/td>\n<td align=\"center\" valign=\"middle\">400\u00d7500<\/td>\n<td align=\"center\" valign=\"middle\">450\u00d7550<\/td>\n<\/tr>\n<tr>\n<td>Espessura m\u00e1xima de corte (mm)<\/td>\n<td style=\"word-break: break-all;\" align=\"center\" valign=\"middle\">400<\/td>\n<td align=\"center\" valign=\"middle\">300<\/td>\n<td align=\"center\" valign=\"middle\">400<\/td>\n<td align=\"center\" valign=\"middle\">300<\/td>\n<\/tr>\n<tr>\n<td>Carga m\u00e1xima sobre a mesa de trabalho (KG)<\/td>\n<td align=\"center\" valign=\"middle\">400<\/td>\n<td align=\"center\" valign=\"middle\">500<\/td>\n<td align=\"center\" valign=\"middle\">600<\/td>\n<td align=\"center\" valign=\"middle\">800<\/td>\n<\/tr>\n<tr>\n<td>Tamanho do curso (U\/V) (mm)<\/td>\n<td colspan=\"4\" align=\"center\" valign=\"middle\">24\u00d724 (\u00b13\u00b0) ( opcional: 30\u00d730 75\u00d775 135\u00d7135)<\/td>\n<\/tr>\n<tr>\n<td>Di\u00e2metro do fio (mm)<\/td>\n<td colspan=\"4\" align=\"center\" valign=\"middle\">(Fio de molibd\u00e9nio) \u03c60.10\uff5e0.22 \uff08especial 0.25, 0.30mm)<\/td>\n<\/tr>\n<tr>\n<td>Velocidade do fio (m\/s)<\/td>\n<td colspan=\"4\" align=\"center\" valign=\"middle\">2.0-11.0<\/td>\n<\/tr>\n<tr>\n<td>Velocidade m\u00e1xima de corte (mm2\/min)<\/td>\n<td colspan=\"4\" align=\"center\" valign=\"middle\">160-180<\/td>\n<\/tr>\n<tr>\n<td>\u00c2ngulo de corte m\u00e1ximo<\/td>\n<td colspan=\"4\" align=\"center\" valign=\"middle\">\u00b13\u00b0\/80mm ( \u00b16\u00b0 \u00b115\u00b0 \u00b130\u00b0degree \u00e9 opcional)<\/td>\n<\/tr>\n<tr>\n<td>Precis\u00e3o do processo (mm)<\/td>\n<td colspan=\"4\" align=\"center\" valign=\"middle\">(Multi-corte): 10\u00d710\u00d730(Quadrado)\u22640,008; (Corte \u00fanico)\u22640,012;<\/p>\n<p>(Multi-corte)(Oct\u00f3gono)\u22640,01; (Retid\u00e3o)\u22640,008\/50mm;<\/td>\n<\/tr>\n<tr>\n<td>Rugosidade (Ra.um)<\/td>\n<td colspan=\"4\" align=\"center\" valign=\"middle\">Multi-corte):Ra\u22640,8, corte simples):Ra\u22642,0<\/td>\n<\/tr>\n<tr>\n<td>Motor de acionamento<\/td>\n<td colspan=\"4\" align=\"center\" valign=\"middle\">Motor passo a passo \/ servo motor CA* (opcional)<\/td>\n<\/tr>\n<tr>\n<td>Carril de guia e esfera<\/td>\n<td colspan=\"4\" align=\"center\" valign=\"middle\">Fuso de esferas de precis\u00e3o\/Trilho linear<\/td>\n<\/tr>\n<tr>\n<td>Sistema de tens\u00e3o<\/td>\n<td colspan=\"4\" align=\"center\" valign=\"middle\">tr\u00eas fases(0\/1\/2)tens\u00e3o ajust\u00e1vel<\/td>\n<\/tr>\n<tr>\n<td>Alimenta\u00e7\u00e3o el\u00e9ctrica<\/td>\n<td colspan=\"4\" align=\"center\" valign=\"middle\">380V\/50Hz, 2,5kw<\/td>\n<\/tr>\n<tr>\n<td>Peso (kg)<\/td>\n<td align=\"center\" valign=\"middle\">1600<\/td>\n<td align=\"center\" valign=\"middle\">1700<\/td>\n<td align=\"center\" valign=\"middle\">1800<\/td>\n<td align=\"center\" valign=\"middle\">2000<\/td>\n<\/tr>\n<tr>\n<td>Dimens\u00e3o (mm)<\/td>\n<td align=\"center\" valign=\"middle\">1700*1400*1900<\/td>\n<td align=\"center\" valign=\"middle\">1700*1500*1900<\/td>\n<td align=\"center\" valign=\"middle\">1900*1500*1900<\/td>\n<td align=\"center\" valign=\"middle\">1900*1550*2000<\/td>\n<\/tr>\n<\/tbody>\n<\/table>\n<\/div>\n<p><strong>Empresa e Workshops<\/strong><\/p>\n<p>ARIS Machinery \u00e9 um grupo com 4 f\u00e1bricas. ARIS tem cerca de 60000 metros quadrados<br \/>\noficina de contadores.<\/p>\n<p style=\"text-align: center;\"><img loading=\"lazy\" decoding=\"async\" title=\"M\u00e1quina de corte de fio EDM\" src=\"https:\/\/img01.71360.com\/file\/read\/www2\/M00\/0D\/DD\/rBwBEmQZcUOAY-37AAGTcsI6_04807.jpg?ct=webp\" alt=\"EDM wire cut machine\" width=\"800\" height=\"585\" \/><img loading=\"lazy\" decoding=\"async\" title=\"M\u00e1quina de corte de fio EDM\" src=\"https:\/\/img01.71360.com\/file\/read\/www2\/M00\/0D\/DE\/rBwBEmQZcVmASzD0AAG61qp6Bu8015.jpg?ct=webp\" alt=\"EDM wire cut machine\" width=\"800\" height=\"585\" \/><\/p>\n<p><strong>Equipamentos de produ\u00e7\u00e3o<\/strong><\/p>\n<p>As partes principais das nossas m\u00e1quinas s\u00e3o processadas por m\u00e1quina cnc. Temos um p\u00f3rtico<br \/>\ntipo de fresadora cnc, centro de maquina\u00e7\u00e3o vertical cnc, tipo de p\u00f3rtico cnc<br \/>\nm\u00e1quina de retifica\u00e7\u00e3o, m\u00e1quina de corte a laser cnc, m\u00e1quina de dobragem cnc, cisalhamento cnc<br \/>\nm\u00e1quina.<\/p>\n<p style=\"text-align: center;\"><img loading=\"lazy\" decoding=\"async\" title=\"M\u00e1quina de corte de fio EDM\" src=\"https:\/\/img01.71360.com\/file\/read\/www2\/M00\/0D\/DE\/rBwBEmQZcX-ASvxxAAGr-Nzp53k628.jpg?ct=webp\" alt=\"EDM wire cut machine\" width=\"800\" height=\"747\" \/><\/p>\n<p><strong>Teste e inspe\u00e7\u00e3o<\/strong><\/p>\n<p>Todas as m\u00e1quinas ser\u00e3o testadas antes do envio.<\/p>\n<p style=\"text-align: center;\"><img loading=\"lazy\" decoding=\"async\" title=\"M\u00e1quina de corte de fio EDM\" src=\"https:\/\/img01.71360.com\/file\/read\/www2\/M00\/0D\/DE\/rBwBEmQZcaKASkZIAAG3_n20ZTo355.jpg?ct=webp\" alt=\"EDM wire cut machine\" width=\"800\" height=\"945\" \/><\/p>\n<p><strong>Embalagem e entrega<\/strong><\/p>\n<p style=\"text-align: center;\"><img loading=\"lazy\" decoding=\"async\" title=\"M\u00e1quina de corte de fio EDM\" src=\"https:\/\/img01.71360.com\/file\/read\/www2\/M00\/0D\/DE\/rBwBEmQZcb-ATHsEAADsvr2pCXM317.jpg?ct=webp\" alt=\"EDM wire cut machine\" width=\"800\" height=\"330\" \/><\/p>\n<p>&nbsp;<\/p>\n<\/div>","protected":false},"excerpt":{"rendered":"<p>Estrutura robusta com mastro em \"C\".<\/p>\n<p>Com guia de diamante regul\u00e1vel em altura.<\/p>\n<p>Trabalho independente de quatro eixos (X\/Y\/U\/V);<\/p>\n<p>Carril linear de Taiwan, grau P ou H, fuso de esferas. C2 ou C3.<\/p>\n<p>Mecanismo de tens\u00e3o especial para fio de molibd\u00e9nio, mant\u00e9m o corte est\u00e1vel.<\/p>\n<p>O motor de passo \u00e9 standard, o servo motor \u00e9 opcional.<\/p>\n<p>A toler\u00e2ncia pode ser mantida em 0,005 mm, rugosidade Ra 0,8.<\/p>","protected":false},"featured_media":3328,"comment_status":"open","ping_status":"closed","template":"","meta":{"_acf_changed":false},"product_cat":[73],"product_tag":[],"class_list":["post-3327","product","type-product","status-publish","has-post-thumbnail","hentry","product_cat-edm-wire-cut-machine-c-type"],"acf":[],"_links":{"self":[{"href":"https:\/\/www.arismachinery.com\/pt\/wp-json\/wp\/v2\/product\/3327","targetHints":{"allow":["GET"]}}],"collection":[{"href":"https:\/\/www.arismachinery.com\/pt\/wp-json\/wp\/v2\/product"}],"about":[{"href":"https:\/\/www.arismachinery.com\/pt\/wp-json\/wp\/v2\/types\/product"}],"replies":[{"embeddable":true,"href":"https:\/\/www.arismachinery.com\/pt\/wp-json\/wp\/v2\/comments?post=3327"}],"wp:featuredmedia":[{"embeddable":true,"href":"https:\/\/www.arismachinery.com\/pt\/wp-json\/wp\/v2\/media\/3328"}],"wp:attachment":[{"href":"https:\/\/www.arismachinery.com\/pt\/wp-json\/wp\/v2\/media?parent=3327"}],"wp:term":[{"taxonomy":"product_cat","embeddable":true,"href":"https:\/\/www.arismachinery.com\/pt\/wp-json\/wp\/v2\/product_cat?post=3327"},{"taxonomy":"product_tag","embeddable":true,"href":"https:\/\/www.arismachinery.com\/pt\/wp-json\/wp\/v2\/product_tag?post=3327"}],"curies":[{"name":"wp","href":"https:\/\/api.w.org\/{rel}","templated":true}]}}