{"id":3116,"date":"2024-03-08T10:46:04","date_gmt":"2024-03-08T02:46:04","guid":{"rendered":"http:\/\/www.arismachinery.com\/product\/bf450t-edm-wire-cutting-machine\/"},"modified":"2024-04-25T20:02:22","modified_gmt":"2024-04-25T12:02:22","slug":"bf450t-edm-wire-cutting-machine","status":"publish","type":"product","link":"https:\/\/www.arismachinery.com\/th\/product\/bf450t-edm-wire-cutting-machine\/","title":{"rendered":"AS450T EDM Wire Cutting Machine"},"content":{"rendered":"<p>Multi-cut EDM Wire Cutting Machine (T series)<\/p>\n<p>Robust frame with &#8220;T&#8221; shape structure.<\/p>\n<p>Long travel rail installed in the bottom, which imporve the stability for heavy product.<\/p>\n<p>With height adjustable diamond guider.<\/p>\n<p>Four axes independent (X\/Y\/U\/V) work, with Taiwan linear and ball screw.<\/p>\n<p>Special Tensioning mechanism for molybdenum wire, keep stable cutting.<\/p>\n<p>Stepper motor is standard, Servo motor is optional.<\/p>\n<p>Tolerance can keep in +\/-0.006mm, Roughness Ra 0.8.<\/p>\n<p>Full enclosed cover, Similar to European machine.<\/p>\n<p>New Genration control cabinet, High efficient. ( max. cutting speed \u2265 180mm2\/min)<\/p>\n<p style=\"text-align: center;\"><img loading=\"lazy\" decoding=\"async\" title=\"EDM wire cutting machine\" src=\"https:\/\/img01.71360.com\/file\/read\/www2\/M00\/0D\/EF\/rBwBEmQZd9aAYX-zAAA8iB9Q3PA671.jpg\" alt=\"EDM wire cutting machine\" width=\"800\" height=\"339\" \/><\/p>\n<p><strong>Technical Parameters:<\/strong><\/p>\n<table>\n<colgroup>\n<col \/>\n<col span=\"4\" \/><\/colgroup>\n<tbody>\n<tr class=\"firstRow\">\n<td align=\"left\" valign=\"middle\">Model<\/td>\n<td align=\"center\" valign=\"middle\">FZT-320(350)<\/td>\n<td align=\"center\" valign=\"middle\">FZT-400(450)<\/td>\n<td align=\"center\" valign=\"middle\">FZT-500<\/td>\n<td align=\"center\" valign=\"middle\">FZT-630<\/td>\n<\/tr>\n<tr>\n<td align=\"left\" valign=\"middle\">Table size\u00a0 (mm)<\/td>\n<td style=\"word-break: break-all;\" align=\"center\" valign=\"middle\">700*500<\/td>\n<td align=\"center\" valign=\"middle\">820*600<\/td>\n<td align=\"center\" valign=\"middle\">1000*700<\/td>\n<td align=\"center\" valign=\"middle\">1200*800<\/td>\n<\/tr>\n<tr>\n<td align=\"left\" valign=\"middle\">Table travel(X\/Y) (mm)<\/td>\n<td align=\"center\" valign=\"middle\">400*320\/450*350<\/td>\n<td align=\"center\" valign=\"middle\">500*400\/550*450<\/td>\n<td align=\"center\" valign=\"middle\">630*500<\/td>\n<td align=\"center\" valign=\"middle\">800*630<\/td>\n<\/tr>\n<tr>\n<td align=\"left\" valign=\"middle\">Max.cut thickness (mm)<\/td>\n<td align=\"center\" valign=\"middle\">300<\/td>\n<td align=\"center\" valign=\"middle\">300<\/td>\n<td align=\"center\" valign=\"middle\">400<\/td>\n<td align=\"center\" valign=\"middle\">400<\/td>\n<\/tr>\n<tr>\n<td align=\"left\" valign=\"middle\">Travel size (U\/V) (mm)<\/td>\n<td colspan=\"4\" align=\"center\" valign=\"middle\">(Normal):24\u00d724 (Large taper):D-60\u00d760 E-130\u00d7130 T-240\u00d7240<\/td>\n<\/tr>\n<tr>\n<td align=\"left\" valign=\"middle\">Molybdenum wire Dia. (mm)<\/td>\n<td colspan=\"4\" align=\"center\" valign=\"middle\">(Molydbenum wire) \u03c60.10\uff5e0.22<\/td>\n<\/tr>\n<tr>\n<td align=\"left\" valign=\"middle\">Wire speed (m\/sec)<\/td>\n<td colspan=\"4\" align=\"center\" valign=\"middle\">12,9,7,5,2<\/td>\n<\/tr>\n<tr>\n<td align=\"left\" valign=\"middle\">Max.cutting angle<\/td>\n<td colspan=\"4\" align=\"center\" valign=\"middle\">\u00b13\u00b0\/80mm<\/td>\n<\/tr>\n<tr>\n<td align=\"left\" valign=\"middle\">Process accuracy (mm)<\/td>\n<td colspan=\"4\" align=\"center\" valign=\"middle\">(Multi-cut): 10\u00d710\u00d730(Square)\u22640.006;\u00a0 (One time-cut)\u22640.012;<\/p>\n<p>(Multi-cut)(Octagon)\u22640.009;\u00a0\u00a0 (Straightness)\u22640.006\/50mm;<\/td>\n<\/tr>\n<tr>\n<td align=\"left\" valign=\"middle\">Process roughness (Ra.um)<\/td>\n<td colspan=\"4\" align=\"center\" valign=\"middle\">(Multi-cut): Ra\u22641.0)\u00a0\u00a0 (single cut): Ra\u22642.0<\/td>\n<\/tr>\n<tr>\n<td align=\"left\" valign=\"middle\">Driving motor<\/td>\n<td colspan=\"4\" align=\"center\" valign=\"middle\">Step motor\u00a0\u00a0 \/\u00a0\u00a0 AC servo motor * (Optional)<\/td>\n<\/tr>\n<tr>\n<td align=\"left\" valign=\"middle\">Guide screw and track<\/td>\n<td colspan=\"4\" align=\"center\" valign=\"middle\">Precision ball screw\/Linear guide way<\/td>\n<\/tr>\n<tr>\n<td align=\"left\" valign=\"middle\">Tension system<\/td>\n<td colspan=\"4\" align=\"center\" valign=\"middle\">three stage (0\/1\/2) tension adjustable<\/td>\n<\/tr>\n<tr>\n<td align=\"left\" valign=\"middle\">Power supply<\/td>\n<td colspan=\"4\" align=\"center\" valign=\"middle\">380V\/50Hz, 2.5kw<\/td>\n<\/tr>\n<tr>\n<td align=\"left\" valign=\"middle\">Max.workpiece weight (kg)<\/td>\n<td align=\"center\" valign=\"middle\">450<\/td>\n<td align=\"center\" valign=\"middle\">600<\/td>\n<td align=\"center\" valign=\"middle\">1000<\/td>\n<td align=\"center\" valign=\"middle\">1200<\/td>\n<\/tr>\n<tr>\n<td align=\"left\" valign=\"middle\">Weight (kg)<\/td>\n<td align=\"center\" valign=\"middle\">1800<\/td>\n<td align=\"center\" valign=\"middle\">2100<\/td>\n<td align=\"center\" valign=\"middle\">2900<\/td>\n<td align=\"center\" valign=\"middle\">3300<\/td>\n<\/tr>\n<tr>\n<td align=\"left\" valign=\"middle\">Dimension (mm)<\/td>\n<td align=\"center\" valign=\"middle\">1750\u00d71300\u00d72000<\/td>\n<td align=\"center\" valign=\"middle\">1900\u00d71450\u00d72000<\/td>\n<td align=\"center\" valign=\"middle\">2050\u00d71850\u00d72100<\/td>\n<td align=\"center\" valign=\"middle\">2250\u00d72050\u00d72100<\/td>\n<\/tr>\n<\/tbody>\n<\/table>\n<p><strong>Company &amp; Workshops<\/strong><\/p>\n<p>ARIS Machinery is a group with 4 factories. ARIS has about 60000 square meter work shop.<\/p>\n<p><img loading=\"lazy\" decoding=\"async\" title=\"EDM wire cutting machine\" src=\"https:\/\/img01.71360.com\/file\/read\/www2\/M00\/0D\/DD\/rBwBEmQZcUOAY-37AAGTcsI6_04807.jpg?ct=webp\" alt=\"EDM wire cutting machine\" width=\"800\" height=\"585\" \/><img loading=\"lazy\" decoding=\"async\" title=\"EDM wire cutting machine\" src=\"https:\/\/img01.71360.com\/file\/read\/www2\/M00\/0D\/DE\/rBwBEmQZcVmASzD0AAG61qp6Bu8015.jpg?ct=webp\" alt=\"EDM wire cutting machine\" width=\"800\" height=\"585\" \/><\/p>\n<p><strong>Production Equipments<\/strong><\/p>\n<p>The main parts of our machines are processed by cnc machine. We have gantry type cnc milling machine, cnc vertical machining center, gantry type cnc grinding machine, cnc laser cutting machine, cnc bending machine, cnc shearing machine.<\/p>\n<p><img loading=\"lazy\" decoding=\"async\" title=\"EDM wire cutting machine\" src=\"https:\/\/img01.71360.com\/file\/read\/www2\/M00\/0D\/DE\/rBwBEmQZcX-ASvxxAAGr-Nzp53k628.jpg?ct=webp\" alt=\"EDM wire cutting machine\" width=\"800\" height=\"747\" \/><\/p>\n<p><strong>Test &amp; Inspection<\/strong><\/p>\n<p>All machines will be tested before shipment.<\/p>\n<p><img loading=\"lazy\" decoding=\"async\" title=\"EDM wire cutting machine\" src=\"https:\/\/img01.71360.com\/file\/read\/www2\/M00\/0D\/DE\/rBwBEmQZcaKASkZIAAG3_n20ZTo355.jpg?ct=webp\" alt=\"EDM wire cutting machine\" width=\"800\" height=\"945\" \/><\/p>\n<p><strong>Package &amp; Delivery<\/strong><\/p>\n<p><img loading=\"lazy\" decoding=\"async\" title=\"EDM wire cutting machine\" src=\"https:\/\/img01.71360.com\/file\/read\/www2\/M00\/0D\/DE\/rBwBEmQZcb-ATHsEAADsvr2pCXM317.jpg?ct=webp\" alt=\"EDM wire cutting machine\" width=\"800\" height=\"330\" \/><\/p>","protected":false},"excerpt":{"rendered":"<p>Robust frame with &#8220;T&#8221; shape structure.<br \/>\nLong travel rail installed in the bottom, which imporve the stability for heavy product.<br \/>\nWith height adjustable diamond guider.<br \/>\nFour axes independent (X\/Y\/U\/V) work, with Taiwan linear and ball screw.<br \/>\nSpecial Tensioning mechanism for molybdenum wire, keep stable cutting.<br \/>\nStepper motor is standard, Servo motor is optional.<br \/>\nTolerance can keep in +\/-0.006mm, Roughness Ra 0.8.<br \/>\nFull enclosed cover, Similar to European machine.<br \/>\nNew Genration control cabinet, High efficient. ( max. cutting speed \u2265 180mm2\/min)<\/p>","protected":false},"featured_media":3117,"comment_status":"closed","ping_status":"closed","template":"","meta":{"_acf_changed":false},"product_cat":[54],"product_tag":[],"class_list":["post-3116","product","type-product","status-publish","has-post-thumbnail","hentry","product_cat-edm-wire-cut-machine-t-type"],"acf":[],"_links":{"self":[{"href":"https:\/\/www.arismachinery.com\/th\/wp-json\/wp\/v2\/product\/3116","targetHints":{"allow":["GET"]}}],"collection":[{"href":"https:\/\/www.arismachinery.com\/th\/wp-json\/wp\/v2\/product"}],"about":[{"href":"https:\/\/www.arismachinery.com\/th\/wp-json\/wp\/v2\/types\/product"}],"replies":[{"embeddable":true,"href":"https:\/\/www.arismachinery.com\/th\/wp-json\/wp\/v2\/comments?post=3116"}],"wp:featuredmedia":[{"embeddable":true,"href":"https:\/\/www.arismachinery.com\/th\/wp-json\/wp\/v2\/media\/3117"}],"wp:attachment":[{"href":"https:\/\/www.arismachinery.com\/th\/wp-json\/wp\/v2\/media?parent=3116"}],"wp:term":[{"taxonomy":"product_cat","embeddable":true,"href":"https:\/\/www.arismachinery.com\/th\/wp-json\/wp\/v2\/product_cat?post=3116"},{"taxonomy":"product_tag","embeddable":true,"href":"https:\/\/www.arismachinery.com\/th\/wp-json\/wp\/v2\/product_tag?post=3116"}],"curies":[{"name":"wp","href":"https:\/\/api.w.org\/{rel}","templated":true}]}}