{"id":2941,"date":"2024-03-08T10:44:27","date_gmt":"2024-03-08T02:44:27","guid":{"rendered":"http:\/\/www.arismachinery.com\/product\/multi-cut-edm-wire-cutting-machine\/"},"modified":"2024-04-25T20:02:43","modified_gmt":"2024-04-25T12:02:43","slug":"multi-cut-edm-wire-cutting-machine","status":"publish","type":"product","link":"https:\/\/www.arismachinery.com\/tr\/product\/multi-cut-edm-wire-cutting-machine\/","title":{"rendered":"\u00c7ok Kesimli EDM Tel Kesme Makinesi"},"content":{"rendered":"<p><strong>Ana \u00d6zellikler:<\/strong><\/p>\n<p>Adopt the newest version Autocut software which is based on Autocad, support DXF, DWG format.<\/p>\n<p>Robust frame with &#8220;C&#8221; mast for fix Z axis.<\/p>\n<p>Z axis with 4-way linear rail,\u00a0 which can stop in any height without clearance.<\/p>\n<p>T shape machine bed, which keep\u00a0 working table moving in bed both for X and Y, which can keep same accuracy for heavy workpiece.<\/p>\n<p>XYUVZ 5 axes independent working,\u00a0 XYUV can working simultaneously.<\/p>\n<p>XYUVZ with Taiwan linear rail\u00a0 and servo motor,\u00a0 can keep guider close to workpice for best roughness.<\/p>\n<p>Z axis height can be adjusted in program, and can set height then restore the same height after lifting for getting out workpiece.<\/p>\n<p>With mechanic wire tensioning mechanism for molybdenum wire, keep stable cutting.<\/p>\n<p>All function can be set in software and hand controller.\u00a0 Z also can be set in software.<\/p>\n<p>High speed PLC controller, with industrial computer.\u00a0 17&#8243; touch screen is optional.<\/p>\n<p>Windows 7 \/ Windows 10 operation system.<\/p>\n<p>Tolerance can keep in +\/-0.005mm,\u00a0 \u00a0Roughness Ra 0.8.<\/p>\n<p style=\"text-align: center;\"><img loading=\"lazy\" decoding=\"async\" title=\"\u00c7ok Kesimli EDM Tel Kesme Makinesi\" src=\"https:\/\/img01.71360.com\/w3\/4eqpjz\/20230913\/d579b9598288ef7155b25ba327c532b0.webp\" alt=\"Multi-cut EDM Wire Cutting Machine\" width=\"617\" height=\"263\" \/><\/p>\n<p>&nbsp;<\/p>\n<p><strong>Teknik Parametreler:<\/strong><\/p>\n<table cellspacing=\"0\" cellpadding=\"0\">\n<colgroup>\n<col style=\"width: 150.00pt;\" width=\"200\" \/>\n<col style=\"width: 111.80pt;\" span=\"3\" width=\"149\" \/><\/colgroup>\n<tbody>\n<tr class=\"firstRow\">\n<td>Model<\/td>\n<td>LF320TA<\/td>\n<td>LF400TA<\/td>\n<td>LF500TA<\/td>\n<\/tr>\n<tr>\n<td>\u00c7al\u0131\u015fma masas\u0131 boyutu (mm)<\/td>\n<td>500\u00d7720<\/td>\n<td>580\u00d7820<\/td>\n<td>700\u00d71000<\/td>\n<\/tr>\n<tr>\n<td>Masa hareketi (X\/Y) (mm)<\/td>\n<td>320\u00d7400<\/td>\n<td>400\u00d7500<\/td>\n<td>500\u00d7630<\/td>\n<\/tr>\n<tr>\n<td>Maksimum kesme kal\u0131nl\u0131\u011f\u0131 (mm)<\/td>\n<td>380<\/td>\n<td>380<\/td>\n<td>380<\/td>\n<\/tr>\n<tr>\n<td>\u00c7al\u0131\u015fma masas\u0131 \u00fczerindeki maks. y\u00fck (KG)<\/td>\n<td>400<\/td>\n<td>600<\/td>\n<td>800<\/td>\n<\/tr>\n<tr>\n<td>Uv travel (U\/V) (mm)<\/td>\n<td colspan=\"3\">30\u00d730\u00a0 (\u00b16\u00b0)\u00a0 \/ 75\u00d775\u00a0 (\u00b112\u00b0)<\/td>\n<\/tr>\n<tr>\n<td>Tel \u00c7ap\u0131 (mm)<\/td>\n<td colspan=\"3\">(Molydbenum wire)\u00a0\u00a0\u00a0\u00a0\u00a0\u00a0\u00a0 \u03c60.10\uff5e0.25<\/td>\n<\/tr>\n<tr>\n<td>Tel h\u0131z\u0131 (m\/sn)<\/td>\n<td colspan=\"3\">2.0-11.0<\/td>\n<\/tr>\n<tr>\n<td>Maks. kesme h\u0131z\u0131 (mm2\/dak)<\/td>\n<td colspan=\"3\">200<\/td>\n<\/tr>\n<tr>\n<td>Max. working current (A)<\/td>\n<td colspan=\"3\">8-10A<\/td>\n<\/tr>\n<tr>\n<td>Maks. kesme a\u00e7\u0131s\u0131<\/td>\n<td colspan=\"3\">\u00b16\u00b0\/80mm ( \u00b112\u00b0\/80mm is optional)<\/td>\n<\/tr>\n<tr>\n<td rowspan=\"2\">\u0130\u015flem do\u011frulu\u011fu (mm)<\/td>\n<td colspan=\"3\">Straight cutting:\u00a0\u00a0 less than\u00a0 \u00b10.005<\/td>\n<\/tr>\n<tr>\n<td colspan=\"3\">Angle cutting:\u00a0\u00a0 less than\u00a0 \u00b10.012<\/td>\n<\/tr>\n<tr>\n<td>Min drvie unit (mm)<\/td>\n<td colspan=\"3\">0.001\u00a0 (1 um)<\/td>\n<\/tr>\n<tr>\n<td>Best roughness(Ra.um)<\/td>\n<td colspan=\"3\">Multi-cut:Ra0.8,\u00a0\u00a0 Single-cut:Ra2.0<\/td>\n<\/tr>\n<tr>\n<td>XY driving motor<\/td>\n<td colspan=\"3\">XY Panasonic AC servo<\/td>\n<\/tr>\n<tr>\n<td>UVZ driving motor<\/td>\n<td colspan=\"3\">DC servo motor<\/td>\n<\/tr>\n<tr>\n<td>Gergi sistemi<\/td>\n<td colspan=\"3\">\u00fc\u00e7 kademeli (0\/1\/2) gerilim ayarlanabilir<\/td>\n<\/tr>\n<tr>\n<td>Cooalnt tank<\/td>\n<td colspan=\"3\">120L, with double filter, double motor<\/td>\n<\/tr>\n<tr>\n<td>G\u00fc\u00e7 kayna\u011f\u0131<\/td>\n<td colspan=\"3\">220\/380\/415V\/ 50 or 60Hz, 3.0KVA<\/td>\n<\/tr>\n<tr>\n<td>A\u011f\u0131rl\u0131k (kg)<\/td>\n<td>1500<\/td>\n<td>1900<\/td>\n<td>2500<\/td>\n<\/tr>\n<tr>\n<td>Boyut (mm)<\/td>\n<td>1900*1800*2200<\/td>\n<td>2100*2000*2200<\/td>\n<td>2300*2200*2200<\/td>\n<\/tr>\n<\/tbody>\n<\/table>\n<p>&nbsp;<\/p>\n<p><strong>\u015eirket &amp; At\u00f6lyeler<\/strong><\/p>\n<p>ARIS Makine 4 fabrikas\u0131 olan bir gruptur. ARIS yakla\u015f\u0131k 60000 metrekarelik bir at\u00f6lyeye sahiptir.<\/p>\n<p><img loading=\"lazy\" decoding=\"async\" title=\"EDM tel kesme makinesi\" src=\"https:\/\/img01.71360.com\/file\/read\/www2\/M00\/0D\/DD\/rBwBEmQZcUOAY-37AAGTcsI6_04807.jpg?ct=webp\" alt=\"EDM wire cutting machine\" width=\"800\" height=\"585\" \/><img loading=\"lazy\" decoding=\"async\" title=\"EDM tel kesme makinesi\" src=\"https:\/\/img01.71360.com\/file\/read\/www2\/M00\/0D\/DE\/rBwBEmQZcVmASzD0AAG61qp6Bu8015.jpg?ct=webp\" alt=\"EDM wire cutting machine\" width=\"800\" height=\"585\" \/><\/p>\n<p><strong>\u00dcretim Ekipmanlar\u0131<\/strong><\/p>\n<p>Makinelerimizin ana par\u00e7alar\u0131 cnc makine ile i\u015flenmektedir. Portal tipi cnc freze, cnc dik i\u015fleme merkezi, portal tipi cnc ta\u015flama makinesi, cnc lazer kesim makinesi, cnc b\u00fckme makinesi, cnc makaslama makinesi bulunmaktad\u0131r.<\/p>\n<p><img loading=\"lazy\" decoding=\"async\" title=\"EDM tel kesme makinesi\" src=\"https:\/\/img01.71360.com\/file\/read\/www2\/M00\/0D\/DE\/rBwBEmQZcX-ASvxxAAGr-Nzp53k628.jpg?ct=webp\" alt=\"EDM wire cutting machine\" width=\"800\" height=\"747\" \/><\/p>\n<p><strong>Test ve Muayene<\/strong><\/p>\n<p>T\u00fcm makineler sevkiyattan \u00f6nce test edilecektir.<\/p>\n<p><img loading=\"lazy\" decoding=\"async\" title=\"EDM tel kesme makinesi\" src=\"https:\/\/img01.71360.com\/file\/read\/www2\/M00\/0D\/DE\/rBwBEmQZcaKASkZIAAG3_n20ZTo355.jpg?ct=webp\" alt=\"EDM wire cutting machine\" width=\"800\" height=\"945\" \/><\/p>\n<p><strong>Paket &amp; Teslimat<\/strong><\/p>\n<p><img loading=\"lazy\" decoding=\"async\" title=\"EDM tel kesme makinesi\" src=\"https:\/\/img01.71360.com\/file\/read\/www2\/M00\/0D\/DE\/rBwBEmQZcb-ATHsEAADsvr2pCXM317.jpg?ct=webp\" alt=\"EDM wire cutting machine\" width=\"800\" height=\"330\" \/><\/p>\n<p><strong style=\"text-wrap: wrap;\">\u00a0<\/strong><\/p>\n<p><strong style=\"text-wrap: wrap;\">\u00a0<\/strong><\/p>\n<p>&nbsp;<\/p>","protected":false},"excerpt":{"rendered":"<p>Adopt the newest version Autocut software which is based on Autocad, support DXF, DWG format.<br \/>\nRobust frame with &#8220;C&#8221; mast for fix Z axis.<br \/>\nZ axis with 4-way linear rail, which can stop in any height without clearance.<br \/>\nT shape machine bed, which keep working table moving in bed both for X and Y, which can keep same accuracy for heavy workpiece.<br \/>\nXYUVZ 5 axes independent working, XYUV can working simultaneously.<br \/>\nXYUVZ with Taiwan linear rail and servo motor, can keep guider close to workpice for best roughness.<br \/>\nZ axis height can be adjusted in program, and can set height then restore the same height after lifting for getting out workpiece.<br \/>\nWith mechanic wire tensioning mechanism for molybdenum wire, keep stable cutting.<br \/>\nAll function can be set in software and hand controller. Z also can be set in software.<br \/>\nHigh speed PLC controller, with industrial computer. 17&#8243; touch screen is optional.<br \/>\nWindows 7 \/ Windows 10 operation system.<br \/>\nTolerance can keep in +\/-0.005mm, Roughness Ra 0.8.<\/p>","protected":false},"featured_media":2942,"comment_status":"closed","ping_status":"closed","template":"","meta":{"_acf_changed":false},"product_cat":[54],"product_tag":[],"class_list":["post-2941","product","type-product","status-publish","has-post-thumbnail","hentry","product_cat-edm-wire-cut-machine-t-type"],"acf":[],"_links":{"self":[{"href":"https:\/\/www.arismachinery.com\/tr\/wp-json\/wp\/v2\/product\/2941","targetHints":{"allow":["GET"]}}],"collection":[{"href":"https:\/\/www.arismachinery.com\/tr\/wp-json\/wp\/v2\/product"}],"about":[{"href":"https:\/\/www.arismachinery.com\/tr\/wp-json\/wp\/v2\/types\/product"}],"replies":[{"embeddable":true,"href":"https:\/\/www.arismachinery.com\/tr\/wp-json\/wp\/v2\/comments?post=2941"}],"wp:featuredmedia":[{"embeddable":true,"href":"https:\/\/www.arismachinery.com\/tr\/wp-json\/wp\/v2\/media\/2942"}],"wp:attachment":[{"href":"https:\/\/www.arismachinery.com\/tr\/wp-json\/wp\/v2\/media?parent=2941"}],"wp:term":[{"taxonomy":"product_cat","embeddable":true,"href":"https:\/\/www.arismachinery.com\/tr\/wp-json\/wp\/v2\/product_cat?post=2941"},{"taxonomy":"product_tag","embeddable":true,"href":"https:\/\/www.arismachinery.com\/tr\/wp-json\/wp\/v2\/product_tag?post=2941"}],"curies":[{"name":"wp","href":"https:\/\/api.w.org\/{rel}","templated":true}]}}