{"id":2958,"date":"2024-03-08T10:44:49","date_gmt":"2024-03-08T02:44:49","guid":{"rendered":"http:\/\/www.arismachinery.com\/product\/single-column-vertical-lathe\/"},"modified":"2024-04-15T20:02:45","modified_gmt":"2024-04-15T12:02:45","slug":"single-column-vertical-lathe","status":"publish","type":"product","link":"https:\/\/www.arismachinery.com\/tr\/product\/single-column-vertical-lathe\/","title":{"rendered":"Tek Kolonlu Dikey Torna"},"content":{"rendered":"<p>Adopt dydrostatic guideway with preload bearing for working table, less friction.<\/p>\n<p>Boxway rail for heavy capacity.<\/p>\n<p>Italian turcite for all sliding rails to decrease friction.<\/p>\n<p>Rotary gear with precise grinding process, with \u00a0gearbox to reach big torque and high speed.<\/p>\n<p>C5112G 5116G 5120G 5123G: \u00a0PLC control<\/p>\n<p>CJK5112G 5116G 5120G 5123G: \u00a0CNC control \u00a0( CNC System: GSK, SYNTEC, FANUC, Simens)<\/p>\n<p>&nbsp;<\/p>\n<p><strong>Teknik Parametreler:<\/strong><\/p>\n<table>\n<tbody>\n<tr class=\"firstRow\">\n<td rowspan=\"2\">Model<\/td>\n<td align=\"center\" valign=\"middle\">C5112G<\/td>\n<td align=\"center\" valign=\"middle\">C5116G<\/td>\n<td align=\"center\" valign=\"middle\">C5120G<\/td>\n<td align=\"center\" valign=\"middle\">C5123G<\/td>\n<\/tr>\n<tr>\n<td align=\"center\" valign=\"middle\">CJK5112G<\/td>\n<td align=\"center\" valign=\"middle\">CJK5116G<\/td>\n<td align=\"center\" valign=\"middle\">CJL5120G<\/td>\n<td align=\"center\" valign=\"middle\">CJK5123G<\/td>\n<\/tr>\n<tr>\n<td>Maksimum D\u00f6n\u00fc\u015f \u00c7ap\u0131 (mm)<\/td>\n<td align=\"center\" valign=\"middle\">1250<\/td>\n<td align=\"center\" valign=\"middle\">1600<\/td>\n<td align=\"center\" valign=\"middle\">2000<\/td>\n<td align=\"center\" valign=\"middle\">2300<\/td>\n<\/tr>\n<tr>\n<td>\u00c7al\u0131\u015fma Masas\u0131 \u00c7ap\u0131 (mm)<\/td>\n<td align=\"center\" valign=\"middle\">1000<\/td>\n<td align=\"center\" valign=\"middle\">1400<\/td>\n<td align=\"center\" valign=\"middle\">1800<\/td>\n<td align=\"center\" valign=\"middle\">2000<\/td>\n<\/tr>\n<tr>\n<td>Maks. \u0130\u015f Par\u00e7as\u0131 Y\u00fcksekli\u011fi (mm)<\/td>\n<td align=\"center\" valign=\"middle\">1000\/1200\/1400<\/td>\n<td align=\"center\" valign=\"middle\">1000\/1400\/1600<\/td>\n<td align=\"center\" valign=\"middle\">1250\/1600\/1800<\/td>\n<td align=\"center\" valign=\"middle\">1250\/1600\/1800<\/td>\n<\/tr>\n<tr>\n<td>Maksimum \u0130\u015f Par\u00e7as\u0131 A\u011f\u0131rl\u0131\u011f\u0131 (T)<\/td>\n<td align=\"center\" valign=\"middle\">5<\/td>\n<td align=\"center\" valign=\"middle\">8<\/td>\n<td align=\"center\" valign=\"middle\">10<\/td>\n<td align=\"center\" valign=\"middle\">10<\/td>\n<\/tr>\n<tr>\n<td>Max.Cutting Force of Rail Head (KN)<\/td>\n<td align=\"center\" valign=\"middle\">20<\/td>\n<td align=\"center\" valign=\"middle\">25<\/td>\n<td align=\"center\" valign=\"middle\">25<\/td>\n<td align=\"center\" valign=\"middle\">25<\/td>\n<\/tr>\n<tr>\n<td>Max.Cutting Force of Slide Head (KN)<\/td>\n<td align=\"center\" valign=\"middle\">20<\/td>\n<td align=\"center\" valign=\"middle\">20<\/td>\n<td align=\"center\" valign=\"middle\">20<\/td>\n<td align=\"center\" valign=\"middle\">20<\/td>\n<\/tr>\n<tr>\n<td>Max.Torque of Working Table (KN.M)<\/td>\n<td align=\"center\" valign=\"middle\">17.5<\/td>\n<td align=\"center\" valign=\"middle\">25<\/td>\n<td align=\"center\" valign=\"middle\">32<\/td>\n<td align=\"center\" valign=\"middle\">32<\/td>\n<\/tr>\n<tr>\n<td>\u00c7al\u0131\u015fma Tablas\u0131 H\u0131zlar\u0131 Aral\u0131\u011f\u0131 (16 ad\u0131m) (d\/dk)<\/td>\n<td align=\"center\" valign=\"middle\">6.3-200<\/td>\n<td align=\"center\" valign=\"middle\">5-160<\/td>\n<td align=\"center\" valign=\"middle\">2.5-125<\/td>\n<td align=\"center\" valign=\"middle\">2.5-125<\/td>\n<\/tr>\n<tr>\n<td>Ray Ba\u015fl\u0131\u011f\u0131n\u0131n D\u00f6nd\u00fcr\u00fclmesi<\/td>\n<td align=\"center\" valign=\"middle\">\u00b130<\/td>\n<td align=\"center\" valign=\"middle\">\u00b130<\/td>\n<td align=\"center\" valign=\"middle\">\u00b130<\/td>\n<td align=\"center\" valign=\"middle\">\u00b130<\/td>\n<\/tr>\n<tr>\n<td>Range of Feed Rates (12 steps) (mm\/min)<\/td>\n<td align=\"center\" valign=\"middle\">0.8-86<\/td>\n<td align=\"center\" valign=\"middle\">0.8-86<\/td>\n<td align=\"center\" valign=\"middle\">0.8-86<\/td>\n<td align=\"center\" valign=\"middle\">0.8-86<\/td>\n<\/tr>\n<tr>\n<td>\u00c7apraz Kiri\u015f Hareketi (mm)<\/td>\n<td align=\"center\" valign=\"middle\">650\/850\/1050<\/td>\n<td align=\"center\" valign=\"middle\">650\/1050\/1250<\/td>\n<td align=\"center\" valign=\"middle\">900\/1250\/1450<\/td>\n<td align=\"center\" valign=\"middle\">900\/1250\/1450<\/td>\n<\/tr>\n<tr>\n<td>\u00c7apraz Kiri\u015fin Hareket H\u0131z\u0131 (mm\/dak)<\/td>\n<td align=\"center\" valign=\"middle\">440<\/td>\n<td align=\"center\" valign=\"middle\">440<\/td>\n<td align=\"center\" valign=\"middle\">440<\/td>\n<td align=\"center\" valign=\"middle\">440<\/td>\n<\/tr>\n<tr>\n<td>Level Travel of Rail Head (mm)<\/td>\n<td align=\"center\" valign=\"middle\">650<\/td>\n<td align=\"center\" valign=\"middle\">800<\/td>\n<td align=\"center\" valign=\"middle\">1050<\/td>\n<td align=\"center\" valign=\"middle\">1200<\/td>\n<\/tr>\n<tr>\n<td>Ram Travel of Rail Head (mm)<\/td>\n<td align=\"center\" valign=\"middle\">650<\/td>\n<td align=\"center\" valign=\"middle\">800\/1000<\/td>\n<td align=\"center\" valign=\"middle\">800\/1000<\/td>\n<td align=\"center\" valign=\"middle\">800\/1000<\/td>\n<\/tr>\n<tr>\n<td>Ram Hor. Travel of Side Head (mm)<\/td>\n<td align=\"center\" valign=\"middle\">500<\/td>\n<td align=\"center\" valign=\"middle\">630<\/td>\n<td align=\"center\" valign=\"middle\">630<\/td>\n<td align=\"center\" valign=\"middle\">630<\/td>\n<\/tr>\n<tr>\n<td>Vertical Travel of Side Head (mm)<\/td>\n<td align=\"center\" valign=\"middle\">970<\/td>\n<td align=\"center\" valign=\"middle\">980<\/td>\n<td align=\"center\" valign=\"middle\">1180<\/td>\n<td align=\"center\" valign=\"middle\">1180<\/td>\n<\/tr>\n<tr>\n<td>Tak\u0131m Dire\u011finin H\u0131zl\u0131 H\u0131z\u0131 (mm\/dak)<\/td>\n<td align=\"center\" valign=\"middle\">1800<\/td>\n<td align=\"center\" valign=\"middle\">1800<\/td>\n<td align=\"center\" valign=\"middle\">1800<\/td>\n<td align=\"center\" valign=\"middle\">1800<\/td>\n<\/tr>\n<tr>\n<td>Tak\u0131m \u00c7ubu\u011fu B\u00f6l\u00fcm\u00fcn\u00fcn Y\u00fcksekli\u011fi (mm)<\/td>\n<td align=\"center\" valign=\"middle\">40<\/td>\n<td align=\"center\" valign=\"middle\">40<\/td>\n<td align=\"center\" valign=\"middle\">40<\/td>\n<td align=\"center\" valign=\"middle\">40<\/td>\n<\/tr>\n<tr>\n<td>Ana Motor G\u00fcc\u00fc (Kw)<\/td>\n<td align=\"center\" valign=\"middle\">22<\/td>\n<td align=\"center\" valign=\"middle\">30<\/td>\n<td align=\"center\" valign=\"middle\">37<\/td>\n<td align=\"center\" valign=\"middle\">37<\/td>\n<\/tr>\n<tr>\n<td>Makine Boyutlar\u0131 (mm)<\/td>\n<td align=\"center\" valign=\"middle\">2360*2470*3580<\/td>\n<td align=\"center\" valign=\"middle\">2830*2870*3870<\/td>\n<td align=\"center\" valign=\"middle\">3210*4050*4200<\/td>\n<td align=\"center\" valign=\"middle\">3410*4050*4200<\/td>\n<\/tr>\n<tr>\n<td>Makine A\u011f\u0131rl\u0131\u011f\u0131 (T)<\/td>\n<td align=\"center\" valign=\"middle\">8.3\/8.6\/8.9<\/td>\n<td align=\"center\" valign=\"middle\">12.6\/13.8\/14.1<\/td>\n<td align=\"center\" valign=\"middle\">17.5\/18.6\/19.5<\/td>\n<td align=\"center\" valign=\"middle\">18\/19.1\/20.6<\/td>\n<\/tr>\n<\/tbody>\n<\/table>","protected":false},"excerpt":{"rendered":"<p>Adopt dydrostatic guideway with preload bearing for working table, less friction.<br \/>\nBoxway rail for heavy capacity.<br \/>\nItalian turcite for all sliding rails to decrease friction.<br \/>\nRotary gear with precise grinding process, with gearbox to reach big torque and high speed.<br \/>\nC5112G 5116G 5120G 5123G: PLC control<br \/>\nCJK5112G 5116G 5120G 5123G: CNC control ( CNC System: GSK, SYNTEC, FANUC, Simens)<\/p>\n<p>E-posta: joyce@arismachinery.com \/ joycechen2677@gmail.com<br \/>\nWechat: joycechen677<br \/>\nWhatsapp: +86 13815922677<br \/>\nTel: +86-523-8549496 \/ +86-523-8549496<\/p>","protected":false},"featured_media":2959,"comment_status":"closed","ping_status":"closed","template":"","meta":{"_acf_changed":false},"product_cat":[84],"product_tag":[],"class_list":["post-2958","product","type-product","status-publish","has-post-thumbnail","hentry","product_cat-vertical-cnc-lathe"],"acf":[],"_links":{"self":[{"href":"https:\/\/www.arismachinery.com\/tr\/wp-json\/wp\/v2\/product\/2958","targetHints":{"allow":["GET"]}}],"collection":[{"href":"https:\/\/www.arismachinery.com\/tr\/wp-json\/wp\/v2\/product"}],"about":[{"href":"https:\/\/www.arismachinery.com\/tr\/wp-json\/wp\/v2\/types\/product"}],"replies":[{"embeddable":true,"href":"https:\/\/www.arismachinery.com\/tr\/wp-json\/wp\/v2\/comments?post=2958"}],"wp:featuredmedia":[{"embeddable":true,"href":"https:\/\/www.arismachinery.com\/tr\/wp-json\/wp\/v2\/media\/2959"}],"wp:attachment":[{"href":"https:\/\/www.arismachinery.com\/tr\/wp-json\/wp\/v2\/media?parent=2958"}],"wp:term":[{"taxonomy":"product_cat","embeddable":true,"href":"https:\/\/www.arismachinery.com\/tr\/wp-json\/wp\/v2\/product_cat?post=2958"},{"taxonomy":"product_tag","embeddable":true,"href":"https:\/\/www.arismachinery.com\/tr\/wp-json\/wp\/v2\/product_tag?post=2958"}],"curies":[{"name":"wp","href":"https:\/\/api.w.org\/{rel}","templated":true}]}}