{"id":2962,"date":"2024-03-08T10:44:49","date_gmt":"2024-03-08T02:44:49","guid":{"rendered":"http:\/\/www.arismachinery.com\/product\/double-column-cnc-vertical-lathe\/"},"modified":"2024-04-15T20:05:31","modified_gmt":"2024-04-15T12:05:31","slug":"double-column-cnc-vertical-lathe","status":"publish","type":"product","link":"https:\/\/www.arismachinery.com\/tr\/product\/double-column-cnc-vertical-lathe\/","title":{"rendered":"\u00c7ift Kolonlu CNC Dik Torna"},"content":{"rendered":"<p>C5231 CQ5235 CQ5240: PLC control<\/p>\n<p>CJK5231 5235 5240 CNC control ( System: GSK, SYNTEC, FANUC, SIEMENS)<\/p>\n<p>Opsiyonel\uff1aElektrikli taret \/ ATC tak\u0131m magazini<\/p>\n<p>&nbsp;<\/p>\n<p><strong>Teknik Parametreler:<\/strong><\/p>\n<table>\n<tbody>\n<tr class=\"firstRow\">\n<td rowspan=\"2\">Model<\/td>\n<td align=\"center\" valign=\"middle\">C5231E \u00a0H\/W<\/td>\n<td align=\"center\" valign=\"middle\">CQ5235E \u00a0H\/W<\/td>\n<td align=\"center\" valign=\"middle\">CQ5240E \u00a0H\/W<\/td>\n<\/tr>\n<tr>\n<td align=\"center\" valign=\"middle\">CJK5231<\/td>\n<td align=\"center\" valign=\"middle\">CJK5235<\/td>\n<td align=\"center\" valign=\"middle\">CJK5240<\/td>\n<\/tr>\n<tr>\n<td>Maksimum D\u00f6n\u00fc\u015f \u00c7ap\u0131 (mm)<\/td>\n<td align=\"center\" valign=\"middle\">3150<\/td>\n<td align=\"center\" valign=\"middle\">3500<\/td>\n<td align=\"center\" valign=\"middle\">4000<\/td>\n<\/tr>\n<tr>\n<td>\u00c7al\u0131\u015fma Masas\u0131 \u00c7ap\u0131 (mm)<\/td>\n<td align=\"center\" valign=\"middle\">2830<\/td>\n<td align=\"center\" valign=\"middle\">2830\/3150<\/td>\n<td align=\"center\" valign=\"middle\">3150<\/td>\n<\/tr>\n<tr>\n<td>Maks. \u0130\u015f Par\u00e7as\u0131 Y\u00fcksekli\u011fi (mm)<\/td>\n<td align=\"center\" valign=\"middle\">1600\/2100\/2600\/3200<\/td>\n<td align=\"center\" valign=\"middle\">1600\/2100\/2600\/3200<\/td>\n<td align=\"center\" valign=\"middle\">1600\/2100\/2600\/3200<\/td>\n<\/tr>\n<tr>\n<td>Maksimum \u0130\u015f Par\u00e7as\u0131 A\u011f\u0131rl\u0131\u011f\u0131 (T)<\/td>\n<td align=\"center\" valign=\"middle\">10\/16\/25<\/td>\n<td align=\"center\" valign=\"middle\">10\/16\/25<\/td>\n<td align=\"center\" valign=\"middle\">10\/16\/25<\/td>\n<\/tr>\n<tr>\n<td>Sa\u011f Ray Ba\u015fl\u0131\u011f\u0131n\u0131n Maksimum Kesme Kuvveti (Kn)<\/td>\n<td align=\"center\" valign=\"middle\">35<\/td>\n<td align=\"center\" valign=\"middle\">35<\/td>\n<td align=\"center\" valign=\"middle\">35<\/td>\n<\/tr>\n<tr>\n<td>Sol Ray Ba\u015fl\u0131\u011f\u0131n\u0131n Maksimum Kesme Kuvveti (Kn)<\/td>\n<td align=\"center\" valign=\"middle\">30<\/td>\n<td align=\"center\" valign=\"middle\">30<\/td>\n<td align=\"center\" valign=\"middle\">30<\/td>\n<\/tr>\n<tr>\n<td>Total Cutting Force (Kn)<\/td>\n<td align=\"center\" valign=\"middle\">63<\/td>\n<td align=\"center\" valign=\"middle\">63<\/td>\n<td align=\"center\" valign=\"middle\">63<\/td>\n<\/tr>\n<tr>\n<td>\u00c7al\u0131\u015fma Tablas\u0131n\u0131n Maksimum Torku (Kn.m)<\/td>\n<td align=\"center\" valign=\"middle\">63<\/td>\n<td align=\"center\" valign=\"middle\">63<\/td>\n<td align=\"center\" valign=\"middle\">63<\/td>\n<\/tr>\n<tr>\n<td>Speed Step of Working Table (steps)<\/td>\n<td align=\"center\" valign=\"middle\">16<\/td>\n<td align=\"center\" valign=\"middle\">14<\/td>\n<td align=\"center\" valign=\"middle\">14<\/td>\n<\/tr>\n<tr>\n<td>Speed Range of Working Table \u00a0(r\/min)<\/td>\n<td align=\"center\" valign=\"middle\">2-63<\/td>\n<td align=\"center\" valign=\"middle\">2-40<\/td>\n<td align=\"center\" valign=\"middle\">2-40<\/td>\n<\/tr>\n<tr>\n<td>Speed Step of Feeding<\/td>\n<td align=\"center\" valign=\"middle\">18<\/td>\n<td align=\"center\" valign=\"middle\">18<\/td>\n<td align=\"center\" valign=\"middle\">18<\/td>\n<\/tr>\n<tr>\n<td>Range of Feeding (mm\/min)<\/td>\n<td align=\"center\" valign=\"middle\">0.25-90<\/td>\n<td align=\"center\" valign=\"middle\">0.25-90<\/td>\n<td align=\"center\" valign=\"middle\">0.25-90<\/td>\n<\/tr>\n<tr>\n<td>\u00c7apraz Kiri\u015f Hareketi (mm)<\/td>\n<td align=\"center\" valign=\"middle\">1250\/1750\/2250\/2850<\/td>\n<td align=\"center\" valign=\"middle\">1250\/1750\/2250\/2850<\/td>\n<td align=\"center\" valign=\"middle\">1250\/1750\/2250\/2850<\/td>\n<\/tr>\n<tr>\n<td>\u00c7apraz Kiri\u015fin Hareket H\u0131z\u0131 (mm\/dak)<\/td>\n<td align=\"center\" valign=\"middle\">350<\/td>\n<td align=\"center\" valign=\"middle\">350<\/td>\n<td align=\"center\" valign=\"middle\">350<\/td>\n<\/tr>\n<tr>\n<td>Sa\u011f Ray Ba\u015fl\u0131\u011f\u0131n\u0131n Dikey Hareketi (mm)<\/td>\n<td align=\"center\" valign=\"middle\">1000\/1250<\/td>\n<td align=\"center\" valign=\"middle\">1000\/1250<\/td>\n<td align=\"center\" valign=\"middle\">1000\/1250<\/td>\n<\/tr>\n<tr>\n<td>Sa\u011f Ray Ba\u015fl\u0131\u011f\u0131n\u0131n Yatay Hareketi (mm)<\/td>\n<td align=\"center\" valign=\"middle\">1725<\/td>\n<td align=\"center\" valign=\"middle\">1900<\/td>\n<td align=\"center\" valign=\"middle\">2200<\/td>\n<\/tr>\n<tr>\n<td>Sa\u011f Ray Ba\u015fl\u0131\u011f\u0131n\u0131n Dikey Hareketi (mm)<\/td>\n<td align=\"center\" valign=\"middle\">1000\/1250<\/td>\n<td align=\"center\" valign=\"middle\">1000\/1250<\/td>\n<td align=\"center\" valign=\"middle\">1000\/1250<\/td>\n<\/tr>\n<tr>\n<td>Sa\u011f Ray Ba\u015fl\u0131\u011f\u0131n\u0131n Yatay Hareketi (mm)<\/td>\n<td align=\"center\" valign=\"middle\">1725<\/td>\n<td align=\"center\" valign=\"middle\">1900<\/td>\n<td align=\"center\" valign=\"middle\">2200<\/td>\n<\/tr>\n<tr>\n<td>Tak\u0131m Dire\u011finin H\u0131zl\u0131 H\u0131z\u0131 (mm\/dak)<\/td>\n<td align=\"center\" valign=\"middle\">1560<\/td>\n<td align=\"center\" valign=\"middle\">1560<\/td>\n<td align=\"center\" valign=\"middle\">1560<\/td>\n<\/tr>\n<tr>\n<td>Tak\u0131m \u00c7ubu\u011fu B\u00f6l\u00fcm\u00fcn\u00fcn Y\u00fcksekli\u011fi (mm)<\/td>\n<td align=\"center\" valign=\"middle\">40*50<\/td>\n<td align=\"center\" valign=\"middle\">40*50<\/td>\n<td align=\"center\" valign=\"middle\">40*50<\/td>\n<\/tr>\n<tr>\n<td>Ana Motor G\u00fcc\u00fc (Kw)<\/td>\n<td align=\"center\" valign=\"middle\">55<\/td>\n<td align=\"center\" valign=\"middle\">55<\/td>\n<td align=\"center\" valign=\"middle\">55<\/td>\n<\/tr>\n<tr>\n<td>Makine Boyutlar\u0131 (mm)<\/td>\n<td align=\"center\" valign=\"middle\">5700*4400*4350<\/td>\n<td align=\"center\" valign=\"middle\">6100*4400*4350<\/td>\n<td align=\"center\" valign=\"middle\">6780*4400*4350<\/td>\n<\/tr>\n<tr>\n<td>Makine A\u011f\u0131rl\u0131\u011f\u0131 (T)<\/td>\n<td align=\"center\" valign=\"middle\">42<\/td>\n<td align=\"center\" valign=\"middle\">45<\/td>\n<td align=\"center\" valign=\"middle\">48<\/td>\n<\/tr>\n<\/tbody>\n<\/table>","protected":false},"excerpt":{"rendered":"<p>C5231 CQ5235 CQ5240: PLC control<br \/>\nCJK5231 5235 5240 CNC control ( System: GSK, SYNTEC, FANUC, SIEMENS)<br \/>\nOpsiyonel\uff1aElektrikli taret \/ ATC tak\u0131m magazini<\/p>\n<p>E-posta: joyce@arismachinery.com \/ joycechen2677@gmail.com<br \/>\nWechat: joycechen677<br \/>\nWhatsapp: +86 13815922677<br \/>\nTel: +86-523-8549496 \/ +86-523-8549496<\/p>","protected":false},"featured_media":2963,"comment_status":"closed","ping_status":"closed","template":"","meta":{"_acf_changed":false},"product_cat":[84],"product_tag":[],"class_list":["post-2962","product","type-product","status-publish","has-post-thumbnail","hentry","product_cat-vertical-cnc-lathe"],"acf":[],"_links":{"self":[{"href":"https:\/\/www.arismachinery.com\/tr\/wp-json\/wp\/v2\/product\/2962","targetHints":{"allow":["GET"]}}],"collection":[{"href":"https:\/\/www.arismachinery.com\/tr\/wp-json\/wp\/v2\/product"}],"about":[{"href":"https:\/\/www.arismachinery.com\/tr\/wp-json\/wp\/v2\/types\/product"}],"replies":[{"embeddable":true,"href":"https:\/\/www.arismachinery.com\/tr\/wp-json\/wp\/v2\/comments?post=2962"}],"wp:featuredmedia":[{"embeddable":true,"href":"https:\/\/www.arismachinery.com\/tr\/wp-json\/wp\/v2\/media\/2963"}],"wp:attachment":[{"href":"https:\/\/www.arismachinery.com\/tr\/wp-json\/wp\/v2\/media?parent=2962"}],"wp:term":[{"taxonomy":"product_cat","embeddable":true,"href":"https:\/\/www.arismachinery.com\/tr\/wp-json\/wp\/v2\/product_cat?post=2962"},{"taxonomy":"product_tag","embeddable":true,"href":"https:\/\/www.arismachinery.com\/tr\/wp-json\/wp\/v2\/product_tag?post=2962"}],"curies":[{"name":"wp","href":"https:\/\/api.w.org\/{rel}","templated":true}]}}