{"id":2964,"date":"2024-03-08T10:44:49","date_gmt":"2024-03-08T02:44:49","guid":{"rendered":"http:\/\/www.arismachinery.com\/product\/universal-turning-machine\/"},"modified":"2024-03-08T10:44:53","modified_gmt":"2024-03-08T02:44:53","slug":"universal-turning-machine","status":"publish","type":"product","link":"https:\/\/www.arismachinery.com\/tr\/product\/universal-turning-machine\/","title":{"rendered":"\u00dcniversal Torna Makinesi"},"content":{"rendered":"<p><strong>Ana \u00d6zellikler:<\/strong><\/p>\n<p>1. Yatak ray\u0131 y\u00fcksek frekansl\u0131 s\u00f6nd\u00fcrme, ta\u015flama, y\u00fcksek hassasiyetten ge\u00e7ti.<\/p>\n<p>2. Kafa stok di\u015fli hassas ta\u015flama, d\u00fc\u015f\u00fck g\u00fcr\u00fclt\u00fc.<\/p>\n<p>3. Ayak freni\/elektro manyetik fren iste\u011fe ba\u011fl\u0131d\u0131r.<\/p>\n<p>4. \u0130ste\u011fe ba\u011fl\u0131 ta\u015f\u0131ma: sol el VEYA sa\u011f el.<\/p>\n<p>5. B\u00fcy\u00fck slayt: ortak, h\u0131zl\u0131 ileri veya konik yap\u0131 olabilir.<\/p>\n<p>6. Bilyal\u0131 vida Metrik veya \u0130ngiliz sistemi olabilir.<\/p>\n<p>7. Ayak freni \/ elektro manyetik fren iste\u011fe ba\u011fl\u0131d\u0131r.<\/p>\n<p><\/p>\n<p><strong>Teknik parametreler:<\/strong><\/p>\n<table>\n<colgroup>\n<col\/>\n<col\/>\n<col\/>\n<col\/>\n<col\/><\/colgroup>\n<tbody>\n<tr class=\"firstRow\">\n<td rowspan=\"2\">Model<\/td>\n<td align=\"center\" valign=\"middle\">C6136F<\/td>\n<td align=\"center\" valign=\"middle\">C6140F<\/td>\n<td align=\"center\" valign=\"middle\">C6150F<\/td>\n<td align=\"center\" valign=\"middle\">C6160F<\/td>\n<\/tr>\n<tr>\n<td align=\"center\" valign=\"middle\">C6236F<\/td>\n<td align=\"center\" valign=\"middle\">C6240F<\/td>\n<td align=\"center\" valign=\"middle\">C6250F<\/td>\n<td align=\"center\" valign=\"middle\">C6260F<\/td>\n<\/tr>\n<tr>\n<td>Yatak \u00fczerinde maksimum sal\u0131n\u0131m<\/td>\n<td align=\"center\" valign=\"middle\">360mm<\/td>\n<td align=\"center\" valign=\"middle\">400mm<\/td>\n<td align=\"center\" valign=\"middle\">500mm<\/td>\n<td align=\"center\" valign=\"middle\">600mm<\/td>\n<\/tr>\n<tr>\n<td>Bo\u015fluk \u00fczerinde maksimum sal\u0131n\u0131m<\/td>\n<td align=\"center\" valign=\"middle\">520mm<\/td>\n<td align=\"center\" valign=\"middle\">560 mm<\/td>\n<td align=\"center\" valign=\"middle\">660 mm<\/td>\n<td align=\"center\" valign=\"middle\">760mm<\/td>\n<\/tr>\n<tr>\n<td>Etkin bo\u015fluk uzunlu\u011fu<\/td>\n<td align=\"center\" valign=\"middle\">160 mm<\/td>\n<td align=\"center\" valign=\"middle\">130 mm<\/td>\n<td align=\"center\" valign=\"middle\">130 mm<\/td>\n<td align=\"center\" valign=\"middle\">130 mm<\/td>\n<\/tr>\n<tr>\n<td>Kayd\u0131rak \u00fczerinde maksimum sal\u0131n\u0131m<\/td>\n<td align=\"center\" valign=\"middle\">190 mm<\/td>\n<td align=\"center\" valign=\"middle\">230mm<\/td>\n<td align=\"center\" valign=\"middle\">310mm<\/td>\n<td align=\"center\" valign=\"middle\">360mm<\/td>\n<\/tr>\n<tr>\n<td>\u00c7apraz k\u0131zak hareketi ( X )&nbsp;<\/td>\n<td align=\"center\" valign=\"middle\">180<\/td>\n<td align=\"center\" valign=\"middle\">210<\/td>\n<td align=\"center\" valign=\"middle\">260<\/td>\n<td align=\"center\" valign=\"middle\">310<\/td>\n<\/tr>\n<tr>\n<td>Merkez mesafesi ( L )&nbsp;<\/td>\n<td colspan=\"4\" align=\"center\" valign=\"middle\">750mm,1000mm,1500mm,2000mm,3000mm<\/td>\n<\/tr>\n<tr>\n<td>Yatak geni\u015fli\u011fi<\/td>\n<td colspan=\"4\" align=\"center\" valign=\"middle\">360mm<\/td>\n<\/tr>\n<tr>\n<td>Mil deli\u011fi<\/td>\n<td colspan=\"4\" align=\"center\" valign=\"middle\">\uf10252mm \/ \uf10282mm<\/td>\n<\/tr>\n<tr>\n<td>Mil burnu<\/td>\n<td colspan=\"4\" align=\"center\" valign=\"middle\">ISO-C6 veya ISO-C8<\/td>\n<\/tr>\n<tr>\n<td>\u0130\u015f mili konikli\u011fi<\/td>\n<td colspan=\"4\" align=\"center\" valign=\"middle\">MT6 \/ 1:20<\/td>\n<\/tr>\n<tr>\n<td>\u0130\u015f mili h\u0131zlar\u0131 (say\u0131)<\/td>\n<td align=\"center\" valign=\"middle\">42-1600 rmp<\/td>\n<td colspan=\"3\" align=\"center\" valign=\"middle\">28-1800rpm (12 ad\u0131m)&nbsp;<\/td>\n<\/tr>\n<tr>\n<td>Metrik di\u015f aral\u0131\u011f\u0131 (\u00e7e\u015fit)<\/td>\n<td colspan=\"4\" align=\"center\" valign=\"middle\">0.5-14mm (21 \u00e7e\u015fit)<\/td>\n<\/tr>\n<tr>\n<td>\u0130n\u00e7 di\u015f aral\u0131\u011f\u0131 (\u00e7e\u015fit)<\/td>\n<td colspan=\"4\" align=\"center\" valign=\"middle\">2,5-72 in\u00e7 (30 \u00e7e\u015fit)<\/td>\n<\/tr>\n<tr>\n<td>\u00c7ap di\u015f aral\u0131\u011f\u0131&nbsp;<\/td>\n<td colspan=\"4\" align=\"center\" valign=\"middle\">0,25-7 m\u03c0\uf010 (17 \u00e7e\u015fit)<\/td>\n<\/tr>\n<tr>\n<td>Mod\u00fcl i\u015f par\u00e7ac\u0131\u011f\u0131 aral\u0131\u011f\u0131 (t\u00fcrleri)<\/td>\n<td colspan=\"4\" align=\"center\" valign=\"middle\">5-144 D.P.I (30 \u00e7e\u015fit)&nbsp;<\/td>\n<\/tr>\n<tr>\n<td>\u00c7apraz k\u0131zak yolculu\u011fu<\/td>\n<td colspan=\"4\" align=\"center\" valign=\"middle\">220 mm<\/td>\n<\/tr>\n<tr>\n<td>Bile\u015fik dinlenme seyahati<\/td>\n<td colspan=\"4\" align=\"center\" valign=\"middle\">120 mm<\/td>\n<\/tr>\n<tr>\n<td>Tak\u0131m \u015faft boyutu&nbsp;<\/td>\n<td colspan=\"4\" align=\"center\" valign=\"middle\">20mm\u00d720mm<\/td>\n<\/tr>\n<tr>\n<td>Punta kovan\u0131n\u0131n konikli\u011fi<\/td>\n<td colspan=\"4\" align=\"center\" valign=\"middle\">MT4 \/ MT5<\/td>\n<\/tr>\n<tr>\n<td>Punta kovan\u0131n\u0131n \u00e7ap\u0131<\/td>\n<td colspan=\"4\" align=\"center\" valign=\"middle\">65mm \/ 75mm<\/td>\n<\/tr>\n<tr>\n<td>Punta kovan\u0131n\u0131n hareketi<\/td>\n<td colspan=\"4\" align=\"center\" valign=\"middle\">130 mm<\/td>\n<\/tr>\n<tr>\n<td>Ana motor g\u00fcc\u00fc<\/td>\n<td align=\"center\" valign=\"middle\">4.0kw<\/td>\n<td align=\"center\" valign=\"middle\">&nbsp;5.5kw&nbsp;<\/td>\n<td align=\"center\" valign=\"middle\">&nbsp;5.5kw&nbsp;<\/td>\n<td align=\"center\" valign=\"middle\">7.5kw<\/td>\n<\/tr>\n<tr>\n<td>So\u011futma t\u00fcmsek motoru<\/td>\n<td colspan=\"4\" align=\"center\" valign=\"middle\">0.125kw<\/td>\n<\/tr>\n<tr>\n<td>H\u0131zl\u0131 motor<\/td>\n<td colspan=\"4\" align=\"center\" valign=\"middle\">0.12kw<\/td>\n<\/tr>\n<\/tbody>\n<\/table>\n<p><\/p>\n<table>\n<colgroup>\n<col\/>\n<col\/>\n<col\/>\n<col\/>\n<col\/>\n<col\/><\/colgroup>\n<tbody>\n<tr class=\"firstRow\">\n<td colspan=\"2\" style=\"word-break: break-all;\"><strong>Standart Aksesuarlar<\/strong><\/td>\n<td colspan=\"4\" align=\"center\" valign=\"middle\"><strong>Opsiyonel Aksesuarlar<\/strong><\/td>\n<\/tr>\n<tr>\n<td colspan=\"2\">1.  3 \u00e7eneli y\u0131\u011f\u0131n<\/td>\n<td colspan=\"2\" align=\"center\" valign=\"middle\">1.  Sabit dinlenme<\/td>\n<td colspan=\"2\" align=\"center\" valign=\"middle\">6.  Boylamas\u0131na otomatik trip<\/td>\n<\/tr>\n<tr>\n<td colspan=\"2\">2.  Merkez \uff06 merkez man\u015fon<\/td>\n<td colspan=\"2\" align=\"center\" valign=\"middle\">2.  Takip\u00e7i dinlenme<\/td>\n<td colspan=\"2\" align=\"center\" valign=\"middle\">7.  Canl\u0131 merkez<\/td>\n<\/tr>\n<tr>\n<td colspan=\"2\">3.  Anahtarlar<\/td>\n<td colspan=\"2\" align=\"center\" valign=\"middle\">3.   4 \u00e7eneli y\u0131\u011f\u0131n<\/td>\n<td colspan=\"2\" align=\"center\" valign=\"middle\">8.  H\u0131zl\u0131 de\u011fi\u015ftirilebilir alet dire\u011fi<\/td>\n<\/tr>\n<tr>\n<td colspan=\"2\">4.  Ayak c\u0131vatalar\u0131.<\/td>\n<td colspan=\"2\" align=\"center\" valign=\"middle\">4.  Y\u00fcz plakas\u0131<\/td>\n<td colspan=\"2\" align=\"center\" valign=\"middle\">9.  Konik kopya cetveli<\/td>\n<\/tr>\n<tr>\n<td colspan=\"2\"><\/td>\n<td colspan=\"2\" align=\"center\" valign=\"middle\">5.  \u0130plik takip kadran\u0131<\/td>\n<td colspan=\"2\" align=\"center\" valign=\"middle\">10. S\u00fcr\u00fc\u015f plakas\u0131<\/td>\n<\/tr>\n<\/tbody>\n<\/table>\n<p><\/p>\n<p><strong>\u015eirket &amp; At\u00f6lyeler<\/strong><\/p>\n<p>ARIS Makine 4 fabrikas\u0131 olan bir gruptur. ARIS yakla\u015f\u0131k 60000 metrekarelik bir at\u00f6lyeye sahiptir.<\/p>\n<p><img loading=\"lazy\" decoding=\"async\" src=\"https:\/\/img01.71360.com\/file\/read\/www2\/M00\/17\/64\/rBwBEmQi8-CAcrRhAAf3br41wiI882.jpg\" alt=\"Company &amp; Workshops\" title=\"\u015eirket &amp; At\u00f6lyeler\" width=\"800\" height=\"585\"\/><\/p>\n<p><img loading=\"lazy\" decoding=\"async\" src=\"https:\/\/img01.71360.com\/file\/read\/www2\/M00\/17\/64\/rBwBEmQi8-GAD3UmAAikCZrTqpc510.jpg\" alt=\"Company &amp; Workshops\" title=\"\u015eirket &amp; At\u00f6lyeler\" width=\"800\" height=\"585\"\/><\/p>\n<p><\/p>\n<p><\/p>\n<p><strong>\u00dcretim Ekipmanlar\u0131<\/strong><\/p>\n<p>Makinelerimizin ana par\u00e7alar\u0131 cnc makine ile i\u015flenmektedir. Portal tipi cnc freze, cnc dik i\u015fleme merkezi, portal tipi cnc ta\u015flama makinesi, cnc lazer kesim makinesi, cnc b\u00fckme makinesi, cnc makaslama makinesi bulunmaktad\u0131r.<\/p>\n<p><img loading=\"lazy\" decoding=\"async\" src=\"https:\/\/img01.71360.com\/file\/read\/www2\/M00\/17\/64\/rBwBEmQi8-KAFzs2AAhn1LhHtcI014.jpg\" alt=\"Production Equipments\" title=\"\u00dcretim Ekipmanlar\u0131\" width=\"800\" height=\"747\"\/><\/p>\n<p><\/p>\n<p><strong>Test ve Muayene<\/strong><\/p>\n<p>T\u00fcm makineler sevkiyattan \u00f6nce test edilecektir.<\/p>\n<p><img loading=\"lazy\" decoding=\"async\" src=\"https:\/\/img01.71360.com\/file\/read\/www2\/M00\/17\/64\/rBwBEmQi8-CAJ0wlAAny7CMlcDQ619.jpg\" alt=\"Test &amp; Inspection\" title=\"Test ve Muayene\" width=\"800\" height=\"945\"\/><\/p>\n<p><\/p>\n<p><strong>Paket &amp; Teslimat<\/strong><\/p>\n<p><img loading=\"lazy\" decoding=\"async\" src=\"https:\/\/img01.71360.com\/file\/read\/www2\/M00\/17\/64\/rBwBEmQi8-GAU2DXAATlRMxdXps522.jpg\" alt=\"Package &amp; Delivery\" title=\"Paket &amp; Teslimat\" width=\"800\" height=\"330\"\/><\/p>\n<h2>\u0130lgili \u00dcr\u00fcnler<\/h2>\n<p><strong>A\u011f\u0131r Hizmet Tipi \u00dcniversal Torna Makinesi<\/strong><\/p>\n<p><strong>\u00dcniversal Torna C0636A<\/strong><\/p>\n<p><strong>\u00dcniversal Torna C6132 6140A<\/strong><\/p>\n<p><strong>\u00dcniversal Torna C6241 6246<\/strong><\/p>\n<p><strong>\u00dcniversal Torna CD6241<\/strong><\/p>\n<p><strong>\u00dcniversal Torna CQ6230 6232<\/strong><\/p>\n<p><strong>\u00dcniversal Torna CQ6240<\/strong><\/p>\n<p><strong>\u00dcniversal Torna C6253 C6260 C6266<\/strong><\/p>\n<p><\/p>","protected":false},"excerpt":{"rendered":"<p>Yatak ray\u0131 y\u00fcksek frekansl\u0131 s\u00f6nd\u00fcrme, ta\u015flama, y\u00fcksek hassasiyetten ge\u00e7ti.<br \/>Kafa sto\u011fu di\u015flisi hassas ta\u015flama, d\u00fc\u015f\u00fck g\u00fcr\u00fclt\u00fc.<br \/>Ayak freni\/elektro manyetik fren iste\u011fe ba\u011fl\u0131d\u0131r.<br \/>\u0130ste\u011fe ba\u011fl\u0131 ta\u015f\u0131ma: sol el VEYA sa\u011f el.<br \/>B\u00fcy\u00fck slayt: ortak, h\u0131zl\u0131 ileri veya konik yap\u0131 olabilir.<br \/>Bilyal\u0131 vida Metrik veya \u0130ngiliz sistemi olabilir.<br \/>Ayak freni\/elektro manyetik fren opsiyoneldir.<\/p>","protected":false},"featured_media":2965,"comment_status":"closed","ping_status":"open","template":"","meta":{"_acf_changed":false},"product_cat":[57],"product_tag":[],"class_list":["post-2964","product","type-product","status-publish","has-post-thumbnail","hentry","product_cat-universal-turning-machine"],"acf":[],"_links":{"self":[{"href":"https:\/\/www.arismachinery.com\/tr\/wp-json\/wp\/v2\/product\/2964","targetHints":{"allow":["GET"]}}],"collection":[{"href":"https:\/\/www.arismachinery.com\/tr\/wp-json\/wp\/v2\/product"}],"about":[{"href":"https:\/\/www.arismachinery.com\/tr\/wp-json\/wp\/v2\/types\/product"}],"replies":[{"embeddable":true,"href":"https:\/\/www.arismachinery.com\/tr\/wp-json\/wp\/v2\/comments?post=2964"}],"wp:featuredmedia":[{"embeddable":true,"href":"https:\/\/www.arismachinery.com\/tr\/wp-json\/wp\/v2\/media\/2965"}],"wp:attachment":[{"href":"https:\/\/www.arismachinery.com\/tr\/wp-json\/wp\/v2\/media?parent=2964"}],"wp:term":[{"taxonomy":"product_cat","embeddable":true,"href":"https:\/\/www.arismachinery.com\/tr\/wp-json\/wp\/v2\/product_cat?post=2964"},{"taxonomy":"product_tag","embeddable":true,"href":"https:\/\/www.arismachinery.com\/tr\/wp-json\/wp\/v2\/product_tag?post=2964"}],"curies":[{"name":"wp","href":"https:\/\/api.w.org\/{rel}","templated":true}]}}