{"id":2993,"date":"2024-03-08T10:44:49","date_gmt":"2024-03-08T02:44:49","guid":{"rendered":"http:\/\/www.arismachinery.com\/product\/ck-32l-ck-36l-slant-bed-cnc-turning-machine\/"},"modified":"2024-04-15T20:03:10","modified_gmt":"2024-04-15T12:03:10","slug":"ck-32l-ck-36l-slant-bed-cnc-turning-machine","status":"publish","type":"product","link":"https:\/\/www.arismachinery.com\/tr\/product\/ck-32l-ck-36l-slant-bed-cnc-turning-machine\/","title":{"rendered":"CK-32L CK-36L E\u011fik Yatakl\u0131 CNC Torna Makinesi"},"content":{"rendered":"<p><strong>K\u00fc\u00e7\u00fck CNC Torna E\u011fimli Yatak, Lineer Ray<\/strong><\/p>\n<p>1.45\u00b0 e\u011fimli yatak.<\/p>\n<p>2. Y\u00fcksek kaliteli re\u00e7ine kum d\u00f6k\u00fcm\u00fc.<\/p>\n<p>3. XZ ekseni do\u011frusal ray\u0131.<\/p>\n<p>&nbsp;<\/p>\n<p><strong>Teknik Parametreler:<\/strong><\/p>\n<table>\n<tbody>\n<tr class=\"firstRow\">\n<td>Model<\/td>\n<td align=\"center\" valign=\"middle\">CK30L<\/td>\n<td align=\"center\" valign=\"middle\">CK32L<\/td>\n<td align=\"center\" valign=\"middle\">CK36L<\/td>\n<\/tr>\n<tr>\n<td>Yatak \u00fczerinde maks. sal\u0131n\u0131m (mm)<\/td>\n<td align=\"center\" valign=\"middle\">300<\/td>\n<td align=\"center\" valign=\"middle\">320<\/td>\n<td align=\"center\" valign=\"middle\">360<\/td>\n<\/tr>\n<tr>\n<td>Ta\u015f\u0131y\u0131c\u0131 \u00fczerinde maks. sal\u0131n\u0131m (mm)<\/td>\n<td align=\"center\" valign=\"middle\">140<\/td>\n<td align=\"center\" valign=\"middle\">180<\/td>\n<td align=\"center\" valign=\"middle\">210<\/td>\n<\/tr>\n<tr>\n<td>Maks. kesme uzunlu\u011fu (mm)<\/td>\n<td align=\"center\" valign=\"middle\">350<\/td>\n<td align=\"center\" valign=\"middle\">450\/650<\/td>\n<td align=\"center\" valign=\"middle\">500\/750<\/td>\n<\/tr>\n<tr>\n<td>Ray geni\u015fli\u011fi<\/td>\n<td align=\"center\" valign=\"middle\">260<\/td>\n<td align=\"center\" valign=\"middle\">284<\/td>\n<td align=\"center\" valign=\"middle\">284<\/td>\n<\/tr>\n<tr>\n<td>Maks. i\u015f mili h\u0131z\u0131 (d\/dk)<\/td>\n<td align=\"center\" valign=\"middle\">6000<\/td>\n<td align=\"center\" valign=\"middle\">4200<\/td>\n<td align=\"center\" valign=\"middle\">4200<\/td>\n<\/tr>\n<tr>\n<td>Mil burnu<\/td>\n<td align=\"center\" valign=\"middle\">A2-4<\/td>\n<td align=\"center\" valign=\"middle\">A2-5<\/td>\n<td align=\"center\" valign=\"middle\">A2-5,A2-6<\/td>\n<\/tr>\n<tr>\n<td>\u0130\u015f mili deli\u011fi (mm)<\/td>\n<td align=\"center\" valign=\"middle\">46<\/td>\n<td align=\"center\" valign=\"middle\">56<\/td>\n<td align=\"center\" valign=\"middle\">56\/62<\/td>\n<\/tr>\n<tr>\n<td>Hidrolik ayna (\u0130n\u00e7)<\/td>\n<td align=\"center\" valign=\"middle\">5<\/td>\n<td align=\"center\" valign=\"middle\">6<\/td>\n<td align=\"center\" valign=\"middle\">6\/8<\/td>\n<\/tr>\n<tr>\n<td>\u0130\u015f mili motor g\u00fcc\u00fc (kw)<\/td>\n<td align=\"center\" valign=\"middle\">4<\/td>\n<td align=\"center\" valign=\"middle\">4\/5.5<\/td>\n<td align=\"center\" valign=\"middle\">5.5\/7.5<\/td>\n<\/tr>\n<tr>\n<td>Alet numaras\u0131 (adet)<\/td>\n<td align=\"center\" valign=\"middle\">8<\/td>\n<td align=\"center\" valign=\"middle\">8<\/td>\n<td align=\"center\" valign=\"middle\">8<\/td>\n<\/tr>\n<tr>\n<td>Tak\u0131m \u015eaft boyutu (mm)<\/td>\n<td align=\"center\" valign=\"middle\">16*16<\/td>\n<td align=\"center\" valign=\"middle\">20*20<\/td>\n<td align=\"center\" valign=\"middle\">20*20<\/td>\n<\/tr>\n<tr>\n<td>X Ekseni hareketi (mm)<\/td>\n<td align=\"center\" valign=\"middle\">150<\/td>\n<td align=\"center\" valign=\"middle\">190<\/td>\n<td align=\"center\" valign=\"middle\">210<\/td>\n<\/tr>\n<tr>\n<td>Z Ekseni hareketi (mm)<\/td>\n<td align=\"center\" valign=\"middle\">350<\/td>\n<td align=\"center\" valign=\"middle\">450\/650<\/td>\n<td align=\"center\" valign=\"middle\">500\/750<\/td>\n<\/tr>\n<tr>\n<td>X\/Z Ekseni h\u0131zl\u0131 besleme (m\/dak)<\/td>\n<td align=\"center\" valign=\"middle\">20\/20<\/td>\n<td align=\"center\" valign=\"middle\">20\/20<\/td>\n<td align=\"center\" valign=\"middle\">20\/20<\/td>\n<\/tr>\n<tr>\n<td>Kuyruk kunda\u011f\u0131 (\u00c7ap \/ hareket)<\/td>\n<td align=\"center\" valign=\"middle\">MT3 40\/60<\/td>\n<td align=\"center\" valign=\"middle\">MT4 60\/80<\/td>\n<td align=\"center\" valign=\"middle\">MT4 60\/80<\/td>\n<\/tr>\n<tr>\n<td>A\u011f\u0131rl\u0131k (kg)<\/td>\n<td align=\"center\" valign=\"middle\">1700<\/td>\n<td align=\"center\" valign=\"middle\">2200\/2500<\/td>\n<td align=\"center\" valign=\"middle\">2700\/3000<\/td>\n<\/tr>\n<tr>\n<td>Genel boyut (mm)<\/td>\n<td align=\"center\" valign=\"middle\">1800x1250x1550<\/td>\n<td align=\"center\" valign=\"middle\">2300\/2550x1550x1750<\/td>\n<td align=\"center\" valign=\"middle\">2630\/2900x1550x1750<\/td>\n<\/tr>\n<\/tbody>\n<\/table>","protected":false},"excerpt":{"rendered":"<p>45\u00b0 e\u011fimli yatak.<br \/>\nY\u00fcksek kaliteli re\u00e7ine kum d\u00f6k\u00fcm\u00fc.<br \/>\nXZ ekseni lineer ray\u0131.<\/p>\n<p>E-posta: joyce@arismachinery.com \/ joycechen2677@gmail.com<br \/>\nWechat: joycechen677<br \/>\nWhatsapp: +86 13815922677<br \/>\nTel: +86-523-8549496 \/ +86-523-8549496<\/p>","protected":false},"featured_media":2994,"comment_status":"closed","ping_status":"closed","template":"","meta":{"_acf_changed":false},"product_cat":[62],"product_tag":[],"class_list":["post-2993","product","type-product","status-publish","has-post-thumbnail","hentry","product_cat-slant-bed-cnc-lathe"],"acf":[],"_links":{"self":[{"href":"https:\/\/www.arismachinery.com\/tr\/wp-json\/wp\/v2\/product\/2993","targetHints":{"allow":["GET"]}}],"collection":[{"href":"https:\/\/www.arismachinery.com\/tr\/wp-json\/wp\/v2\/product"}],"about":[{"href":"https:\/\/www.arismachinery.com\/tr\/wp-json\/wp\/v2\/types\/product"}],"replies":[{"embeddable":true,"href":"https:\/\/www.arismachinery.com\/tr\/wp-json\/wp\/v2\/comments?post=2993"}],"wp:featuredmedia":[{"embeddable":true,"href":"https:\/\/www.arismachinery.com\/tr\/wp-json\/wp\/v2\/media\/2994"}],"wp:attachment":[{"href":"https:\/\/www.arismachinery.com\/tr\/wp-json\/wp\/v2\/media?parent=2993"}],"wp:term":[{"taxonomy":"product_cat","embeddable":true,"href":"https:\/\/www.arismachinery.com\/tr\/wp-json\/wp\/v2\/product_cat?post=2993"},{"taxonomy":"product_tag","embeddable":true,"href":"https:\/\/www.arismachinery.com\/tr\/wp-json\/wp\/v2\/product_tag?post=2993"}],"curies":[{"name":"wp","href":"https:\/\/api.w.org\/{rel}","templated":true}]}}