{"id":2995,"date":"2024-03-08T10:45:07","date_gmt":"2024-03-08T02:45:07","guid":{"rendered":"http:\/\/www.arismachinery.com\/product\/ck-40l-ck-50l-heavy-duty-slant-bed-cnc-lathe-machine\/"},"modified":"2024-04-15T20:01:55","modified_gmt":"2024-04-15T12:01:55","slug":"ck-40l-ck-50l-heavy-duty-slant-bed-cnc-lathe-machine","status":"publish","type":"product","link":"https:\/\/www.arismachinery.com\/tr\/product\/ck-40l-ck-50l-heavy-duty-slant-bed-cnc-lathe-machine\/","title":{"rendered":"CK-40L CK-50L A\u011f\u0131r Hizmet Tipi E\u011fimli Yatak CNC Torna Makinesi"},"content":{"rendered":"<p><strong>E\u011fik Yatakl\u0131 CNC Torna CKL Serisi<\/strong><\/p>\n<p>1. 45\u00b0'lik sa\u011flam d\u00f6k\u00fcm yata\u011f\u0131 do\u011fal sertli\u011fi birle\u015ftirir.<\/p>\n<p>2. Precison Linea ray\u0131 sa\u011flaml\u0131k, do\u011fruluk ve uzun kullan\u0131m \u00f6mr\u00fc sa\u011flar.<\/p>\n<p>3.Hydrculic Chuck verimlili\u011fi ve \u00fcretkenli\u011fi art\u0131rd\u0131.<\/p>\n<p>&nbsp;<\/p>\n<p><strong>Stand Accessories<\/strong><\/p>\n<p>CNC control system: GSK,Siemens, Fanuc<\/p>\n<p>8 \/10position hydraulic turret<\/p>\n<p>Taiwan 3 jaws hydraulic chunk 10&#8243;<\/p>\n<p>&nbsp;<\/p>\n<p><strong>Opsiyonel Aksesuarlar<\/strong><\/p>\n<p>Servo turret\/ Hydraulic turret\/Electric tool turret<\/p>\n<p>Automatic chip convey<\/p>\n<p>Manul\/ hydraulic tailstock<\/p>\n<p>Auto door and robot arm<\/p>\n<p>Automatic bar feeder<\/p>\n<p>&nbsp;<\/p>\n<p><strong>Teknik Parametreler:<\/strong><\/p>\n<table>\n<colgroup>\n<col \/>\n<col \/>\n<col \/><\/colgroup>\n<tbody>\n<tr class=\"firstRow\">\n<td>Model<\/td>\n<td align=\"center\" valign=\"middle\">CK40L<\/td>\n<td align=\"center\" valign=\"middle\">CK50L<\/td>\n<\/tr>\n<tr>\n<td>Yatak \u00fczerinde maks. sal\u0131n\u0131m (mm)<\/td>\n<td align=\"center\" valign=\"middle\">400<\/td>\n<td align=\"center\" valign=\"middle\">540<\/td>\n<\/tr>\n<tr>\n<td>Ta\u015f\u0131y\u0131c\u0131 \u00fczerinde maks. sal\u0131n\u0131m (mm)<\/td>\n<td align=\"center\" valign=\"middle\">280<\/td>\n<td align=\"center\" valign=\"middle\">350<\/td>\n<\/tr>\n<tr>\n<td>Maks. kesme uzunlu\u011fu (mm)<\/td>\n<td align=\"center\" valign=\"middle\">500\/750<\/td>\n<td align=\"center\" valign=\"middle\">500\/750<\/td>\n<\/tr>\n<tr>\n<td>Maks. i\u015f mili h\u0131z\u0131 (d\/dk)<\/td>\n<td align=\"center\" valign=\"middle\">4500<\/td>\n<td align=\"center\" valign=\"middle\">3000<\/td>\n<\/tr>\n<tr>\n<td>Mil burnu<\/td>\n<td align=\"center\" valign=\"middle\">A2-6<\/td>\n<td align=\"center\" valign=\"middle\">A2-8<\/td>\n<\/tr>\n<tr>\n<td>\u0130\u015f mili deli\u011fi (mm)<\/td>\n<td align=\"center\" valign=\"middle\">\u03a662<\/td>\n<td align=\"center\" valign=\"middle\">\u03a690<\/td>\n<\/tr>\n<tr>\n<td>\u00c7ubuk \u00e7ap\u0131 (mm)<\/td>\n<td align=\"center\" valign=\"middle\">\u03a648<\/td>\n<td align=\"center\" valign=\"middle\">\u03a675<\/td>\n<\/tr>\n<tr>\n<td>Hidrolik ayna (mm\/\u0130n\u00e7)<\/td>\n<td align=\"center\" valign=\"middle\">200\u00a0\u00a0\/\u00a0\u00a08&#8243;<\/td>\n<td align=\"center\" valign=\"middle\">250\u00a0\u00a0\/\u00a0\u00a010&#8243;<\/td>\n<\/tr>\n<tr>\n<td>\u0130\u015f mili motor g\u00fcc\u00fc (kw)<\/td>\n<td align=\"center\" valign=\"middle\">7.5\/11 (servo)<\/td>\n<td align=\"center\" valign=\"middle\">\u00a011\/15 (servo)<\/td>\n<\/tr>\n<tr>\n<td>Alet numaras\u0131 (adet)<\/td>\n<td align=\"center\" valign=\"middle\">Hidrolik: 8<\/td>\n<td align=\"center\" valign=\"middle\">Hidrolik: 8 \/12<\/td>\n<\/tr>\n<tr>\n<td>Tak\u0131m \u015eaft boyutu (mm)<\/td>\n<td align=\"center\" valign=\"middle\">25*25<\/td>\n<td align=\"center\" valign=\"middle\">25*25<\/td>\n<\/tr>\n<tr>\n<td>X Ekseni hareketi (mm)<\/td>\n<td align=\"center\" valign=\"middle\">240<\/td>\n<td align=\"center\" valign=\"middle\">280<\/td>\n<\/tr>\n<tr>\n<td>Z Ekseni hareketi (mm)<\/td>\n<td align=\"center\" valign=\"middle\">500\/750<\/td>\n<td align=\"center\" valign=\"middle\">750<\/td>\n<\/tr>\n<tr>\n<td>X\/Z Ekseni h\u0131zl\u0131 besleme (m\/dak)<\/td>\n<td align=\"center\" valign=\"middle\">18\u00a0\/\u00a020<\/td>\n<td align=\"center\" valign=\"middle\">18\u00a0\/\u00a020<\/td>\n<\/tr>\n<tr>\n<td>Maks. Kesme ilerleme h\u0131z\u0131 (mm\/dak)<\/td>\n<td align=\"center\" valign=\"middle\">5000<\/td>\n<td align=\"center\" valign=\"middle\">5000<\/td>\n<\/tr>\n<tr>\n<td>Kuyruk kunda\u011f\u0131 (\u00c7ap \/ hareket)<\/td>\n<td align=\"center\" valign=\"middle\">MT5 75 \/ 80<\/td>\n<td align=\"center\" valign=\"middle\">MT5 90 \/ 120<\/td>\n<\/tr>\n<tr>\n<td>A\u011f\u0131rl\u0131k (kg)<\/td>\n<td align=\"center\" valign=\"middle\">3000<\/td>\n<td align=\"center\" valign=\"middle\">4500<\/td>\n<\/tr>\n<tr>\n<td>Genel boyut (mm)<\/td>\n<td align=\"center\" valign=\"middle\">2800\/3150x1800x1800<\/td>\n<td align=\"center\" valign=\"middle\">3500\/3850\u00d71900\u00d71900<\/td>\n<\/tr>\n<\/tbody>\n<\/table>","protected":false},"excerpt":{"rendered":"<p>45\u00b0'lik sa\u011flam d\u00f6k\u00fcm yata\u011f\u0131, do\u011fal sertli\u011fi birle\u015ftirir.<br \/>\nHassas Lineer ray, sa\u011flaml\u0131k, do\u011fruluk ve uzun kullan\u0131m \u00f6mr\u00fc sa\u011flar.<br \/>\nHidrolik Ayna verimlili\u011fi ve \u00fcretkenli\u011fi art\u0131rd\u0131.<\/p>\n<p>E-posta: joyce@arismachinery.com \/ joycechen2677@gmail.com<br \/>\nWechat: joycechen677<br \/>\nWhatsapp: +86 13815922677<br \/>\nTel: +86-523-8549496 \/ +86-523-8549496<\/p>","protected":false},"featured_media":2951,"comment_status":"closed","ping_status":"closed","template":"","meta":{"_acf_changed":false},"product_cat":[62],"product_tag":[],"class_list":["post-2995","product","type-product","status-publish","has-post-thumbnail","hentry","product_cat-slant-bed-cnc-lathe"],"acf":[],"_links":{"self":[{"href":"https:\/\/www.arismachinery.com\/tr\/wp-json\/wp\/v2\/product\/2995","targetHints":{"allow":["GET"]}}],"collection":[{"href":"https:\/\/www.arismachinery.com\/tr\/wp-json\/wp\/v2\/product"}],"about":[{"href":"https:\/\/www.arismachinery.com\/tr\/wp-json\/wp\/v2\/types\/product"}],"replies":[{"embeddable":true,"href":"https:\/\/www.arismachinery.com\/tr\/wp-json\/wp\/v2\/comments?post=2995"}],"wp:featuredmedia":[{"embeddable":true,"href":"https:\/\/www.arismachinery.com\/tr\/wp-json\/wp\/v2\/media\/2951"}],"wp:attachment":[{"href":"https:\/\/www.arismachinery.com\/tr\/wp-json\/wp\/v2\/media?parent=2995"}],"wp:term":[{"taxonomy":"product_cat","embeddable":true,"href":"https:\/\/www.arismachinery.com\/tr\/wp-json\/wp\/v2\/product_cat?post=2995"},{"taxonomy":"product_tag","embeddable":true,"href":"https:\/\/www.arismachinery.com\/tr\/wp-json\/wp\/v2\/product_tag?post=2995"}],"curies":[{"name":"wp","href":"https:\/\/api.w.org\/{rel}","templated":true}]}}