{"id":2996,"date":"2024-03-08T10:45:07","date_gmt":"2024-03-08T02:45:07","guid":{"rendered":"http:\/\/www.arismachinery.com\/product\/cnc-universal-horizontal-milling-machine\/"},"modified":"2024-03-08T10:45:09","modified_gmt":"2024-03-08T02:45:09","slug":"cnc-universal-horizontal-milling-machine","status":"publish","type":"product","link":"https:\/\/www.arismachinery.com\/tr\/product\/cnc-universal-horizontal-milling-machine\/","title":{"rendered":"CNC \u00dcniversal Yatay Freze Makinesi"},"content":{"rendered":"<p><strong>Ana \u00d6zellikler:<\/strong><\/p>\n<p>1. Sa\u011flam yap\u0131 ve a\u011f\u0131r hizmet tipi tasar\u0131m.<\/p>\n<p>2. Ana tahrik par\u00e7alar\u0131 ala\u015f\u0131ml\u0131 \u00e7elikten yap\u0131lm\u0131\u015ft\u0131r.<\/p>\n<p>3. Makine g\u00f6vdesi ve k\u0131lavuz ray aras\u0131ndaki nispeten hareketli par\u00e7alar PVC laminasyon i\u015flemine tabi tutulur.<\/p>\n<p>4. Aletlerin verimlili\u011fini tam olarak kullanan yeterli g\u00fc\u00e7 ve geni\u015f h\u0131z aral\u0131\u011f\u0131.<\/p>\n<p>5. Y\u00fcksek h\u0131zda frezelemek i\u00e7in sert ala\u015f\u0131ml\u0131 tak\u0131mlarla donat\u0131labilir.<\/p>\n<p>6. \u0130\u015f mili, daha kolay h\u0131z ayar\u0131 i\u00e7in impuls cihaz\u0131 ile donat\u0131lm\u0131\u015ft\u0131r.<\/p>\n<p>7. \u00dcniversal freze kafas\u0131, yuvarlak \u00e7al\u0131\u015fma masas\u0131, b\u00f6lme kafas\u0131 ve DRO opsiyoneldir.<\/p>\n<p>8. Se\u00e7enek i\u00e7in farkl\u0131 marka cnc sistemi: FANUC, SIEMENS, SYNTEC ve GSK.<\/p>\n<p><\/p>\n<p><strong>Teknik parametreler:<\/strong><\/p>\n<table>\n<tbody>\n<tr class=\"firstRow\">\n<td x_str=\"\">Model<\/td>\n<td x_str=\"\" align=\"center\" valign=\"middle\">XK6132<\/td>\n<td x_str=\"\" align=\"center\" valign=\"middle\">XK6140<\/td>\n<\/tr>\n<tr>\n<td x_str=\"\">\u00c7al\u0131\u015fma Masas\u0131 Boyutu (mm)<\/td>\n<td x_str=\"\" align=\"center\" valign=\"middle\">320*1325\/1700<\/td>\n<td x_str=\"\" align=\"center\" valign=\"middle\">400*1700\/2000<\/td>\n<\/tr>\n<tr>\n<td x_str=\"\">Maksimum Masa Y\u00fck\u00fc (kg)<\/td>\n<td x_num=\"500\" align=\"center\" valign=\"middle\">500<\/td>\n<td x_num=\"800\" align=\"center\" valign=\"middle\">800<\/td>\n<\/tr>\n<tr>\n<td x_str=\"\">T-Yuva No.<\/td>\n<td x_num=\"3\" align=\"center\" valign=\"middle\">3<\/td>\n<td x_num=\"3\" align=\"center\" valign=\"middle\">3<\/td>\n<\/tr>\n<tr>\n<td x_str=\"\">T-Yuvas\u0131 Geni\u015fli\u011fi (mm)<\/td>\n<td x_num=\"18\" align=\"center\" valign=\"middle\">18<\/td>\n<td x_num=\"18\" align=\"center\" valign=\"middle\">18<\/td>\n<\/tr>\n<tr>\n<td x_str=\"\">T yuvas\u0131 aras\u0131ndaki bo\u015fluk (mm)<\/td>\n<td x_num=\"70\" align=\"center\" valign=\"middle\">70<\/td>\n<td x_num=\"90\" align=\"center\" valign=\"middle\">90<\/td>\n<\/tr>\n<tr>\n<td x_str=\"\">Strok X\/Y Z (mm)<\/td>\n<td x_str=\"\" align=\"center\" valign=\"middle\">700\/1080 *255*320<\/td>\n<td x_str=\"\" align=\"center\" valign=\"middle\">900\/1200*315*365<\/td>\n<\/tr>\n<tr>\n<td x_str=\"\">Konumland\u0131rma hassasiyeti (mm)<\/td>\n<td x_str=\"\" align=\"center\" valign=\"middle\">0.035\/0.045<\/td>\n<td x_str=\"\" align=\"center\" valign=\"middle\">0.035\/0.045<\/td>\n<\/tr>\n<tr>\n<td x_str=\"\">Tekrarlama Konumland\u0131rma hassasiyeti (mm)<\/td>\n<td x_str=\"\" align=\"center\" valign=\"middle\">0.025\/0.035<\/td>\n<td x_str=\"\" align=\"center\" valign=\"middle\">0.025\/0.035<\/td>\n<\/tr>\n<tr>\n<td x_str=\"\">\u0130\u015f mili konikli\u011fi<\/td>\n<td x_str=\"\" align=\"center\" valign=\"middle\">7:24 ISO 50<\/td>\n<td x_str=\"\" align=\"center\" valign=\"middle\">7:24 ISO 50<\/td>\n<\/tr>\n<tr>\n<td x_str=\"\">\u0130\u015f Mili H\u0131z\u0131 (rpm)<\/td>\n<td x_str=\"\" align=\"center\" valign=\"middle\">30-1500<\/td>\n<td x_str=\"\" align=\"center\" valign=\"middle\">30-1500<\/td>\n<\/tr>\n<tr>\n<td x_str=\"\">\u0130\u015f Mili H\u0131z\u0131 Ad\u0131mlar\u0131<\/td>\n<td x_num=\"18\" align=\"center\" valign=\"middle\">18<\/td>\n<td x_num=\"18\" align=\"center\" valign=\"middle\">18<\/td>\n<\/tr>\n<tr>\n<td x_str=\"\">\u0130\u015f Mili Hareketi (mm)<\/td>\n<td x_num=\"85\" align=\"center\" valign=\"middle\">85<\/td>\n<td x_num=\"85\" align=\"center\" valign=\"middle\">85<\/td>\n<\/tr>\n<tr>\n<td x_str=\"\">\u0130\u015f Mili Ekseninden \u00e7al\u0131\u015fma tablas\u0131na olan mesafe (mm)<\/td>\n<td x_str=\"\" align=\"center\" valign=\"middle\">30\uff5e380<\/td>\n<td x_str=\"\" align=\"center\" valign=\"middle\">30\uff5e410<\/td>\n<\/tr>\n<tr>\n<td x_str=\"\">Dikey raydan \u00e7al\u0131\u015fma masas\u0131n\u0131n merkezine olan mesafe (mm)<\/td>\n<td x_str=\"\" align=\"center\" valign=\"middle\">215\uff5e470<\/td>\n<td x_str=\"\" align=\"center\" valign=\"middle\">235\uff5e580<\/td>\n<\/tr>\n<tr>\n<td x_str=\"\">X Ekseni Hareket H\u0131z\u0131 (mm\/dak)<\/td>\n<td x_str=\"\" align=\"center\" valign=\"middle\">6-3500<\/td>\n<td x_str=\"\" align=\"center\" valign=\"middle\">6-3500<\/td>\n<\/tr>\n<tr>\n<td x_str=\"\">Y Ekseni Hareket H\u0131z\u0131 (mm\/dak)<\/td>\n<td x_str=\"\" align=\"center\" valign=\"middle\">6-3500<\/td>\n<td x_str=\"\" align=\"center\" valign=\"middle\">6-3500<\/td>\n<\/tr>\n<tr>\n<td x_str=\"\">Z Ekseni Hareket H\u0131z\u0131 (mm\/dak)<\/td>\n<td x_str=\"\" align=\"center\" valign=\"middle\">6-1200<\/td>\n<td x_str=\"\" align=\"center\" valign=\"middle\">6-1800<\/td>\n<\/tr>\n<tr>\n<td x_str=\"\">\u0130\u015f Mili Motorunun G\u00fcc\u00fc (kw)<\/td>\n<td x_num=\"7.5\" align=\"center\" valign=\"middle\">7.5<\/td>\n<td x_num=\"11\" align=\"center\" valign=\"middle\">11<\/td>\n<\/tr>\n<tr>\n<td x_str=\"\">Besleme Motoru Torku X\/Y\/Z (N.M)<\/td>\n<td x_str=\"\" align=\"center\" valign=\"middle\">10 \/10 \/17<\/td>\n<td x_num=\"40478\" align=\"center\" valign=\"middle\">10 \/10 \/17<\/td>\n<\/tr>\n<tr>\n<td x_str=\"\">So\u011futma pompas\u0131 motorunun g\u00fcc\u00fc (kw)<\/td>\n<td x_num=\"0.125\" align=\"center\" valign=\"middle\">0.125<\/td>\n<td x_num=\"0.125\" align=\"center\" valign=\"middle\">0.125<\/td>\n<\/tr>\n<tr>\n<td x_str=\"\">Genel G\u00fc\u00e7 (kw)<\/td>\n<td x_num=\"23\" align=\"center\" valign=\"middle\">23<\/td>\n<td x_num=\"25\" align=\"center\" valign=\"middle\">25<\/td>\n<\/tr>\n<tr>\n<td x_str=\"\">Makine Boyutlar\u0131 (mm)<\/td>\n<td x_str=\"\" align=\"center\" valign=\"middle\">2300*1800*1660<\/td>\n<td x_str=\"\" align=\"center\" valign=\"middle\">2600*2200*2400<\/td>\n<\/tr>\n<tr>\n<td x_str=\"\">Makine A\u011f\u0131rl\u0131\u011f\u0131 (kg)<\/td>\n<td x_num=\"2850\" align=\"center\" valign=\"middle\">2850<\/td>\n<td x_num=\"3850\" align=\"center\" valign=\"middle\">3850<\/td>\n<\/tr>\n<\/tbody>\n<\/table>\n<p><strong>\u015eirket &amp; At\u00f6lyeler<\/strong><\/p>\n<p>ARIS Makine 4 fabrikas\u0131 olan bir gruptur. ARIS yakla\u015f\u0131k 60000 metrekarelik bir at\u00f6lyeye sahiptir.<\/p>\n<p><img loading=\"lazy\" decoding=\"async\" src=\"https:\/\/img01.71360.com\/file\/read\/www2\/M00\/17\/64\/rBwBEmQi8-CAcrRhAAf3br41wiI882.jpg\" alt=\"Company &amp; Workshops\" title=\"\u015eirket &amp; At\u00f6lyeler\" width=\"800\" height=\"585\"\/><\/p>\n<p><img loading=\"lazy\" decoding=\"async\" src=\"https:\/\/img01.71360.com\/file\/read\/www2\/M00\/17\/64\/rBwBEmQi8-GAD3UmAAikCZrTqpc510.jpg\" alt=\"Company &amp; Workshops\" title=\"\u015eirket &amp; At\u00f6lyeler\" width=\"800\" height=\"585\"\/><\/p>\n<p><\/p>\n<p><strong>\u00dcretim Ekipmanlar\u0131<\/strong><\/p>\n<p>Makinelerimizin ana par\u00e7alar\u0131 cnc makine ile i\u015flenmektedir. Portal tipi cnc freze, cnc dik i\u015fleme merkezi, portal tipi cnc ta\u015flama makinesi, cnc lazer kesim makinesi, cnc b\u00fckme makinesi, cnc makaslama makinesi bulunmaktad\u0131r.<\/p>\n<p><img loading=\"lazy\" decoding=\"async\" src=\"https:\/\/img01.71360.com\/file\/read\/www2\/M00\/17\/64\/rBwBEmQi8-KAFzs2AAhn1LhHtcI014.jpg\" alt=\"Production Equipments\" title=\"\u00dcretim Ekipmanlar\u0131\" width=\"800\" height=\"747\"\/><\/p>\n<p><\/p>\n<p><strong>Test ve Muayene<\/strong><\/p>\n<p>T\u00fcm makineler sevkiyattan \u00f6nce test edilecektir.<\/p>\n<p><img loading=\"lazy\" decoding=\"async\" src=\"https:\/\/img01.71360.com\/file\/read\/www2\/M00\/17\/64\/rBwBEmQi8-CAJ0wlAAny7CMlcDQ619.jpg\" alt=\"Test &amp; Inspection\" title=\"Test ve Muayene\" width=\"800\" height=\"945\"\/><\/p>\n<p><\/p>\n<p><strong>Paket &amp; Teslimat<\/strong><\/p>\n<p><img loading=\"lazy\" decoding=\"async\" src=\"https:\/\/img01.71360.com\/file\/read\/www2\/M00\/17\/64\/rBwBEmQi8-GAU2DXAATlRMxdXps522.jpg\" alt=\"Package &amp; Delivery\" title=\"Paket &amp; Teslimat\" width=\"800\" height=\"330\"\/><\/p>","protected":false},"excerpt":{"rendered":"<p>Sa\u011flam yap\u0131 ve a\u011f\u0131r hizmet tipi tasar\u0131m.<br \/>Ana tahrik par\u00e7alar\u0131 ala\u015f\u0131ml\u0131 \u00e7elikten yap\u0131lm\u0131\u015ft\u0131r.<br \/>Makine g\u00f6vdesi ve k\u0131lavuz ray aras\u0131ndaki nispeten hareketli par\u00e7alar PVC laminasyon i\u015flemine tabi tutulur.<br \/>Aletlerin verimlili\u011fini tam olarak kullanan yeterli g\u00fc\u00e7 ve geni\u015f h\u0131z aral\u0131\u011f\u0131.<br \/>Y\u00fcksek h\u0131zda frezelemek i\u00e7in sert ala\u015f\u0131ml\u0131 tak\u0131mlarla donat\u0131labilir.<br \/>\u0130\u015f mili, daha kolay h\u0131z ayar\u0131 i\u00e7in impuls cihaz\u0131 ile donat\u0131lm\u0131\u015ft\u0131r.<br \/>\u00dcniversal freze kafas\u0131, yuvarlak \u00e7al\u0131\u015fma tablas\u0131, b\u00f6lme kafas\u0131 ve DRO opsiyoneldir.<br \/>Se\u00e7enek i\u00e7in farkl\u0131 marka cnc sistemi: FANUC, SIEMENS, SYNTEC ve GSK.<\/p>","protected":false},"featured_media":2997,"comment_status":"closed","ping_status":"open","template":"","meta":{"_acf_changed":false},"product_cat":[58],"product_tag":[],"class_list":["post-2996","product","type-product","status-publish","has-post-thumbnail","hentry","product_cat-universal-horizontal-milling-machine"],"acf":[],"_links":{"self":[{"href":"https:\/\/www.arismachinery.com\/tr\/wp-json\/wp\/v2\/product\/2996","targetHints":{"allow":["GET"]}}],"collection":[{"href":"https:\/\/www.arismachinery.com\/tr\/wp-json\/wp\/v2\/product"}],"about":[{"href":"https:\/\/www.arismachinery.com\/tr\/wp-json\/wp\/v2\/types\/product"}],"replies":[{"embeddable":true,"href":"https:\/\/www.arismachinery.com\/tr\/wp-json\/wp\/v2\/comments?post=2996"}],"wp:featuredmedia":[{"embeddable":true,"href":"https:\/\/www.arismachinery.com\/tr\/wp-json\/wp\/v2\/media\/2997"}],"wp:attachment":[{"href":"https:\/\/www.arismachinery.com\/tr\/wp-json\/wp\/v2\/media?parent=2996"}],"wp:term":[{"taxonomy":"product_cat","embeddable":true,"href":"https:\/\/www.arismachinery.com\/tr\/wp-json\/wp\/v2\/product_cat?post=2996"},{"taxonomy":"product_tag","embeddable":true,"href":"https:\/\/www.arismachinery.com\/tr\/wp-json\/wp\/v2\/product_tag?post=2996"}],"curies":[{"name":"wp","href":"https:\/\/api.w.org\/{rel}","templated":true}]}}