{"id":3007,"date":"2024-03-08T10:45:07","date_gmt":"2024-03-08T02:45:07","guid":{"rendered":"http:\/\/www.arismachinery.com\/product\/universal-lathe-c0636a\/"},"modified":"2024-04-15T20:09:05","modified_gmt":"2024-04-15T12:09:05","slug":"universal-lathe-c0636a","status":"publish","type":"product","link":"https:\/\/www.arismachinery.com\/tr\/product\/universal-lathe-c0636a\/","title":{"rendered":"\u00dcniversal Torna C0636A"},"content":{"rendered":"<p><strong>\u00dcniversal Manuel Hassas Torna<\/strong><\/p>\n<p>Y\u00fcksek frekansl\u0131 su verme, ray i\u00e7in ta\u015flama.<\/p>\n<p>Fener mili di\u015flisi hassas ta\u015flama, d\u00fc\u015f\u00fck g\u00fcr\u00fclt\u00fc.<\/p>\n<p>B\u00fcy\u00fck \u00e7apl\u0131 i\u015f par\u00e7as\u0131 i\u00e7in \u00e7\u0131kar\u0131labilir bo\u015fluk sa\u011flanm\u0131\u015ft\u0131r.<\/p>\n<p>\u0130ste\u011fe ba\u011fl\u0131 ta\u015f\u0131ma: sol el VEYA sa\u011f el.<\/p>\n<p>Bilyal\u0131 vida Metrik veya \u0130ngiliz sistemi olabilir.<\/p>\n<p>&nbsp;<\/p>\n<p><strong>Standart Aksesuarlar<\/strong><\/p>\n<p>3 \u00e7eneli ayna<\/p>\n<p>So\u011futma s\u0131v\u0131s\u0131 sistemi<\/p>\n<p>Ayak freni<\/p>\n<p>\u00c7al\u0131\u015fma \u0131\u015f\u0131\u011f\u0131<\/p>\n<p>Ya\u011f tepsisi<\/p>\n<p>S\u0131\u00e7rama korumas\u0131<\/p>\n<p>\u00d6l\u00fc merkez<\/p>\n<p>Ayak stand\u0131<\/p>\n<p>&nbsp;<\/p>\n<p><strong>Opsiyonel Aksesuarlar<\/strong><\/p>\n<p>S\u00fcrekli dinlenme<\/p>\n<p>Takip\u00e7i dinlenme<\/p>\n<p>4 \u00e7eneli y\u0131\u011f\u0131n<\/p>\n<p>Y\u00fcz plakas\u0131<\/p>\n<p>Canl\u0131 merkez<\/p>\n<p>H\u0131zl\u0131 de\u011fi\u015ftirilebilir alet dire\u011fi (Amerika \/ Avrupa)<\/p>\n<p>Konik Turing cihaz\u0131<\/p>\n<p>DRO (2 eksen, 3 eksen)<\/p>\n<p>CE kapa\u011f\u0131<\/p>\n<p>&nbsp;<\/p>\n<p><strong>Teknik Parametreler:<\/strong><\/p>\n<table>\n<colgroup>\n<col \/>\n<col \/>\n<col \/><\/colgroup>\n<tbody>\n<tr class=\"firstRow\">\n<td>Model<\/td>\n<td colspan=\"2\">C0636A<\/td>\n<\/tr>\n<tr>\n<td>Yatak \u00fczerinde maksimum sal\u0131n\u0131m<\/td>\n<td colspan=\"2\">360mm (14\u2033)<\/td>\n<\/tr>\n<tr>\n<td>Bo\u015fluk \u00fczerinde maksimum sal\u0131n\u0131m<\/td>\n<td colspan=\"2\">502mm (19-3\/4\u2033)<\/td>\n<\/tr>\n<tr>\n<td>Kayd\u0131rak \u00fczerinde maksimum sal\u0131n\u0131m<\/td>\n<td colspan=\"2\">224mm (18-13\/16\u2033)<\/td>\n<\/tr>\n<tr>\n<td>Bo\u015fluk uzunlu\u011fu<\/td>\n<td colspan=\"2\">210mm (8-1\/4\u2033)<\/td>\n<\/tr>\n<tr>\n<td>Merkez y\u00fcksekli\u011fi (mm)<\/td>\n<td colspan=\"2\">180mm (7\u2033)<\/td>\n<\/tr>\n<tr>\n<td>Merkez aras\u0131ndaki maks. mesafe<\/td>\n<td colspan=\"2\">1000mm (40\u2033)<\/td>\n<\/tr>\n<tr>\n<td>Yatak geni\u015fli\u011fi<\/td>\n<td colspan=\"2\">187mm<\/td>\n<\/tr>\n<tr>\n<td>Mil deli\u011fi<\/td>\n<td colspan=\"2\">52mm<\/td>\n<\/tr>\n<tr>\n<td>Mil burnu<\/td>\n<td colspan=\"2\">MT5<\/td>\n<\/tr>\n<tr>\n<td>\u0130\u015f mili h\u0131zlar\u0131 (say\u0131)<\/td>\n<td colspan=\"2\">70-2000 rmp (8 a\u015fama)<\/td>\n<\/tr>\n<tr>\n<td>\u00c7apraz k\u0131zak hareketi<\/td>\n<td colspan=\"2\">170mm (6-11\/16\u2033)<\/td>\n<\/tr>\n<tr>\n<td>Compund dinlenme seyahati<\/td>\n<td colspan=\"2\">95mm (3-9\/16\u2033)<\/td>\n<\/tr>\n<tr>\n<td>Kur\u015fun vida di\u015fi<\/td>\n<td colspan=\"2\">8 T.P.I veya 3mm aral\u0131k<\/td>\n<\/tr>\n<tr>\n<td>Tak\u0131m \u015faft boyutu<\/td>\n<td colspan=\"2\">16\u00d716mm ( 5\/8\u2033 \u00d7 5\/8\u2033\uff09<\/td>\n<\/tr>\n<tr>\n<td>\u0130mparatorluk di\u015f aral\u0131klar\u0131<\/td>\n<td colspan=\"2\">34 No. 4-56 T.P.I.<\/td>\n<\/tr>\n<tr>\n<td>Metrik di\u015f ad\u0131mlar\u0131<\/td>\n<td colspan=\"2\">26No. 0,4-7,0 M.P<\/td>\n<\/tr>\n<tr>\n<td>Boylamas\u0131na beslemeler \u0130mparatorluk<\/td>\n<td colspan=\"2\">32Nos. 0,002-0,548\u2033\/dev<\/td>\n<\/tr>\n<tr>\n<td>Boylamas\u0131na ilerlemeler Metrik<\/td>\n<td colspan=\"2\">32No. 0,052-0,392mm\/dev<\/td>\n<\/tr>\n<tr>\n<td>\u00c7apraz beslemeler \u0130mparatorluk<\/td>\n<td colspan=\"2\">32No. 0,007-0,0187\u2033\/dev<\/td>\n<\/tr>\n<tr>\n<td>\u00c7apraz beslemeler Metrik<\/td>\n<td colspan=\"2\">32No. 0,014-0,0380mm\/dev<\/td>\n<\/tr>\n<tr>\n<td>Punta kovan\u0131 konikli\u011fi<\/td>\n<td colspan=\"2\">MT4<\/td>\n<\/tr>\n<tr>\n<td>Qill seyahat<\/td>\n<td colspan=\"2\">100mm (3-15\/16\u2033)<\/td>\n<\/tr>\n<tr>\n<td>Ana motor g\u00fcc\u00fc<\/td>\n<td colspan=\"2\">1,5kw (2 HP)<\/td>\n<\/tr>\n<tr>\n<td>So\u011futma s\u0131v\u0131s\u0131 pompas\u0131 motor g\u00fcc\u00fc<\/td>\n<td colspan=\"2\">40w (1\/16 HP)<\/td>\n<\/tr>\n<tr>\n<td>Boyut (mm)<\/td>\n<td colspan=\"2\">1930\u00d7760\u00d71530mm<\/td>\n<\/tr>\n<tr>\n<td>A\u011f\u0131rl\u0131k N\/G (kg)<\/td>\n<td colspan=\"2\">540\/645kg<\/td>\n<\/tr>\n<\/tbody>\n<\/table>\n<p>&nbsp;<\/p>","protected":false},"excerpt":{"rendered":"<p>Y\u00fcksek frekansl\u0131 su verme, ray i\u00e7in ta\u015flama.<br \/>\nFener mili di\u015flisi hassas ta\u015flama, d\u00fc\u015f\u00fck g\u00fcr\u00fclt\u00fc.<br \/>\nB\u00fcy\u00fck \u00e7apl\u0131 i\u015f par\u00e7as\u0131 i\u00e7in \u00e7\u0131kar\u0131labilir bo\u015fluk sa\u011flanm\u0131\u015ft\u0131r.<br \/>\n\u0130ste\u011fe ba\u011fl\u0131 ta\u015f\u0131ma: sol el VEYA sa\u011f el.<br \/>\nBilyal\u0131 vida Metrik veya \u0130ngiliz sistemi olabilir.<\/p>\n<p>E-posta: joyce@arismachinery.com \/ joycechen2677@gmail.com<br \/>\nWechat: joycechen677<br \/>\nWhatsapp: +86 13815922677<br \/>\nTel: +86-523-8549496 \/ +86-523-8549496<\/p>","protected":false},"featured_media":3008,"comment_status":"closed","ping_status":"closed","template":"","meta":{"_acf_changed":false},"product_cat":[57],"product_tag":[],"class_list":["post-3007","product","type-product","status-publish","has-post-thumbnail","hentry","product_cat-universal-turning-machine"],"acf":[],"_links":{"self":[{"href":"https:\/\/www.arismachinery.com\/tr\/wp-json\/wp\/v2\/product\/3007","targetHints":{"allow":["GET"]}}],"collection":[{"href":"https:\/\/www.arismachinery.com\/tr\/wp-json\/wp\/v2\/product"}],"about":[{"href":"https:\/\/www.arismachinery.com\/tr\/wp-json\/wp\/v2\/types\/product"}],"replies":[{"embeddable":true,"href":"https:\/\/www.arismachinery.com\/tr\/wp-json\/wp\/v2\/comments?post=3007"}],"wp:featuredmedia":[{"embeddable":true,"href":"https:\/\/www.arismachinery.com\/tr\/wp-json\/wp\/v2\/media\/3008"}],"wp:attachment":[{"href":"https:\/\/www.arismachinery.com\/tr\/wp-json\/wp\/v2\/media?parent=3007"}],"wp:term":[{"taxonomy":"product_cat","embeddable":true,"href":"https:\/\/www.arismachinery.com\/tr\/wp-json\/wp\/v2\/product_cat?post=3007"},{"taxonomy":"product_tag","embeddable":true,"href":"https:\/\/www.arismachinery.com\/tr\/wp-json\/wp\/v2\/product_tag?post=3007"}],"curies":[{"name":"wp","href":"https:\/\/api.w.org\/{rel}","templated":true}]}}