{"id":3011,"date":"2024-03-08T10:45:07","date_gmt":"2024-03-08T02:45:07","guid":{"rendered":"http:\/\/www.arismachinery.com\/product\/universal-lathe-c6241-6246\/"},"modified":"2024-04-15T20:08:41","modified_gmt":"2024-04-15T12:08:41","slug":"universal-lathe-c6241-6246","status":"publish","type":"product","link":"https:\/\/www.arismachinery.com\/tr\/product\/universal-lathe-c6241-6246\/","title":{"rendered":"\u00dcniversal Torna C6241 6246"},"content":{"rendered":"<p><strong>\u00dcniversal A\u011f\u0131r Hizmet Torna Tezgah\u0131 (bo\u015fluklu\/bo\u015fluksuz)<\/strong><\/p>\n<p>Sa\u011flam d\u00f6k\u00fcm yatak, Avrupa tasar\u0131m\u0131.<\/p>\n<p>Y\u00fcksek frekansl\u0131 su verme, ray i\u00e7in ta\u015flama.<\/p>\n<p>Fener mili di\u015flisi hassas ta\u015flama, d\u00fc\u015f\u00fck g\u00fcr\u00fclt\u00fc.<\/p>\n<p>B\u00fcy\u00fck \u00e7apl\u0131 i\u015f par\u00e7as\u0131 i\u00e7in \u00e7\u0131kar\u0131labilir bo\u015fluk sa\u011flanm\u0131\u015ft\u0131r.<\/p>\n<p>\u0130ste\u011fe ba\u011fl\u0131 ta\u015f\u0131ma: sol el VEYA sa\u011f el.<\/p>\n<p>&nbsp;<\/p>\n<p><strong>Standart Aksesuarlar<\/strong><\/p>\n<p>3-jaw chuck, \u00a04 _jaw chuck<\/p>\n<p>Vites setini de\u011fi\u015ftirin<\/p>\n<p>Y\u00fcz plakas\u0131<\/p>\n<p>\u0130plik takip kadran\u0131<\/p>\n<p>Reduction sleeve<\/p>\n<p>S\u0131\u00e7rama korumas\u0131<\/p>\n<p>Kuyruk sto\u011fu \/ \u00d6l\u00fc merkez<\/p>\n<p>Sabit dinlenme \/ Dinlenmeyi takip et<\/p>\n<p>Ayak freni<\/p>\n<p>&nbsp;<\/p>\n<p><strong>Opsiyonel Aksesuarlar<\/strong><\/p>\n<p>Leadscrew guard<\/p>\n<p>Chuck Guard<\/p>\n<p>Canl\u0131 merkez<\/p>\n<p>Konik Turing cihaz\u0131<\/p>\n<p>Matkap aynas\u0131 ve Arbor<\/p>\n<p>H\u0131zl\u0131 de\u011fi\u015ftirilebilir alet dire\u011fi (Amerika \/ Avrupa)<\/p>\n<p>Yerelle\u015ftirici<\/p>\n<p>DRO (2 eksen, 3 eksen)<\/p>\n<p>&nbsp;<\/p>\n<p><strong>Teknik Parametreler:<\/strong><\/p>\n<table>\n<colgroup>\n<col \/>\n<col span=\"2\" \/><\/colgroup>\n<tbody>\n<tr class=\"firstRow\">\n<td>Model<\/td>\n<td align=\"center\" valign=\"middle\">C6241<\/td>\n<td align=\"center\" valign=\"middle\">C6246<\/td>\n<\/tr>\n<tr>\n<td>Yatak \u00fczerinde maksimum sal\u0131n\u0131m<\/td>\n<td align=\"center\" valign=\"middle\">410mm<\/td>\n<td align=\"center\" valign=\"middle\">460mm<\/td>\n<\/tr>\n<tr>\n<td>Bo\u015fluk \u00fczerinde maksimum sal\u0131n\u0131m<\/td>\n<td align=\"center\" valign=\"middle\">640mm<\/td>\n<td align=\"center\" valign=\"middle\">690mm<\/td>\n<\/tr>\n<tr>\n<td>Kayd\u0131rak \u00fczerinde maksimum sal\u0131n\u0131m<\/td>\n<td align=\"center\" valign=\"middle\">224mm<\/td>\n<td align=\"center\" valign=\"middle\">274mm<\/td>\n<\/tr>\n<tr>\n<td>Bo\u015fluk uzunlu\u011fu<\/td>\n<td colspan=\"2\" align=\"center\" valign=\"middle\">155mm<\/td>\n<\/tr>\n<tr>\n<td>Merkez aras\u0131ndaki maks. mesafe<\/td>\n<td colspan=\"2\" align=\"center\" valign=\"middle\">1000 \u00a0 \/ 1500mm<\/td>\n<\/tr>\n<tr>\n<td>Yatak geni\u015fli\u011fi<\/td>\n<td colspan=\"2\" align=\"center\" valign=\"middle\">300 \u00a0 mm<\/td>\n<\/tr>\n<tr>\n<td>Mil deli\u011fi<\/td>\n<td colspan=\"2\" align=\"center\" valign=\"middle\">\u03a658 \/ \u00a0 82 mm<\/td>\n<\/tr>\n<tr>\n<td>Spindle nose \/ Taper<\/td>\n<td colspan=\"2\" align=\"center\" valign=\"middle\">D1-6 \u00a0 \/ \u00a0MT# 6<\/td>\n<\/tr>\n<tr>\n<td>\u0130\u015f mili h\u0131zlar\u0131 (ad\u0131mlar)<\/td>\n<td colspan=\"2\" align=\"center\" valign=\"middle\">25 \u00a0 -2000 rmp \u00a0 \u00a0 \u00a0 (12 steps)<\/td>\n<\/tr>\n<tr>\n<td>\u00c7apraz k\u0131zak hareketi<\/td>\n<td colspan=\"2\" align=\"center\" valign=\"middle\">290 \u00a0 mm<\/td>\n<\/tr>\n<tr>\n<td>Bile\u015fik dinlenme seyahati<\/td>\n<td colspan=\"2\" align=\"center\" valign=\"middle\">120 \u00a0 mm<\/td>\n<\/tr>\n<tr>\n<td>Tak\u0131m \u015faft boyutu<\/td>\n<td colspan=\"2\" align=\"center\" valign=\"middle\">25\u00d725mm<\/td>\n<\/tr>\n<tr>\n<td>K\u0131lavuz vida Aral\u0131\u011f\u0131<\/td>\n<td colspan=\"2\" align=\"center\" valign=\"middle\">4 \u00a0 T.P.I \u00a0\/ \u00a0 6mm<\/td>\n<\/tr>\n<tr>\n<td>\u0130mparatorluk di\u015f aral\u0131klar\u0131<\/td>\n<td colspan=\"2\" align=\"center\" valign=\"middle\">4-60 T.P.I.<\/td>\n<\/tr>\n<tr>\n<td>Metrik di\u015f ad\u0131mlar\u0131<\/td>\n<td colspan=\"2\" align=\"center\" valign=\"middle\">0,4-7,0 mm<\/td>\n<\/tr>\n<tr>\n<td>Uzunlamas\u0131na besleme aral\u0131\u011f\u0131<\/td>\n<td colspan=\"2\" align=\"center\" valign=\"middle\">42 \u00a0 kinds 0.031-1.7 mm\/rev<\/td>\n<\/tr>\n<tr>\n<td>\u00c7apraz besleme aral\u0131\u011f\u0131<\/td>\n<td colspan=\"2\" align=\"center\" valign=\"middle\">42 \u00a0 kinds 0.014-0.784 mm\/rev<\/td>\n<\/tr>\n<tr>\n<td>Metrik di\u015f ad\u0131mlar\u0131<\/td>\n<td colspan=\"2\" align=\"center\" valign=\"middle\">41 \u00a0 kinds \u00a00.1-14mm<\/td>\n<\/tr>\n<tr>\n<td>\u0130mparatorluk di\u015f aral\u0131klar\u0131<\/td>\n<td colspan=\"2\" align=\"center\" valign=\"middle\">60 \u00a0 kinds \u00a02-112 T.P.I.<\/td>\n<\/tr>\n<tr>\n<td>\u00c7ap aral\u0131klar\u0131<\/td>\n<td colspan=\"2\" align=\"center\" valign=\"middle\">50 \u00a0 kinds \u00a04-112 D.P.<\/td>\n<\/tr>\n<tr>\n<td>Mod\u00fcl aral\u0131klar\u0131<\/td>\n<td colspan=\"2\" align=\"center\" valign=\"middle\">34 \u00a0 kinds \u00a00.1-7.0 M.P.<\/td>\n<\/tr>\n<tr>\n<td>Punta kovan\u0131 konikli\u011fi<\/td>\n<td colspan=\"2\" align=\"center\" valign=\"middle\">MT4<\/td>\n<\/tr>\n<tr>\n<td>Hareket\/ Punta kovan\u0131 \u00e7ap\u0131<\/td>\n<td colspan=\"2\" align=\"center\" valign=\"middle\">120mm \u00a0 \/ 60mm<\/td>\n<\/tr>\n<tr>\n<td>Ana motor g\u00fcc\u00fc<\/td>\n<td colspan=\"2\" align=\"center\" valign=\"middle\">5.5kw<\/td>\n<\/tr>\n<tr>\n<td>So\u011futma s\u0131v\u0131s\u0131 pompas\u0131 motor g\u00fcc\u00fc<\/td>\n<td colspan=\"2\" align=\"center\" valign=\"middle\">90w<\/td>\n<\/tr>\n<\/tbody>\n<\/table>","protected":false},"excerpt":{"rendered":"<p>Sa\u011flam d\u00f6k\u00fcm yatak, Avrupa tasar\u0131m\u0131.<br \/>\nY\u00fcksek frekansl\u0131 su verme, ray i\u00e7in ta\u015flama.<br \/>\nFener mili di\u015flisi hassas ta\u015flama, d\u00fc\u015f\u00fck g\u00fcr\u00fclt\u00fc.<br \/>\nB\u00fcy\u00fck \u00e7apl\u0131 i\u015f par\u00e7as\u0131 i\u00e7in \u00e7\u0131kar\u0131labilir bo\u015fluk sa\u011flanm\u0131\u015ft\u0131r.<br \/>\n\u0130ste\u011fe ba\u011fl\u0131 ta\u015f\u0131ma: sol el VEYA sa\u011f el.<\/p>\n<p>E-posta: joyce@arismachinery.com \/ joycechen2677@gmail.com<br \/>\nWechat: joycechen677<br \/>\nWhatsapp: +86 13815922677<br \/>\nTel: +86-523-8549496 \/ +86-523-8549496<\/p>","protected":false},"featured_media":3012,"comment_status":"closed","ping_status":"closed","template":"","meta":{"_acf_changed":false},"product_cat":[57],"product_tag":[],"class_list":["post-3011","product","type-product","status-publish","has-post-thumbnail","hentry","product_cat-universal-turning-machine"],"acf":[],"_links":{"self":[{"href":"https:\/\/www.arismachinery.com\/tr\/wp-json\/wp\/v2\/product\/3011","targetHints":{"allow":["GET"]}}],"collection":[{"href":"https:\/\/www.arismachinery.com\/tr\/wp-json\/wp\/v2\/product"}],"about":[{"href":"https:\/\/www.arismachinery.com\/tr\/wp-json\/wp\/v2\/types\/product"}],"replies":[{"embeddable":true,"href":"https:\/\/www.arismachinery.com\/tr\/wp-json\/wp\/v2\/comments?post=3011"}],"wp:featuredmedia":[{"embeddable":true,"href":"https:\/\/www.arismachinery.com\/tr\/wp-json\/wp\/v2\/media\/3012"}],"wp:attachment":[{"href":"https:\/\/www.arismachinery.com\/tr\/wp-json\/wp\/v2\/media?parent=3011"}],"wp:term":[{"taxonomy":"product_cat","embeddable":true,"href":"https:\/\/www.arismachinery.com\/tr\/wp-json\/wp\/v2\/product_cat?post=3011"},{"taxonomy":"product_tag","embeddable":true,"href":"https:\/\/www.arismachinery.com\/tr\/wp-json\/wp\/v2\/product_tag?post=3011"}],"curies":[{"name":"wp","href":"https:\/\/api.w.org\/{rel}","templated":true}]}}