{"id":3013,"date":"2024-03-08T10:45:07","date_gmt":"2024-03-08T02:45:07","guid":{"rendered":"http:\/\/www.arismachinery.com\/product\/universal-lathe-cd6241\/"},"modified":"2024-04-15T20:08:34","modified_gmt":"2024-04-15T12:08:34","slug":"universal-lathe-cd6241","status":"publish","type":"product","link":"https:\/\/www.arismachinery.com\/tr\/product\/universal-lathe-cd6241\/","title":{"rendered":"\u00dcniversal Torna CD6241"},"content":{"rendered":"<p><strong>Universal Precise Lathe<\/strong><\/p>\n<p>Y\u00fcksek frekansl\u0131 su verme, ray i\u00e7in ta\u015flama.<\/p>\n<p>Fener mili di\u015flisi hassas ta\u015flama, d\u00fc\u015f\u00fck g\u00fcr\u00fclt\u00fc.<\/p>\n<p>B\u00fcy\u00fck \u00e7apl\u0131 i\u015f par\u00e7as\u0131 i\u00e7in \u00e7\u0131kar\u0131labilir bo\u015fluk sa\u011flanm\u0131\u015ft\u0131r.<\/p>\n<p>\u0130ste\u011fe ba\u011fl\u0131 ta\u015f\u0131ma: sol el VEYA sa\u011f el.<\/p>\n<p>Bilyal\u0131 vida Metrik veya \u0130ngiliz sistemi olabilir.<\/p>\n<p>&nbsp;<\/p>\n<p><strong>Standart Aksesuarlar<\/strong><\/p>\n<p>3-jaw chuck \u00a0\/ \u00a04-jaw chuck<\/p>\n<p>Chasing gear set<\/p>\n<p>Thread chasing dial \/ Face plate<\/p>\n<p>Reduction sleeve<\/p>\n<p>Steady rest \/ Follow rest<\/p>\n<p>S\u0131\u00e7rama korumas\u0131<\/p>\n<p>Tail stock \u00a0\/ \u00a0Dead center<\/p>\n<p>Ayak freni<\/p>\n<p>&nbsp;<\/p>\n<p><strong>Opsiyonel Aksesuarlar<\/strong><\/p>\n<p>Konik Turing cihaz\u0131<\/p>\n<p>Canl\u0131 merkez<\/p>\n<p>Leadscrew guard<\/p>\n<p>Matkap aynas\u0131 ve Arbor<\/p>\n<p>H\u0131zl\u0131 de\u011fi\u015ftirilebilir alet dire\u011fi (Amerika \/ Avrupa)<\/p>\n<p>DRO (2 eksen, 3 eksen)<\/p>\n<p>CE cover \u00a0( chuck guard)<\/p>\n<p>&nbsp;<\/p>\n<p><strong>Teknik Parametreler:<\/strong><\/p>\n<table>\n<colgroup>\n<col \/>\n<col \/>\n<col \/><\/colgroup>\n<tbody>\n<tr class=\"firstRow\">\n<td>Model<\/td>\n<td colspan=\"2\">CD6241<\/td>\n<\/tr>\n<tr>\n<td>Yatak \u00fczerinde maksimum sal\u0131n\u0131m<\/td>\n<td colspan=\"2\">410mm \u00a0 ( 16&#8243;)<\/td>\n<\/tr>\n<tr>\n<td>Bo\u015fluk \u00fczerinde maksimum sal\u0131n\u0131m<\/td>\n<td colspan=\"2\">580mm \u00a0( 23&#8243;)<\/td>\n<\/tr>\n<tr>\n<td>Kayd\u0131rak \u00fczerinde maksimum sal\u0131n\u0131m<\/td>\n<td colspan=\"2\">255mm \u00a0( 10&#8243;)<\/td>\n<\/tr>\n<tr>\n<td>Bo\u015fluk uzunlu\u011fu<\/td>\n<td colspan=\"2\">210mm (8-1\/4\u2033)<\/td>\n<\/tr>\n<tr>\n<td>Merkez y\u00fcksekli\u011fi (mm)<\/td>\n<td colspan=\"2\">205mm \u00a0 ( 8&#8243;)<\/td>\n<\/tr>\n<tr>\n<td>Merkez aras\u0131ndaki maks. mesafe<\/td>\n<td colspan=\"2\">1000mm \u00a0 ( 40&#8243;) \/1500mm ( 60&#8243;)<\/td>\n<\/tr>\n<tr>\n<td>Yatak geni\u015fli\u011fi<\/td>\n<td colspan=\"2\">250mm \u00a0( 10&#8243;)<\/td>\n<\/tr>\n<tr>\n<td>Mil deli\u011fi<\/td>\n<td colspan=\"2\">52mm \u00a0 ( 2&#8243;)<\/td>\n<\/tr>\n<tr>\n<td>Mil burnu<\/td>\n<td colspan=\"2\">D1-6<\/td>\n<\/tr>\n<tr>\n<td>Spindle speeds \u00a0( steps )<\/td>\n<td colspan=\"2\">45-1800 \u00a0 rmp (16 steps)<\/td>\n<\/tr>\n<tr>\n<td>\u00c7apraz k\u0131zak hareketi<\/td>\n<td colspan=\"2\">210mm \u00a0 ( 8-1\/2&#8243;)<\/td>\n<\/tr>\n<tr>\n<td>Compund dinlenme seyahati<\/td>\n<td colspan=\"2\">140mm \u00a0 ( 5-1\/2&#8243;)<\/td>\n<\/tr>\n<tr>\n<td>Kur\u015fun vida di\u015fi<\/td>\n<td colspan=\"2\">4 \u00a0 T.P.I<\/td>\n<\/tr>\n<tr>\n<td>Tak\u0131m \u015faft boyutu<\/td>\n<td colspan=\"2\">20\u00d720 \u00a0 mm \u00a0( 13\/16&#8243; \u00d7 13\/16&#8243;\uff09<\/td>\n<\/tr>\n<tr>\n<td>\u0130mparatorluk di\u015f aral\u0131klar\u0131<\/td>\n<td colspan=\"2\">45 \u00a0 Nos. \u00a02-72 T.P.I.<\/td>\n<\/tr>\n<tr>\n<td>Metrik di\u015f ad\u0131mlar\u0131<\/td>\n<td colspan=\"2\">39 \u00a0 Nos. 0.2-14mm<\/td>\n<\/tr>\n<tr>\n<td>Boylamas\u0131na beslemeler \u0130mparatorluk<\/td>\n<td colspan=\"2\">17Nos. \u00a0 0.002-0.067&#8243;\/rev<\/td>\n<\/tr>\n<tr>\n<td>Boylamas\u0131na ilerlemeler Metrik<\/td>\n<td colspan=\"2\">17Nos. \u00a0 0.05-1.7mm\/rev<\/td>\n<\/tr>\n<tr>\n<td>\u00c7apraz beslemeler \u0130mparatorluk<\/td>\n<td colspan=\"2\">17Nos. \u00a00.001-0.0335&#8243;\/rev<\/td>\n<\/tr>\n<tr>\n<td>\u00c7apraz beslemeler Metrik<\/td>\n<td colspan=\"2\">17Nos. \u00a00.025-0.85mm\/rev<\/td>\n<\/tr>\n<tr>\n<td>Range of Diameter pitch<\/td>\n<td colspan=\"2\">21 Nos. \u00a0 \u00a0 8-44 D.P.<\/td>\n<\/tr>\n<tr>\n<td>Range of Module pitch<\/td>\n<td colspan=\"2\">18Nos. \u00a00.3-3.5 \u00a0 \u00a0M.P.<\/td>\n<\/tr>\n<tr>\n<td>Punta kovan\u0131 konikli\u011fi<\/td>\n<td colspan=\"2\">MT4<\/td>\n<\/tr>\n<tr>\n<td>Qill travel \/ Diameter<\/td>\n<td colspan=\"2\">120mm \u00a0 ( 4-3\/4&#8243;) \u00a0\/ \u00a050mm ( 2&#8243;)<\/td>\n<\/tr>\n<tr>\n<td>Ana motor g\u00fcc\u00fc<\/td>\n<td colspan=\"2\">2.2 \u00a0 \/3.3kw (3\/ 4.5 HP) , \u00a0 Optional: \u00a0 3.0\/4.5kw<\/td>\n<\/tr>\n<tr>\n<td>Boyut (mm)<\/td>\n<td colspan=\"2\">2030 \u00a0 ( 2530)\u00d7860\u00d71620mm<\/td>\n<\/tr>\n<tr>\n<td>A\u011f\u0131rl\u0131k N\/G (kg)<\/td>\n<td colspan=\"2\">1200\/1400kg<\/td>\n<\/tr>\n<\/tbody>\n<\/table>","protected":false},"excerpt":{"rendered":"<p>Y\u00fcksek frekansl\u0131 su verme, ray i\u00e7in ta\u015flama.<br \/>\nFener mili di\u015flisi hassas ta\u015flama, d\u00fc\u015f\u00fck g\u00fcr\u00fclt\u00fc.<br \/>\nB\u00fcy\u00fck \u00e7apl\u0131 i\u015f par\u00e7as\u0131 i\u00e7in \u00e7\u0131kar\u0131labilir bo\u015fluk sa\u011flanm\u0131\u015ft\u0131r.<br \/>\n\u0130ste\u011fe ba\u011fl\u0131 ta\u015f\u0131ma: sol el VEYA sa\u011f el.<br \/>\nBilyal\u0131 vida Metrik veya \u0130ngiliz sistemi olabilir.<\/p>\n<p>E-posta: joyce@arismachinery.com \/ joycechen2677@gmail.com<br \/>\nWechat: joycechen677<br \/>\nWhatsapp: +86 13815922677<br \/>\nTel: +86-523-8549496 \/ +86-523-8549496<\/p>","protected":false},"featured_media":3014,"comment_status":"closed","ping_status":"closed","template":"","meta":{"_acf_changed":false},"product_cat":[57],"product_tag":[],"class_list":["post-3013","product","type-product","status-publish","has-post-thumbnail","hentry","product_cat-universal-turning-machine"],"acf":[],"_links":{"self":[{"href":"https:\/\/www.arismachinery.com\/tr\/wp-json\/wp\/v2\/product\/3013","targetHints":{"allow":["GET"]}}],"collection":[{"href":"https:\/\/www.arismachinery.com\/tr\/wp-json\/wp\/v2\/product"}],"about":[{"href":"https:\/\/www.arismachinery.com\/tr\/wp-json\/wp\/v2\/types\/product"}],"replies":[{"embeddable":true,"href":"https:\/\/www.arismachinery.com\/tr\/wp-json\/wp\/v2\/comments?post=3013"}],"wp:featuredmedia":[{"embeddable":true,"href":"https:\/\/www.arismachinery.com\/tr\/wp-json\/wp\/v2\/media\/3014"}],"wp:attachment":[{"href":"https:\/\/www.arismachinery.com\/tr\/wp-json\/wp\/v2\/media?parent=3013"}],"wp:term":[{"taxonomy":"product_cat","embeddable":true,"href":"https:\/\/www.arismachinery.com\/tr\/wp-json\/wp\/v2\/product_cat?post=3013"},{"taxonomy":"product_tag","embeddable":true,"href":"https:\/\/www.arismachinery.com\/tr\/wp-json\/wp\/v2\/product_tag?post=3013"}],"curies":[{"name":"wp","href":"https:\/\/api.w.org\/{rel}","templated":true}]}}