{"id":3062,"date":"2024-03-08T10:45:29","date_gmt":"2024-03-08T02:45:29","guid":{"rendered":"http:\/\/www.arismachinery.com\/product\/edm-die-sinking-machine-with-dc-servo-motor\/"},"modified":"2024-03-08T10:45:45","modified_gmt":"2024-03-08T02:45:45","slug":"edm-die-sinking-machine-with-dc-servo-motor","status":"publish","type":"product","link":"https:\/\/www.arismachinery.com\/tr\/product\/edm-die-sinking-machine-with-dc-servo-motor\/","title":{"rendered":"DC Servo Motorlu EDM Kal\u0131p Bat\u0131rma Makinesi"},"content":{"rendered":"<p><strong>Ana \u00d6zellikler:<\/strong><\/p>\n<p>1.Positive and Negative coordinate processing.<\/p>\n<p>2.With W axis for moving machine head to load high product<\/p>\n<p>3.Built in 3 axis Linear scale ( 1um or 5um)&nbsp;<\/p>\n<p>4.Precision co-ordinate table on flat &amp; V type turcide coated guide ways driven by ball screw<\/p>\n<p>5.Double door and&nbsp; large working&nbsp; tank for ease of loading &amp; unloading of workpiece<\/p>\n<p>6.Oil level alarm, insufficient liquid level protection<\/p>\n<p>7.With the quill running on preloaded cross roller bearing and ball screw for accuracyworking<\/p>\n<p>8.XYZ all use DC servo motor, can process in XYZ direction separately<\/p>\n<p>9.New generation superfine discharge ciruit for mirror surface<\/p>\n<p>10.Hand held multi-function remote controller<\/p>\n<p>11.Automatic carbon deposition detection function, adjusts various processing parameters automatically<\/p>\n<p>12.Special circuits for deep hole and large area electrode processing<\/p>\n<p>13.Self-diagnostic trouble shooting with alarm<\/p>\n<p>14.Automatic lubrication system<\/p>\n<p>15.Fire extinguisher, Smoke detector alarm<\/p>\n<p>16.Power efficient high pressure dielectric pump<\/p>\n<p><strong>Teknik Parametreler:<\/strong><\/p>\n<table>\n<tbody>\n<tr class=\"firstRow\">\n<td colspan=\"2\" x_str=\"\" align=\"center\" valign=\"middle\"><strong>Model<\/strong><\/td>\n<td x_str=\"\" align=\"center\" valign=\"middle\"><strong>Unit<\/strong><\/td>\n<td x_str=\"\" align=\"center\" valign=\"middle\"><strong>PNC-550<\/strong><\/td>\n<td x_str=\"\" align=\"center\" valign=\"middle\"><strong>PNC-650<\/strong><\/td>\n<td x_str=\"\" align=\"center\" valign=\"middle\"><strong>PNC-700<\/strong><\/td>\n<\/tr>\n<tr>\n<td colspan=\"2\" x_str=\"\" align=\"left\" valign=\"middle\">Working table<\/td>\n<td x_str=\"\" align=\"center\" valign=\"middle\">Mm<\/td>\n<td x_str=\"\" align=\"center\" valign=\"middle\">1000*500<\/td>\n<td x_str=\"\" align=\"center\" valign=\"middle\">1000*600<\/td>\n<td x_str=\"\" align=\"center\" valign=\"middle\">1200*650<\/td>\n<\/tr>\n<tr>\n<td colspan=\"2\" x_str=\"\" align=\"left\" valign=\"middle\">Oil groove size ( Inside)<\/td>\n<td x_str=\"\" align=\"center\" valign=\"middle\">Mm<\/td>\n<td x_str=\"\" align=\"center\" valign=\"middle\">1410*810*540<\/td>\n<td x_str=\"\" align=\"center\" valign=\"middle\">1700*1000*600<\/td>\n<td x_str=\"\" align=\"center\" valign=\"middle\">1900*1060*640<\/td>\n<\/tr>\n<tr>\n<td colspan=\"2\" x_str=\"\" align=\"left\" valign=\"middle\">Oil groove size ( Outside)<\/td>\n<td x_str=\"\" align=\"center\" valign=\"middle\">Mm<\/td>\n<td x_str=\"\" align=\"center\" valign=\"middle\">1680*880*550<\/td>\n<td x_str=\"\" align=\"center\" valign=\"middle\">1930*1080*610<\/td>\n<td x_str=\"\" align=\"center\" valign=\"middle\">2140*1150*650<\/td>\n<\/tr>\n<tr>\n<td colspan=\"2\" x_str=\"\" align=\"left\" valign=\"middle\">Height from working table after filled oil<\/td>\n<td x_str=\"\" align=\"center\" valign=\"middle\">Mm<\/td>\n<td x_num=\"450\" align=\"center\" valign=\"middle\">450<\/td>\n<td x_num=\"530\" align=\"center\" valign=\"middle\">530<\/td>\n<td x_num=\"580\" align=\"center\" valign=\"middle\">580<\/td>\n<\/tr>\n<tr>\n<td colspan=\"2\" x_str=\"\" align=\"left\" valign=\"middle\">X travel<\/td>\n<td x_str=\"\" align=\"center\" valign=\"middle\">Mm<\/td>\n<td x_num=\"550\" align=\"center\" valign=\"middle\">550<\/td>\n<td x_num=\"650\" align=\"center\" valign=\"middle\">650<\/td>\n<td x_num=\"700\" align=\"center\" valign=\"middle\">700<\/td>\n<\/tr>\n<tr>\n<td colspan=\"2\" x_str=\"\" align=\"left\" valign=\"middle\">Y travel<\/td>\n<td x_str=\"\" align=\"center\" valign=\"middle\">Mm<\/td>\n<td x_num=\"450\" align=\"center\" valign=\"middle\">450<\/td>\n<td x_num=\"550\" align=\"center\" valign=\"middle\">550<\/td>\n<td x_num=\"600\" align=\"center\" valign=\"middle\">600<\/td>\n<\/tr>\n<tr>\n<td rowspan=\"2\" x_str=\"\" align=\"left\" valign=\"middle\">Z travel<\/td>\n<td x_str=\"\" align=\"left\" valign=\"middle\">Spindle travel<\/td>\n<td x_str=\"\" align=\"center\" valign=\"middle\">Mm<\/td>\n<td x_num=\"250\" align=\"center\" valign=\"middle\">250<\/td>\n<td x_num=\"300\" align=\"center\" valign=\"middle\">300<\/td>\n<td x_num=\"300\" align=\"center\" valign=\"middle\">300<\/td>\n<\/tr>\n<tr>\n<td x_str=\"\" align=\"left\" valign=\"middle\">2nd stage travel<\/td>\n<td x_str=\"\" align=\"center\" valign=\"middle\">Mm<\/td>\n<td x_num=\"300\" align=\"center\" valign=\"middle\">300<\/td>\n<td x_num=\"350\" align=\"center\" valign=\"middle\">350<\/td>\n<td x_num=\"350\" align=\"center\" valign=\"middle\">350<\/td>\n<\/tr>\n<tr>\n<td colspan=\"2\" x_str=\"\" align=\"left\" valign=\"middle\">Distance from spindle to working table<\/td>\n<td x_str=\"\" align=\"center\" valign=\"middle\">Mm<\/td>\n<td x_num=\"640\" align=\"center\" valign=\"middle\">640<\/td>\n<td x_num=\"750\" align=\"center\" valign=\"middle\">750<\/td>\n<td x_num=\"850\" align=\"center\" valign=\"middle\">850<\/td>\n<\/tr>\n<tr>\n<td colspan=\"2\" x_str=\"\" align=\"left\" valign=\"middle\">Maximum working current<\/td>\n<td x_str=\"\" align=\"center\" valign=\"middle\">A<\/td>\n<td x_num=\"75\" align=\"center\" valign=\"middle\">75<\/td>\n<td x_num=\"75\" align=\"center\" valign=\"middle\">75<\/td>\n<td x_num=\"75\" align=\"center\" valign=\"middle\">75<\/td>\n<\/tr>\n<tr>\n<td colspan=\"2\" x_str=\"\" align=\"left\" valign=\"middle\">Max. Processing speed<\/td>\n<td x_str=\"\" align=\"center\" valign=\"middle\">mm3\/min<\/td>\n<td colspan=\"3\" x_str=\"\" align=\"center\" valign=\"middle\">\u2265500mm3\/min<\/td>\n<\/tr>\n<tr>\n<td colspan=\"2\" x_str=\"\" align=\"left\" valign=\"middle\">Min. electrode consumption<\/td>\n<td align=\"center\" valign=\"middle\"><\/td>\n<td x_str=\"\" align=\"center\" valign=\"middle\">\u22640.2%<\/td>\n<td x_str=\"\" align=\"center\" valign=\"middle\">\u22640.2%<\/td>\n<td x_str=\"\" align=\"center\" valign=\"middle\">\u22640.2%<\/td>\n<\/tr>\n<tr>\n<td colspan=\"2\" x_str=\"\" align=\"left\" valign=\"middle\">Best Roughness, Ra<\/td>\n<td x_str=\"\" align=\"center\" valign=\"middle\">Ra<\/td>\n<td x_str=\"\" align=\"center\" valign=\"middle\">Ra0.4<\/td>\n<td x_str=\"\" align=\"center\" valign=\"middle\">Ra0.4<\/td>\n<td x_str=\"\" align=\"center\" valign=\"middle\">Ra0.4<\/td>\n<\/tr>\n<tr>\n<td colspan=\"2\" x_str=\"\" align=\"left\" valign=\"middle\">Max.Electrode weight<\/td>\n<td x_str=\"\" align=\"center\" valign=\"middle\">Kgs<\/td>\n<td x_num=\"100\" align=\"center\" valign=\"middle\">100<\/td>\n<td x_num=\"150\" align=\"center\" valign=\"middle\">150<\/td>\n<td x_num=\"200\" align=\"center\" valign=\"middle\">200<\/td>\n<\/tr>\n<tr>\n<td colspan=\"2\" x_str=\"\" align=\"left\" valign=\"middle\">Max. load on working table<\/td>\n<td x_str=\"\" align=\"center\" valign=\"middle\">Kgs<\/td>\n<td x_num=\"1500\" align=\"center\" valign=\"middle\">1500<\/td>\n<td x_num=\"2000\" align=\"center\" valign=\"middle\">2000<\/td>\n<td x_num=\"2000\" align=\"center\" valign=\"middle\">2000<\/td>\n<\/tr>\n<tr>\n<td colspan=\"2\" x_str=\"\" align=\"left\" valign=\"middle\">Machine weight<\/td>\n<td x_str=\"\" align=\"center\" valign=\"middle\">Kgs<\/td>\n<td x_num=\"2150\" align=\"center\" valign=\"middle\">2150<\/td>\n<td x_num=\"3000\" align=\"center\" valign=\"middle\">3000<\/td>\n<td x_num=\"3500\" align=\"center\" valign=\"middle\">3500<\/td>\n<\/tr>\n<tr>\n<td colspan=\"2\" x_str=\"\" align=\"left\" valign=\"middle\">Dimension<\/td>\n<td x_str=\"\" align=\"center\" valign=\"middle\">Mm<\/td>\n<td x_str=\"\" align=\"center\" valign=\"middle\">1900*1560*2300<\/td>\n<td x_str=\"\" align=\"center\" valign=\"middle\">2300*1900*2500<\/td>\n<td x_str=\"\" align=\"center\" valign=\"middle\">2400*1900*2500<\/td>\n<\/tr>\n<\/tbody>\n<\/table>\n<p><strong>\u015eirket &amp; At\u00f6lyeler<\/strong><\/p>\n<p>ARIS Makine 4 fabrikas\u0131 olan bir gruptur. ARIS yakla\u015f\u0131k 60000 metrekarelik bir at\u00f6lyeye sahiptir.<\/p>\n<p><img loading=\"lazy\" decoding=\"async\" src=\"https:\/\/img01.71360.com\/file\/read\/www2\/M00\/17\/64\/rBwBEmQi8-CAcrRhAAf3br41wiI882.jpg\" alt=\"EDM Die sinking machine with DC servo motor\" title=\"EDM Die sinking machine with DC servo motor\" width=\"800\" height=\"585\"\/><img loading=\"lazy\" decoding=\"async\" src=\"https:\/\/img01.71360.com\/file\/read\/www2\/M00\/17\/64\/rBwBEmQi8-GAD3UmAAikCZrTqpc510.jpg\" alt=\"EDM Die sinking machine with DC servo motor\" title=\"EDM Die sinking machine with DC servo motor\" width=\"800\" height=\"585\"\/><\/p>\n<p><\/p>\n<p><\/p>\n<p><strong>\u00dcretim Ekipmanlar\u0131<\/strong><\/p>\n<p>Makinelerimizin ana par\u00e7alar\u0131 cnc makine ile i\u015flenmektedir. Portal tipi cnc freze, cnc dik i\u015fleme merkezi, portal tipi cnc ta\u015flama makinesi, cnc lazer kesim makinesi, cnc b\u00fckme makinesi, cnc makaslama makinesi bulunmaktad\u0131r.<\/p>\n<p><img loading=\"lazy\" decoding=\"async\" src=\"https:\/\/img01.71360.com\/file\/read\/www2\/M00\/17\/64\/rBwBEmQi8-KAFzs2AAhn1LhHtcI014.jpg\" alt=\"EDM Die sinking machine with DC servo motor\" title=\"EDM Die sinking machine with DC servo motor\" width=\"800\" height=\"747\"\/><\/p>\n<p><\/p>\n<p><strong>Test ve Muayene<\/strong><\/p>\n<p>T\u00fcm makineler sevkiyattan \u00f6nce test edilecektir.<\/p>\n<p><img loading=\"lazy\" decoding=\"async\" src=\"https:\/\/img01.71360.com\/file\/read\/www2\/M00\/17\/64\/rBwBEmQi8-CAJ0wlAAny7CMlcDQ619.jpg\" alt=\"EDM Die sinking machine with DC servo motor\" title=\"EDM Die sinking machine with DC servo motor\" width=\"800\" height=\"945\"\/><\/p>\n<p><\/p>\n<p><strong>Paket &amp; Teslimat<\/strong><\/p>\n<p><img loading=\"lazy\" decoding=\"async\" src=\"https:\/\/img01.71360.com\/file\/read\/www2\/M00\/17\/64\/rBwBEmQi8-GAU2DXAATlRMxdXps522.jpg\" alt=\"EDM Die sinking machine with DC servo motor\" title=\"EDM Die sinking machine with DC servo motor\" width=\"800\" height=\"330\"\/><\/p>","protected":false},"excerpt":{"rendered":"<p>Positive and Negative coordinate processing.<br \/>With W axis for moving machine head to load high product<br \/>Built in 3 axis Linear scale ( 1um or 5um) <br \/>Precision co-ordinate table on flat &#038; V type turcide coated guide ways driven by ball screw<br \/>Double door and  large working  tank for ease of loading &#038; unloading of workpiece<br \/>Oil level alarm, insufficient liquid level protection<br \/>With the quill running on preloaded cross roller bearing and ball screw for accuracyworking<br \/>XYZ all use DC servo motor, can process in XYZ direction separately<br \/>New generation superfine discharge ciruit for mirror surface<br \/>Hand held multi-function remote controller<br \/>Automatic carbon deposition detection function, adjusts various processing parameters automatically<br \/>Special circuits for deep hole and large area electrode processing<br \/>Self-diagnostic trouble shooting with alarm<br \/>Automatic lubrication system<br \/>Fire extinguisher, Smoke detector alarm<br \/>Power efficient high pressure dielectric pump<\/p>","protected":false},"featured_media":3063,"comment_status":"closed","ping_status":"open","template":"","meta":{"_acf_changed":false},"product_cat":[70],"product_tag":[],"class_list":["post-3062","product","type-product","status-publish","has-post-thumbnail","hentry","product_cat-pnc-edm-die-sinking-machine"],"acf":[],"_links":{"self":[{"href":"https:\/\/www.arismachinery.com\/tr\/wp-json\/wp\/v2\/product\/3062","targetHints":{"allow":["GET"]}}],"collection":[{"href":"https:\/\/www.arismachinery.com\/tr\/wp-json\/wp\/v2\/product"}],"about":[{"href":"https:\/\/www.arismachinery.com\/tr\/wp-json\/wp\/v2\/types\/product"}],"replies":[{"embeddable":true,"href":"https:\/\/www.arismachinery.com\/tr\/wp-json\/wp\/v2\/comments?post=3062"}],"wp:featuredmedia":[{"embeddable":true,"href":"https:\/\/www.arismachinery.com\/tr\/wp-json\/wp\/v2\/media\/3063"}],"wp:attachment":[{"href":"https:\/\/www.arismachinery.com\/tr\/wp-json\/wp\/v2\/media?parent=3062"}],"wp:term":[{"taxonomy":"product_cat","embeddable":true,"href":"https:\/\/www.arismachinery.com\/tr\/wp-json\/wp\/v2\/product_cat?post=3062"},{"taxonomy":"product_tag","embeddable":true,"href":"https:\/\/www.arismachinery.com\/tr\/wp-json\/wp\/v2\/product_tag?post=3062"}],"curies":[{"name":"wp","href":"https:\/\/api.w.org\/{rel}","templated":true}]}}