{"id":3101,"date":"2024-03-08T10:46:04","date_gmt":"2024-03-08T02:46:04","guid":{"rendered":"http:\/\/www.arismachinery.com\/product\/bf500c-bf630c-high-precision-edm-wire-cut-machine\/"},"modified":"2024-04-15T19:45:15","modified_gmt":"2024-04-15T11:45:15","slug":"bf500c-bf630c-high-precision-edm-wire-cut-machine","status":"publish","type":"product","link":"https:\/\/www.arismachinery.com\/tr\/product\/bf500c-bf630c-high-precision-edm-wire-cut-machine\/","title":{"rendered":"AS500C AS630C Y\u00fcksek Hassasiyetli Edm Tel Kesme Makinesi"},"content":{"rendered":"<div class=\"detail_specfic_panel_item\">\n<p>\u00c7ok Kesimli EDM Tel Kesme Makinesi (C tipi)<\/p>\n<p>\"C\" dire\u011fi ile sa\u011flam \u00e7er\u00e7eve.<\/p>\n<p>Y\u00fcksekli\u011fi ayarlanabilir elmas k\u0131lavuz ile.<\/p>\n<p>D\u00f6rt eksenden ba\u011f\u0131ms\u0131z (X\/Y\/U\/V) \u00e7al\u0131\u015fma;<\/p>\n<p>Tayvan lineer ray\u0131, P veya H s\u0131n\u0131f\u0131, Bilyal\u0131 vida. C2 veya C3.<\/p>\n<p>Molibden tel i\u00e7in \u00f6zel gerdirme mekanizmas\u0131, istikrarl\u0131 kesim sa\u011flar.<\/p>\n<p>Step motor standartt\u0131r, Servo motor opsiyoneldir.<\/p>\n<p>Tolerans 0,005 mm, P\u00fcr\u00fczl\u00fcl\u00fck Ra 0,8'de tutulabilir.<\/p>\n<p><strong>Teknik Parametreler:<\/strong><\/p>\n<div style=\"overflow: auto;\">\n<table>\n<tbody>\n<tr class=\"firstRow\">\n<td align=\"center\" valign=\"middle\"><strong>Model<\/strong><\/td>\n<td align=\"center\" valign=\"middle\"><strong>LF500C<\/strong><\/td>\n<td align=\"center\" valign=\"middle\"><strong>LF630C<\/strong><\/td>\n<\/tr>\n<tr>\n<td align=\"center\" valign=\"middle\">Working table size\u00a0\u00a0(mm)<\/td>\n<td align=\"center\" valign=\"middle\">700\u00d71000<\/td>\n<td align=\"center\" valign=\"middle\">800\u00d71200<\/td>\n<\/tr>\n<tr>\n<td align=\"center\" valign=\"middle\">Masa hareketi (X\/Y) (mm)<\/td>\n<td align=\"center\" valign=\"middle\">500\u00d7630<\/td>\n<td align=\"center\" valign=\"middle\">630\u00d7800<\/td>\n<\/tr>\n<tr>\n<td align=\"center\" valign=\"middle\">Maksimum kesme kal\u0131nl\u0131\u011f\u0131 (mm)<\/td>\n<td align=\"center\" valign=\"middle\">380<\/td>\n<td align=\"center\" valign=\"middle\">380<\/td>\n<\/tr>\n<tr>\n<td align=\"center\" valign=\"middle\">\u00c7al\u0131\u015fma masas\u0131 \u00fczerindeki maks. y\u00fck (KG)<\/td>\n<td align=\"center\" valign=\"middle\">800<\/td>\n<td align=\"center\" valign=\"middle\">1200<\/td>\n<\/tr>\n<tr>\n<td align=\"center\" valign=\"middle\">Travel size(U\/V) (mm)<\/td>\n<td colspan=\"2\" align=\"center\" valign=\"middle\">30\u00d730\u00a0(\u00b16\u00b0)\u00a0(optional:\u00a075\u00d775\u00a0135\u00d7135)<\/td>\n<\/tr>\n<tr>\n<td align=\"center\" valign=\"middle\">Tel \u00c7ap\u0131 (mm)<\/td>\n<td style=\"word-break: break-all;\" colspan=\"2\" align=\"center\" valign=\"middle\">(Molydbenum wire\uff09<br \/>\n\u03c60.10\uff5e0.22\u00a0\uff08special 0.25, 0.30mm)<\/td>\n<\/tr>\n<tr>\n<td align=\"center\" valign=\"middle\">Tel h\u0131z\u0131 (m\/sn)<\/td>\n<td colspan=\"2\" align=\"center\" valign=\"middle\">2.0-11.0<\/td>\n<\/tr>\n<tr>\n<td align=\"center\" valign=\"middle\">Maks. kesme h\u0131z\u0131 (mm2\/dak)<\/td>\n<td colspan=\"2\" align=\"center\" valign=\"middle\">160-180<\/td>\n<\/tr>\n<tr>\n<td align=\"center\" valign=\"middle\">Maks. kesme a\u00e7\u0131s\u0131<\/td>\n<td style=\"word-break: break-all;\" colspan=\"2\" align=\"center\" valign=\"middle\">\u00b16\u00b0\/80mm (\u00b115\u00b0 \u00b130\u00b0degree is optional)<\/td>\n<\/tr>\n<tr>\n<td align=\"center\" valign=\"middle\">\u0130\u015flem do\u011frulu\u011fu (mm)<\/td>\n<td colspan=\"2\" align=\"center\" valign=\"middle\">(Multi-cut): 10\u00d710\u00d730(Square)\u22640.008;<br \/>\n(One time-cut)\u22640.012<br \/>\n(Multi-cut)(Octagon)\u22640.01;<br \/>\n(Straightness)\u22640.008\/50mm<\/td>\n<\/tr>\n<tr>\n<td align=\"center\" valign=\"middle\">Roughness(Ra.um)<\/td>\n<td colspan=\"2\" align=\"center\" valign=\"middle\">Multi-cut):Ra\u22640.8,\u00a0Single-cut):Ra\u22642.0<\/td>\n<\/tr>\n<tr>\n<td align=\"center\" valign=\"middle\">S\u00fcr\u00fc\u015f motoru<\/td>\n<td colspan=\"2\" align=\"center\" valign=\"middle\">Step motor\/AC servo motor*\u00a0(Optional)<\/td>\n<\/tr>\n<tr>\n<td align=\"center\" valign=\"middle\">K\u0131lavuz ray ve bilye<\/td>\n<td colspan=\"2\" align=\"center\" valign=\"middle\">Hassas vidal\u0131 mil\/Lineer ray<\/td>\n<\/tr>\n<tr>\n<td align=\"center\" valign=\"middle\">Gergi sistemi<\/td>\n<td colspan=\"2\" align=\"center\" valign=\"middle\">\u00fc\u00e7 kademeli (0\/1\/2) gerilim ayarlanabilir<\/td>\n<\/tr>\n<tr>\n<td align=\"center\" valign=\"middle\">G\u00fc\u00e7 kayna\u011f\u0131<\/td>\n<td colspan=\"2\" align=\"center\" valign=\"middle\">380V\/50Hz, 2,5kw<\/td>\n<\/tr>\n<tr>\n<td align=\"center\" valign=\"middle\">A\u011f\u0131rl\u0131k (kg)<\/td>\n<td align=\"center\" valign=\"middle\">2500<\/td>\n<td align=\"center\" valign=\"middle\">3000<\/td>\n<\/tr>\n<tr>\n<td align=\"center\" valign=\"middle\">Boyut (mm)<\/td>\n<td align=\"center\" valign=\"middle\">2100*1900*2200<\/td>\n<td align=\"center\" valign=\"middle\">2300*2100*2200<\/td>\n<\/tr>\n<\/tbody>\n<\/table>\n<\/div>\n<p><strong>\u015eirket &amp; At\u00f6lyeler<\/strong><\/p>\n<p>ARIS Makine 4 fabrikas\u0131 olan bir gruptur. ARIS yakla\u015f\u0131k 60000 metrekareye sahiptir<br \/>\nmetre at\u00f6lyesi.<\/p>\n<p style=\"text-align: center;\"><img loading=\"lazy\" decoding=\"async\" title=\"Edm Wire Cut Machine\" src=\"https:\/\/img01.71360.com\/file\/read\/www2\/M00\/0D\/DD\/rBwBEmQZcUOAY-37AAGTcsI6_04807.jpg?ct=webp\" alt=\"Edm Wire Cut Machine\" width=\"800\" height=\"585\" \/><img loading=\"lazy\" decoding=\"async\" title=\"Edm Wire Cut Machine\" src=\"https:\/\/img01.71360.com\/file\/read\/www2\/M00\/0D\/DE\/rBwBEmQZcVmASzD0AAG61qp6Bu8015.jpg?ct=webp\" alt=\"Edm Wire Cut Machine\" width=\"800\" height=\"585\" \/><\/p>\n<p><strong>\u00dcretim Ekipmanlar\u0131<\/strong><\/p>\n<p>Makinelerimizin ana par\u00e7alar\u0131 cnc makinesi ile i\u015flenmektedir. Portal\u0131m\u0131z var<br \/>\ntip cnc freze makinesi, cnc dik i\u015fleme merkezi, portal tip cnc<br \/>\nta\u015flama makinesi, cnc lazer kesim makinesi, cnc b\u00fckme makinesi, cnc makaslama<br \/>\nMakine.<\/p>\n<p style=\"text-align: center;\"><img loading=\"lazy\" decoding=\"async\" title=\"Edm Wire Cut Machine\" src=\"https:\/\/img01.71360.com\/file\/read\/www2\/M00\/0D\/DE\/rBwBEmQZcX-ASvxxAAGr-Nzp53k628.jpg?ct=webp\" alt=\"Edm Wire Cut Machine\" width=\"800\" height=\"747\" \/><\/p>\n<p><strong>Test ve Muayene<\/strong><\/p>\n<p>T\u00fcm makineler sevkiyattan \u00f6nce test edilecektir.<\/p>\n<p style=\"text-align: center;\"><img loading=\"lazy\" decoding=\"async\" title=\"Edm Wire Cut Machine\" src=\"https:\/\/img01.71360.com\/file\/read\/www2\/M00\/0D\/DE\/rBwBEmQZcaKASkZIAAG3_n20ZTo355.jpg?ct=webp\" alt=\"Edm Wire Cut Machine\" width=\"800\" height=\"945\" \/><\/p>\n<p><strong>Paket &amp; Teslimat<\/strong><\/p>\n<p style=\"text-align: center;\"><img loading=\"lazy\" decoding=\"async\" title=\"Edm Wire Cut Machine\" src=\"https:\/\/img01.71360.com\/file\/read\/www2\/M00\/0D\/DE\/rBwBEmQZcb-ATHsEAADsvr2pCXM317.jpg?ct=webp\" alt=\"Edm Wire Cut Machine\" width=\"800\" height=\"330\" \/><\/p>\n<p>&nbsp;<\/p>\n<\/div>","protected":false},"excerpt":{"rendered":"<p>\"C\" dire\u011fi ile sa\u011flam \u00e7er\u00e7eve.<\/p>\n<p>Y\u00fcksekli\u011fi ayarlanabilir elmas k\u0131lavuz ile.<\/p>\n<p>D\u00f6rt eksenden ba\u011f\u0131ms\u0131z (X\/Y\/U\/V) \u00e7al\u0131\u015fma;<\/p>\n<p>Tayvan lineer ray\u0131, P veya H s\u0131n\u0131f\u0131, Bilyal\u0131 vida. C2 veya C3.<\/p>\n<p>Molibden tel i\u00e7in \u00f6zel gerdirme mekanizmas\u0131, istikrarl\u0131 kesim sa\u011flar.<\/p>\n<p>Step motor standartt\u0131r, Servo motor opsiyoneldir.<\/p>\n<p>Tolerans 0,005 mm, P\u00fcr\u00fczl\u00fcl\u00fck Ra 0,8'de tutulabilir.<\/p>","protected":false},"featured_media":3102,"comment_status":"closed","ping_status":"closed","template":"","meta":{"_acf_changed":false},"product_cat":[73],"product_tag":[],"class_list":["post-3101","product","type-product","status-publish","has-post-thumbnail","hentry","product_cat-edm-wire-cut-machine-c-type"],"acf":[],"_links":{"self":[{"href":"https:\/\/www.arismachinery.com\/tr\/wp-json\/wp\/v2\/product\/3101","targetHints":{"allow":["GET"]}}],"collection":[{"href":"https:\/\/www.arismachinery.com\/tr\/wp-json\/wp\/v2\/product"}],"about":[{"href":"https:\/\/www.arismachinery.com\/tr\/wp-json\/wp\/v2\/types\/product"}],"replies":[{"embeddable":true,"href":"https:\/\/www.arismachinery.com\/tr\/wp-json\/wp\/v2\/comments?post=3101"}],"wp:featuredmedia":[{"embeddable":true,"href":"https:\/\/www.arismachinery.com\/tr\/wp-json\/wp\/v2\/media\/3102"}],"wp:attachment":[{"href":"https:\/\/www.arismachinery.com\/tr\/wp-json\/wp\/v2\/media?parent=3101"}],"wp:term":[{"taxonomy":"product_cat","embeddable":true,"href":"https:\/\/www.arismachinery.com\/tr\/wp-json\/wp\/v2\/product_cat?post=3101"},{"taxonomy":"product_tag","embeddable":true,"href":"https:\/\/www.arismachinery.com\/tr\/wp-json\/wp\/v2\/product_tag?post=3101"}],"curies":[{"name":"wp","href":"https:\/\/api.w.org\/{rel}","templated":true}]}}