{"id":3112,"date":"2024-03-08T10:46:04","date_gmt":"2024-03-08T02:46:04","guid":{"rendered":"http:\/\/www.arismachinery.com\/product\/bf350t-edm-wire-cutting-machine\/"},"modified":"2024-04-25T20:02:17","modified_gmt":"2024-04-25T12:02:17","slug":"bf350t-edm-wire-cutting-machine","status":"publish","type":"product","link":"https:\/\/www.arismachinery.com\/tr\/product\/bf350t-edm-wire-cutting-machine\/","title":{"rendered":"AS350T EDM Tel Kesme Makinesi"},"content":{"rendered":"<p>\u00c7ok Kesimli EDM Tel Kesme Makinesi (T serisi)<\/p>\n<p>\"T\" \u015feklinde yap\u0131ya sahip sa\u011flam \u00e7er\u00e7eve.<\/p>\n<p>A\u011f\u0131r \u00fcr\u00fcnler i\u00e7in stabiliteyi art\u0131ran, tabana monte edilmi\u015f uzun hareket ray\u0131.<\/p>\n<p>Y\u00fcksekli\u011fi ayarlanabilir elmas k\u0131lavuz ile.<\/p>\n<p>Tayvan lineer ve vidal\u0131 mil ile d\u00f6rt eksen ba\u011f\u0131ms\u0131z (X\/Y\/U\/V) \u00e7al\u0131\u015fma.<\/p>\n<p>Molibden tel i\u00e7in \u00f6zel gerdirme mekanizmas\u0131, istikrarl\u0131 kesim sa\u011flar.<\/p>\n<p>Step motor standartt\u0131r, Servo motor opsiyoneldir.<\/p>\n<p>Tolerans +\/- 0,006 mm, P\u00fcr\u00fczl\u00fcl\u00fck Ra 0,8'de tutulabilir.<\/p>\n<p>Tam kapal\u0131 kapak, Avrupa makinelerine benzer.<\/p>\n<p>Yeni Nesil kontrol kabini, Y\u00fcksek verimli. (maks. kesme h\u0131z\u0131 \u2265 180mm2\/dak)<\/p>\n<p style=\"text-align: center;\"><img loading=\"lazy\" decoding=\"async\" title=\"EDM tel kesme makinesi\" src=\"https:\/\/img01.71360.com\/file\/read\/www2\/M00\/0D\/EF\/rBwBEmQZd9aAYX-zAAA8iB9Q3PA671.jpg\" alt=\"EDM wire cutting machine\" width=\"800\" height=\"339\" \/><\/p>\n<p><strong>Teknik Parametreler:<\/strong><\/p>\n<table>\n<colgroup>\n<col \/>\n<col span=\"4\" \/><\/colgroup>\n<tbody>\n<tr class=\"firstRow\">\n<td align=\"left\" valign=\"middle\">Model<\/td>\n<td align=\"center\" valign=\"middle\">FZT-320(350)<\/td>\n<td align=\"center\" valign=\"middle\">FZT-400(450)<\/td>\n<td align=\"center\" valign=\"middle\">FZT-500<\/td>\n<td align=\"center\" valign=\"middle\">FZT-630<\/td>\n<\/tr>\n<tr>\n<td align=\"left\" valign=\"middle\">Masa boyutu (mm)<\/td>\n<td style=\"word-break: break-all;\" align=\"center\" valign=\"middle\">700*500<\/td>\n<td align=\"center\" valign=\"middle\">820*600<\/td>\n<td align=\"center\" valign=\"middle\">1000*700<\/td>\n<td align=\"center\" valign=\"middle\">1200*800<\/td>\n<\/tr>\n<tr>\n<td align=\"left\" valign=\"middle\">Masa hareketi (X\/Y) (mm)<\/td>\n<td align=\"center\" valign=\"middle\">400*320\/450*350<\/td>\n<td align=\"center\" valign=\"middle\">500*400\/550*450<\/td>\n<td align=\"center\" valign=\"middle\">630*500<\/td>\n<td align=\"center\" valign=\"middle\">800*630<\/td>\n<\/tr>\n<tr>\n<td align=\"left\" valign=\"middle\">Maksimum kesim kal\u0131nl\u0131\u011f\u0131 (mm)<\/td>\n<td align=\"center\" valign=\"middle\">300<\/td>\n<td align=\"center\" valign=\"middle\">300<\/td>\n<td align=\"center\" valign=\"middle\">400<\/td>\n<td align=\"center\" valign=\"middle\">400<\/td>\n<\/tr>\n<tr>\n<td align=\"left\" valign=\"middle\">Seyahat boyutu (U\/V) (mm)<\/td>\n<td colspan=\"4\" align=\"center\" valign=\"middle\">(Normal): 24\u00d724 (B\u00fcy\u00fck konik): D-60\u00d760 E-130\u00d7130 T-240\u00d7240<\/td>\n<\/tr>\n<tr>\n<td align=\"left\" valign=\"middle\">Molibden tel \u00c7ap\u0131 (mm)<\/td>\n<td colspan=\"4\" align=\"center\" valign=\"middle\">(Molidbenum tel) \u03c60,10\uff5e0,22<\/td>\n<\/tr>\n<tr>\n<td align=\"left\" valign=\"middle\">Tel h\u0131z\u0131 (m\/sn)<\/td>\n<td colspan=\"4\" align=\"center\" valign=\"middle\">12,9,7,5,2<\/td>\n<\/tr>\n<tr>\n<td align=\"left\" valign=\"middle\">Maks. kesme a\u00e7\u0131s\u0131<\/td>\n<td colspan=\"4\" align=\"center\" valign=\"middle\">\u00b13\u00b0\/80mm<\/td>\n<\/tr>\n<tr>\n<td align=\"left\" valign=\"middle\">\u0130\u015flem do\u011frulu\u011fu (mm)<\/td>\n<td colspan=\"4\" align=\"center\" valign=\"middle\">(\u00c7oklu kesim): 10\u00d710\u00d730 (Kare)\u22640,006; (Tek seferlik kesim)\u22640,012;<\/p>\n<p>(\u00c7oklu kesim) (Sekizgen) \u22640,009; (Do\u011fruluk) \u22640,006\/50mm;<\/td>\n<\/tr>\n<tr>\n<td align=\"left\" valign=\"middle\">\u0130\u015flem p\u00fcr\u00fczl\u00fcl\u00fc\u011f\u00fc (Ra.um)<\/td>\n<td colspan=\"4\" align=\"center\" valign=\"middle\">(\u00c7oklu kesim): Ra\u22641.0) (tek kesim): Ra\u22642.0<\/td>\n<\/tr>\n<tr>\n<td align=\"left\" valign=\"middle\">S\u00fcr\u00fc\u015f motoru<\/td>\n<td colspan=\"4\" align=\"center\" valign=\"middle\">Ad\u0131m motoru \/ AC servo motor * (Opsiyonel)<\/td>\n<\/tr>\n<tr>\n<td align=\"left\" valign=\"middle\">K\u0131lavuz vida ve ray<\/td>\n<td colspan=\"4\" align=\"center\" valign=\"middle\">Hassas bilyal\u0131 vida \/ Do\u011frusal k\u0131lavuz yolu<\/td>\n<\/tr>\n<tr>\n<td align=\"left\" valign=\"middle\">Gergi sistemi<\/td>\n<td colspan=\"4\" align=\"center\" valign=\"middle\">\u00fc\u00e7 kademeli (0\/1\/2) gerginlik ayarlanabilir<\/td>\n<\/tr>\n<tr>\n<td align=\"left\" valign=\"middle\">G\u00fc\u00e7 kayna\u011f\u0131<\/td>\n<td colspan=\"4\" align=\"center\" valign=\"middle\">380V\/50Hz, 2,5kw<\/td>\n<\/tr>\n<tr>\n<td align=\"left\" valign=\"middle\">Maksimum i\u015f par\u00e7as\u0131 a\u011f\u0131rl\u0131\u011f\u0131 (kg)<\/td>\n<td align=\"center\" valign=\"middle\">450<\/td>\n<td align=\"center\" valign=\"middle\">600<\/td>\n<td align=\"center\" valign=\"middle\">1000<\/td>\n<td align=\"center\" valign=\"middle\">1200<\/td>\n<\/tr>\n<tr>\n<td align=\"left\" valign=\"middle\">A\u011f\u0131rl\u0131k (kg)<\/td>\n<td align=\"center\" valign=\"middle\">1800<\/td>\n<td align=\"center\" valign=\"middle\">2100<\/td>\n<td align=\"center\" valign=\"middle\">2900<\/td>\n<td align=\"center\" valign=\"middle\">3300<\/td>\n<\/tr>\n<tr>\n<td align=\"left\" valign=\"middle\">Boyut (mm)<\/td>\n<td align=\"center\" valign=\"middle\">1750\u00d71300\u00d72000<\/td>\n<td align=\"center\" valign=\"middle\">1900\u00d71450\u00d72000<\/td>\n<td align=\"center\" valign=\"middle\">2050\u00d71850\u00d72100<\/td>\n<td align=\"center\" valign=\"middle\">2250\u00d72050\u00d72100<\/td>\n<\/tr>\n<\/tbody>\n<\/table>\n<p><strong>\u015eirket &amp; At\u00f6lyeler<\/strong><\/p>\n<p>ARIS Makine 4 fabrikas\u0131 olan bir gruptur. ARIS yakla\u015f\u0131k 60000 metrekarelik bir at\u00f6lyeye sahiptir.<\/p>\n<p><img loading=\"lazy\" decoding=\"async\" title=\"EDM tel kesme makinesi\" src=\"https:\/\/img01.71360.com\/file\/read\/www2\/M00\/0D\/DD\/rBwBEmQZcUOAY-37AAGTcsI6_04807.jpg?ct=webp\" alt=\"EDM wire cutting machine\" width=\"800\" height=\"585\" \/><img loading=\"lazy\" decoding=\"async\" title=\"EDM tel kesme makinesi\" src=\"https:\/\/img01.71360.com\/file\/read\/www2\/M00\/0D\/DE\/rBwBEmQZcVmASzD0AAG61qp6Bu8015.jpg?ct=webp\" alt=\"EDM wire cutting machine\" width=\"800\" height=\"585\" \/><\/p>\n<p><strong>\u00dcretim Ekipmanlar\u0131<\/strong><\/p>\n<p>Makinelerimizin ana par\u00e7alar\u0131 cnc makine ile i\u015flenmektedir. Portal tipi cnc freze, cnc dik i\u015fleme merkezi, portal tipi cnc ta\u015flama makinesi, cnc lazer kesim makinesi, cnc b\u00fckme makinesi, cnc makaslama makinesi bulunmaktad\u0131r.<\/p>\n<p><img loading=\"lazy\" decoding=\"async\" title=\"EDM tel kesme makinesi\" src=\"https:\/\/img01.71360.com\/file\/read\/www2\/M00\/0D\/DE\/rBwBEmQZcX-ASvxxAAGr-Nzp53k628.jpg?ct=webp\" alt=\"EDM wire cutting machine\" width=\"800\" height=\"747\" \/><\/p>\n<p><strong>Test ve Muayene<\/strong><\/p>\n<p>T\u00fcm makineler sevkiyattan \u00f6nce test edilecektir.<\/p>\n<p><img loading=\"lazy\" decoding=\"async\" title=\"EDM tel kesme makinesi\" src=\"https:\/\/img01.71360.com\/file\/read\/www2\/M00\/0D\/DE\/rBwBEmQZcaKASkZIAAG3_n20ZTo355.jpg?ct=webp\" alt=\"EDM wire cutting machine\" width=\"800\" height=\"945\" \/><\/p>\n<p><strong>Paket &amp; Teslimat<\/strong><\/p>\n<p><img loading=\"lazy\" decoding=\"async\" title=\"EDM tel kesme makinesi\" src=\"https:\/\/img01.71360.com\/file\/read\/www2\/M00\/0D\/DE\/rBwBEmQZcb-ATHsEAADsvr2pCXM317.jpg?ct=webp\" alt=\"EDM wire cutting machine\" width=\"800\" height=\"330\" \/><\/p>","protected":false},"excerpt":{"rendered":"<p>\"T\" \u015feklinde yap\u0131ya sahip sa\u011flam \u00e7er\u00e7eve.<br \/>\nA\u011f\u0131r \u00fcr\u00fcnler i\u00e7in stabiliteyi art\u0131ran, tabana monte edilmi\u015f uzun hareket ray\u0131.<br \/>\nY\u00fcksekli\u011fi ayarlanabilir elmas k\u0131lavuz ile.<br \/>\nTayvan lineer ve vidal\u0131 mil ile d\u00f6rt eksen ba\u011f\u0131ms\u0131z (X\/Y\/U\/V) \u00e7al\u0131\u015fma.<br \/>\nMolibden tel i\u00e7in \u00f6zel gerdirme mekanizmas\u0131, istikrarl\u0131 kesim sa\u011flar.<br \/>\nStep motor standartt\u0131r, Servo motor opsiyoneldir.<br \/>\nTolerans +\/- 0,006 mm, P\u00fcr\u00fczl\u00fcl\u00fck Ra 0,8'de tutulabilir.<br \/>\nTam kapal\u0131 kapak, Avrupa makinelerine benzer.<br \/>\nYeni Nesil kontrol kabini, Y\u00fcksek verimli. (maks. kesme h\u0131z\u0131 \u2265 180mm2\/dak)<\/p>","protected":false},"featured_media":3113,"comment_status":"closed","ping_status":"closed","template":"","meta":{"_acf_changed":false},"product_cat":[54],"product_tag":[],"class_list":["post-3112","product","type-product","status-publish","has-post-thumbnail","hentry","product_cat-edm-wire-cut-machine-t-type"],"acf":[],"_links":{"self":[{"href":"https:\/\/www.arismachinery.com\/tr\/wp-json\/wp\/v2\/product\/3112","targetHints":{"allow":["GET"]}}],"collection":[{"href":"https:\/\/www.arismachinery.com\/tr\/wp-json\/wp\/v2\/product"}],"about":[{"href":"https:\/\/www.arismachinery.com\/tr\/wp-json\/wp\/v2\/types\/product"}],"replies":[{"embeddable":true,"href":"https:\/\/www.arismachinery.com\/tr\/wp-json\/wp\/v2\/comments?post=3112"}],"wp:featuredmedia":[{"embeddable":true,"href":"https:\/\/www.arismachinery.com\/tr\/wp-json\/wp\/v2\/media\/3113"}],"wp:attachment":[{"href":"https:\/\/www.arismachinery.com\/tr\/wp-json\/wp\/v2\/media?parent=3112"}],"wp:term":[{"taxonomy":"product_cat","embeddable":true,"href":"https:\/\/www.arismachinery.com\/tr\/wp-json\/wp\/v2\/product_cat?post=3112"},{"taxonomy":"product_tag","embeddable":true,"href":"https:\/\/www.arismachinery.com\/tr\/wp-json\/wp\/v2\/product_tag?post=3112"}],"curies":[{"name":"wp","href":"https:\/\/api.w.org\/{rel}","templated":true}]}}