{"id":3327,"date":"2024-04-09T10:53:32","date_gmt":"2024-04-09T02:53:32","guid":{"rendered":"http:\/\/www.arismachinery.com\/?post_type=product&#038;p=3327"},"modified":"2026-01-19T23:16:27","modified_gmt":"2026-01-19T15:16:27","slug":"middle-speed-edm-wire-cut-machine-2","status":"publish","type":"product","link":"https:\/\/www.arismachinery.com\/tr\/product\/middle-speed-edm-wire-cut-machine-2\/","title":{"rendered":"Orta H\u0131zl\u0131 EDM Tel Kesme Makinesi"},"content":{"rendered":"<div class=\"detail_specfic_panel_item\">\n<p>\u00c7ok Kesimli EDM Tel Kesme Makinesi (C tipi)<\/p>\n<p>\"C\" dire\u011fi ile sa\u011flam \u00e7er\u00e7eve.<\/p>\n<p>Y\u00fcksekli\u011fi ayarlanabilir elmas k\u0131lavuz ile.<\/p>\n<p>D\u00f6rt eksenden ba\u011f\u0131ms\u0131z (X\/Y\/U\/V) \u00e7al\u0131\u015fma;<\/p>\n<p>Tayvan lineer ray\u0131, P veya H s\u0131n\u0131f\u0131, Bilyal\u0131 vida. C2 veya C3.<\/p>\n<p>Molibden tel i\u00e7in \u00f6zel gerdirme mekanizmas\u0131, istikrarl\u0131 kesim sa\u011flar.<\/p>\n<p>Step motor standartt\u0131r, Servo motor opsiyoneldir.<\/p>\n<p>Tolerans 0,005 mm, P\u00fcr\u00fczl\u00fcl\u00fck Ra 0,8'de tutulabilir.<\/p>\n<p><strong>Teknik Parametreler:<\/strong><\/p>\n<div style=\"overflow: auto;\">\n<table>\n<colgroup>\n<col \/>\n<col span=\"4\" \/><\/colgroup>\n<tbody>\n<tr class=\"firstRow\">\n<td>Model<\/td>\n<td align=\"center\" valign=\"middle\">AS320C<\/td>\n<td align=\"center\" valign=\"middle\">AS350C<\/td>\n<td align=\"center\" valign=\"middle\">AS400C<\/td>\n<td align=\"center\" valign=\"middle\">AS450C<\/td>\n<\/tr>\n<tr>\n<td>\u00c7al\u0131\u015fma masas\u0131 boyutu (mm)<\/td>\n<td align=\"center\" valign=\"middle\">500\u00d7720<\/td>\n<td align=\"center\" valign=\"middle\">550*780<\/td>\n<td align=\"center\" valign=\"middle\">580\u00d7820<\/td>\n<td align=\"center\" valign=\"middle\">650*880<\/td>\n<\/tr>\n<tr>\n<td>Masa hareketi (X\/Y) (mm)<\/td>\n<td align=\"center\" valign=\"middle\">320\u00d7400<\/td>\n<td align=\"center\" valign=\"middle\">350\u00d7450<\/td>\n<td align=\"center\" valign=\"middle\">400\u00d7500<\/td>\n<td align=\"center\" valign=\"middle\">450\u00d7550<\/td>\n<\/tr>\n<tr>\n<td>Maksimum kesme kal\u0131nl\u0131\u011f\u0131 (mm)<\/td>\n<td style=\"word-break: break-all;\" align=\"center\" valign=\"middle\">400<\/td>\n<td align=\"center\" valign=\"middle\">300<\/td>\n<td align=\"center\" valign=\"middle\">400<\/td>\n<td align=\"center\" valign=\"middle\">300<\/td>\n<\/tr>\n<tr>\n<td>\u00c7al\u0131\u015fma masas\u0131 \u00fczerindeki maks. y\u00fck (KG)<\/td>\n<td align=\"center\" valign=\"middle\">400<\/td>\n<td align=\"center\" valign=\"middle\">500<\/td>\n<td align=\"center\" valign=\"middle\">600<\/td>\n<td align=\"center\" valign=\"middle\">800<\/td>\n<\/tr>\n<tr>\n<td>Seyahat boyutu (U\/V) (mm)<\/td>\n<td colspan=\"4\" align=\"center\" valign=\"middle\">24\u00d724 (\u00b13\u00b0) (iste\u011fe ba\u011fl\u0131: 30\u00d730 75\u00d775 135\u00d7135)<\/td>\n<\/tr>\n<tr>\n<td>Tel \u00c7ap\u0131 (mm)<\/td>\n<td colspan=\"4\" align=\"center\" valign=\"middle\">(Molidbenum tel) \u03c60.10\uff5e0.22 \uff08\u00f6zel 0.25, 0.30mm)<\/td>\n<\/tr>\n<tr>\n<td>Tel h\u0131z\u0131 (m\/sn)<\/td>\n<td colspan=\"4\" align=\"center\" valign=\"middle\">2.0-11.0<\/td>\n<\/tr>\n<tr>\n<td>Maks. kesme h\u0131z\u0131 (mm2\/dak)<\/td>\n<td colspan=\"4\" align=\"center\" valign=\"middle\">160-180<\/td>\n<\/tr>\n<tr>\n<td>Maks. kesme a\u00e7\u0131s\u0131<\/td>\n<td colspan=\"4\" align=\"center\" valign=\"middle\">\u00b13\u00b0\/80mm (\u00b16\u00b0 \u00b115\u00b0 \u00b130\u00b0derece iste\u011fe ba\u011fl\u0131d\u0131r)<\/td>\n<\/tr>\n<tr>\n<td>\u0130\u015flem do\u011frulu\u011fu (mm)<\/td>\n<td colspan=\"4\" align=\"center\" valign=\"middle\">(\u00c7oklu kesim): 10\u00d710\u00d730 (Kare)\u22640,008; (Tek seferlik kesim)\u22640,012;<\/p>\n<p>(\u00c7oklu kesim) (Sekizgen) \u22640,01; (Do\u011fruluk) \u22640,008\/50mm;<\/td>\n<\/tr>\n<tr>\n<td>P\u00fcr\u00fczl\u00fcl\u00fck (Ra.um)<\/td>\n<td colspan=\"4\" align=\"center\" valign=\"middle\">\u00c7oklu kesim):Ra\u22640.8, Tekli kesim):Ra\u22642.0<\/td>\n<\/tr>\n<tr>\n<td>S\u00fcr\u00fc\u015f motoru<\/td>\n<td colspan=\"4\" align=\"center\" valign=\"middle\">Ad\u0131m motoru \/ AC servo motor* (Opsiyonel)<\/td>\n<\/tr>\n<tr>\n<td>K\u0131lavuz ray ve bilye<\/td>\n<td colspan=\"4\" align=\"center\" valign=\"middle\">Hassas vidal\u0131 mil\/Lineer ray<\/td>\n<\/tr>\n<tr>\n<td>Gergi sistemi<\/td>\n<td colspan=\"4\" align=\"center\" valign=\"middle\">\u00fc\u00e7 kademeli (0\/1\/2) gerilim ayarlanabilir<\/td>\n<\/tr>\n<tr>\n<td>G\u00fc\u00e7 kayna\u011f\u0131<\/td>\n<td colspan=\"4\" align=\"center\" valign=\"middle\">380V\/50Hz, 2,5kw<\/td>\n<\/tr>\n<tr>\n<td>A\u011f\u0131rl\u0131k (kg)<\/td>\n<td align=\"center\" valign=\"middle\">1600<\/td>\n<td align=\"center\" valign=\"middle\">1700<\/td>\n<td align=\"center\" valign=\"middle\">1800<\/td>\n<td align=\"center\" valign=\"middle\">2000<\/td>\n<\/tr>\n<tr>\n<td>Boyut (mm)<\/td>\n<td align=\"center\" valign=\"middle\">1700*1400*1900<\/td>\n<td align=\"center\" valign=\"middle\">1700*1500*1900<\/td>\n<td align=\"center\" valign=\"middle\">1900*1500*1900<\/td>\n<td align=\"center\" valign=\"middle\">1900*1550*2000<\/td>\n<\/tr>\n<\/tbody>\n<\/table>\n<\/div>\n<p><strong>\u015eirket &amp; At\u00f6lyeler<\/strong><\/p>\n<p>ARIS Makine 4 fabrikas\u0131 olan bir gruptur. ARIS yakla\u015f\u0131k 60000 metrekareye sahiptir<br \/>\nmetre at\u00f6lyesi.<\/p>\n<p style=\"text-align: center;\"><img loading=\"lazy\" decoding=\"async\" title=\"EDM tel kesme makinesi\" src=\"https:\/\/img01.71360.com\/file\/read\/www2\/M00\/0D\/DD\/rBwBEmQZcUOAY-37AAGTcsI6_04807.jpg?ct=webp\" alt=\"EDM wire cut machine\" width=\"800\" height=\"585\" \/><img loading=\"lazy\" decoding=\"async\" title=\"EDM tel kesme makinesi\" src=\"https:\/\/img01.71360.com\/file\/read\/www2\/M00\/0D\/DE\/rBwBEmQZcVmASzD0AAG61qp6Bu8015.jpg?ct=webp\" alt=\"EDM wire cut machine\" width=\"800\" height=\"585\" \/><\/p>\n<p><strong>\u00dcretim Ekipmanlar\u0131<\/strong><\/p>\n<p>Makinelerimizin ana par\u00e7alar\u0131 cnc makinesi ile i\u015flenmektedir. Portal\u0131m\u0131z var<br \/>\ntip cnc freze makinesi, cnc dik i\u015fleme merkezi, portal tip cnc<br \/>\nta\u015flama makinesi, cnc lazer kesim makinesi, cnc b\u00fckme makinesi, cnc makaslama<br \/>\nMakine.<\/p>\n<p style=\"text-align: center;\"><img loading=\"lazy\" decoding=\"async\" title=\"EDM tel kesme makinesi\" src=\"https:\/\/img01.71360.com\/file\/read\/www2\/M00\/0D\/DE\/rBwBEmQZcX-ASvxxAAGr-Nzp53k628.jpg?ct=webp\" alt=\"EDM wire cut machine\" width=\"800\" height=\"747\" \/><\/p>\n<p><strong>Test ve Muayene<\/strong><\/p>\n<p>T\u00fcm makineler sevkiyattan \u00f6nce test edilecektir.<\/p>\n<p style=\"text-align: center;\"><img loading=\"lazy\" decoding=\"async\" title=\"EDM tel kesme makinesi\" src=\"https:\/\/img01.71360.com\/file\/read\/www2\/M00\/0D\/DE\/rBwBEmQZcaKASkZIAAG3_n20ZTo355.jpg?ct=webp\" alt=\"EDM wire cut machine\" width=\"800\" height=\"945\" \/><\/p>\n<p><strong>Paket &amp; Teslimat<\/strong><\/p>\n<p style=\"text-align: center;\"><img loading=\"lazy\" decoding=\"async\" title=\"EDM tel kesme makinesi\" src=\"https:\/\/img01.71360.com\/file\/read\/www2\/M00\/0D\/DE\/rBwBEmQZcb-ATHsEAADsvr2pCXM317.jpg?ct=webp\" alt=\"EDM wire cut machine\" width=\"800\" height=\"330\" \/><\/p>\n<p>&nbsp;<\/p>\n<\/div>","protected":false},"excerpt":{"rendered":"<p>\"C\" dire\u011fi ile sa\u011flam \u00e7er\u00e7eve.<\/p>\n<p>Y\u00fcksekli\u011fi ayarlanabilir elmas k\u0131lavuz ile.<\/p>\n<p>D\u00f6rt eksenden ba\u011f\u0131ms\u0131z (X\/Y\/U\/V) \u00e7al\u0131\u015fma;<\/p>\n<p>Tayvan lineer ray\u0131, P veya H s\u0131n\u0131f\u0131, Bilyal\u0131 vida. C2 veya C3.<\/p>\n<p>Molibden tel i\u00e7in \u00f6zel gerdirme mekanizmas\u0131, istikrarl\u0131 kesim sa\u011flar.<\/p>\n<p>Step motor standartt\u0131r, Servo motor opsiyoneldir.<\/p>\n<p>Tolerans 0,005 mm, P\u00fcr\u00fczl\u00fcl\u00fck Ra 0,8'de tutulabilir.<\/p>","protected":false},"featured_media":3328,"comment_status":"open","ping_status":"closed","template":"","meta":{"_acf_changed":false},"product_cat":[73],"product_tag":[],"class_list":["post-3327","product","type-product","status-publish","has-post-thumbnail","hentry","product_cat-edm-wire-cut-machine-c-type"],"acf":[],"_links":{"self":[{"href":"https:\/\/www.arismachinery.com\/tr\/wp-json\/wp\/v2\/product\/3327","targetHints":{"allow":["GET"]}}],"collection":[{"href":"https:\/\/www.arismachinery.com\/tr\/wp-json\/wp\/v2\/product"}],"about":[{"href":"https:\/\/www.arismachinery.com\/tr\/wp-json\/wp\/v2\/types\/product"}],"replies":[{"embeddable":true,"href":"https:\/\/www.arismachinery.com\/tr\/wp-json\/wp\/v2\/comments?post=3327"}],"wp:featuredmedia":[{"embeddable":true,"href":"https:\/\/www.arismachinery.com\/tr\/wp-json\/wp\/v2\/media\/3328"}],"wp:attachment":[{"href":"https:\/\/www.arismachinery.com\/tr\/wp-json\/wp\/v2\/media?parent=3327"}],"wp:term":[{"taxonomy":"product_cat","embeddable":true,"href":"https:\/\/www.arismachinery.com\/tr\/wp-json\/wp\/v2\/product_cat?post=3327"},{"taxonomy":"product_tag","embeddable":true,"href":"https:\/\/www.arismachinery.com\/tr\/wp-json\/wp\/v2\/product_tag?post=3327"}],"curies":[{"name":"wp","href":"https:\/\/api.w.org\/{rel}","templated":true}]}}